{"id":12510,"date":"2015-08-12T16:55:15","date_gmt":"2015-08-12T20:55:15","guid":{"rendered":"https:\/\/cimbcc.org\/test2\/?page_id=12510"},"modified":"2024-11-10T16:43:36","modified_gmt":"2024-11-10T21:43:36","slug":"creation-dun-diaporama-avec-powerpoint","status":"publish","type":"page","link":"https:\/\/cimbcc.org\/test2\/partage-de-connaissances\/les-ateliers\/creation-dun-diaporama-avec-powerpoint\/","title":{"rendered":"PowerPoint"},"content":{"rendered":"<table style=\"width: 86.7078%; border-collapse: collapse; background-color: #5574ad;\">\n<tbody>\n<tr>\n<td style=\"width: 100%;\"><span style=\"font-size: 12pt;\"><strong><span style=\"color: #ffffff;\">CET ATELIER N&rsquo;EST PAS OFFERT \u00c0 L&rsquo;HIVER 2025<\/span><\/strong><\/span><\/td>\n<\/tr>\n<\/tbody>\n<\/table>\n<p><span style=\"color: #333399; font-size: 18pt; font-weight: bold;\">\u00c0 qui s&rsquo;adresse l&rsquo;atelier<\/span><\/p>\n<h2><span style=\"font-size: 14pt;\">Cet atelier s\u2019adresse aux membres qui n\u2019ont pas ou peu de connaissances de PowerPoint et qui veulent se familiariser avec ce logiciel et aussi apprendre des fonctions plus avanc\u00e9es.<\/span><\/h2>\n<p><strong><span style=\"font-size: 18pt; color: #333399;\">Description de l&rsquo;atelier<\/span><\/strong><\/p>\n<ul>\n<li><span style=\"font-size: 14pt;\">Conna\u00eetre les possibilit\u00e9s qu\u2019offre PowerPoint.<\/span><\/li>\n<li><span style=\"font-size: 14pt;\">R\u00e9aliser un diaporama tout comme ceux que vous recevez s\u00fbrement par courriel ou que vous visionnez sur Facebook.<\/span><\/li>\n<li><span style=\"font-size: 14pt;\">Ins\u00e9rer des photographies, de belles pens\u00e9es, de la musique etc..<\/span><\/li>\n<li><span style=\"font-size: 14pt;\">R\u00e9aliser un diaporama descriptif comme dans les pr\u00e9sentations.<\/span><\/li>\n<li><span style=\"font-size: 14pt;\">La limite de l\u2019\u0153uvre sera votre imagination.<\/span><\/li>\n<\/ul>\n<h2><span style=\"color: #333399;\">Mat\u00e9riel utilis\u00e9<\/span><\/h2>\n<ul>\n<li><span style=\"font-size: 14pt;\">L\u2019atelier sera donn\u00e9 avec la version PowerPoint de Microsoft 365.<\/span><\/li>\n<li><span style=\"font-size: 14pt;\">Les autres versions de PowerPoint sont accept\u00e9es, mais le participant devra s\u2019ajuster.<\/span><\/li>\n<li><span style=\"font-size: 14pt;\">La version Mac peut avoir un fonctionnement diff\u00e9rent, mais le participant devra s&rsquo;ajuster.<\/span><\/li>\n<li><span style=\"font-size: 14pt;\">Les notes de cours et les diaporamas explicatifs vous seront remis apr\u00e8s chaque r\u00e9union.<\/span><\/li>\n<\/ul>\n<h2><span style=\"font-size: 18pt; color: #333399;\">Pr\u00e9cisions<\/span><\/h2>\n<ul>\n<li><span style=\"font-size: 14pt;\">Le logiciel Libre Office et la version PowerPoint pour tablettes ne sont pas accept\u00e9s.<\/span><\/li>\n<li><span style=\"font-size: 14pt;\">Cet atelier sera donn\u00e9 en vid\u00e9oconf\u00e9rence avec l&rsquo;application Zoom.<\/span><\/li>\n<li><span style=\"font-size: 14pt;\">Cet atelier accepte un maximum de 25 participants.<\/span><\/li>\n<li><span style=\"font-size: 14pt;\">Lorsque votre inscription sera confirm\u00e9e, l&rsquo;animatrice vous fera parvenir un questionnaire pour conna\u00eetre votre version de PowerPoint ,vos connaissances du logiciel et vos attentes.<\/span><\/li>\n<li><span style=\"font-size: 14pt;\">Sur le disque dur de votre ordinateur portable ou sur une cl\u00e9 USB, vous devrez avoir enregistr\u00e9 des photos, une musique MP3 et une vid\u00e9o (la vid\u00e9o est facultative). Vous pouvez aussi utiliser un CD pour en extraire la musique que vous aurez choisie; dans ce cas, votre ordinateur doit \u00eatre muni d\u2019un lecteur de CD.<\/span><\/li>\n<\/ul>\n<p><span style=\"font-size: 18pt; color: #333399;\">Pr\u00e9requis<\/span><\/p>\n<ul>\n<li><span style=\"font-size: 14pt;\">Ma\u00eetriser les fonctions de base d\u2019un ordinateur.<\/span><\/li>\n<li><span style=\"font-size: 14pt;\">Savoir cr\u00e9er des dossiers et t\u00e9l\u00e9charger un document re\u00e7u par courriel et l&rsquo;enregistrer sur votre ordinateur.<\/span><\/li>\n<li><span style=\"font-size: 14pt;\">Avoir install\u00e9 l&rsquo;application Zoom sur son ordinateur.<\/span><\/li>\n<li><span style=\"font-size: 14pt;\">Savoir utiliser un navigateur Web, comme Google Chrome ou Edge.<\/span><\/li>\n<li><span style=\"font-size: 14pt;\">Le logiciel PowerPoint doit \u00eatre install\u00e9 sur un ordinateur (tour ou portable).<\/span><\/li>\n<li><span style=\"font-size: 14pt;\">S\u2019engager \u00e0 assister aux 6 r\u00e9unions pr\u00e9vues et faire les exercices propos\u00e9s.<\/span><\/li>\n<\/ul>\n<h2><span style=\"font-size: 18pt; color: #333399;\">Fonctionnement<\/span><\/h2>\n<p><span style=\"font-size: 14pt;\">Vous \u00e9laborerez votre projet de pr\u00e9sentation au fur et \u00e0 mesure de votre apprentissage en faisant des exercices\u00a0 pour assimiler ce qui aura \u00e9t\u00e9 montr\u00e9<\/span><\/p>\n<ul>\n<li><span style=\"font-size: 14pt;\">Id\u00e9es de r\u00e9alisation de diaporamas:<\/span>\n<ul>\n<li><span style=\"font-size: 14pt;\">\u00c9v\u00e8nements familiaux, anniversaire.<\/span><\/li>\n<li><span style=\"font-size: 14pt;\">Diaporama sur un th\u00e8me.<\/span><\/li>\n<li><span style=\"font-size: 14pt;\">R\u00e9trospective des ann\u00e9es sur des faits significatifs.<\/span><\/li>\n<li><span style=\"font-size: 14pt;\">Montage de vos photos de voyage.<\/span><\/li>\n<li><span style=\"font-size: 14pt;\">Faire une pr\u00e9sentation PowerPoint devant un auditoire.<\/span><\/li>\n<\/ul>\n<\/li>\n<\/ul>\n<p><span style=\"font-size: 14pt;\">\u00c0 la fin de chaque r\u00e9union, l\u2019animatrice donne des exercices \u00e0 faire avant la prochaine r\u00e9union. Il est important que chaque participant fasse ces travaux avant la r\u00e9union suivante pour ne pas retarder le groupe et pour profiter pleinement de l\u2019atelier.<\/span><\/p>\n<h2><span style=\"font-size: 18pt; color: #333399;\">CONTENU DES R\u00c9UNIONS<\/span><\/h2>\n<h4><span style=\"font-size: 14pt;\">R\u00e9union 1 : Fonctions de base<\/span><\/h4>\n<ul>\n<li><span style=\"font-size: 14pt;\">D\u00e9marrer PowerPoint sous Windows 10 ou 11.<\/span><\/li>\n<li><span style=\"font-size: 14pt;\">Survol sur tous les onglets.<\/span><\/li>\n<li><span style=\"font-size: 14pt;\">Onglet fichier.<\/span><\/li>\n<li><span style=\"font-size: 14pt;\">Affichage de la r\u00e8gle et de la grille de positionnement.<\/span><\/li>\n<li><span style=\"font-size: 14pt;\">Insertion de puces et de num\u00e9ros.<\/span><\/li>\n<li><span style=\"font-size: 14pt;\">Modifier la taille des diapositives.<\/span><\/li>\n<li><span style=\"font-size: 14pt;\">Ajouter des diapositives.<\/span><\/li>\n<li><span style=\"font-size: 14pt;\">Outils Capture d\u2019\u00e9cran \u2013 Paint \u2013 Copier-Coller.<\/span><\/li>\n<li><span style=\"font-size: 14pt;\">Redimensionner une photo.<\/span><\/li>\n<li><span style=\"font-size: 14pt;\">Enregistrer en mode cr\u00e9ation et en mode diaporama.<\/span><\/li>\n<\/ul>\n<h4><span style=\"font-size: 14pt;\">R\u00e9union 2<\/span><\/h4>\n<ul>\n<li><span style=\"font-size: 14pt;\">Personnaliser la barre d\u2019outils d\u2019acc\u00e8s rapide.<\/span><\/li>\n<li><span style=\"font-size: 14pt;\">Donner du style \u00e0 une photo.<\/span><\/li>\n<li><span style=\"font-size: 14pt;\">En-t\u00eate et pied de page.<\/span><\/li>\n<li><span style=\"font-size: 14pt;\">Transition entre les diapositives.<\/span><\/li>\n<li><span style=\"font-size: 14pt;\">Mise en forme de l\u2019arri\u00e8re-plan.<\/span><\/li>\n<li><span style=\"font-size: 14pt;\">Les formes.<\/span><\/li>\n<li><span style=\"font-size: 14pt;\">WordArt.<\/span><\/li>\n<li><span style=\"font-size: 14pt;\">Grouper.<\/span><\/li>\n<li><span style=\"font-size: 14pt;\">Ajouter un clipart ou un gif anim\u00e9.<\/span><\/li>\n<\/ul>\n<h2><span style=\"font-size: 14pt;\">R\u00e9union 3<\/span><\/h2>\n<ul>\n<li><span style=\"font-size: 14pt;\">D\u00e9couvrir SmartArt.<\/span><\/li>\n<li><span style=\"font-size: 14pt;\">Animation sur le texte, forme, WordArt, photo et clipart.<\/span><\/li>\n<li><span style=\"font-size: 14pt;\">Animation sur une liste, SmartArt et graphique.<\/span><\/li>\n<li><span style=\"font-size: 14pt;\">Les th\u00e8mes.<\/span><\/li>\n<li><span style=\"font-size: 14pt;\">Boutons d\u2019action.<\/span><\/li>\n<li><span style=\"font-size: 14pt;\">Lien hypertexte.<\/span><\/li>\n<\/ul>\n<h4><span style=\"font-size: 14pt;\">R\u00e9union 4 : Fonctions plus avanc\u00e9es<\/span><\/h4>\n<ul>\n<li><span style=\"font-size: 14pt;\">Ajouter un commentaire vocal dans une diapositive.<\/span><\/li>\n<li><span style=\"font-size: 14pt;\">Comment transformer votre musique (Audio en MP3).<\/span><\/li>\n<li><span style=\"font-size: 14pt;\">Ajouter une trame musicale dans un diaporama.<\/span><\/li>\n<li><span style=\"font-size: 14pt;\">Installer AUDACITY.<\/span><\/li>\n<li><span style=\"font-size: 14pt;\">Minutage de la trame sonore.<\/span><\/li>\n<li><span style=\"font-size: 14pt;\">Ajouter l\u2019onglet enregistrement dans le ruban.<\/span><\/li>\n<li><span style=\"font-size: 14pt;\">D\u00e9couper une musique MP3.<\/span><\/li>\n<li><span style=\"font-size: 14pt;\">Ajouter un son WAV.<\/span><\/li>\n<li><span style=\"font-size: 14pt;\">SHAZAM.<\/span><\/li>\n<li><span style=\"font-size: 14pt;\">Insertion et impression de commentaires pour le pr\u00e9sentateur.<\/span><\/li>\n<li><span style=\"font-size: 14pt;\">Imprimer votre diaporama.<\/span><\/li>\n<li><span style=\"font-size: 14pt;\">Pointeur laser, stylet et surligneur.<\/span><\/li>\n<\/ul>\n<h4><span style=\"font-size: 14pt;\">R\u00e9union 5<\/span><\/h4>\n<ul>\n<li><span style=\"font-size: 14pt;\">Diaporama en boucle.<\/span><\/li>\n<li><span style=\"font-size: 14pt;\">Musique en boucle.<\/span><\/li>\n<li><span style=\"font-size: 14pt;\">Ajouter une vid\u00e9o dans un diaporama.<\/span><\/li>\n<li><span style=\"font-size: 14pt;\">D\u00e9couper une vid\u00e9o pour ne garder qu\u2019une partie.<\/span><\/li>\n<li><span style=\"font-size: 14pt;\">Enlever les bruits de fond pour ajouter une trame sonore.<\/span><\/li>\n<li><span style=\"font-size: 14pt;\">Insertion de tableaux et de graphique.<\/span><\/li>\n<li><span style=\"font-size: 14pt;\">Animation de graphique.<\/span><\/li>\n<li><span style=\"font-size: 14pt;\">Mode pr\u00e9sentateur.<\/span><\/li>\n<li><span style=\"font-size: 14pt;\">D\u00e9pliant.<\/span><\/li>\n<li><span style=\"font-size: 14pt;\">Changer l\u2019orientation de la diapositive.<\/span><\/li>\n<li><span style=\"font-size: 14pt;\">Masquer des diapositives.<\/span><\/li>\n<li><span style=\"font-size: 14pt;\">Obtenir de laide.<\/span><\/li>\n<li><span style=\"font-size: 14pt;\">R\u00e9duire le poids du diaporama pour envoyer par courriel.<\/span><\/li>\n<\/ul>\n<h4><span style=\"font-size: 14pt;\">R\u00e9union 6<\/span><\/h4>\n<ul>\n<li><span style=\"font-size: 14pt;\">Modifier les th\u00e8mes avec les masques.<\/span><\/li>\n<li><span style=\"font-size: 14pt;\">Ins\u00e9rer un LOGO sur chaque diapositive.<\/span><\/li>\n<li><span style=\"font-size: 14pt;\">Graver sur CD ou enregistrer sur une cl\u00e9 USB.<\/span><\/li>\n<li><span style=\"font-size: 14pt;\">Travailler avec d\u2019autres.<\/span><\/li>\n<li><span style=\"font-size: 14pt;\">Paint 3D.<\/span><\/li>\n<li><span style=\"font-size: 14pt;\">Faire une vid\u00e9o.<\/span><\/li>\n<li><span style=\"font-size: 14pt;\">Nouveaut\u00e9s : Mod\u00e8le 3D, Ic\u00f4ne, Musique d\u2019entr\u00e9e et de sortie en fondu, Transition MORPHOSE.<\/span><\/li>\n<li><span style=\"font-size: 14pt;\">SQIRLZ WATER REFLECTIONS.<\/span><\/li>\n<li><span style=\"font-size: 14pt;\">Logiciels gratuits pour enjoliver vos photos.<\/span><\/li>\n<\/ul>\n<p><span style=\"font-size: 14pt;\">L\u2019atelier se compose de 6 r\u00e9unions de 2 heures. Les r\u00e9unions ont lieu le\u00a0<b>lundi\u00a0<\/b>de 19h30 \u00e0 21h30 aux dates suivantes :<\/span><\/p>\n<ul>\n<li><\/li>\n<\/ul>\n<h2><span style=\"color: #333399;\">O\u00f9<\/span><\/h2>\n<p><span style=\"font-size: 14pt;\">L\u2019atelier est donn\u00e9 en vid\u00e9oconf\u00e9rence avec l\u2019application Zoom. Un lien de connexion vous sera transmis avant chaque r\u00e9union.<\/span><\/p>\n<h2><\/h2>\n<p>Le bouton \u00ab\u00a0Inscription \u00e0 l&rsquo;atelier\u00a0\u00bb ci-dessous n&rsquo;est pas fonctionnel \u00e0 l&rsquo;ext\u00e9rieur des p\u00e9riodes d&rsquo;inscriptions aux ateliers.<\/p>\n<p><a href=\"https:\/\/cimbcc.org\/test2\/partage-de-connaissances\/les-ateliers\/creation-dun-diaporama-avec-powerpoint\/formulaire-atelier-powerpoint\" target=\"_blank\" rel=\"noopener\"><button>Inscription \u00e0 l&rsquo;atelier<\/button><\/a><\/p>\n<h2><span style=\"font-size: 18pt; color: #333399;\">Responsables de l\u2019atelier<\/span><\/h2>\n\t\t\t\t\t\t<div class=\"gallery_box_single\">\n\t\t\t\t\t\t\t\t\t\t\t\t\t\t\t<div class=\"gallery gllr_grid\" data-gllr-columns=\"100\" data-gllr-border-width=\"10\">\n\t\t\t\t\t\t\t\t\t\t\t\t\t\t\t\t\t\t\t\t<div class=\"gllr_image_row\">\n\t\t\t\t\t\t\t\t\t\t\t\t\t\t\t\t\t\t\t\t\t<div class=\"gllr_image_block\">\n\t\t\t\t\t\t\t\t\t\t\t\t<p style=\"\n\t\t\t\t\t\t\t\t\t\t\t\twidth:145px;height:145px;\t\t\t\t\t\t\t\t\t\t\t\t\">\n\t\t\t\t\t\t\t\t\t\t\t\t\t\t\t\t\t\t\t\t\t\t\t\t\t\t\t\t<a data-fancybox=\"gallery_fancybox_24177\" href=\"https:\/\/cimbcc.org\/test2\/wp-content\/uploads\/photo_dufresne_celine.jpg\" title=\"C\u00e9line Dufresne\" >\n\t\t\t\t\t\t\t\t\t\t\t\t\t\t\t\t<img decoding=\"async\" width=&quot;125&quot; height=&quot;125&quot; style=\"width:125px; height:125px; border-width: 10px; border-color:#f1f1f1;border: 10px solid #f1f1f1\" alt=\"\" title=\"C\u00e9line Dufresne\" src=\"https:\/\/cimbcc.org\/test2\/wp-content\/uploads\/photo_dufresne_celine.jpg\" rel=\"https:\/\/cimbcc.org\/test2\/wp-content\/uploads\/photo_dufresne_celine.jpg\" \/>\t\t\t\t\t\t\t\t\t\t\t\t\t\t\t<\/a>\n\t\t\t\t\t\t\t\t\t\t\t\t\t\t\t\t\t\t\t\t\t\t\t\t\t\t<\/p>\n\t\t\t\t\t\t\t\t\t\t\t\t\t\t\t\t\t\t\t\t\t\t\t\t\t<div \n\t\t\t\t\t\t\t\t\t\t\t\t\tstyle=\"width:145px;\"\t\t\t\t\t\t\t\t\t\t\t\t\tclass=\"gllr_single_image_text gllr_single_image_text_under\">C\u00e9line Dufresne&nbsp;<\/div>\n\t\t\t\t\t\t\t\t\t\t\t\t\t\t\t\t\t\t\t\t\t\t\t<\/div><!-- .gllr_image_block -->\n\t\t\t\t\t\t\t\t\t\t\t\t\t\t\t\t\t\t\t\t\t<div class=\"gllr_image_block\">\n\t\t\t\t\t\t\t\t\t\t\t\t<p style=\"\n\t\t\t\t\t\t\t\t\t\t\t\twidth:145px;height:145px;\t\t\t\t\t\t\t\t\t\t\t\t\">\n\t\t\t\t\t\t\t\t\t\t\t\t\t\t\t\t\t\t\t\t\t\t\t\t\t\t\t\t<a data-fancybox=\"gallery_fancybox_24177\" href=\"https:\/\/cimbcc.org\/test2\/wp-content\/uploads\/photo_paul_michel.jpg\" title=\"Michel Paul\" >\n\t\t\t\t\t\t\t\t\t\t\t\t\t\t\t\t<img decoding=\"async\" width=&quot;125&quot; height=&quot;125&quot; style=\"width:125px; height:125px; border-width: 10px; border-color:#f1f1f1;border: 10px solid #f1f1f1\" alt=\"\" title=\"Michel Paul\" src=\"https:\/\/cimbcc.org\/test2\/wp-content\/uploads\/photo_paul_michel.jpg\" rel=\"https:\/\/cimbcc.org\/test2\/wp-content\/uploads\/photo_paul_michel.jpg\" \/>\t\t\t\t\t\t\t\t\t\t\t\t\t\t\t<\/a>\n\t\t\t\t\t\t\t\t\t\t\t\t\t\t\t\t\t\t\t\t\t\t\t\t\t\t<\/p>\n\t\t\t\t\t\t\t\t\t\t\t\t\t\t\t\t\t\t\t\t\t\t\t\t\t<div \n\t\t\t\t\t\t\t\t\t\t\t\t\tstyle=\"width:145px;\"\t\t\t\t\t\t\t\t\t\t\t\t\tclass=\"gllr_single_image_text gllr_single_image_text_under\">Michel Paul&nbsp;<\/div>\n\t\t\t\t\t\t\t\t\t\t\t\t\t\t\t\t\t\t\t\t\t\t\t<\/div><!-- .gllr_image_block -->\n\t\t\t\t\t\t\t\t\t\t\t\t\t\t\t\t\t\t\t\t\t<div class=\"gllr_image_block\">\n\t\t\t\t\t\t\t\t\t\t\t\t<p style=\"\n\t\t\t\t\t\t\t\t\t\t\t\twidth:145px;height:145px;\t\t\t\t\t\t\t\t\t\t\t\t\">\n\t\t\t\t\t\t\t\t\t\t\t\t\t\t\t\t\t\t\t\t\t\t\t\t\t\t\t\t<a data-fancybox=\"gallery_fancybox_24177\" href=\"https:\/\/cimbcc.org\/test2\/wp-content\/uploads\/photo_comtois_nicole.jpg\" title=\"Nicole Comtois\" >\n\t\t\t\t\t\t\t\t\t\t\t\t\t\t\t\t<img decoding=\"async\" width=&quot;125&quot; height=&quot;125&quot; style=\"width:125px; height:125px; border-width: 10px; border-color:#f1f1f1;border: 10px solid #f1f1f1\" alt=\"\" title=\"Nicole Comtois\" src=\"https:\/\/cimbcc.org\/test2\/wp-content\/uploads\/photo_comtois_nicole.jpg\" rel=\"https:\/\/cimbcc.org\/test2\/wp-content\/uploads\/photo_comtois_nicole.jpg\" \/>\t\t\t\t\t\t\t\t\t\t\t\t\t\t\t<\/a>\n\t\t\t\t\t\t\t\t\t\t\t\t\t\t\t\t\t\t\t\t\t\t\t\t\t\t<\/p>\n\t\t\t\t\t\t\t\t\t\t\t\t\t\t\t\t\t\t\t\t\t\t\t\t\t<div \n\t\t\t\t\t\t\t\t\t\t\t\t\tstyle=\"width:145px;\"\t\t\t\t\t\t\t\t\t\t\t\t\tclass=\"gllr_single_image_text gllr_single_image_text_under\">Nicole Comtois&nbsp;<\/div>\n\t\t\t\t\t\t\t\t\t\t\t\t\t\t\t\t\t\t\t\t\t\t\t<\/div><!-- .gllr_image_block -->\n\t\t\t\t\t\t\t\t\t\t\t\t\t\t\t\t\t\t\t\t\t<div class=\"clear\"><\/div>\n\t\t\t\t\t\t\t\t\t\t<\/div><!-- .gllr_image_row -->\n\t\t\t\t\t\t\t\t\t\t\t\t\t\t\t\t\t<\/div><!-- .gallery.clearfix -->\n\t\t\t\t\t\t\t\t\t\t\t\t\t\t<\/div><!-- .gallery_box_single -->\n\t\t\t\t\t\t<div class=\"gllr_clear\"><\/div>\n\t\t\t\t\t\t\n<p>&nbsp;<\/p>\n<p><span style=\"font-size: x-small;\">Derni\u00e8re r\u00e9vision de cette page : novembre 2024. <\/span><span style=\"font-size: x-small;\">Responsable de la mise \u00e0 jour de cette page : Danielle Barab\u00e9.<\/span><\/p>\n","protected":false},"excerpt":{"rendered":"<p>CET ATELIER N&rsquo;EST PAS OFFERT \u00c0 L&rsquo;HIVER 2025 \u00c0 qui s&rsquo;adresse l&rsquo;atelier Cet atelier s\u2019adresse aux membres qui n\u2019ont pas ou peu de connaissances de PowerPoint et qui veulent se familiariser avec ce logiciel et aussi apprendre des fonctions plus avanc\u00e9es. Description de l&rsquo;atelier Conna\u00eetre les possibilit\u00e9s qu\u2019offre PowerPoint. R\u00e9aliser un diaporama tout comme ceux &hellip; <a href=\"https:\/\/cimbcc.org\/test2\/gallery\/atelier-power-point\/\" class=\"more-link\">Continuer la lecture de <span class=\"screen-reader-text\">Atelier_Powerpoint<\/span>  <span class=\"meta-nav\">&rarr;<\/span><\/a><\/p>\n","protected":false},"author":23,"featured_media":0,"parent":100,"menu_order":185,"comment_status":"closed","ping_status":"closed","template":"","meta":{"footnotes":""},"class_list":["post-12510","page","type-page","status-publish","hentry"],"_links":{"self":[{"href":"https:\/\/cimbcc.org\/test2\/wp-json\/wp\/v2\/pages\/12510","targetHints":{"allow":["GET"]}}],"collection":[{"href":"https:\/\/cimbcc.org\/test2\/wp-json\/wp\/v2\/pages"}],"about":[{"href":"https:\/\/cimbcc.org\/test2\/wp-json\/wp\/v2\/types\/page"}],"author":[{"embeddable":true,"href":"https:\/\/cimbcc.org\/test2\/wp-json\/wp\/v2\/users\/23"}],"replies":[{"embeddable":true,"href":"https:\/\/cimbcc.org\/test2\/wp-json\/wp\/v2\/comments?post=12510"}],"version-history":[{"count":127,"href":"https:\/\/cimbcc.org\/test2\/wp-json\/wp\/v2\/pages\/12510\/revisions"}],"predecessor-version":[{"id":53690,"href":"https:\/\/cimbcc.org\/test2\/wp-json\/wp\/v2\/pages\/12510\/revisions\/53690"}],"up":[{"embeddable":true,"href":"https:\/\/cimbcc.org\/test2\/wp-json\/wp\/v2\/pages\/100"}],"wp:attachment":[{"href":"https:\/\/cimbcc.org\/test2\/wp-json\/wp\/v2\/media?parent=12510"}],"curies":[{"name":"wp","href":"https:\/\/api.w.org\/{rel}","templated":true}]}}