{"id":13337,"date":"2015-11-07T16:44:10","date_gmt":"2015-11-07T21:44:10","guid":{"rendered":"https:\/\/cimbcc.org\/test2\/?page_id=13337"},"modified":"2025-12-17T05:45:26","modified_gmt":"2025-12-17T10:45:26","slug":"atelier-introduction-aux-microcontroleurs-avec-arduino-pour-debutants","status":"publish","type":"page","link":"https:\/\/cimbcc.org\/test2\/partage-de-connaissances\/les-ateliers\/atelier-introduction-aux-microcontroleurs-avec-arduino-pour-debutants\/","title":{"rendered":"Introduction aux microcontr\u00f4leurs avec Arduino"},"content":{"rendered":"\n<h2 class=\"wp-block-heading\"><span style=\"color: #333399;\">\u00c0 qui s\u2019adresse l\u2019atelier<\/span><\/h2>\n\n\n\n<p><span style=\"font-size: 14pt;\">Aux membres qui d\u00e9sirent apprivoiser le fonctionnement de microcontr\u00f4leurs Arduino.<\/span><\/p>\n\n\n\n<h2 class=\"wp-block-heading\"><span style=\"color: #333399;\">Description de l\u2019atelier<\/span><\/h2>\n\n\n\n<p><span style=\"font-size: 14pt;\">Pour la session de l&rsquo;hiver 2025 nous utiliserons le nouvel Arduino UNO R4 WiFi .<\/span><\/p>\n\n\n\n<p><span style=\"font-size: 14pt;\">Nous verrons ses nouvelles fonctionnalit\u00e9s:<\/span><\/p>\n\n\n\n<ul class=\"wp-block-list\">\n<li><span style=\"font-size: 14pt;\">l&rsquo;horloge interne (Real Time Clock).<\/span><\/li>\n\n\n\n<li><span style=\"font-size: 14pt;\">le convertisseur num\u00e9rique &#8211; analogique (DAC).<\/span><\/li>\n\n\n\n<li><span style=\"font-size: 14pt;\">l&rsquo;\u00e9mulateur de souris et de clavier.<\/span><\/li>\n\n\n\n<li><span style=\"font-size: 14pt;\">le convertisseur analogique &#8211; num\u00e9rique (ADC).<\/span><\/li>\n\n\n\n<li><span style=\"font-size: 14pt;\">la matrice de diodes LED (8 x 12).<\/span><\/li>\n<\/ul>\n\n\n\n<p><span style=\"font-size: 14pt;\"> <span style=\"text-decoration: underline;\"><strong>Arduino\u00ae UNO R4 Wi-Fi<\/strong><\/span><\/span><\/p>\n\n\n\n<figure class=\"wp-block-image\"><img loading=\"lazy\" decoding=\"async\" width=\"300\" height=\"225\" src=\"https:\/\/cimbcc.org\/test2\/wp-content\/uploads\/image_uno_r4_wifi_-arduino-300x225.jpg\" alt=\"\" class=\"wp-image-44813\" srcset=\"https:\/\/cimbcc.org\/test2\/wp-content\/uploads\/image_uno_r4_wifi_-arduino-300x225.jpg 300w, https:\/\/cimbcc.org\/test2\/wp-content\/uploads\/image_uno_r4_wifi_-arduino.jpg 384w\" sizes=\"auto, (max-width: 300px) 100vw, 300px\" \/><\/figure>\n\n\n\n<p><span style=\"font-size: 14pt;\">&nbsp;<\/span><\/p>\n\n\n\n<figure class=\"wp-block-embed\"><div class=\"wp-block-embed__wrapper\">\n<a href=\"https:\/\/store-usa.arduino.cc\/collections\/boards-modules\/products\/uno-r4-wifi\">Arduino\u00ae UNO R4 WiFi<\/a>\n<\/div><\/figure>\n\n\n\n<p><span style=\"font-size: 14pt;\">&nbsp;&nbsp;<\/span><span style=\"font-size: 14pt;\">L&rsquo;Arduino UNO R4 WiFi combine:<\/span><\/p>\n\n\n\n<ul class=\"wp-block-list\">\n<li><span style=\"font-size: 14pt;\">La puissance de traitement du microcontr\u00f4leur RA4M1 de Renesas.<\/span><\/li>\n\n\n\n<li><span style=\"font-size: 14pt;\">De nouveaux p\u00e9riph\u00e9riques.<\/span><\/li>\n\n\n\n<li><span style=\"font-size: 14pt;\">La connectivit\u00e9 sans fil de l&rsquo;ESP32-S3 d&rsquo;Espressif.<\/span><\/li>\n\n\n\n<li><span style=\"font-size: 14pt;\">Une matrice de LED 12.8 int\u00e9gr\u00e9e.<\/span><\/li>\n\n\n\n<li><span style=\"font-size: 14pt;\">Un connecteur Qwiic, un VRTC et une broche CAN&#8230;<\/span><\/li>\n<\/ul>\n\n\n\n<h2 class=\"wp-block-heading\"><span style=\"color: #333399; font-size: 18pt;\">Mat\u00e9riel utilis\u00e9<\/span><\/h2>\n\n\n\n<p class=\"has-text-align-left\"><span style=\"font-size: 14pt;\">Pour cette session nous utiliserons l&rsquo;Arduino R4 WiFi.<\/span><\/p>\n\n\n\n<p><span style=\"font-size: 14pt;\">Voir:&nbsp;<a href=\"https:\/\/www.youtube.com\/watch?v=U30OMT5op54\" target=\"_blank\" rel=\"noopener\">https:\/\/www.youtube.com\/watch?v=U30OMT5op54<\/a> <\/span><\/p>\n\n\n\n<figure class=\"wp-block-image\"><img loading=\"lazy\" decoding=\"async\" width=\"300\" height=\"169\" src=\"https:\/\/cimbcc.org\/test2\/wp-content\/uploads\/image_transition_uno_r4_wifi_-arduino-300x169.png\" alt=\"\" class=\"wp-image-44812\" srcset=\"https:\/\/cimbcc.org\/test2\/wp-content\/uploads\/image_transition_uno_r4_wifi_-arduino-300x169.png 300w, https:\/\/cimbcc.org\/test2\/wp-content\/uploads\/image_transition_uno_r4_wifi_-arduino.png 720w\" sizes=\"auto, (max-width: 300px) 100vw, 300px\" \/><\/figure>\n\n\n\n<p><\/p>\n\n\n\n<h2 class=\"wp-block-heading\"><span style=\"color: #333399;\">Pr\u00e9cisions<\/span><\/h2>\n\n\n\n<ul class=\"wp-block-list\">\n<li><span style=\"font-size: 14pt; color: #000000;\">Un ordinateur portable est requis pour \u00e9diter les programmes et communiquer avec le microcontr\u00f4leur via un port USB.<\/span><\/li>\n\n\n\n<li><span style=\"font-size: 14pt; color: #000000;\">Le participant devra se procurer l&rsquo;Arduino UNO R4 WiFi.<\/span><\/li>\n\n\n\n<li><span style=\"font-size: 14pt;\">On peut le commander sur le site suivant:\u00a0\u00a0<a href=\"https:\/\/store-usa.arduino.cc\/collections\/new-products\/products\/uno-r4-wifi\" target=\"_blank\" rel=\"noopener\"><span style=\"font-size: 14pt;\">https:\/\/store-usa.arduino.cc\/collections\/new-products\/products\/<\/span>uno-r4-wifi<\/a><\/span><\/li>\n\n\n\n<li><span style=\"font-size: 14pt;\">Le d\u00e9lai de livraison est d&rsquo;environ deux semaines.<\/span><\/li>\n<\/ul>\n\n\n\n<h2 class=\"wp-block-heading\"><span style=\"color: #333399;\">Pr\u00e9requis<\/span><\/h2>\n\n\n\n<ul class=\"wp-block-list\">\n<li><span style=\"font-size: 14pt;\">Avoir des notions de programmation \u00e9l\u00e9mentaires.<\/span><\/li>\n\n\n\n<li><span style=\"font-size: 14pt;\">Connaitre les fonctions de base de Windows.<\/span><\/li>\n<\/ul>\n\n\n\n<h2 class=\"wp-block-heading\"><span style=\"color: #333399;\">Fonctionnement<\/span><\/h2>\n\n\n\n<p><span style=\"font-size: 14pt;\">L\u2019atelier est sous forme participative et permet \u00e0 chacun de partager ses connaissances et habilet\u00e9s.<\/span><\/p>\n\n\n\n<p><span style=\"text-decoration: underline;\"><span style=\"font-size: 14pt;\">Avant chaque r\u00e9union<\/span><\/span><\/p>\n\n\n\n<ul class=\"wp-block-list\">\n<li><span style=\"font-size: 14pt;\">Un ordre du jour est envoy\u00e9 aux participants, incluant:<\/span>\n<ul class=\"wp-block-list\">\n<li><span style=\"font-size: 14pt;\">Des documents d&rsquo;accompagnements.<\/span><\/li>\n\n\n\n<li><span style=\"font-size: 14pt;\">Le montage \u00e0 r\u00e9aliser.<\/span><\/li>\n\n\n\n<li><span style=\"font-size: 14pt;\">\u00a0Le croquis (programme) \u00e0 implanter.<\/span><\/li>\n<\/ul>\n<\/li>\n<\/ul>\n\n\n\n<p><span style=\"text-decoration: underline;\"><span style=\"font-size: 14pt;\">Pendant la r\u00e9union<\/span><\/span><\/p>\n\n\n\n<ul class=\"wp-block-list\">\n<li><span style=\"font-size: 14pt;\">Analyse des composantes.<\/span><\/li>\n\n\n\n<li><span style=\"font-size: 14pt;\">Analyse des croquis.<\/span><\/li>\n\n\n\n<li><span style=\"font-size: 14pt;\">Montage sur plaquette d&rsquo;essai.<\/span><\/li>\n<\/ul>\n\n\n\n<h2 class=\"wp-block-heading\"><span style=\"color: #333399; font-size: 18pt;\"><strong>Contenu des r\u00e9unions<\/strong><\/span><\/h2>\n\n\n\n<ul class=\"wp-block-list\">\n<li><span style=\"font-size: 14pt;\">Les projets pr\u00e9sent\u00e9s sont des montages extraits d&rsquo;internet; ils doivent se r\u00e9aliser en dedans d&rsquo;une ou plusieurs r\u00e9unions de l&rsquo;atelier.<\/span><\/li>\n\n\n\n<li><span style=\"font-size: 14pt;\">Les composantes requises pour l&rsquo;atelier seront command\u00e9es par l&rsquo;animateur;\u00a0 les participants paieront les composantes utilis\u00e9es lors de l&rsquo;atelier.\u00a0<\/span><\/li>\n<\/ul>\n\n\n\n<p><span style=\"font-size: 14pt;\">T\u00e9l\u00e9charger les programmes du site <strong>store-usa.arduino.cc<\/strong> pour connaitre les nouvelles fonctionnalit\u00e9s.<\/span><\/p>\n\n\n\n<figure class=\"wp-block-embed\"><div class=\"wp-block-embed__wrapper\">\n<a href=\"https:\/\/store-usa.arduino.cc\/collections\/new-products\/products\/uno-r4-wifi\">Arduino\u00ae UNO R4 WiFi<\/a>\n<\/div><\/figure>\n\n\n\n<p><span style=\"font-size: 14pt;\">Informations additionnelles:<\/span><\/p>\n\n\n\n<p>Consultez aussi Wikipedia \u00e0 l&rsquo;adresse suivante :<\/p>\n\n\n\n<figure class=\"wp-block-embed\"><div class=\"wp-block-embed__wrapper\">\nhttps:\/\/fr.wikipedia.org\/wiki\/Arduino\n<\/div><\/figure>\n\n\n\n<p>Aller directement au contenu principal<\/p>\n\n\n\n<p><strong style=\"color: #333399; font-size: 18pt;\">Quand<\/strong><\/p>\n\n\n\n<p class=\"has-text-align-left\"><span style=\"font-size: 14pt;\">L\u2019atelier se compose de six r\u00e9unions de 2 \u00bd heures. Les r\u00e9unions ont lieu le <strong>mardi<\/strong> de 19h30 \u00e0 22h00 aux dates suivantes:<\/span><\/p>\n\n\n\n<ul class=\"wp-block-list\">\n<li><span style=\"font-size: 14pt;\">11 f\u00e9vrier 2025\u00a0<\/span><\/li>\n\n\n\n<li><span style=\"font-size: 14pt;\">18 f\u00e9vrier 2025<\/span><\/li>\n\n\n\n<li><span style=\"font-size: 14pt;\">11 mars 2025<\/span><\/li>\n\n\n\n<li><span style=\"font-size: 14pt;\">18 mars 2025<\/span><\/li>\n\n\n\n<li><span style=\"font-size: 14pt;\">8 avril 2025<\/span><\/li>\n\n\n\n<li><span style=\"font-size: 14pt;\">15 avril 2025<\/span><\/li>\n<\/ul>\n\n\n\n<p><span style=\"color: #333399; font-size: 24px; font-weight: bold;\">O\u00f9<\/span><\/p>\n\n\n\n<p><span style=\"font-size: 14pt;\">Centre communautaire de Saint-Bruno, <a href=\"https:\/\/www.google.ca\/maps\/place\/53+Chemin+de+la+Rabastali%C3%A8re+E,+Saint-Bruno-de-Montarville,+QC+J3V+3T5\/@45.5291804,-73.3449621,17z\/data=!3m1!4b1!4m5!3m4!1s0x4cc901374789e19b:0x5756b7b7e9d35e34!8m2!3d45.5291804!4d-73.3427734?hl=fr\" target=\"_blank\" rel=\"noopener noreferrer\">53, chemin De La Rabastali\u00e8re Est, Saint-Bruno-de-Montarville J3V 2A4.<\/a><\/span><\/p>\n\n\n\n<p><span style=\"font-size: 14pt;\">Salle 120<\/span><\/p>\n\n\n\n<p><span style=\"font-size: 14pt;\">Salle 121,&nbsp; pour les 11 et 18 f\u00e9vrier 2025<\/span><\/p>\n\n\n\n<p>Le bouton \u00ab\u00a0Inscription \u00e0 l&rsquo;atelier\u00a0\u00bb ci-dessous n&rsquo;est pas fonctionnel \u00e0 l&rsquo;ext\u00e9rieur des p\u00e9riodes d&rsquo;inscriptions aux ateliers.<\/p>\n\n\n\n<p><a href=\"https:\/\/cimbcc.org\/test2\/partage-de-connaissances\/les-ateliers\/atelier-introduction-aux-microcontroleurs-avec-arduino-pour-debutants\/formulaire-atelier-introduction-aux-microcontroleurs-avec-arduino\" target=\"_blank\" rel=\"noopener\"><button>Inscription \u00e0 l&rsquo;atelier<\/button><\/a><\/p>\n\n\n\n<h2 class=\"wp-block-heading\"><span style=\"font-size: 18pt; color: #333399;\"><strong>Responsable de l\u2019atelier<\/strong><\/span><\/h2>\n\n\n<div class=\"wp-block-image size-full wp-image-24164\">\n<figure class=\"alignleft\"><img loading=\"lazy\" decoding=\"async\" width=\"125\" height=\"125\" src=\"https:\/\/cimbcc.org\/test2\/wp-content\/uploads\/photo_presne_jean.jpg\" alt=\"\" class=\"wp-image-24164\"\/><figcaption class=\"wp-element-caption\">Jean Presne<\/figcaption><\/figure>\n<\/div>\n\n\n<p>&nbsp;<\/p>\n\n\n\n<p>&nbsp;<\/p>\n\n\n\n<p>&nbsp;<\/p>\n\n\n\n<h3 class=\"wp-block-heading\">&nbsp;<\/h3>\n\n\n\n<p><em><span style=\"font-size: x-small;\"> Derni\u00e8re r\u00e9vision de cette page: novembre 2024. <\/span><\/em><em><span style=\"font-size: x-small;\">Responsable de la mise \u00e0 jour de cette page : Danielle Barab\u00e9.<\/span><\/em><\/p>\n\n\n\n<p>&nbsp;<\/p>\n","protected":false},"excerpt":{"rendered":"<p>\u00c0 qui s\u2019adresse l\u2019atelier Aux membres qui d\u00e9sirent apprivoiser le fonctionnement de microcontr\u00f4leurs Arduino. Description de l\u2019atelier Pour la session de l&rsquo;hiver 2025 nous utiliserons le nouvel Arduino UNO R4 WiFi . Nous verrons ses nouvelles fonctionnalit\u00e9s: Arduino\u00ae UNO R4 Wi-Fi &nbsp; &nbsp;&nbsp;L&rsquo;Arduino UNO R4 WiFi combine: Mat\u00e9riel utilis\u00e9 Pour cette session nous utiliserons l&rsquo;Arduino &hellip; <a href=\"https:\/\/cimbcc.org\/test2\/partage-de-connaissances\/les-ateliers\/atelier-introduction-aux-microcontroleurs-avec-arduino-pour-debutants\/\" class=\"more-link\">Continuer la lecture de <span class=\"screen-reader-text\">Introduction aux microcontr\u00f4leurs avec Arduino<\/span>  <span class=\"meta-nav\">&rarr;<\/span><\/a><\/p>\n","protected":false},"author":23,"featured_media":0,"parent":100,"menu_order":219,"comment_status":"closed","ping_status":"closed","template":"","meta":{"footnotes":""},"class_list":["post-13337","page","type-page","status-publish","hentry"],"_links":{"self":[{"href":"https:\/\/cimbcc.org\/test2\/wp-json\/wp\/v2\/pages\/13337","targetHints":{"allow":["GET"]}}],"collection":[{"href":"https:\/\/cimbcc.org\/test2\/wp-json\/wp\/v2\/pages"}],"about":[{"href":"https:\/\/cimbcc.org\/test2\/wp-json\/wp\/v2\/types\/page"}],"author":[{"embeddable":true,"href":"https:\/\/cimbcc.org\/test2\/wp-json\/wp\/v2\/users\/23"}],"replies":[{"embeddable":true,"href":"https:\/\/cimbcc.org\/test2\/wp-json\/wp\/v2\/comments?post=13337"}],"version-history":[{"count":149,"href":"https:\/\/cimbcc.org\/test2\/wp-json\/wp\/v2\/pages\/13337\/revisions"}],"predecessor-version":[{"id":18970,"href":"https:\/\/cimbcc.org\/test2\/wp-json\/wp\/v2\/pages\/13337\/revisions\/18970"}],"up":[{"embeddable":true,"href":"https:\/\/cimbcc.org\/test2\/wp-json\/wp\/v2\/pages\/100"}],"wp:attachment":[{"href":"https:\/\/cimbcc.org\/test2\/wp-json\/wp\/v2\/media?parent=13337"}],"curies":[{"name":"wp","href":"https:\/\/api.w.org\/{rel}","templated":true}]}}