{"id":14739,"date":"2016-04-24T13:44:42","date_gmt":"2016-04-24T17:44:42","guid":{"rendered":"https:\/\/cimbcc.org\/test2\/?page_id=14739"},"modified":"2025-02-21T14:40:09","modified_gmt":"2025-02-21T19:40:09","slug":"flux-rss-des-articles","status":"publish","type":"page","link":"https:\/\/cimbcc.org\/test2\/partage-de-connaissances\/chip\/flux-rss-des-articles\/","title":{"rendered":"Liste des dix derniers articles"},"content":{"rendered":"\n<p>Cliquez sur le titre de l&rsquo;article (en vert) pour avoir acc\u00e8s \u00e0 l&rsquo;article complet.<\/p>\n\n\n<ul class=\"wp-block-latest-posts__list wp-block-latest-posts\"><li><a class=\"wp-block-latest-posts__post-title\" href=\"https:\/\/cimbcc.org\/test2\/une-introduction-a-gmail\/\">Une introduction \u00e0 Gmail<\/a><\/li>\n<li><a class=\"wp-block-latest-posts__post-title\" href=\"https:\/\/cimbcc.org\/test2\/echos-du-conseil-dadministration-reunion-du-1er-avril-2025\/\">\u00c9chos du conseil d&rsquo;administration &#8211; 1er avril 2025<\/a><\/li>\n<li><a class=\"wp-block-latest-posts__post-title\" href=\"https:\/\/cimbcc.org\/test2\/ecouteurs-a-conduction-osseuse-et-passage-a-la-frontere-americaine-avec-vos-appareils-electroniques\/\">\u00c9couteurs \u00e0 conduction osseuse et passage \u00e0 la front\u00e8re am\u00e9ricaine avec vos appareils \u00e9lectroniques<\/a><\/li>\n<li><a class=\"wp-block-latest-posts__post-title\" href=\"https:\/\/cimbcc.org\/test2\/le-web-et-les-informations-sur-la-sante\/\">Le Web et les informations sur la sant\u00e9<\/a><\/li>\n<li><a class=\"wp-block-latest-posts__post-title\" href=\"https:\/\/cimbcc.org\/test2\/lintelligence-artificielle-nest-pas-toujours-votre-amie-et-la-prevention-de-lusurpation-didentite-par-courriel-ou-spoofing\/\">L&rsquo;intelligence artificielle n&rsquo;est pas toujours votre amie et la pr\u00e9vention de l&rsquo;usurpation\u00a0d&rsquo;identit\u00e9 par courriel ou spoofing<\/a><\/li>\n<\/ul>\n\n\n<p><span style=\"font-size: x-small;\">Derni\u00e8re r\u00e9vision de cette page : ao\u00fbt 2024.<br>Responsable de la mise \u00e0 jour de cette page : Richard Gervais.&nbsp;<\/span><\/p>\n","protected":false},"excerpt":{"rendered":"<p>Cliquez sur le titre de l&rsquo;article (en vert) pour avoir acc\u00e8s \u00e0 l&rsquo;article complet. Derni\u00e8re r\u00e9vision de cette page : ao\u00fbt 2024.Responsable de la mise \u00e0 jour de cette page : Richard Gervais.&nbsp;<\/p>\n","protected":false},"author":23,"featured_media":0,"parent":262,"menu_order":100,"comment_status":"closed","ping_status":"closed","template":"","meta":{"footnotes":""},"class_list":["post-14739","page","type-page","status-publish","hentry"],"_links":{"self":[{"href":"https:\/\/cimbcc.org\/test2\/wp-json\/wp\/v2\/pages\/14739","targetHints":{"allow":["GET"]}}],"collection":[{"href":"https:\/\/cimbcc.org\/test2\/wp-json\/wp\/v2\/pages"}],"about":[{"href":"https:\/\/cimbcc.org\/test2\/wp-json\/wp\/v2\/types\/page"}],"author":[{"embeddable":true,"href":"https:\/\/cimbcc.org\/test2\/wp-json\/wp\/v2\/users\/23"}],"replies":[{"embeddable":true,"href":"https:\/\/cimbcc.org\/test2\/wp-json\/wp\/v2\/comments?post=14739"}],"version-history":[{"count":19,"href":"https:\/\/cimbcc.org\/test2\/wp-json\/wp\/v2\/pages\/14739\/revisions"}],"predecessor-version":[{"id":52858,"href":"https:\/\/cimbcc.org\/test2\/wp-json\/wp\/v2\/pages\/14739\/revisions\/52858"}],"up":[{"embeddable":true,"href":"https:\/\/cimbcc.org\/test2\/wp-json\/wp\/v2\/pages\/262"}],"wp:attachment":[{"href":"https:\/\/cimbcc.org\/test2\/wp-json\/wp\/v2\/media?parent=14739"}],"curies":[{"name":"wp","href":"https:\/\/api.w.org\/{rel}","templated":true}]}}