{"id":14741,"date":"2016-04-24T13:47:37","date_gmt":"2016-04-24T17:47:37","guid":{"rendered":"https:\/\/cimbcc.org\/test2\/?page_id=14741"},"modified":"2025-02-21T14:43:03","modified_gmt":"2025-02-21T19:43:03","slug":"rss-des-commentaires","status":"publish","type":"page","link":"https:\/\/cimbcc.org\/test2\/partage-de-connaissances\/chip\/rss-des-commentaires\/","title":{"rendered":"Liste des dix derniers commentaires"},"content":{"rendered":"\n<p>Cliquez sur le titre du commentaire (en vert) pour avoir acc\u00e8s au commentaire.<\/p>\n\n\n<ol class=\"has-avatars has-dates has-excerpts wp-block-latest-comments\"><li class=\"wp-block-latest-comments__comment\"><img alt='' src='https:\/\/secure.gravatar.com\/avatar\/6ea7abae7275e1c2e23fa5fb7df43ef25fcbca73006cb167445bcfebf673b741?s=48&#038;d=mm&#038;r=g' srcset='https:\/\/secure.gravatar.com\/avatar\/6ea7abae7275e1c2e23fa5fb7df43ef25fcbca73006cb167445bcfebf673b741?s=96&#038;d=mm&#038;r=g 2x' class='avatar avatar-48 photo wp-block-latest-comments__comment-avatar' height='48' width='48' \/><article><footer class=\"wp-block-latest-comments__comment-meta\"><span class=\"wp-block-latest-comments__comment-author\">Robert Lapointe<\/span> sur <a class=\"wp-block-latest-comments__comment-link\" href=\"https:\/\/cimbcc.org\/test2\/une-introduction-a-gmail\/#comment-10456\">Une introduction \u00e0 Gmail<\/a><time datetime=\"2025-04-17T01:40:28-04:00\" class=\"wp-block-latest-comments__comment-date\">17 avril 2025<\/time><\/footer><div class=\"wp-block-latest-comments__comment-excerpt\"><p>Sujet tr\u00e8s int\u00e9ressant ! Oui c&rsquo;est possible comme le mentionne Sylvain et je l&rsquo;ai m\u00eame test\u00e9. Mais pour utilisez Gmail&hellip;<\/p>\n<\/div><\/article><\/li><li class=\"wp-block-latest-comments__comment\"><img alt='' src='https:\/\/secure.gravatar.com\/avatar\/9ea1c1b90daaaca9dc29a48226d90d3b4b70e3782ba00ce5fcd364783085d4e0?s=48&#038;d=mm&#038;r=g' srcset='https:\/\/secure.gravatar.com\/avatar\/9ea1c1b90daaaca9dc29a48226d90d3b4b70e3782ba00ce5fcd364783085d4e0?s=96&#038;d=mm&#038;r=g 2x' class='avatar avatar-48 photo wp-block-latest-comments__comment-avatar' height='48' width='48' \/><article><footer class=\"wp-block-latest-comments__comment-meta\"><span class=\"wp-block-latest-comments__comment-author\">Sylvain Garneau<\/span> sur <a class=\"wp-block-latest-comments__comment-link\" href=\"https:\/\/cimbcc.org\/test2\/une-introduction-a-gmail\/#comment-10455\">Une introduction \u00e0 Gmail<\/a><time datetime=\"2025-04-16T18:07:38-04:00\" class=\"wp-block-latest-comments__comment-date\">16 avril 2025<\/time><\/footer><div class=\"wp-block-latest-comments__comment-excerpt\"><p>Il existe une fonction dans les param\u00e8tres de Gmail dans l&rsquo;onglet comptes et importation pour importer le contenu d\u2019une autre&hellip;<\/p>\n<\/div><\/article><\/li><li class=\"wp-block-latest-comments__comment\"><img alt='' src='https:\/\/secure.gravatar.com\/avatar\/6ea7abae7275e1c2e23fa5fb7df43ef25fcbca73006cb167445bcfebf673b741?s=48&#038;d=mm&#038;r=g' srcset='https:\/\/secure.gravatar.com\/avatar\/6ea7abae7275e1c2e23fa5fb7df43ef25fcbca73006cb167445bcfebf673b741?s=96&#038;d=mm&#038;r=g 2x' class='avatar avatar-48 photo wp-block-latest-comments__comment-avatar' height='48' width='48' \/><article><footer class=\"wp-block-latest-comments__comment-meta\"><span class=\"wp-block-latest-comments__comment-author\">Robert Lapointe<\/span> sur <a class=\"wp-block-latest-comments__comment-link\" href=\"https:\/\/cimbcc.org\/test2\/une-introduction-a-gmail\/#comment-10452\">Une introduction \u00e0 Gmail<\/a><time datetime=\"2025-04-13T01:14:19-04:00\" class=\"wp-block-latest-comments__comment-date\">13 avril 2025<\/time><\/footer><div class=\"wp-block-latest-comments__comment-excerpt\"><p>Daniel sait tout cela et je suis certain qu&rsquo;il saura possiblement vous confirmer comment faire sp\u00e9cifiquement avec Vid\u00e9otron m\u00eame si&hellip;<\/p>\n<\/div><\/article><\/li><li class=\"wp-block-latest-comments__comment\"><img alt='' src='https:\/\/secure.gravatar.com\/avatar\/3b18ead1c456fdf2128032387154d303011f734a9d55af44af3df6154e82765c?s=48&#038;d=mm&#038;r=g' srcset='https:\/\/secure.gravatar.com\/avatar\/3b18ead1c456fdf2128032387154d303011f734a9d55af44af3df6154e82765c?s=96&#038;d=mm&#038;r=g 2x' class='avatar avatar-48 photo wp-block-latest-comments__comment-avatar' height='48' width='48' \/><article><footer class=\"wp-block-latest-comments__comment-meta\"><span class=\"wp-block-latest-comments__comment-author\">Paul-Andr\u00e9 Paquin<\/span> sur <a class=\"wp-block-latest-comments__comment-link\" href=\"https:\/\/cimbcc.org\/test2\/une-introduction-a-gmail\/#comment-10451\">Une introduction \u00e0 Gmail<\/a><time datetime=\"2025-04-12T10:38:31-04:00\" class=\"wp-block-latest-comments__comment-date\">12 avril 2025<\/time><\/footer><div class=\"wp-block-latest-comments__comment-excerpt\"><p>j&rsquo;ai mon adresse courriel avec videotron et je voudrais transf\u00e9rer tous mes fichiers \u00e0 gmail comme courriel. Est-ce que vous&hellip;<\/p>\n<\/div><\/article><\/li><li class=\"wp-block-latest-comments__comment\"><img alt='' src='https:\/\/secure.gravatar.com\/avatar\/1d9ceec0b24ba5e75955cc0367981fbe84cbb0a26c3972b0a34432053008b28c?s=48&#038;d=mm&#038;r=g' srcset='https:\/\/secure.gravatar.com\/avatar\/1d9ceec0b24ba5e75955cc0367981fbe84cbb0a26c3972b0a34432053008b28c?s=96&#038;d=mm&#038;r=g 2x' class='avatar avatar-48 photo wp-block-latest-comments__comment-avatar' height='48' width='48' \/><article><footer class=\"wp-block-latest-comments__comment-meta\"><span class=\"wp-block-latest-comments__comment-author\">C\u00e9line Dion<\/span> sur <a class=\"wp-block-latest-comments__comment-link\" href=\"https:\/\/cimbcc.org\/test2\/une-introduction-a-gmail\/#comment-10450\">Une introduction \u00e0 Gmail<\/a><time datetime=\"2025-04-12T10:24:59-04:00\" class=\"wp-block-latest-comments__comment-date\">12 avril 2025<\/time><\/footer><div class=\"wp-block-latest-comments__comment-excerpt\"><p>All\u00f4 Daniel, C&rsquo;est justre dr\u00f4le. Avec toutes les chroniques que tu \u00e9cris, en plus des ateliers et pr\u00e9sentations, et l&rsquo;aide&hellip;<\/p>\n<\/div><\/article><\/li><\/ol>\n\n\n<p><span style=\"font-size: x-small;\">Derni\u00e8re r\u00e9vision de cette page : ao\u00fbt 2024.<br><\/span><span style=\"font-size: x-small;\">Responsable de la mise \u00e0 jour de cette page : Richard Gervais.&nbsp;<\/span><\/p>\n\n\n\n<p><\/p>\n","protected":false},"excerpt":{"rendered":"<p>Cliquez sur le titre du commentaire (en vert) pour avoir acc\u00e8s au commentaire. Derni\u00e8re r\u00e9vision de cette page : ao\u00fbt 2024.Responsable de la mise \u00e0 jour de cette page : Richard Gervais.&nbsp;<\/p>\n","protected":false},"author":23,"featured_media":0,"parent":262,"menu_order":200,"comment_status":"closed","ping_status":"closed","template":"","meta":{"footnotes":""},"class_list":["post-14741","page","type-page","status-publish","hentry"],"_links":{"self":[{"href":"https:\/\/cimbcc.org\/test2\/wp-json\/wp\/v2\/pages\/14741","targetHints":{"allow":["GET"]}}],"collection":[{"href":"https:\/\/cimbcc.org\/test2\/wp-json\/wp\/v2\/pages"}],"about":[{"href":"https:\/\/cimbcc.org\/test2\/wp-json\/wp\/v2\/types\/page"}],"author":[{"embeddable":true,"href":"https:\/\/cimbcc.org\/test2\/wp-json\/wp\/v2\/users\/23"}],"replies":[{"embeddable":true,"href":"https:\/\/cimbcc.org\/test2\/wp-json\/wp\/v2\/comments?post=14741"}],"version-history":[{"count":12,"href":"https:\/\/cimbcc.org\/test2\/wp-json\/wp\/v2\/pages\/14741\/revisions"}],"predecessor-version":[{"id":52859,"href":"https:\/\/cimbcc.org\/test2\/wp-json\/wp\/v2\/pages\/14741\/revisions\/52859"}],"up":[{"embeddable":true,"href":"https:\/\/cimbcc.org\/test2\/wp-json\/wp\/v2\/pages\/262"}],"wp:attachment":[{"href":"https:\/\/cimbcc.org\/test2\/wp-json\/wp\/v2\/media?parent=14741"}],"curies":[{"name":"wp","href":"https:\/\/api.w.org\/{rel}","templated":true}]}}