{"id":15018,"date":"2016-06-18T06:29:17","date_gmt":"2016-06-18T10:29:17","guid":{"rendered":"https:\/\/cimbcc.org\/test2\/?page_id=15018"},"modified":"2024-10-28T11:13:28","modified_gmt":"2024-10-28T15:13:28","slug":"les-tutoriels","status":"publish","type":"page","link":"https:\/\/cimbcc.org\/test2\/partage-de-connaissances\/les-tutoriels\/","title":{"rendered":"Tutoriels"},"content":{"rendered":"<blockquote>\n<p style=\"text-align: justify;\"><span style=\"color: #333333; font-size: 14pt;\">Cette page contient tous les tutoriels pr\u00e9par\u00e9s par les b\u00e9n\u00e9voles du Club pour des sujets d&rsquo;int\u00e9r\u00eat g\u00e9n\u00e9ral qui ont \u00e9t\u00e9 trait\u00e9s ou non lors des pr\u00e9sentations du mercredi et du vendredi. Cliquez sur la cat\u00e9gorie d\u00e9sir\u00e9e dans l&rsquo;index pour trouver les tutoriels pr\u00e9sents dans cette cat\u00e9gorie. Cliquez sur <strong>Retour haut de page<\/strong> pour revenir \u00e0 l&rsquo;index.<\/span><\/p>\n<h2><strong>Mise en garde<\/strong><\/h2>\n<p>Les tutoriels ont \u00e9t\u00e9 pr\u00e9par\u00e9s au meilleur des connaissances des instructeurs du Club. Les administrateurs et les instructeurs d\u00e9clinent toute responsabilit\u00e9 sur les cons\u00e9quences possibles de l\u2019utilisation que vous ferez de ces informations.<\/p>\n<p>Les tutoriels ont \u00e9t\u00e9 test\u00e9s avant leur publication. Cependant, il est possible que des logiciels et des sites pr\u00e9sent\u00e9s aient \u00e9t\u00e9 modifi\u00e9s depuis. Si c\u2019est le cas, vous aurez possiblement \u00e0 ajuster les notes ou les tutoriels pour les adapter aux nouveaux logiciels ou aux nouveaux sites.<\/p><\/blockquote>\n<h4 id=\"haut_page\" style=\"text-align: justify;\">Index<\/h4>\n<ul>\n<li><a href=\"#medias_sociaux\">M\u00e9dias sociaux<\/a><\/li>\n<li><a href=\"#navigation_internet\">Navigation Internet<\/a><\/li>\n<li><a href=\"#photographie\">Vid\u00e9oconf\u00e9rences<\/a><\/li>\n<li><a href=\"#teamviewer\">TeamViewer<\/a><\/li>\n<li><a href=\"#Nettoyage_ordibateur_et_les_antivirus\">Nettoyer l&rsquo;ordinateur et les Anti-virus<\/a><\/li>\n<li><a href=\"#windows\">Windows<\/a><\/li>\n<li><a href=\"#macos\">macOS<\/a><\/li>\n<li><a href=\"#zoom\">Zoom<\/a><\/li>\n<\/ul>\n<hr \/>\n<h5 id=\"medias_sociaux\" style=\"text-align: justify;\">M\u00e9dias sociaux<\/h5>\n<p><a href=\"#haut_page\">Retour haut de page<\/a><\/p>\n<p><strong><a href=\"https:\/\/cimbcc.org\/test2\/wp-content\/uploads\/media_PDF_tutoriel_2022-07-14-Utilisation-Twitter.pdf\" target=\"_blank\" rel=\"noopener noreferrer\">Navigation et utilisation de Twitter<\/a><\/strong>, G. B\u00e9langer, 14 juillet 2022<\/p>\n<p style=\"text-align: justify;\"><strong><a href=\"https:\/\/cimbcc.org\/test2\/wp-content\/uploads\/divers_pdf_tutoriel_inscription_a_facebook_20210521.pdf\">Inscription \u00e0 Facebook<\/a><\/strong>, H. Turgeon, 2021, cit\u00e9 dans la section des ateliers<\/p>\n<hr \/>\n<h5 id=\"navigation_internet\" style=\"text-align: justify;\">Navigation Internet<\/h5>\n<p><a href=\"#haut_page\">Retour haut de page<\/a><\/p>\n<p><a href=\"https:\/\/cimbcc.org\/test2\/wp-content\/uploads\/chip_2024_04_raccourcis_chrome_gmail.pdf\" target=\"_blank\" rel=\"noopener\"><strong>Raccourcis clavier Google Chrome et Gmail<\/strong><\/a>, D.Vinet, CHIP, 13 avril 2024<\/p>\n<p><a href=\"https:\/\/cimbcc.org\/test2\/comment-obtenir-et-gerer-son-hebergement-web\" target=\"_blank\" rel=\"noopener\"><strong>Comment obtenir et g\u00e9rer son h\u00e9bergement Web<\/strong><\/a>, R. Lapointe, CHIP, 22 ao\u00fbt 2022<\/p>\n<p><a href=\"https:\/\/cimbcc.org\/test2\/wp-content\/uploads\/chip_2022_07_15_mod_tutoriel_comment-faire-une-recherche-dans-le-calendrier-du-cimbcc.pdf\" target=\"_blank\" rel=\"noopener noreferrer\"><strong>Comment faire une recherche dans les calendriers du CIMBCC<\/strong><\/a>, R.\u00a0C\u00f4t\u00e9, CHIP, 1<sup>er<\/sup> juillet 2022<\/p>\n<p><a href=\"https:\/\/cimbcc.org\/test2\/wp-content\/uploads\/divers_pdf_tutoriel_2022-09-13_modifier_page_ouverture_edge.pdf\" target=\"_blank\" rel=\"noopener noreferrer\"><strong>Modifier la page d&rsquo;ouverture de <em>Windows Edge<\/em><\/strong><\/a>, J. Lalibert\u00e9, CHIP, Septembre 2022<\/p>\n<p style=\"text-align: justify;\"><strong><a href=\"https:\/\/cimbcc.org\/test2\/wp-content\/uploads\/divers_pdf_tutoriel_2022-09-13_reinitialiser_edge.pdf\" target=\"_blank\" rel=\"noopener noreferrer\">R\u00e9initialiser <em>Edge<\/em><\/a><\/strong>, J. Lalibert\u00e9, CHIP, Septembre 2022<\/p>\n<p style=\"text-align: justify;\"><strong><a href=\"https:\/\/cimbcc.org\/test2\/wp-content\/uploads\/CHIP_201609_Navigation-priv\u00e9e-in-private.pdf\" target=\"_blank\" rel=\"noopener noreferrer\">La navigation priv\u00e9e <em>\u00ab\u00a0In Private\u00a0\u00bb<\/em><\/a><\/strong>, J. Lalibert\u00e9, CHIP, 15 septembre 2016<\/p>\n<hr \/>\n<h5 id=\"photographie\" style=\"text-align: justify;\">Vid\u00e9oconf\u00e9rences Messenger, Meet, FaceTime et Zoom<\/h5>\n<p><a href=\"#haut_page\">Retour haut de page<\/a><\/p>\n<p><a href=\"https:\/\/cimbcc.org\/test2\/wp-content\/uploads\/divers_pdf_tutoriel_2022_07_15_videoconference.pdf\" target=\"_blank\" rel=\"noopener noreferrer\"><strong>Comment faire une vid\u00e9oconf\u00e9rence<\/strong><\/a>, R. C\u00f4t\u00e9, 15 luillet 2022<\/p>\n<hr \/>\n<h5 id=\"teamviewer\" style=\"text-align: justify;\">TeamViewer<\/h5>\n<p><a href=\"#haut_page\">Retour haut de page<\/a><\/p>\n<p><strong><a href=\"https:\/\/cimbcc.org\/test2\/wp-content\/uploads\/divers_pdf_tutoriel_2022-09-13_comment_se_faire_depanner_avec_teamviewer.pdf\" target=\"_blank\" rel=\"noopener noreferrer\">Comment se faire d\u00e9panner avec TeamViewer &#8211; document<\/a><\/strong>, Jacques Lalibert\u00e9, Septembre 2022<\/p>\n<hr \/>\n<h5 id=\"Nettoyage_ordibateur_et_les_antivirus\" style=\"text-align: justify;\">Nettoyer l&rsquo;ordinateur et les Anti-virus<\/h5>\n<p><a href=\"#haut_page\">Retour haut de page<\/a><\/p>\n<p><strong><a href=\"https:\/\/cimbcc.org\/test2\/wp-content\/uploads\/CHIP_20180430_Effacer_disque_dur_1.pdf\" target=\"_blank\" rel=\"noopener noreferrer\">Je veux donner mon ordinateur, mais je veux effacer le contenu de mon disque dur<\/a>,<\/strong>\u00a0J. Lalibert\u00e9<strong>,<\/strong> CHIP, 30 avril 2018<\/p>\n<p><strong><a href=\"https:\/\/cimbcc.org\/test2\/wp-content\/uploads\/CHIP_201701_tutoriel_effacer_fichier_avec_Unlocker.pdf\" target=\"_blank\" rel=\"noopener noreferrer\">Effacer un fichier avec Unlocker<\/a><\/strong>, J. Lalibert\u00e9, CHIP, 4 janvier 2017<\/p>\n<p><strong><a href=\"https:\/\/cimbcc.org\/test2\/wp-content\/uploads\/divers_pdf_tutoriel_2022-09-13_verifier-_ordinateur_avec_ADW-Cleaner.pdf\" target=\"_blank\" rel=\"noopener noreferrer\">Faire une v\u00e9rification avec ADWCleaner<\/a><\/strong>, J. Lalibert\u00e9, Septembre 2022<\/p>\n<p><strong><a href=\"https:\/\/cimbcc.org\/test2\/wp-content\/uploads\/divers_pdf_tutoriel_2022-09-13_CCleaner.pdf\" target=\"_blank\" rel=\"noopener noreferrer\">Nettoyer l&rsquo;ordinateur avec Ccleaner<\/a><\/strong>, J. Lalibert\u00e9, Septembre 2022<\/p>\n<p><strong><a href=\"https:\/\/cimbcc.org\/test2\/wp-content\/uploads\/divers_pdf_tutoriel_2022-09-13_Malwarebytes.pdf\" target=\"_blank\" rel=\"noopener noreferrer\">Nettoyer l&rsquo;ordinateur avec Malaware bytes<\/a><\/strong>, J. Lalibert\u00e9, Septembre 2022<\/p>\n<p><a href=\"https:\/\/cimbcc.org\/test2\/wp-content\/uploads\/divers_pdf_tutoriel_2022-09-13_Utiliser_Windows_Defender.pdf\" target=\"_blank\" rel=\"noopener noreferrer\"><strong>Utiliser <em>Windows Defender<\/em>, l\u2019antivirus de Microsoft<\/strong><\/a>, J. Lalibert\u00e9, Septembre 2022<\/p>\n<p style=\"text-align: justify;\"><strong><a href=\"https:\/\/cimbcc.org\/test2\/wp-content\/uploads\/CHIP_201610_Tutoriel_Avast.pdf\" target=\"_blank\" rel=\"noopener noreferrer\">Obtenir une nouvelle licence Avast<\/a><\/strong>, J. Lalibert\u00e9, CHIP, 13 octobre 2016<\/p>\n<hr \/>\n<h5 id=\"windows\" style=\"text-align: justify;\">Windows<\/h5>\n<p><a href=\"#haut_page\">Retour haut de page<\/a><\/p>\n<p><a href=\"https:\/\/cimbcc.org\/test2\/wp-content\/uploads\/chip_2024_04_raccourcis_windows.pdf\" target=\"_blank\" rel=\"noopener\"><strong>Raccourcis clavier Windows<\/strong><\/a>, D.Vinet, CHIP, 13 avril 2024<\/p>\n<p><a href=\"https:\/\/youtu.be\/xfEWFYkPXaw\" target=\"_blank\" rel=\"noopener noreferrer\"><strong>Travailler avec deux fen\u00eatres simultan\u00e9es \u00e0 l\u2019\u00e9cran<\/strong><\/a>, P. Delisle, CHIP, 21 ao\u00fbt 2020<\/p>\n<p><a href=\"https:\/\/youtu.be\/LPssd4XaLP8\" target=\"_blank\" rel=\"noopener noreferrer\"><strong>Avec deux fen\u00eatres ouvertes, passez d&rsquo;une \u00e0 l&rsquo;autre avec les touches ALT et TAB<\/strong><\/a>, P. Delisle, CHIP, 21 ao\u00fbt 2020<\/p>\n<p><a href=\"https:\/\/cimbcc.org\/test2\/wp-content\/uploads\/divers_pdf_tutoriel_2022-08-05_capsules_windows_10.pdf\" target=\"_blank\" rel=\"noopener noreferrer\"><strong>Capsules Windows 10<\/strong><\/a>, R. C\u00f4t\u00e9, ao\u00fbt 2022<\/p>\n<p><a href=\"https:\/\/cimbcc.org\/test2\/wp-content\/uploads\/chip_2020_01_30_tutoriel_comment_passer_de_windows_7_a_windows_10.pdf\" target=\"_blank\" rel=\"noopener noreferrer\"><strong>Comment passer de Windows 7 \u00e0 Windows 10 gratuitement<\/strong><\/a>, J. Lalibert\u00e9, CHIP, 30 janvier 2020<\/p>\n<p><a href=\"https:\/\/cimbcc.org\/test2\/wp-content\/uploads\/divers_pdf_tutoriel_2022-09-13_verifier_ses_barrettes_de-memoire.pdf\" target=\"_blank\" rel=\"noopener noreferrer\"><strong>V\u00e9rifier ses barrettes de m\u00e9moires sous Windows 10<\/strong><\/a>, J. Lalibert\u00e9, Septembre 2022<\/p>\n<p><strong><a href=\"https:\/\/cimbcc.org\/test2\/wp-content\/uploads\/divers_pdf_tutoriel_2022-09-13_Connaitre_son_ordi_Speccy.pdf\" target=\"_blank\" rel=\"noopener noreferrer\">Conna\u00eetre son ordinateur<\/a><\/strong> avec <em>Speccy<\/em>, J. Lalibert\u00e9, Septembre 2022<\/p>\n<p><a href=\"https:\/\/cimbcc.org\/test2\/wp-content\/uploads\/divers_pdf_tutoriel_2022-09-13_verifier_integrite_Windows_avec_SFC_Scannow.pdf\" target=\"_blank\" rel=\"noopener noreferrer\"><strong>V\u00e9rifier l\u2019int\u00e9grit\u00e9 de votre Windows avec la commande sfc\/scannow<\/strong><\/a>, J. Lalibert\u00e9, Septembre 2022<\/p>\n<p><strong><a href=\"https:\/\/cimbcc.org\/test2\/wp-content\/uploads\/CHIP_201703_Tutoriel_Cr\u00e9er-un-DVD-ou-une-cl\u00e9-USB-de-Windows-10.pdf\" target=\"_blank\" rel=\"noopener noreferrer\">Cr\u00e9er un DVD ou une cl\u00e9 USB d\u2019installation pour Windows 10<\/a><\/strong>, J. Lalibert\u00e9, CHIP, 10 mars 2017<\/p>\n<p><strong><a href=\"https:\/\/cimbcc.org\/test2\/wp-content\/uploads\/CHIP_201702_Tutoriel_cr\u00e9er-un-disque-de-r\u00e9paration.pdf\" target=\"_blank\" rel=\"noopener noreferrer\">Cr\u00e9er un disque de r\u00e9paration syst\u00e8me<\/a><\/strong>, J. Lalibert\u00e9, CHIP, 6 f\u00e9vrier 2017<\/p>\n<p><strong><a href=\"https:\/\/cimbcc.org\/test2\/wp-content\/uploads\/Tutoriel_201611_JL_Pr\u00e9sentation-Windows10-A-2016.pdf\" target=\"_blank\" rel=\"noopener noreferrer\">Initiation \u00e0 Windows 10<\/a><\/strong>, J. Lalibert\u00e9, pr\u00e9sentation des 26 octobre et 11 novembre 2016<\/p>\n<p style=\"text-align: justify;\"><strong><a href=\"https:\/\/cimbcc.org\/test2\/wp-content\/uploads\/atelier-2016-04-inst-windows10.pdf\" target=\"_blank\" rel=\"noopener noreferrer\">Passer\u00a0\u00e0 Windows 10 pas \u00e0 pas<\/a><\/strong>, J. Lalibert\u00e9, CHIP, 28 avril 2016<\/p>\n<p style=\"text-align: justify;\"><a href=\"#haut_page\">Retour haut de page<\/a><\/p>\n<hr \/>\n<h5 id=\"macos\" style=\"text-align: justify;\">macOS<\/h5>\n<p><a href=\"#haut_page\">Retour haut de page<\/a><\/p>\n<p><a href=\"https:\/\/cimbcc.org\/test2\/wp-content\/uploads\/chip_2024_10_macos_15_sequoia_raccourcis_clavier.pdf\" target=\"_blank\" rel=\"noopener\"><strong>Raccourcis clavier macOS 15 Sequoia<\/strong><\/a>, CHIP, 31 octobre 2024<\/p>\n<p><a href=\"https:\/\/cimbcc.org\/test2\/wp-content\/uploads\/chip_2024_04_raccourcis_macos.pdf\" target=\"_blank\" rel=\"noopener\"><strong>Raccourcis clavier macOS 14 Sonoma<\/strong><\/a>, CHIP, 15 avril 2024<\/p>\n<hr \/>\n<h5 id=\"zoom\" style=\"text-align: justify;\">Zoom<\/h5>\n<p><a href=\"#haut_page\">Retour haut de page<\/a><\/p>\n<p><strong><a href=\"https:\/\/cimbcc.org\/test2\/wp-content\/uploads\/divers_pdf_tutoriel_zoom_A1_PC_Installation-de-Zoom.pdf\" target=\"_blank\" rel=\"noopener noreferrer\">Installation de Zoom<\/a>,<\/strong> Pierre D\u00e9lisle<\/p>\n<p><strong><a href=\"https:\/\/cimbcc.org\/test2\/wp-content\/uploads\/divers_pdf_tutoriel_zoom_A4a_PC_Connexion_zoom_sans_compte_a_partir_du_courrier.pdf\" target=\"_blank\" rel=\"noopener noreferrer\">Zoom pour PC: Connexion Zoom \u00e0 partir du courriel<\/a>,<\/strong> Pierre D\u00e9lisle<\/p>\n<p><strong><a href=\"https:\/\/cimbcc.org\/test2\/wp-content\/uploads\/divers_pdf_tutoriel_zoom_A3_navigateur_Connexion_a_partir_du_courrier.pdf\" target=\"_blank\" rel=\"noopener noreferrer\">Zoom pour PC: Navigateur Connexion Zoom \u00e0 partir du courriel<\/a>,<\/strong> Pierre D\u00e9lisle<\/p>\n<p><strong><a href=\"https:\/\/cimbcc.org\/test2\/wp-content\/uploads\/divers_pdf_tutoriel_zoom_A5_PC__modifier_langue.pdf\" target=\"_blank\" rel=\"noopener noreferrer\">Zoom pour PC: Modifier la langue<\/a>,<\/strong> Pierre D\u00e9lisle<\/p>\n<p><strong><a href=\"https:\/\/cimbcc.org\/test2\/wp-content\/uploads\/divers_pdf_tutoriel_zoom_index_tableau_v2023-01-02.pdf\" target=\"_blank\" rel=\"noopener noreferrer\">Index Tableau<\/a>,<\/strong> Pierre D\u00e9lisle<\/p>\n<p><strong><a href=\"https:\/\/cimbcc.org\/test2\/wp-content\/uploads\/divers_pdf_tutoriel_zoom_P2_PC_se_renommer.pdf\" target=\"_blank\" rel=\"noopener noreferrer\">Zoom Pour PC: Se renommer<\/a>,<\/strong> Pierre D\u00e9lisle<\/p>\n<p><strong><a href=\"https:\/\/cimbcc.org\/test2\/wp-content\/uploads\/divers_pdf_tutoriel_zoom_A8_PC_se_renommer_definitivement.pdf\" target=\"_blank\" rel=\"noopener noreferrer\">Zoom pour PC: Se renommer d\u00e9finitivement<\/a>,<\/strong> Pierre D\u00e9lisle<\/p>\n<p><strong><a href=\"https:\/\/cimbcc.org\/test2\/wp-content\/uploads\/divers_pdf_tutoriel_zoom_P4_PC__lever_baisser_main.pdf\" target=\"_blank\" rel=\"noopener noreferrer\">Zoom pour PC: Lever_baisser la_main<\/a>,<\/strong> Pierre D\u00e9lisle<\/p>\n<p><strong><a href=\"https:\/\/cimbcc.org\/test2\/wp-content\/uploads\/divers_pdf_tutoriel_zoom_P13_PC_fonds_filtres_avatars.pdf\" target=\"_blank\" rel=\"noopener noreferrer\">Zoom pour PC: Fonds, filtres, Avatars<\/a>,<\/strong> Pierre D\u00e9lisle<\/p>\n<p><strong><a href=\"https:\/\/cimbcc.org\/test2\/wp-content\/uploads\/divers_pdf_tutoriel_zoom_P12_PC_inserer_sa_photo.pdf\" target=\"_blank\" rel=\"noopener noreferrer\">Zoom pour PC: Ins\u00e9rer sa photo<\/a>,<\/strong> Pierre D\u00e9lisle<\/p>\n<p><strong><a href=\"https:\/\/cimbcc.org\/test2\/wp-content\/uploads\/divers_pdf_tutoriel_zoom_P8_PC_clavardage.pdf\" target=\"_blank\" rel=\"noopener noreferrer\">Zoom pour PC: Clavardage<\/a>,<\/strong> Pierre D\u00e9lisle<\/p>\n<p><strong><a href=\"https:\/\/cimbcc.org\/test2\/wp-content\/uploads\/divers_pdf_tutoriel_zoom_P5_P6_PC_emoticones.pdf\" target=\"_blank\" rel=\"noopener noreferrer\">Zoom pour PC: \u00c9motic\u00f4nes<\/a>,<\/strong> Pierre D\u00e9lisle<\/p>\n<p><strong><a href=\"https:\/\/cimbcc.org\/test2\/wp-content\/uploads\/divers_pdf_tutoriel_zoom_A9_PC_iOs_se_creer_compte_zoom.pdf\" target=\"_blank\" rel=\"noopener noreferrer\">Zoom pour PC et IOS: Se cr\u00e9er un compte Zoom<\/a>,<\/strong> Pierre D\u00e9lisle<\/p>\n<p><strong><a href=\"https:\/\/cimbcc.org\/test2\/wp-content\/uploads\/divers_pdf_tutoriel_zoom_A4a_iOs_Connexion_zoom_sans_compte_a_partir_du_courrier.pdf\" target=\"_blank\" rel=\"noopener noreferrer\">Zoom pour IOS: Connexion Zoom \u00e0 partir du courriel<\/a>,<\/strong> Pierre D\u00e9lisle<\/p>\n<p><strong><a href=\"https:\/\/cimbcc.org\/test2\/wp-content\/uploads\/divers_pdf_tutoriel_zoom_P4_iOs_zoom_lever_baisser_main.pdf\" target=\"_blank\" rel=\"noopener noreferrer\">Zoom Pour IOS: Lever_baisser la_main<\/a>,<\/strong> Pierre D\u00e9lisle<\/p>\n<p><strong><a href=\"https:\/\/cimbcc.org\/test2\/wp-content\/uploads\/divers_pdf_tutoriel_zoom_P2_iOs__se_renommer.pdf\" target=\"_blank\" rel=\"noopener noreferrer\">Zoom pour IOS: Se renommer<\/a>,<\/strong> Pierre D\u00e9lisle<\/p>\n<p><strong><a href=\"https:\/\/cimbcc.org\/test2\/wp-content\/uploads\/divers_pdf_tutoriel_zoom_A8_iPad_se_renommer_definitivement.pdf\" target=\"_blank\" rel=\"noopener noreferrer\">Zoom pour IPAD: Se renommer d\u00e9finitivement<\/a>,<\/strong> Pierre D\u00e9lisle<\/p>\n<p><strong><a href=\"https:\/\/cimbcc.org\/test2\/wp-content\/uploads\/divers_pdf_tutoriel_zoom_P13_iOs_fonds_filtres_avatars.pdf\" target=\"_blank\" rel=\"noopener noreferrer\">Zoom pour IOS: Fonds, Filtres, Avatars<\/a>,<\/strong> Pierre D\u00e9lisle<\/p>\n<p><strong><a href=\"https:\/\/cimbcc.org\/test2\/wp-content\/uploads\/divers_pdf_tutoriel_zoom_P12_iOs_inserer_sa_photo.pdf\" target=\"_blank\" rel=\"noopener noreferrer\">Zoom pour IOS: Ins\u00e9rer sa photo<\/a>,<\/strong> Pierre D\u00e9lisle<\/p>\n<p><strong><a href=\"https:\/\/cimbcc.org\/test2\/wp-content\/uploads\/divers_pdf_tutoriel_zoom_P8_iOs_clavardage.pdf\" target=\"_blank\" rel=\"noopener noreferrer\">Zoom pour IOS: Clavardage<\/a>,<\/strong> Pierre D\u00e9lisle<\/p>\n<p><strong><a href=\"https:\/\/cimbcc.org\/test2\/wp-content\/uploads\/divers_pdf_tutoriel_zoom_P5_P6_iOs_emoticones.pdf\" target=\"_blank\" rel=\"noopener noreferrer\">Zoom pour IOS: \u00c9motic\u00f4nes<\/a>,<\/strong> Pierre D\u00e9lisle<\/p>\n<p>&nbsp;<\/p>\n<address><span style=\"font-size: x-small;\">Derni\u00e8re r\u00e9vision de cette page : octobre 2024.<br \/>\n<\/span><span style=\"font-size: x-small;\">Responsable de la mise \u00e0 jour de cette page : Michel C\u00f4t\u00e9.\u00a0<\/span><\/address>\n","protected":false},"excerpt":{"rendered":"<p>Cette page contient tous les tutoriels pr\u00e9par\u00e9s par les b\u00e9n\u00e9voles du Club pour des sujets d&rsquo;int\u00e9r\u00eat g\u00e9n\u00e9ral qui ont \u00e9t\u00e9 trait\u00e9s ou non lors des pr\u00e9sentations du mercredi et du vendredi. Cliquez sur la cat\u00e9gorie d\u00e9sir\u00e9e dans l&rsquo;index pour trouver les tutoriels pr\u00e9sents dans cette cat\u00e9gorie. Cliquez sur Retour haut de page pour revenir \u00e0 &hellip; <a href=\"https:\/\/cimbcc.org\/test2\/partage-de-connaissances\/les-tutoriels\/\" class=\"more-link\">Continuer la lecture de <span class=\"screen-reader-text\">Tutoriels<\/span>  <span class=\"meta-nav\">&rarr;<\/span><\/a><\/p>\n","protected":false},"author":3,"featured_media":0,"parent":61,"menu_order":4,"comment_status":"closed","ping_status":"closed","template":"","meta":{"footnotes":""},"class_list":["post-15018","page","type-page","status-publish","hentry"],"_links":{"self":[{"href":"https:\/\/cimbcc.org\/test2\/wp-json\/wp\/v2\/pages\/15018","targetHints":{"allow":["GET"]}}],"collection":[{"href":"https:\/\/cimbcc.org\/test2\/wp-json\/wp\/v2\/pages"}],"about":[{"href":"https:\/\/cimbcc.org\/test2\/wp-json\/wp\/v2\/types\/page"}],"author":[{"embeddable":true,"href":"https:\/\/cimbcc.org\/test2\/wp-json\/wp\/v2\/users\/3"}],"replies":[{"embeddable":true,"href":"https:\/\/cimbcc.org\/test2\/wp-json\/wp\/v2\/comments?post=15018"}],"version-history":[{"count":307,"href":"https:\/\/cimbcc.org\/test2\/wp-json\/wp\/v2\/pages\/15018\/revisions"}],"predecessor-version":[{"id":21017,"href":"https:\/\/cimbcc.org\/test2\/wp-json\/wp\/v2\/pages\/15018\/revisions\/21017"}],"up":[{"embeddable":true,"href":"https:\/\/cimbcc.org\/test2\/wp-json\/wp\/v2\/pages\/61"}],"wp:attachment":[{"href":"https:\/\/cimbcc.org\/test2\/wp-json\/wp\/v2\/media?parent=15018"}],"curies":[{"name":"wp","href":"https:\/\/api.w.org\/{rel}","templated":true}]}}