{"id":15064,"date":"2016-07-03T10:13:58","date_gmt":"2016-07-03T14:13:58","guid":{"rendered":"https:\/\/cimbcc.org\/test2\/?page_id=15064"},"modified":"2025-05-25T21:26:51","modified_gmt":"2025-05-26T01:26:51","slug":"nos-membres-honoraires","status":"publish","type":"page","link":"https:\/\/cimbcc.org\/test2\/a-propos-du-club\/nos-membres-honoraires\/","title":{"rendered":"Nos membres honoraires"},"content":{"rendered":"\n<p><span style=\"font-size: 14pt;\"><em><span style=\"color: #333333;\">Le Club informatique Mont-Bruno accorde le statut de membre honoraire \u00e0 des b\u00e9n\u00e9voles ou des membres qui se sont particuli\u00e8rement distingu\u00e9s par leur contribution au Club ou leurs r\u00e9alisations.<\/span><\/em><\/span><\/p>\n\n\n\n<p>Ce statut est accord\u00e9 par le conseil d\u2019administration \u00e0 une personne qui a cess\u00e9 d\u2019\u00eatre membre du Club ou qui a r\u00e9duit consid\u00e9rablement ses activit\u00e9s au Club et<\/p>\n\n\n\n<ul class=\"wp-block-list\">\n<li><i><em>qui, <strong>comme b\u00e9n\u00e9vole<\/strong>, a contribu\u00e9 de fa\u00e7on tr\u00e8s significative et durant une longue p\u00e9riode \u00e0 la gestion ou aux activit\u00e9s du Club ;<\/em><\/i><\/li>\n\n\n\n<li><em>qui, <strong>comme membre<\/strong>, s&rsquo;est illustr\u00e9 par ses r\u00e9alisations et qui, par son exemple, est un ambassadeur pour le Club et un mod\u00e8le pour ses membres.<\/em><\/li>\n<\/ul>\n\n\n\n<p>Pour que ce statut conserve son prestige, le conseil d\u2019administration l\u2019attribue, en moyenne, \u00e0 moins d\u2019une personne par ann\u00e9e.<\/p>\n\n\n\n<p>Un membre honoraire a acc\u00e8s \u00e0 toutes les activit\u00e9s du Club sans avoir \u00e0 payer la cotisation annuelle du Club. Il a droit de vote aux assembl\u00e9es g\u00e9n\u00e9rales et peut se pr\u00e9senter au conseil d\u2019administration.<\/p>\n\n\n\n<p>Le statut de membre honoraire est un statut permanent que le membre conserve toute sa vie.<\/p>\n\n\n\n<p>Le Club compte actuellement les membres honoraires suivants pr\u00e9sent\u00e9s dans l&rsquo;ordre chronologique de leurs nominations :<\/p>\n\n\n\n<figure class=\"wp-block-table\"><table class=\"has-fixed-layout\"><tbody><tr><td><img loading=\"lazy\" decoding=\"async\" width=\"150\" height=\"150\" class=\"wp-image-17142\" style=\"width: 150px;\" src=\"https:\/\/cimbcc.org\/test2\/wp-content\/uploads\/photo_honor_paul.jpg\" alt=\"photo_honor_paul\" srcset=\"https:\/\/cimbcc.org\/test2\/wp-content\/uploads\/photo_honor_paul.jpg 150w, https:\/\/cimbcc.org\/test2\/wp-content\/uploads\/photo_honor_paul-125x125.jpg 125w\" sizes=\"auto, (max-width: 150px) 100vw, 150px\" \/><br><em>2003 &#8211; Michel Paul<\/em><\/td><td><img loading=\"lazy\" decoding=\"async\" width=\"150\" height=\"150\" class=\"wp-image-17140\" style=\"width: 150px;\" src=\"https:\/\/cimbcc.org\/test2\/wp-content\/uploads\/photo_honor_charette.jpg\" alt=\"photo_honor_charette\" srcset=\"https:\/\/cimbcc.org\/test2\/wp-content\/uploads\/photo_honor_charette.jpg 150w, https:\/\/cimbcc.org\/test2\/wp-content\/uploads\/photo_honor_charette-125x125.jpg 125w\" sizes=\"auto, (max-width: 150px) 100vw, 150px\" \/><br><em>2006 &#8211; Henri Charette<\/em><\/td><td class=\"has-text-align-center\" data-align=\"center\"><img loading=\"lazy\" decoding=\"async\" width=\"150\" height=\"150\" class=\"wp-image-17132\" style=\"width: 150px;\" src=\"https:\/\/cimbcc.org\/test2\/wp-content\/uploads\/photo_honor_bergeron.jpg\" alt=\"photo_honor_bergeron\" srcset=\"https:\/\/cimbcc.org\/test2\/wp-content\/uploads\/photo_honor_bergeron.jpg 150w, https:\/\/cimbcc.org\/test2\/wp-content\/uploads\/photo_honor_bergeron-125x125.jpg 125w\" sizes=\"auto, (max-width: 150px) 100vw, 150px\" \/><br><em>2011- Andr\u00e9 Bergeron<\/em><\/td><\/tr><tr><td><img loading=\"lazy\" decoding=\"async\" width=\"150\" height=\"150\" class=\"wp-image-17145\" style=\"width: 150px;\" src=\"https:\/\/cimbcc.org\/test2\/wp-content\/uploads\/photo_honor_paradis.jpg\" alt=\"photo_honor_paradis\" srcset=\"https:\/\/cimbcc.org\/test2\/wp-content\/uploads\/photo_honor_paradis.jpg 150w, https:\/\/cimbcc.org\/test2\/wp-content\/uploads\/photo_honor_paradis-125x125.jpg 125w\" sizes=\"auto, (max-width: 150px) 100vw, 150px\" \/><br><em>2011 &#8211; Robert Paradis<\/em><\/td><td><img loading=\"lazy\" decoding=\"async\" width=\"150\" height=\"150\" class=\"wp-image-17147\" style=\"width: 150px;\" src=\"https:\/\/cimbcc.org\/test2\/wp-content\/uploads\/photo_honor_renaud.jpg\" alt=\"photo_honor_renaud\" srcset=\"https:\/\/cimbcc.org\/test2\/wp-content\/uploads\/photo_honor_renaud.jpg 150w, https:\/\/cimbcc.org\/test2\/wp-content\/uploads\/photo_honor_renaud-125x125.jpg 125w\" sizes=\"auto, (max-width: 150px) 100vw, 150px\" \/><br><em>2013 &#8211; Genevi\u00e8ve Renaud<\/em><\/td><td class=\"has-text-align-center\" data-align=\"center\"><img loading=\"lazy\" decoding=\"async\" width=\"150\" height=\"150\" class=\"wp-image-17138\" style=\"width: 150px;\" src=\"https:\/\/cimbcc.org\/test2\/wp-content\/uploads\/photo_honor_bigras.jpg\" alt=\"photo_honor_bigras\" srcset=\"https:\/\/cimbcc.org\/test2\/wp-content\/uploads\/photo_honor_bigras.jpg 150w, https:\/\/cimbcc.org\/test2\/wp-content\/uploads\/photo_honor_bigras-125x125.jpg 125w\" sizes=\"auto, (max-width: 150px) 100vw, 150px\" \/><br><em><sub><strong>2016 &#8211; Fr\u00e8re Oscar Bigras<\/strong><\/sub><\/em><\/td><\/tr><tr><td><img loading=\"lazy\" decoding=\"async\" width=\"150\" height=\"150\" class=\"wp-image-17149\" style=\"width: 150px;\" src=\"https:\/\/cimbcc.org\/test2\/wp-content\/uploads\/photo_honor_richard.jpg\" alt=\"photo_honor_richard\" srcset=\"https:\/\/cimbcc.org\/test2\/wp-content\/uploads\/photo_honor_richard.jpg 150w, https:\/\/cimbcc.org\/test2\/wp-content\/uploads\/photo_honor_richard-125x125.jpg 125w\" sizes=\"auto, (max-width: 150px) 100vw, 150px\" \/><br><em>2016 &#8211; Albert Richard<\/em><\/td><td><img loading=\"lazy\" decoding=\"async\" width=\"150\" height=\"150\" class=\"wp-image-17802\" style=\"width: 150px;\" src=\"https:\/\/cimbcc.org\/test2\/wp-content\/uploads\/photo_honor_lafrance_01.jpg\" alt=\"photo_honor_lafrance_01\" srcset=\"https:\/\/cimbcc.org\/test2\/wp-content\/uploads\/photo_honor_lafrance_01.jpg 150w, https:\/\/cimbcc.org\/test2\/wp-content\/uploads\/photo_honor_lafrance_01-125x125.jpg 125w\" sizes=\"auto, (max-width: 150px) 100vw, 150px\" \/><br><em>2017 &#8211; Roch Lafrance<\/em><\/td><td class=\"has-text-align-center\" data-align=\"center\"><img loading=\"lazy\" decoding=\"async\" width=\"150\" height=\"150\" class=\"wp-image-21100\" style=\"width: 150px;\" src=\"https:\/\/cimbcc.org\/test2\/wp-content\/uploads\/photo_honor_charest.jpg\" alt=\"photo_honor_charest\" srcset=\"https:\/\/cimbcc.org\/test2\/wp-content\/uploads\/photo_honor_charest.jpg 150w, https:\/\/cimbcc.org\/test2\/wp-content\/uploads\/photo_honor_charest-125x125.jpg 125w\" sizes=\"auto, (max-width: 150px) 100vw, 150px\" \/><br><em>2018 &#8211; Andr\u00e9 Charest<\/em><\/td><\/tr><tr><td><img loading=\"lazy\" decoding=\"async\" width=\"150\" height=\"150\" class=\"wp-image-31499\" style=\"width: 150px;\" src=\"https:\/\/cimbcc.org\/test2\/wp-content\/uploads\/photo_honor_bacle.jpg\" alt=\"\" srcset=\"https:\/\/cimbcc.org\/test2\/wp-content\/uploads\/photo_honor_bacle.jpg 150w, https:\/\/cimbcc.org\/test2\/wp-content\/uploads\/photo_honor_bacle-125x125.jpg 125w\" sizes=\"auto, (max-width: 150px) 100vw, 150px\" \/><br><em>2020 &#8211; Marie-Jos\u00e9 B\u00e2cle<\/em><\/td><td><img loading=\"lazy\" decoding=\"async\" width=\"150\" height=\"150\" class=\"wp-image-41718\" style=\"width: 150px;\" src=\"https:\/\/cimbcc.org\/test2\/wp-content\/uploads\/photo_honor_gaudreau.jpg\" alt=\"\" srcset=\"https:\/\/cimbcc.org\/test2\/wp-content\/uploads\/photo_honor_gaudreau.jpg 150w, https:\/\/cimbcc.org\/test2\/wp-content\/uploads\/photo_honor_gaudreau-125x125.jpg 125w\" sizes=\"auto, (max-width: 150px) 100vw, 150px\" \/><br><em>2022 &#8211; Yvon Gaudreau<\/em><\/td><td class=\"has-text-align-center\" data-align=\"center\"><img loading=\"lazy\" decoding=\"async\" width=\"150\" height=\"150\" class=\"wp-image-44022\" style=\"width: 150px;\" src=\"https:\/\/cimbcc.org\/test2\/wp-content\/uploads\/photo_honor_bourque.jpg\" alt=\"\" srcset=\"https:\/\/cimbcc.org\/test2\/wp-content\/uploads\/photo_honor_bourque.jpg 150w, https:\/\/cimbcc.org\/test2\/wp-content\/uploads\/photo_honor_bourque-125x125.jpg 125w\" sizes=\"auto, (max-width: 150px) 100vw, 150px\" \/><br><em>2023 &#8211; Danielle Bourque<\/em><\/td><\/tr><tr><td><img loading=\"lazy\" decoding=\"async\" width=\"150\" height=\"150\" class=\"wp-image-49054\" style=\"width: 150px;\" src=\"https:\/\/cimbcc.org\/test2\/wp-content\/uploads\/photo_honor_st_aubin1.jpg\" alt=\"\" srcset=\"https:\/\/cimbcc.org\/test2\/wp-content\/uploads\/photo_honor_st_aubin1.jpg 150w, https:\/\/cimbcc.org\/test2\/wp-content\/uploads\/photo_honor_st_aubin1-125x125.jpg 125w\" sizes=\"auto, (max-width: 150px) 100vw, 150px\" \/><br><em>2024 &#8211; Pierre St-Aubin<\/em><\/td><td><\/td><td class=\"has-text-align-center\" data-align=\"center\"><\/td><\/tr><\/tbody><\/table><\/figure>\n\n\n\n<p>Pour obtenir des informations sur un membre honoraire, cliquez sur sa photo.&nbsp;<\/p>\n\n\n\n<address><span style=\"font-size: x-small;\">Derni\u00e8re r\u00e9vision de cette page : ao\u00fbt 2024.<br><\/span><span style=\"font-size: x-small;\">Responsable de la mise \u00e0 jour de cette page : Richard Gervais.&nbsp;<\/span><\/address>\n","protected":false},"excerpt":{"rendered":"<p>Le Club informatique Mont-Bruno accorde le statut de membre honoraire \u00e0 des b\u00e9n\u00e9voles ou des membres qui se sont particuli\u00e8rement distingu\u00e9s par leur contribution au Club ou leurs r\u00e9alisations. Ce statut est accord\u00e9 par le conseil d\u2019administration \u00e0 une personne qui a cess\u00e9 d\u2019\u00eatre membre du Club ou qui a r\u00e9duit consid\u00e9rablement ses activit\u00e9s au &hellip; <a href=\"https:\/\/cimbcc.org\/test2\/a-propos-du-club\/nos-membres-honoraires\/\" class=\"more-link\">Continuer la lecture de <span class=\"screen-reader-text\">Nos membres honoraires<\/span>  <span class=\"meta-nav\">&rarr;<\/span><\/a><\/p>\n","protected":false},"author":3,"featured_media":0,"parent":184,"menu_order":700,"comment_status":"closed","ping_status":"closed","template":"","meta":{"footnotes":""},"class_list":["post-15064","page","type-page","status-publish","hentry"],"_links":{"self":[{"href":"https:\/\/cimbcc.org\/test2\/wp-json\/wp\/v2\/pages\/15064","targetHints":{"allow":["GET"]}}],"collection":[{"href":"https:\/\/cimbcc.org\/test2\/wp-json\/wp\/v2\/pages"}],"about":[{"href":"https:\/\/cimbcc.org\/test2\/wp-json\/wp\/v2\/types\/page"}],"author":[{"embeddable":true,"href":"https:\/\/cimbcc.org\/test2\/wp-json\/wp\/v2\/users\/3"}],"replies":[{"embeddable":true,"href":"https:\/\/cimbcc.org\/test2\/wp-json\/wp\/v2\/comments?post=15064"}],"version-history":[{"count":60,"href":"https:\/\/cimbcc.org\/test2\/wp-json\/wp\/v2\/pages\/15064\/revisions"}],"predecessor-version":[{"id":53588,"href":"https:\/\/cimbcc.org\/test2\/wp-json\/wp\/v2\/pages\/15064\/revisions\/53588"}],"up":[{"embeddable":true,"href":"https:\/\/cimbcc.org\/test2\/wp-json\/wp\/v2\/pages\/184"}],"wp:attachment":[{"href":"https:\/\/cimbcc.org\/test2\/wp-json\/wp\/v2\/media?parent=15064"}],"curies":[{"name":"wp","href":"https:\/\/api.w.org\/{rel}","templated":true}]}}