{"id":15086,"date":"2016-07-03T14:20:16","date_gmt":"2016-07-03T18:20:16","guid":{"rendered":"https:\/\/cimbcc.org\/test2\/?page_id=15086"},"modified":"2024-08-02T21:17:00","modified_gmt":"2024-08-03T01:17:00","slug":"henri-charette","status":"publish","type":"page","link":"https:\/\/cimbcc.org\/test2\/a-propos-du-club\/nos-membres-honoraires\/henri-charette\/","title":{"rendered":"Henri Charette"},"content":{"rendered":"<blockquote><p><span style=\"color: #333333;\">Il est bon de rappeler qu\u2019Henri \u00e9tait un des pionniers de notre club informatique, car il a joint le Club durant la quatri\u00e8me ann\u00e9e de son existence, soit le 25 mars 1987.<\/span><\/p><\/blockquote>\n<figure id=\"attachment_16982\" aria-describedby=\"caption-attachment-16982\" style=\"width: 360px\" class=\"wp-caption aligncenter\"><img loading=\"lazy\" decoding=\"async\" class=\"wp-image-16982 size-full\" src=\"https:\/\/cimbcc.org\/test2\/wp-content\/uploads\/photo_honor_charette_02.jpg\" alt=\"photo_honor_charette_02\" width=\"360\" height=\"504\" srcset=\"https:\/\/cimbcc.org\/test2\/wp-content\/uploads\/photo_honor_charette_02.jpg 360w, https:\/\/cimbcc.org\/test2\/wp-content\/uploads\/photo_honor_charette_02-214x300.jpg 214w\" sizes=\"auto, (max-width: 360px) 100vw, 360px\" \/><figcaption id=\"caption-attachment-16982\" class=\"wp-caption-text\">Henri Charette, Vieux Presbyt\u00e8re, 2006<\/figcaption><\/figure>\n<h4><span style=\"color: #333333;\">Il a cotoy\u00e9 les fondateurs du Club<\/span><\/h4>\n<p>De fait, Henri a connu notre fondateur, le pasteur Gordon Craig, et tous les anc\u00eatres de ce temps-l\u00e0. Il a c\u00f4toy\u00e9 Dennis Hart, John Davis, Genevi\u00e8ve Renaud, Larry Garinther et tous les autres membres des premi\u00e8res ann\u00e9es. Il a particip\u00e9 \u00e0 des rencontres \u00e0 l\u2019\u00e9glise United Church et, par la suite, dans les foyers de membres de l\u2019ex\u00e9cutif o\u00f9 l\u2019h\u00f4tesse de la maison offrait un go\u00fbter avec caf\u00e9.<\/p>\n<figure id=\"attachment_16983\" aria-describedby=\"caption-attachment-16983\" style=\"width: 500px\" class=\"wp-caption aligncenter\"><img loading=\"lazy\" decoding=\"async\" class=\"wp-image-16983 size-full\" src=\"https:\/\/cimbcc.org\/test2\/wp-content\/uploads\/photo_honor_charette_03.jpg\" alt=\"photo_honor_charette_03\" width=\"500\" height=\"360\" srcset=\"https:\/\/cimbcc.org\/test2\/wp-content\/uploads\/photo_honor_charette_03.jpg 500w, https:\/\/cimbcc.org\/test2\/wp-content\/uploads\/photo_honor_charette_03-300x216.jpg 300w\" sizes=\"auto, (max-width: 500px) 100vw, 500px\" \/><figcaption id=\"caption-attachment-16983\" class=\"wp-caption-text\">Henri Charette et Robert Paradis, Vieux Presbyt\u00e8re, 2006<\/figcaption><\/figure>\n<h4><span style=\"color: #333333;\">Volont\u00e9 d&rsquo;apprendre<\/span><\/h4>\n<figure id=\"attachment_16992\" aria-describedby=\"caption-attachment-16992\" style=\"width: 500px\" class=\"wp-caption aligncenter\"><img loading=\"lazy\" decoding=\"async\" class=\"size-full wp-image-16992\" src=\"https:\/\/cimbcc.org\/test2\/wp-content\/uploads\/photo_honor_charette_04.jpg\" alt=\"photo_honor_charette_04\" width=\"500\" height=\"360\" srcset=\"https:\/\/cimbcc.org\/test2\/wp-content\/uploads\/photo_honor_charette_04.jpg 500w, https:\/\/cimbcc.org\/test2\/wp-content\/uploads\/photo_honor_charette_04-300x216.jpg 300w\" sizes=\"auto, (max-width: 500px) 100vw, 500px\" \/><figcaption id=\"caption-attachment-16992\" class=\"wp-caption-text\">Henri Charette, G\u00e9rard Couture, Vieux Presbyt\u00e8re, 2006<\/figcaption><\/figure>\n<p>On peut dire que le d\u00e9sir d\u2019assimiler cette nouvelle science par ces anciens \u00e9tait grand. Et le choix \u00e9tait vaste \u00e0 cette \u00e9poque. Il y avait une panoplie de marques d\u2019ordinateurs et les \u00e9changes allaient bon train. Henri et son groupe ont vu passer les <em>Commodore\u00a064<\/em>, <em>Atari<\/em>, <em>Texas instruments<\/em>, <em>Osborne<\/em>, <em>Vic\u00a020<\/em>, <em>Apple I et II<\/em> de m\u00eame que la s\u00e9rie de <em>Coco<\/em> de Radio Shack. Mais, il leur a toujours pr\u00e9f\u00e9r\u00e9 le PC que l\u2019on appelait \u00e0 ce moment-l\u00e0 le Compatible IBM. Bill Gates n\u2019avait pas encore commenc\u00e9 \u00e0 amasser sa fortune et Microsoft vivait ses premiers \u00ab bugs \u00bb en DOS.<\/p>\n<h4><span style=\"color: #333333;\">\u00c8re des dinosaures informatiques<\/span><\/h4>\n<p>Il n\u2019y avait pas beaucoup d\u2019images \u00e0 l\u2019\u00e9cran, seulement des colonnes de chiffres. Il n\u2019y avait pas de couleur non plus dans les \u00e9crans, except\u00e9 pour le noir, le blanc et parfois du vert avec des caract\u00e8res impr\u00e9gn\u00e9s dans le phosphore de la vitre du moniteur.<\/p>\n<p><span style=\"color: #333333;\">On pourrait dire qu\u2019il a \u00e9t\u00e9 le premier \u00e0 faire de la r\u00e9cup\u00e9ration, quoique d\u2019une fa\u00e7on beaucoup plus modeste que notre ami Pierre St-Aubin \u00e0 l\u2019\u00c9cocentre de Saint-Bruno, il va sans dire.<\/span><\/p>\n<p>En effet, Henri a mis en pratique ce qu\u2019il apprenait avec son groupe. Il a commenc\u00e9 \u00e0 reb\u00e2tir des ordinateurs dans son garage avec des pi\u00e8ces trouv\u00e9es \u00e7a et l\u00e0 pour les donner \u00e0 ses amis en \u00e9tat de marche \u00e9videmment.<\/p>\n<h4><span style=\"color: #333333;\">Membre honoraire d\u00e8s 2006<\/span><\/h4>\n<p>Apr\u00e8s toutes ces ann\u00e9es d\u2019activit\u00e9s au Club informatique, Henri a \u00e9t\u00e9 nomm\u00e9 membre honoraire au mois de mai 2006. Il a re\u00e7u sa carte de membre en or lors de la soir\u00e9e de cl\u00f4ture de la saison 2005-2006 au Vieux Presbyt\u00e8re.<\/p>\n<p>D\u00e8s lors, avec cette carte, il rejoignait John Davis, Larry Garinther, Gerry Kennedy et Michel Paul au tableau d\u2019honneur. John Davis, Larry Garinther et Gerry Kennedy sont malheureusement d\u00e9c\u00e9d\u00e9s depuis. La carte de membre en or a \u00e9t\u00e9 remplac\u00e9e depuis par une plaque descriptive au nom du r\u00e9cipiendaire.<\/p>\n<h4><strong>D\u00e9c\u00e8s<\/strong><\/h4>\n<p>Henri Charette est d\u00e9c\u00e9d\u00e9 le 10 d\u00e9cembre 2020.<\/p>\n<p>&nbsp;<\/p>\n<address><span style=\"font-size: x-small;\">Derni\u00e8re r\u00e9vision de cette page : ao\u00fbt 2024.<br \/>\n<\/span><span style=\"font-size: x-small;\">Responsable de la mise \u00e0 jour de cette page : Richard Gervais.\u00a0<\/span><\/address>\n","protected":false},"excerpt":{"rendered":"<p>Il est bon de rappeler qu\u2019Henri \u00e9tait un des pionniers de notre club informatique, car il a joint le Club durant la quatri\u00e8me ann\u00e9e de son existence, soit le 25 mars 1987. Il a cotoy\u00e9 les fondateurs du Club De fait, Henri a connu notre fondateur, le pasteur Gordon Craig, et tous les anc\u00eatres de &hellip; <a href=\"https:\/\/cimbcc.org\/test2\/a-propos-du-club\/nos-membres-honoraires\/henri-charette\/\" class=\"more-link\">Continuer la lecture de <span class=\"screen-reader-text\">Henri Charette<\/span>  <span class=\"meta-nav\">&rarr;<\/span><\/a><\/p>\n","protected":false},"author":3,"featured_media":16015,"parent":15064,"menu_order":30,"comment_status":"closed","ping_status":"closed","template":"","meta":{"footnotes":""},"class_list":["post-15086","page","type-page","status-publish","has-post-thumbnail","hentry"],"_links":{"self":[{"href":"https:\/\/cimbcc.org\/test2\/wp-json\/wp\/v2\/pages\/15086","targetHints":{"allow":["GET"]}}],"collection":[{"href":"https:\/\/cimbcc.org\/test2\/wp-json\/wp\/v2\/pages"}],"about":[{"href":"https:\/\/cimbcc.org\/test2\/wp-json\/wp\/v2\/types\/page"}],"author":[{"embeddable":true,"href":"https:\/\/cimbcc.org\/test2\/wp-json\/wp\/v2\/users\/3"}],"replies":[{"embeddable":true,"href":"https:\/\/cimbcc.org\/test2\/wp-json\/wp\/v2\/comments?post=15086"}],"version-history":[{"count":32,"href":"https:\/\/cimbcc.org\/test2\/wp-json\/wp\/v2\/pages\/15086\/revisions"}],"predecessor-version":[{"id":49832,"href":"https:\/\/cimbcc.org\/test2\/wp-json\/wp\/v2\/pages\/15086\/revisions\/49832"}],"up":[{"embeddable":true,"href":"https:\/\/cimbcc.org\/test2\/wp-json\/wp\/v2\/pages\/15064"}],"wp:featuredmedia":[{"embeddable":true,"href":"https:\/\/cimbcc.org\/test2\/wp-json\/wp\/v2\/media\/16015"}],"wp:attachment":[{"href":"https:\/\/cimbcc.org\/test2\/wp-json\/wp\/v2\/media?parent=15086"}],"curies":[{"name":"wp","href":"https:\/\/api.w.org\/{rel}","templated":true}]}}