{"id":15090,"date":"2016-07-03T18:37:03","date_gmt":"2016-07-03T22:37:03","guid":{"rendered":"https:\/\/cimbcc.org\/test2\/?page_id=15090"},"modified":"2024-08-02T21:07:23","modified_gmt":"2024-08-03T01:07:23","slug":"michel-paul","status":"publish","type":"page","link":"https:\/\/cimbcc.org\/test2\/a-propos-du-club\/nos-membres-honoraires\/michel-paul\/","title":{"rendered":"Michel Paul"},"content":{"rendered":"<blockquote><p><span style=\"color: #333333;\">Le Club informatique existe depuis plus de 30\u00a0ans maintenant et il doit beaucoup \u00e0 Michel Paul. <\/span><\/p><\/blockquote>\n<figure id=\"attachment_17026\" aria-describedby=\"caption-attachment-17026\" style=\"width: 360px\" class=\"wp-caption aligncenter\"><img loading=\"lazy\" decoding=\"async\" class=\"wp-image-17026 size-full\" src=\"https:\/\/cimbcc.org\/test2\/wp-content\/uploads\/photo_honor_paul_01-1.jpg\" alt=\"photo_honor_paul_01\" width=\"360\" height=\"504\" srcset=\"https:\/\/cimbcc.org\/test2\/wp-content\/uploads\/photo_honor_paul_01-1.jpg 360w, https:\/\/cimbcc.org\/test2\/wp-content\/uploads\/photo_honor_paul_01-1-214x300.jpg 214w\" sizes=\"auto, (max-width: 360px) 100vw, 360px\" \/><figcaption id=\"caption-attachment-17026\" class=\"wp-caption-text\">Michel Paul, 2016<\/figcaption><\/figure>\n<h4><span style=\"color: #333333;\">Petite histoire\u00a0du\u00a0CIMBCC<\/span><\/h4>\n<p>Pour mieux d\u00e9crire ses r\u00e9alisations du temps o\u00f9 il \u00e9tait membre, il est important de pr\u00e9ciser certains points de la petite histoire du Club et comment le r\u00f4le de Michel a \u00e9t\u00e9 primordial dans cette histoire. Du tout d\u00e9but jusqu\u2019\u00e0 aujourd\u2019hui, nous pourrions raconter cette histoire en trois \u00e9tapes :<\/p>\n<ol>\n<li>\u00a0Au d\u00e9but, un petit nombre de curieux \u00e9taient d\u00e9sireux d\u2019apprendre en partageant leurs connaissances sur cette nouvelle science. Les r\u00e9unions se passaient \u00e0 l\u2019\u00e9glise United Church ou dans les maisons priv\u00e9es en plus d\u2019une rencontre mensuelle dans une salle avec un conf\u00e9rencier non membre.<\/li>\n<li>Puis, il y a eu la p\u00e9riode o\u00f9 les techniques de l\u2019ordinateur et la science informatique furent enseign\u00e9es et o\u00f9 les activit\u00e9s du Club ont \u00e9t\u00e9 compl\u00e8tement red\u00e9finies. Cette p\u00e9riode co\u00efncide avec l\u2019arriv\u00e9e de Michel Paul qui a introduit entre autres choses des rencontres-d\u00e9monstrations hebdomadaires avec projecteur sur grand \u00e9cran. Tout ceci a d\u00e9but\u00e9 au Vieux Presbyt\u00e8re.<\/li>\n<li>Par la suite, il y a la p\u00e9riode actuelle o\u00f9 l\u2019acc\u00e8s des m\u00e9dias sociaux a occasionn\u00e9 l\u2019explosion du nombre de membres. Cette situation a forc\u00e9 la tenue d\u2019un plus grand nombre de rencontres. Les sujets abord\u00e9s, \u00e9galement plus vari\u00e9s, ont \u00e9t\u00e9 d\u00e9finis dans des r\u00e9unions dites <strong>FACILE<\/strong> ou <strong>D\u00c9COUVERTE<\/strong>. Bien s\u00fbr, c\u2019est sans compter toute la panoplie d\u2019\u00e9v\u00e8nements connexes \u00e0 l\u2019usage de l\u2019ordinateur.<\/li>\n<\/ol>\n<h4><span style=\"color: #333333;\">Approche diff\u00e9rente\u00a0des r\u00e9unions au sein du\u00a0CIMBCC<\/span><\/h4>\n<p><span style=\"color: #333333;\">Michel Paul s\u2019est pr\u00e9sent\u00e9 au Club le 21 janvier 1992, le club avait 9 ans. Bien vite, il s\u2019est joint au conseil d\u2019administration et il a propos\u00e9 une approche toute diff\u00e9rente des r\u00e9unions du club informatique, soit une rencontre hebdomadaire, pr\u00e9sent\u00e9e dans le cadre d\u2019un programme annuel planifi\u00e9 et structur\u00e9 par une \u00e9quipe de membres chevronn\u00e9s du Club, o\u00f9 les sujets seraient pr\u00e9sent\u00e9s par ces membres chevronn\u00e9s.<\/span><\/p>\n<figure id=\"attachment_17002\" aria-describedby=\"caption-attachment-17002\" style=\"width: 500px\" class=\"wp-caption aligncenter\"><img loading=\"lazy\" decoding=\"async\" class=\"wp-image-17002 size-full\" src=\"https:\/\/cimbcc.org\/test2\/wp-content\/uploads\/photo_honor_paul_01.jpg\" alt=\"photo_honor_paul_01\" width=\"500\" height=\"360\" srcset=\"https:\/\/cimbcc.org\/test2\/wp-content\/uploads\/photo_honor_paul_01.jpg 500w, https:\/\/cimbcc.org\/test2\/wp-content\/uploads\/photo_honor_paul_01-300x216.jpg 300w\" sizes=\"auto, (max-width: 500px) 100vw, 500px\" \/><figcaption id=\"caption-attachment-17002\" class=\"wp-caption-text\">Pierre St-Aubin, John Davis, Robert Paradis, Michel Paul, 1999<\/figcaption><\/figure>\n<p>Pour ce projet, Michel a rassembl\u00e9 une \u00e9quipe pour faire ces pr\u00e9sentations et d\u00e9monstrations\u00a0: Denis\u00a0Dubreuil, Roland\u00a0Babin, Andr\u00e9\u00a0Bergeron, Robert\u00a0Paradis, lui-m\u00eame \u00e9videmment. Parfois, certains experts venaient pr\u00e9senter des techniques pointues \u00e0 la mode.<\/p>\n<h4><span style=\"color: #333333;\">Participation au sein du conseil d&rsquo;administration<\/span><\/h4>\n<p>En 1992-1993, le vice-pr\u00e9sident ne pouvait pas devenir pr\u00e9sident la saison suivante. Selon les r\u00e8gles administratives du Club d\u2019alors. Gerry Roy a accept\u00e9 de faire un demi mandat additionnel \u00e0 la pr\u00e9sidence et Michel \u00e9tait disponible pour compl\u00e9ter la pr\u00e9sidence de la saison 1993-1994. Bien entendu, Michel assuma \u00e9galement la pr\u00e9sidence la saison suivante.<\/p>\n<h4><span style=\"color: #333333;\">Et ce n&rsquo;est pas tout!!!<\/span><\/h4>\n<p>Michel a transform\u00e9 le format du CHIP dont il est devenu l\u2019\u00e9diteur. <span style=\"color: #333333;\">Il a organis\u00e9 les premi\u00e8res journ\u00e9es \u00ab Portes-Ouvertes \u00bb et les \u00e9v\u00e8nements de la rentr\u00e9e d\u2019automne. Il a supervis\u00e9 les r\u00e9unions des responsables du calendrier des rencontres pour l\u2019ann\u00e9e qui se pr\u00e9parait. Il a organis\u00e9 les premi\u00e8res rencontres des SIG (<em>Special Interest Group<\/em>, les ateliers d\u2019aujourd\u2019hui) et s\u2019est affair\u00e9 \u00e0 trouver des pr\u00e9sentateurs pour ces rencontres.<\/span><\/p>\n<p><span style=\"color: #333333;\">\u00c0 ce moment-l\u00e0, il existait deux groupes de membres au Club, le groupe PC et le groupe MAC (Apple). C\u2019\u00e9tait l\u2019\u00e9poque des <a href=\"https:\/\/fr.wikipedia.org\/wiki\/Bulletin_board_system\" target=\"_blank\" rel=\"noopener\">BBS<\/a> (<em>Bulletin Board System<\/em>), l\u2019anc\u00eatre de notre accessibilit\u00e9 \u00e0 Internet. Le Club devait se moderniser. Alors, il a coordonn\u00e9 avec Bill Petrie, le PDG de Sapience, la possibilit\u00e9 d\u2019un acc\u00e8s gratuit \u00e0 Internet pour tous les membres, avec Sapience comme h\u00f4te de notre page Web.<\/span><\/p>\n<p>Michel a \u00e9t\u00e9 d\u00e9sign\u00e9 membre honoraire au mois de janvier 2003 durant la pr\u00e9sidence de Pierre\u00a0St-Aubin.<\/p>\n<p>&nbsp;<\/p>\n<address><span style=\"font-size: x-small;\">Derni\u00e8re r\u00e9vision de cette page : ao\u00fbt 2024.<br \/>\n<\/span><span style=\"font-size: x-small;\">Responsable de la mise \u00e0 jour de cette page : Richard Gervais.\u00a0<\/span><\/address>\n","protected":false},"excerpt":{"rendered":"<p>Le Club informatique existe depuis plus de 30\u00a0ans maintenant et il doit beaucoup \u00e0 Michel Paul. Petite histoire\u00a0du\u00a0CIMBCC Pour mieux d\u00e9crire ses r\u00e9alisations du temps o\u00f9 il \u00e9tait membre, il est important de pr\u00e9ciser certains points de la petite histoire du Club et comment le r\u00f4le de Michel a \u00e9t\u00e9 primordial dans cette histoire. Du &hellip; <a href=\"https:\/\/cimbcc.org\/test2\/a-propos-du-club\/nos-membres-honoraires\/michel-paul\/\" class=\"more-link\">Continuer la lecture de <span class=\"screen-reader-text\">Michel Paul<\/span>  <span class=\"meta-nav\">&rarr;<\/span><\/a><\/p>\n","protected":false},"author":3,"featured_media":17025,"parent":15064,"menu_order":50,"comment_status":"closed","ping_status":"closed","template":"","meta":{"footnotes":""},"class_list":["post-15090","page","type-page","status-publish","has-post-thumbnail","hentry"],"_links":{"self":[{"href":"https:\/\/cimbcc.org\/test2\/wp-json\/wp\/v2\/pages\/15090","targetHints":{"allow":["GET"]}}],"collection":[{"href":"https:\/\/cimbcc.org\/test2\/wp-json\/wp\/v2\/pages"}],"about":[{"href":"https:\/\/cimbcc.org\/test2\/wp-json\/wp\/v2\/types\/page"}],"author":[{"embeddable":true,"href":"https:\/\/cimbcc.org\/test2\/wp-json\/wp\/v2\/users\/3"}],"replies":[{"embeddable":true,"href":"https:\/\/cimbcc.org\/test2\/wp-json\/wp\/v2\/comments?post=15090"}],"version-history":[{"count":34,"href":"https:\/\/cimbcc.org\/test2\/wp-json\/wp\/v2\/pages\/15090\/revisions"}],"predecessor-version":[{"id":41303,"href":"https:\/\/cimbcc.org\/test2\/wp-json\/wp\/v2\/pages\/15090\/revisions\/41303"}],"up":[{"embeddable":true,"href":"https:\/\/cimbcc.org\/test2\/wp-json\/wp\/v2\/pages\/15064"}],"wp:featuredmedia":[{"embeddable":true,"href":"https:\/\/cimbcc.org\/test2\/wp-json\/wp\/v2\/media\/17025"}],"wp:attachment":[{"href":"https:\/\/cimbcc.org\/test2\/wp-json\/wp\/v2\/media?parent=15090"}],"curies":[{"name":"wp","href":"https:\/\/api.w.org\/{rel}","templated":true}]}}