{"id":15096,"date":"2016-07-03T18:39:35","date_gmt":"2016-07-03T22:39:35","guid":{"rendered":"https:\/\/cimbcc.org\/test2\/?page_id=15096"},"modified":"2024-08-02T21:19:05","modified_gmt":"2024-08-03T01:19:05","slug":"robert-paradis","status":"publish","type":"page","link":"https:\/\/cimbcc.org\/test2\/a-propos-du-club\/nos-membres-honoraires\/robert-paradis\/","title":{"rendered":"Robert Paradis"},"content":{"rendered":"<blockquote><p><span style=\"color: #333333;\">Robert a joint le Club informatique le 6 ao\u00fbt 1990 sur l\u2019invitation de son ami Larry Garinther (voir la photo ci-haut) qui \u00e9tait alors le tr\u00e9sorier du Club. Il a \u00e9t\u00e9 un membre tr\u00e8s assidu pendant 22 ans.<\/span><\/p><\/blockquote>\n<h4>\u00c9tudier\u00a0l&rsquo;informatique<\/h4>\n<p>Les cinq premi\u00e8res ann\u00e9es, il a \u00e9tudi\u00e9 l\u2019informatique \u00e0 travers tous les livres techniques qui lui tombaient sous la main. Il voulait apprendre comment cette machine fonctionnait tout en exp\u00e9rimentant sur son ordinateur ce qu\u2019il d\u00e9couvrait. Il a pass\u00e9 beaucoup de temps \u00e0 discuter logiciels avec un des mentors du Club, Denis Dubreuil. Dans ce temps-l\u00e0, c\u2019\u00e9tait le <a href=\"https:\/\/fr.wikipedia.org\/wiki\/DOS\" target=\"_blank\" rel=\"noopener\">DOS<\/a> et, par la suite, ce furent les balbutiements, puis l\u2019av\u00e8nement, de Windows.<\/p>\n<figure id=\"attachment_17002\" aria-describedby=\"caption-attachment-17002\" style=\"width: 500px\" class=\"wp-caption aligncenter\"><img loading=\"lazy\" decoding=\"async\" class=\"wp-image-17002 size-full\" src=\"https:\/\/cimbcc.org\/test2\/wp-content\/uploads\/photo_honor_paul_01.jpg\" alt=\"photo_honor_paul_01\" width=\"500\" height=\"360\" srcset=\"https:\/\/cimbcc.org\/test2\/wp-content\/uploads\/photo_honor_paul_01.jpg 500w, https:\/\/cimbcc.org\/test2\/wp-content\/uploads\/photo_honor_paul_01-300x216.jpg 300w\" sizes=\"auto, (max-width: 500px) 100vw, 500px\" \/><figcaption id=\"caption-attachment-17002\" class=\"wp-caption-text\">Pierre St-Aubin, John Davis, Robert Paradis, Michel Paul, 1999<\/figcaption><\/figure>\n<h4>R\u00f4les au sein du Club<\/h4>\n<p>En 1996, Robert s\u2019est joint \u00e0 l\u2019\u00e9quipe de Michel Paul et pendant les 17 ann\u00e9es suivantes, il a jou\u00e9 plusieurs r\u00f4les au conseil d\u2019administration. En m\u00eame temps, il a \u00e9crit des articles techniques pour le CHIP. En 1999, il a succ\u00e9d\u00e9 \u00e0 Michel Paul comme \u00e9diteur du CHIP, tout en continuant \u00e0 contribuer \u00e0 la r\u00e9daction d\u2019autres articles techniques dans le but de d\u00e9mystifier cette science pour les membres.<\/p>\n<h4>Responsabilit\u00e9s accrues<\/h4>\n<p>L\u2019ex\u00e9cutif du Club lui a confi\u00e9 de plus en plus de responsabilit\u00e9s telles que :<\/p>\n<ul>\n<li>Planification du SIG Applications (<em>Special Interest Group<\/em>, les ateliers d\u2019aujourd\u2019hui) au Vieux Presbyt\u00e8re. Apr\u00e8s avoir d\u00e9cid\u00e9 du programme des pr\u00e9sentations, il fallait trouver des pr\u00e9sentateurs pour ces soir\u00e9es.<\/li>\n<li>Participation \u00e0 plusieurs rencontres de planification durant l\u2019\u00e9t\u00e9 pour la cr\u00e9ation d\u2019un calendrier de rencontres pour la saison suivante.<\/li>\n<li>Coordination avec plusieurs participants des journ\u00e9es de la \u00ab\u00a0Rentr\u00e9e \u00bb en septembre, successivement au 53 rue Rabastali\u00e8re Est et au Chalet Marie-Victorin.<\/li>\n<li>Coordination de plusieurs journ\u00e9es dites \u00ab Portes Ouvertes \u00bb dans le but de rassembler les membres et surtout pour faire conna\u00eetre le Club \u00e0 la population de Saint-Bruno.<\/li>\n<li>Participation assidue dans les derni\u00e8res ann\u00e9es \u00e0 la coordination de la collecte des cotisations et aux entr\u00e9es dans la base de donn\u00e9es cr\u00e9\u00e9e avec le logiciel <em>Access<\/em> par Albert\u00a0Richard.<\/li>\n<li>Pr\u00e9sence constante \u00e0 l\u2019accueil de toutes les r\u00e9unions au Vieux Presbyt\u00e8re. Pour le 53 Rabastali\u00e8re Est et le Chalet Marie-Victorin, Robert a recrut\u00e9 quelques b\u00e9n\u00e9voles pour aider \u00e0 l\u2019accueil des membres. Le premier contact de la r\u00e9union avec les membres \u00e9tait tr\u00e8s important pour lui.<\/li>\n<li>Pr\u00e9sidence pour les mises en nomination de m\u00eame que pour l\u2019\u00e9lection surtout au temps du 53 Rabastali\u00e8re Est.<\/li>\n<\/ul>\n<p>Mais Robert insiste pour affirmer que rien de tout cela n\u2019a \u00e9t\u00e9 fait par lui tout seul, il a su s\u2019entourer la plupart du temps d\u2019une \u00e9quipe de plusieurs b\u00e9n\u00e9voles pour mener \u00e0 bien ces actions.<\/p>\n<p>Robert a \u00e9t\u00e9 d\u00e9sign\u00e9 membre honoraire le 6\u00a0f\u00e9vrier 2011.<\/p>\n<p>&nbsp;<\/p>\n<address><span style=\"font-size: x-small;\">Derni\u00e8re r\u00e9vision de cette page : ao\u00fbt 2024.<br \/>\n<\/span><span style=\"font-size: x-small;\">Responsable de la mise \u00e0 jour de cette page : Richard Gervais.\u00a0<\/span><\/address>\n","protected":false},"excerpt":{"rendered":"<p>Robert a joint le Club informatique le 6 ao\u00fbt 1990 sur l\u2019invitation de son ami Larry Garinther (voir la photo ci-haut) qui \u00e9tait alors le tr\u00e9sorier du Club. Il a \u00e9t\u00e9 un membre tr\u00e8s assidu pendant 22 ans. \u00c9tudier\u00a0l&rsquo;informatique Les cinq premi\u00e8res ann\u00e9es, il a \u00e9tudi\u00e9 l\u2019informatique \u00e0 travers tous les livres techniques qui lui &hellip; <a href=\"https:\/\/cimbcc.org\/test2\/a-propos-du-club\/nos-membres-honoraires\/robert-paradis\/\" class=\"more-link\">Continuer la lecture de <span class=\"screen-reader-text\">Robert Paradis<\/span>  <span class=\"meta-nav\">&rarr;<\/span><\/a><\/p>\n","protected":false},"author":3,"featured_media":17020,"parent":15064,"menu_order":60,"comment_status":"closed","ping_status":"closed","template":"","meta":{"footnotes":""},"class_list":["post-15096","page","type-page","status-publish","has-post-thumbnail","hentry"],"_links":{"self":[{"href":"https:\/\/cimbcc.org\/test2\/wp-json\/wp\/v2\/pages\/15096","targetHints":{"allow":["GET"]}}],"collection":[{"href":"https:\/\/cimbcc.org\/test2\/wp-json\/wp\/v2\/pages"}],"about":[{"href":"https:\/\/cimbcc.org\/test2\/wp-json\/wp\/v2\/types\/page"}],"author":[{"embeddable":true,"href":"https:\/\/cimbcc.org\/test2\/wp-json\/wp\/v2\/users\/3"}],"replies":[{"embeddable":true,"href":"https:\/\/cimbcc.org\/test2\/wp-json\/wp\/v2\/comments?post=15096"}],"version-history":[{"count":21,"href":"https:\/\/cimbcc.org\/test2\/wp-json\/wp\/v2\/pages\/15096\/revisions"}],"predecessor-version":[{"id":37587,"href":"https:\/\/cimbcc.org\/test2\/wp-json\/wp\/v2\/pages\/15096\/revisions\/37587"}],"up":[{"embeddable":true,"href":"https:\/\/cimbcc.org\/test2\/wp-json\/wp\/v2\/pages\/15064"}],"wp:featuredmedia":[{"embeddable":true,"href":"https:\/\/cimbcc.org\/test2\/wp-json\/wp\/v2\/media\/17020"}],"wp:attachment":[{"href":"https:\/\/cimbcc.org\/test2\/wp-json\/wp\/v2\/media?parent=15096"}],"curies":[{"name":"wp","href":"https:\/\/api.w.org\/{rel}","templated":true}]}}