{"id":18260,"date":"2017-07-04T06:11:21","date_gmt":"2017-07-04T10:11:21","guid":{"rendered":"https:\/\/cimbcc.org\/test2\/?page_id=18260"},"modified":"2024-08-02T22:20:09","modified_gmt":"2024-08-03T02:20:09","slug":"abonnement-aux-flux-rss","status":"publish","type":"page","link":"https:\/\/cimbcc.org\/test2\/partage-de-connaissances\/chip\/abonnement-aux-flux-rss\/","title":{"rendered":"Abonnement \u00e0 un flux RSS"},"content":{"rendered":"<h4><strong>Qu&rsquo;est-ce qu&rsquo;un flux RSS ?<\/strong><\/h4>\n<p>Nous vous recommandons <a href=\"https:\/\/cimbcc.org\/test2\/les-flux-rss-peuvent-vous-simplifier-la-vie\" target=\"_blank\" rel=\"noopener\">cet article<\/a> qui d\u00e9crit bien ce qu&rsquo;est un <a href=\"https:\/\/fr.wikipedia.org\/wiki\/RSS\" target=\"_blank\" rel=\"noopener\">flux RSS<\/a> et son utilisation.<\/p>\n<p><em>Liens \u00e0 ins\u00e9rer dans votre lecteur de flux<\/em><\/p>\n<p style=\"padding-left: 40px;\">Articles : \u00a0https:\/\/cimbcc.org\/test2\/feed<br \/>\nCommentaires : \u00a0https:\/\/cimbcc.org\/test2\/comments\/feed<\/p>\n<h4><strong>Lecteur de flux<\/strong><\/h4>\n<h5><em>1. Utilisation d\u2019un logiciel r\u00e9sidant sur votre ordinateur<\/em><\/h5>\n<ul>\n<li><a href=\"https:\/\/www.rssowl.org\/\" target=\"_blank\" rel=\"noopener\">RSSOwl<\/a> offert sur Windows, Linux, Mac et Android<\/li>\n<li><a href=\"https:\/\/ravenreader.app\/\" target=\"_blank\" rel=\"noopener\">Raeven Reader<\/a> offert sur Windows, Linux, Mac et Android<\/li>\n<li><a href=\"https:\/\/www.microsoft.com\/fr-fr\/microsoft-365\/outlook\/email-and-calendar-software-microsoft-outlook?deeplink=%2fowa%2f&amp;sdf=0\" target=\"_blank\" rel=\"noopener\">Outlook<\/a><\/li>\n<\/ul>\n<h5><em>2. Utilisation d\u2019une extension de votre navigateur<\/em><\/h5>\n<ul>\n<li>Firefox : <a href=\"https:\/\/nodetics.com\/feedbro\/\" target=\"_blank\" rel=\"noopener\">Feedbro<\/a>, <a href=\"https:\/\/feedly.com\/news-reader\" target=\"_blank\" rel=\"noopener\">Feedly<\/a><\/li>\n<li>Chrome : <a href=\"https:\/\/feedly.com\/news-reader\" target=\"_blank\" rel=\"noopener\">Feedly<\/a>, <a href=\"https:\/\/chromewebstore.google.com\/detail\/rss-feed-reader\/pnjaodmkngahhkoihejjehlcdlnohgmp?pli=1\" target=\"_blank\" rel=\"noopener\">RSS Feed Reader<\/a><\/li>\n<\/ul>\n<h5><em>3. Utilisation par un site Web qui offre le service en ligne de lecture de flux<\/em><\/h5>\n<ul>\n<li><a href=\"https:\/\/feedly.com\/news-reader\" target=\"_blank\" rel=\"noopener\">feedly.com<\/a> : connexion avec un compte Gmail, adresse de courriel ou Apple<\/li>\n<li>En utilisant un service en ligne, vous n\u2019aurez pas \u00e0 installer de logiciel sur votre ordinateur et vos flux seront accessibles \u00e0 partir d\u2019un navigateur Web de n\u2019importe quel ordinateur.<\/li>\n<\/ul>\n<p>&nbsp;<\/p>\n<p><span style=\"font-size: x-small;\">Derni\u00e8re r\u00e9vision de cette page : ao\u00fbt 2024.<br \/>\n<\/span><span style=\"font-size: x-small;\">Responsable de la mise \u00e0 jour de cette page : Richard Gervais.\u00a0<\/span><\/p>\n","protected":false},"excerpt":{"rendered":"<p>Qu&rsquo;est-ce qu&rsquo;un flux RSS ? Nous vous recommandons cet article qui d\u00e9crit bien ce qu&rsquo;est un flux RSS et son utilisation. Liens \u00e0 ins\u00e9rer dans votre lecteur de flux Articles : \u00a0https:\/\/cimbcc.org\/test2\/feed Commentaires : \u00a0https:\/\/cimbcc.org\/test2\/comments\/feed Lecteur de flux 1. Utilisation d\u2019un logiciel r\u00e9sidant sur votre ordinateur RSSOwl offert sur Windows, Linux, Mac et Android Raeven &hellip; <a href=\"https:\/\/cimbcc.org\/test2\/partage-de-connaissances\/chip\/abonnement-aux-flux-rss\/\" class=\"more-link\">Continuer la lecture de <span class=\"screen-reader-text\">Abonnement \u00e0 un flux RSS<\/span>  <span class=\"meta-nav\">&rarr;<\/span><\/a><\/p>\n","protected":false},"author":23,"featured_media":0,"parent":262,"menu_order":300,"comment_status":"closed","ping_status":"closed","template":"","meta":{"footnotes":""},"class_list":["post-18260","page","type-page","status-publish","hentry"],"_links":{"self":[{"href":"https:\/\/cimbcc.org\/test2\/wp-json\/wp\/v2\/pages\/18260","targetHints":{"allow":["GET"]}}],"collection":[{"href":"https:\/\/cimbcc.org\/test2\/wp-json\/wp\/v2\/pages"}],"about":[{"href":"https:\/\/cimbcc.org\/test2\/wp-json\/wp\/v2\/types\/page"}],"author":[{"embeddable":true,"href":"https:\/\/cimbcc.org\/test2\/wp-json\/wp\/v2\/users\/23"}],"replies":[{"embeddable":true,"href":"https:\/\/cimbcc.org\/test2\/wp-json\/wp\/v2\/comments?post=18260"}],"version-history":[{"count":29,"href":"https:\/\/cimbcc.org\/test2\/wp-json\/wp\/v2\/pages\/18260\/revisions"}],"predecessor-version":[{"id":49874,"href":"https:\/\/cimbcc.org\/test2\/wp-json\/wp\/v2\/pages\/18260\/revisions\/49874"}],"up":[{"embeddable":true,"href":"https:\/\/cimbcc.org\/test2\/wp-json\/wp\/v2\/pages\/262"}],"wp:attachment":[{"href":"https:\/\/cimbcc.org\/test2\/wp-json\/wp\/v2\/media?parent=18260"}],"curies":[{"name":"wp","href":"https:\/\/api.w.org\/{rel}","templated":true}]}}