{"id":184,"date":"2011-07-01T18:22:47","date_gmt":"2011-07-01T23:22:47","guid":{"rendered":"https:\/\/cimbcc.org\/test2\/?page_id=184"},"modified":"2024-08-02T20:22:47","modified_gmt":"2024-08-03T00:22:47","slug":"a-propos-du-club","status":"publish","type":"page","link":"https:\/\/cimbcc.org\/test2\/a-propos-du-club\/","title":{"rendered":"\u00c0 propos du Club"},"content":{"rendered":"<p><em><span style=\"font-size: 14pt;\">Le Club informatique Mont-Bruno\u00a0est un organisme sans but lucratif qui aide ses membres dans leur d\u00e9couverte de l\u2019informatique.<\/span><\/em><\/p>\n<p>En 2024, le Club compte plus de 800 membres provenant de 76 localit\u00e9s, principalement de villes de la Mont\u00e9r\u00e9gie. Les pr\u00e9sentations et les ateliers en ligne du Club ont aussi attir\u00e9 des membres provenant d&rsquo;autres r\u00e9gions du Qu\u00e9bec, d&rsquo;autres provinces du Canada et m\u00eame d&rsquo;autres pays. Le Club est g\u00e9r\u00e9 par un conseil d\u2019administration \u00e9lu par les membres et ses activit\u00e9s sont anim\u00e9es par plus de soixante-dix g\u00e9n\u00e9reux b\u00e9n\u00e9voles.<\/p>\n<p>En 2004, le Club a re\u00e7u un <strong><i>Certificat du m\u00e9rite<\/i><\/strong> de la ville de Saint-Bruno-de-Montarville pour sa contribution \u00e0 la collectivit\u00e9 depuis plus de 20 ans.<\/p>\n<p>En 2019,\u00a0 le Club s\u2019est de nouveau distingu\u00e9 en recevant la <em><strong>M\u00e9daille d\u2019or<\/strong><\/em>, la plus haute distinction de l\u2019Ordre du M\u00e9rite de la ville de Saint-Bruno-de-Montarville afin de souligner sa contribution remarquable \u00e0 la qualit\u00e9 de vie et \u00e0 la renomm\u00e9e de la ville, et ce, depuis 35\u00a0ans.<\/p>\n<p>Pour en conna\u00eetre plus sur le Club, visitez les pages suivantes en cliquant sur les liens qui apparaissent sous l&rsquo;onglet \u00c0 PROPOS DU CLUB\u00a0:<\/p>\n<ul>\n<li><a href=\"https:\/\/cimbcc.org\/test2\/a-propos-du-club\/nos-activites\" target=\"_blank\" rel=\"noopener\">Nos activit\u00e9s<\/a> ;<\/li>\n<li><a href=\"https:\/\/cimbcc.org\/test2\/a-propos-du-club\/la-mission-et-la-politique\" target=\"_blank\" rel=\"noopener\">Notre mission et notre politique<\/a> <span style=\"font-size: 16px;\">;<\/span><\/li>\n<li><a href=\"https:\/\/cimbcc.org\/test2\/a-propos-du-club\/histoire-du-club\" target=\"_blank\" rel=\"noopener\">Histoire du Club<\/a> ;<\/li>\n<li><a href=\"https:\/\/cimbcc.org\/test2\/a-propos-du-club\/nos-membres-honoraires\" target=\"_blank\" rel=\"noopener\">Nos membres honoraires<\/a> ;<\/li>\n<li><a href=\"https:\/\/cimbcc.org\/test2\/a-propos-du-club\/reglements-du-club\" target=\"_blank\" rel=\"noopener\">R\u00e8glements g\u00e9n\u00e9raux du Club<\/a> ;<\/li>\n<li><a href=\"https:\/\/cimbcc.org\/test2\/a-propos-du-club\/avertissement\" target=\"_blank\" rel=\"noopener\">Avertissement<\/a>.<\/li>\n<\/ul>\n<p>&nbsp;<\/p>\n<address><span style=\"font-size: x-small;\">Derni\u00e8re r\u00e9vision de cette page : ao\u00fbt 2024.<br \/>\n<\/span><span style=\"font-size: x-small;\">Responsable de la mise \u00e0 jour de cette page : Richard Gervais.\u00a0<\/span><\/address>\n","protected":false},"excerpt":{"rendered":"<p>Le Club informatique Mont-Bruno\u00a0est un organisme sans but lucratif qui aide ses membres dans leur d\u00e9couverte de l\u2019informatique. En 2024, le Club compte plus de 800 membres provenant de 76 localit\u00e9s, principalement de villes de la Mont\u00e9r\u00e9gie. Les pr\u00e9sentations et les ateliers en ligne du Club ont aussi attir\u00e9 des membres provenant d&rsquo;autres r\u00e9gions du &hellip; <a href=\"https:\/\/cimbcc.org\/test2\/a-propos-du-club\/\" class=\"more-link\">Continuer la lecture de <span class=\"screen-reader-text\">\u00c0 propos du Club<\/span>  <span class=\"meta-nav\">&rarr;<\/span><\/a><\/p>\n","protected":false},"author":32,"featured_media":0,"parent":0,"menu_order":2,"comment_status":"closed","ping_status":"closed","template":"","meta":{"footnotes":""},"class_list":["post-184","page","type-page","status-publish","hentry"],"_links":{"self":[{"href":"https:\/\/cimbcc.org\/test2\/wp-json\/wp\/v2\/pages\/184","targetHints":{"allow":["GET"]}}],"collection":[{"href":"https:\/\/cimbcc.org\/test2\/wp-json\/wp\/v2\/pages"}],"about":[{"href":"https:\/\/cimbcc.org\/test2\/wp-json\/wp\/v2\/types\/page"}],"author":[{"embeddable":true,"href":"https:\/\/cimbcc.org\/test2\/wp-json\/wp\/v2\/users\/32"}],"replies":[{"embeddable":true,"href":"https:\/\/cimbcc.org\/test2\/wp-json\/wp\/v2\/comments?post=184"}],"version-history":[{"count":92,"href":"https:\/\/cimbcc.org\/test2\/wp-json\/wp\/v2\/pages\/184\/revisions"}],"predecessor-version":[{"id":49811,"href":"https:\/\/cimbcc.org\/test2\/wp-json\/wp\/v2\/pages\/184\/revisions\/49811"}],"wp:attachment":[{"href":"https:\/\/cimbcc.org\/test2\/wp-json\/wp\/v2\/media?parent=184"}],"curies":[{"name":"wp","href":"https:\/\/api.w.org\/{rel}","templated":true}]}}