{"id":189,"date":"2011-07-01T18:37:10","date_gmt":"2011-07-01T23:37:10","guid":{"rendered":"https:\/\/cimbcc.org\/test2\/?page_id=189"},"modified":"2024-08-02T20:05:43","modified_gmt":"2024-08-03T00:05:43","slug":"la-mission-et-la-politique","status":"publish","type":"page","link":"https:\/\/cimbcc.org\/test2\/a-propos-du-club\/la-mission-et-la-politique\/","title":{"rendered":"Notre mission et notre politique"},"content":{"rendered":"<h2>Notre mission<\/h2>\n<ul>\n<li>Mettre \u00e0 la disposition de nos <strong>membres<\/strong> un cadre pour le partage de connaissances et l\u2019entraide en informatique ;<\/li>\n<li>Offrir \u00e0 la <strong>communaut\u00e9<\/strong> des services en lien avec l\u2019informatique.<\/li>\n<\/ul>\n<h2>Notre politique<\/h2>\n<p>Le <em>Club informatique Mont-Bruno<\/em> regroupe des personnes int\u00e9ress\u00e9es \u00e0 partager leurs connaissances et \u00e0 s\u2019entraider en informatique. Il accueille autant des d\u00e9butants que des experts.\u00a0 Peut faire partie du Club toute personne qui en devient membre en payant une cotisation annuelle, ainsi que tout membre honoraire et tout membre associ\u00e9 tels que d\u00e9finis par les <em>R\u00e8glements g\u00e9n\u00e9raux<\/em>.<\/p>\n<p>Le champ d\u2019action du Club est l\u2019informatique comme outil de loisir ou d\u2019utilit\u00e9 personnelle. Ses ressources sont le b\u00e9n\u00e9volat, les cotisations et le soutien municipal.<\/p>\n<h2>Le Club informatique Mont-Bruno<\/h2>\n<ul>\n<li>est un organisme sans but lucratif d\u00e9sireux d\u2019agir en bon citoyen ;<\/li>\n<li>pratique et encourage le respect de la propri\u00e9t\u00e9 intellectuelle ;<\/li>\n<li>observe une neutralit\u00e9 politique et religieuse ainsi qu\u2019une neutralit\u00e9 commerciale dans les domaines de l\u2019informatique et des communications ;<\/li>\n<li>d\u00e9finit des objectifs pour accomplir sa mission ;<\/li>\n<li>s\u2019appuie sur ses membres b\u00e9n\u00e9voles pour sa direction et la mise en \u0153uvre de ses activit\u00e9s ;<\/li>\n<li>stimule l\u2019\u00e9mergence d\u2019offres de services destin\u00e9s \u00e0 ses membres et \u00e0 la communaut\u00e9 : il autorise les services offerts, il approuve les moyens et le cadre de fonctionnement propos\u00e9s ;<\/li>\n<li>coordonne ses activit\u00e9s avec d\u2019autres organismes de la r\u00e9gion ;<\/li>\n<li>favorise les relations entre ses membres par quelques activit\u00e9s sociales.<\/li>\n<\/ul>\n<p>Le conseil d\u2019administration \u00e9tablit, reconduit ou renouvelle la mission du Club, sa politique, ses activit\u00e9s, ses objectifs ainsi que des indicateurs de r\u00e9alisation, sur la base de l\u2019information qu\u2019il a recueillie sur la satisfaction et les besoins de ses membres.<\/p>\n<p>&nbsp;<\/p>\n<address><span style=\"font-size: x-small;\">Derni\u00e8re r\u00e9vision de cette page : ao\u00fbt 2024.<br \/>\n<\/span><span style=\"font-size: x-small;\">Responsable de la mise \u00e0 jour de cette page : Richard Gervais.\u00a0<\/span><\/address>\n","protected":false},"excerpt":{"rendered":"<p>Notre mission Mettre \u00e0 la disposition de nos membres un cadre pour le partage de connaissances et l\u2019entraide en informatique ; Offrir \u00e0 la communaut\u00e9 des services en lien avec l\u2019informatique. Notre politique Le Club informatique Mont-Bruno regroupe des personnes int\u00e9ress\u00e9es \u00e0 partager leurs connaissances et \u00e0 s\u2019entraider en informatique. Il accueille autant des d\u00e9butants &hellip; <a href=\"https:\/\/cimbcc.org\/test2\/a-propos-du-club\/la-mission-et-la-politique\/\" class=\"more-link\">Continuer la lecture de <span class=\"screen-reader-text\">Notre mission et notre politique<\/span>  <span class=\"meta-nav\">&rarr;<\/span><\/a><\/p>\n","protected":false},"author":32,"featured_media":0,"parent":184,"menu_order":200,"comment_status":"closed","ping_status":"closed","template":"","meta":{"footnotes":""},"class_list":["post-189","page","type-page","status-publish","hentry"],"_links":{"self":[{"href":"https:\/\/cimbcc.org\/test2\/wp-json\/wp\/v2\/pages\/189","targetHints":{"allow":["GET"]}}],"collection":[{"href":"https:\/\/cimbcc.org\/test2\/wp-json\/wp\/v2\/pages"}],"about":[{"href":"https:\/\/cimbcc.org\/test2\/wp-json\/wp\/v2\/types\/page"}],"author":[{"embeddable":true,"href":"https:\/\/cimbcc.org\/test2\/wp-json\/wp\/v2\/users\/32"}],"replies":[{"embeddable":true,"href":"https:\/\/cimbcc.org\/test2\/wp-json\/wp\/v2\/comments?post=189"}],"version-history":[{"count":54,"href":"https:\/\/cimbcc.org\/test2\/wp-json\/wp\/v2\/pages\/189\/revisions"}],"predecessor-version":[{"id":49807,"href":"https:\/\/cimbcc.org\/test2\/wp-json\/wp\/v2\/pages\/189\/revisions\/49807"}],"up":[{"embeddable":true,"href":"https:\/\/cimbcc.org\/test2\/wp-json\/wp\/v2\/pages\/184"}],"wp:attachment":[{"href":"https:\/\/cimbcc.org\/test2\/wp-json\/wp\/v2\/media?parent=189"}],"curies":[{"name":"wp","href":"https:\/\/api.w.org\/{rel}","templated":true}]}}