{"id":21383,"date":"2018-06-17T08:12:06","date_gmt":"2018-06-17T12:12:06","guid":{"rendered":"https:\/\/cimbcc.org\/test2\/?page_id=21383"},"modified":"2024-11-10T16:42:29","modified_gmt":"2024-11-10T21:42:29","slug":"atelier-word-intermediaire","status":"publish","type":"page","link":"https:\/\/cimbcc.org\/test2\/partage-de-connaissances\/les-ateliers\/atelier-word-intermediaire\/","title":{"rendered":"Word"},"content":{"rendered":"<table style=\"width: 100%; border-collapse: collapse; background-color: #5574ad;\">\n<tbody>\n<tr>\n<td style=\"width: 100%; text-align: center;\"><span style=\"color: #ffffff;\"><strong><span style=\"font-size: 14pt;\">CET ATELIER N&rsquo;EST PAS OFFERT \u00c0 L&rsquo;HIVER 2025<\/span><\/strong><\/span><\/td>\n<\/tr>\n<\/tbody>\n<\/table>\n<h2><span style=\"color: #333399;\">\u00c0 qui s\u2019adresse l\u2019atelier<\/span><\/h2>\n<p><span style=\"font-size: 14pt;\">Aux membres qui n&rsquo;ont pas ou peu de connaissances de Word et qui veulent se familiariser avec ce logiciel et apprendre des fonctions plus avanc\u00e9es.<\/span><\/p>\n<h2><span style=\"color: #333399;\">Description de l\u2019atelier<\/span><\/h2>\n<ul>\n<li><span style=\"font-size: 14pt;\">Se familiariser avec les fonctions de base.<\/span><\/li>\n<li><span style=\"font-size: 14pt;\">Explorer les diff\u00e9rents onglets.<\/span><\/li>\n<li><span style=\"font-size: 14pt;\">D\u00e9couvrir les fonctions avanc\u00e9es de Word.<\/span><\/li>\n<\/ul>\n<h2><span style=\"color: #333399;\">Mat\u00e9riel utilis\u00e9<\/span><\/h2>\n<ul>\n<li style=\"text-align: left;\"><span style=\"font-size: 14pt;\">L\u2019atelier sera donn\u00e9 avec la version Microsoft 365 de Word.<\/span><\/li>\n<li style=\"text-align: left;\"><span style=\"color: #000000; font-size: 14pt;\">Les versions ant\u00e9rieures de Word sont accept\u00e9es \u00e0 partir d&rsquo;Office 2010, mais le participant devra s\u2019ajuster.<\/span><\/li>\n<li style=\"text-align: left;\"><span style=\"color: #000000; font-size: 14pt;\">La version MacOs de Word peut avoir un fonctionnement diff\u00e9rent.<\/span><\/li>\n<li><span style=\"font-size: 14pt;\">La version web gratuite de Word n&rsquo;est pas accept\u00e9e; elle est incompl\u00e8te.<\/span><\/li>\n<li style=\"text-align: left;\"><span style=\"font-size: 14pt;\">Les logiciels Libre Office et Open Office ne sont pas accept\u00e9s.<\/span><\/li>\n<\/ul>\n<h2><span style=\"color: #333399;\">Pr\u00e9cisions<\/span><\/h2>\n<ul>\n<li style=\"text-align: left;\"><span style=\"font-size: 14pt;\">Cet atelier sera donn\u00e9 en vid\u00e9oconf\u00e9rence avec l&rsquo;application Zoom.<\/span><\/li>\n<li style=\"text-align: left;\"><span style=\"font-size: 14pt;\">Cet atelier accepte un maximum de 20 participants.<\/span><\/li>\n<li style=\"text-align: left;\"><span style=\"font-size: 14pt;\">Lorsque votre inscription sera confirm\u00e9e, l&rsquo;animatrice vous fera parvenir un questionnaire pour conna\u00eetre votre version de Word , vos connaissances du logiciel et vos attentes.<\/span><\/li>\n<\/ul>\n<h2><span style=\"color: #333399;\">Pr\u00e9requis<\/span><\/h2>\n<ul>\n<li style=\"text-align: left;\"><span style=\"font-size: 14pt;\">Ma\u00eetriser les fonctions de base d&rsquo;un ordinateur.<\/span><\/li>\n<li style=\"text-align: left;\"><span style=\"font-size: 14pt;\">L&rsquo;application Zoom doit \u00eatre install\u00e9e sur l&rsquo;ordinateur.<\/span><\/li>\n<li><span style=\"font-size: 14pt;\">Le logiciel Word doit \u00eatre install\u00e9 sur l&rsquo;ordinateur.<\/span><\/li>\n<li><span style=\"font-size: 14pt;\">Savoir utiliser un navigateur web comme Google Chrome ou Edge.<\/span><\/li>\n<li><span style=\"font-size: 14pt;\">Savoir t\u00e9l\u00e9charger et enregistrer dans votre ordinateur les documents\u00a0 qui vous seront envoy\u00e9s par courriel apr\u00e8s chaque r\u00e9union.<\/span><\/li>\n<li><span style=\"font-size: 14pt;\">S\u2019engager \u00e0 assister aux 6 r\u00e9unions de l\u2019atelier et \u00e0 faire les exercices propos\u00e9s.<\/span><\/li>\n<\/ul>\n<p><span style=\"font-size: 14pt;\">Pour un meilleur apprentissage, il est sugg\u00e9r\u00e9 d&rsquo;assister aux pr\u00e9sentations de la s\u00e9rie Facile.\u00a0\u00a0<\/span><span style=\"font-size: 14pt;\">Pour atteindre le calendrier complet de la s\u00e9rie Facile, <a href=\"https:\/\/cimbcc.org\/test2\/wp-content\/uploads\/calendrier_serie_facile.pdf\" target=\"_blank\" rel=\"noopener noreferrer\">cliquez ici<\/a>\u00a0.<\/span><\/p>\n<h2><span style=\"color: #333399;\">Fonctionnement<\/span><\/h2>\n<ul>\n<li style=\"text-align: left;\"><span style=\"font-size: 14pt;\">D\u00e9monstration \u00e0 l\u2019\u00e9cran avec Word.<\/span><\/li>\n<li style=\"text-align: left;\"><span style=\"font-size: 14pt;\">\u00c0 la fin de chaque r\u00e9union, l\u2019animatrice donne des exercices aux participants pour pratiquer ce que vous aurez appris.<\/span><\/li>\n<li style=\"text-align: left;\"><span style=\"font-size: 14pt;\">Il est important que les participants fassent ces exercices avant la r\u00e9union suivante pour ne pas retarder le groupe et pour comprendre ce qui sera pr\u00e9sent\u00e9 lors de la prochaine r\u00e9union.<\/span><\/li>\n<li style=\"text-align: left;\"><span style=\"font-size: 14pt;\">\u00c9laboration d\u2019un projet collectif.<\/span><\/li>\n<li style=\"text-align: left;\"><span style=\"font-size: 14pt;\">Apr\u00e8s chaque r\u00e9union vous recevrez, par courriel, les tutoriels montr\u00e9s durant la r\u00e9union au format PowerPoint.<br \/>\n<\/span><\/li>\n<\/ul>\n<h2><span style=\"color: #333399;\">Contenu des r\u00e9unions<\/span><\/h2>\n<h4>R\u00e9union 1<\/h4>\n<ul>\n<li><span style=\"font-size: 14pt;\">D\u00e9marrer WORD &#8211; Page blanche.<\/span><\/li>\n<li><span style=\"font-size: 14pt;\">Enregistrer \u2013 Enregistrer sous \u2013 Renommer un document.<\/span><\/li>\n<li><span style=\"font-size: 14pt;\">R\u00e8gle et quadrillage &#8211; Zoom.<\/span><\/li>\n<li><span style=\"font-size: 14pt;\">Presse-Papier (couper-copier-coller).<\/span><\/li>\n<li><span style=\"font-size: 14pt;\">Police (taille \u2013 indice et exposant).<\/span><\/li>\n<li><span style=\"font-size: 14pt;\">Mise en page (taille \u2013 orientation \u2013 marge) &#8211; Paragraphe (retrait gauche et droit \u2013 espacement entre les paragraphes).<\/span><\/li>\n<li><span style=\"font-size: 14pt;\">Alignement du texte \u2013 Paragraphe \u2013 Interligne \u2013 Retrait gauche et droit.<\/span><\/li>\n<li><span style=\"font-size: 14pt;\">Puces et num\u00e9ros \u2013 Liste \u00e0 plusieurs niveaux &#8211; Tabulation.<\/span><\/li>\n<li><span style=\"font-size: 14pt;\">R\u00e9vision &#8211; Langue (langue du clavier) \u2013 Traduction &#8211; V\u00e9rification (grammaire et orthographe \u2013 dictionnaire des synonymes).<\/span><\/li>\n<\/ul>\n<h4>R\u00e9union 2<\/h4>\n<ul>\n<li><span style=\"font-size: 14pt;\">Imprimer.<\/span><\/li>\n<li><span style=\"font-size: 14pt;\">Ins\u00e9rer un tableau &#8211; Ruban outils tableau &#8211; Styles de tableaux \u2013 Trame de fond \u2013 Styles de bordure.<\/span><\/li>\n<li><span style=\"font-size: 14pt;\">Tableau: Supprimer-Ins\u00e9rer-Fusionner des lignes ou des colonnes &#8211; Fusionner ou fractionner le tableau &#8211; Ajustement automatique &#8211; Hauteur des lignes &#8211; Alignement et orientation du texte &#8211; Marge de la cellule \u2013 Trier &#8211; Faire des calculs simples.<\/span><\/li>\n<li><span style=\"font-size: 14pt;\">Rechercher et remplacer &#8211; Afficher les codes &#8211; Trier de A \u00e0 Z &#8211; Sauts de page et de section &#8211; Reproduire la mise en forme.<\/span><\/li>\n<li><span style=\"font-size: 14pt;\">En-t\u00eate \u2013 Pied de page &#8211; Pagination.<\/span><\/li>\n<li><span style=\"font-size: 14pt;\">Ins\u00e9rer une forme &#8211; Effets sur la forme.<\/span><\/li>\n<li><span style=\"font-size: 14pt;\">Ins\u00e9rer une image \u2013 Organiser \u2013 Habillage \u2013 Rogner &#8211; Agrandir ou r\u00e9tr\u00e9cir &#8211; Lien hypertexte \u2013 Grouper &#8211; Rotation.<\/span><\/li>\n<li><span style=\"font-size: 14pt;\">Barre d\u2019outils d\u2019acc\u00e8s rapide.<\/span><\/li>\n<\/ul>\n<h4>R\u00e9union 3<\/h4>\n<ul>\n<li><span style=\"font-size: 14pt;\">Police : Effet \u2013 Couleur &#8211; Reproduire ou effacer la mise en forme.<\/span><\/li>\n<li><span style=\"font-size: 14pt;\">Mettre le texte en colonne.<\/span><\/li>\n<li><span style=\"font-size: 14pt;\">R\u00e9f\u00e9rence \u2013 Ins\u00e9rer une l\u00e9gende en bas d\u2019une photo.<\/span><\/li>\n<li><span style=\"font-size: 14pt;\">Notes de bas de page et de fin de document.<\/span><\/li>\n<li><span style=\"font-size: 14pt;\">Renvoi.<\/span><\/li>\n<li><span style=\"font-size: 14pt;\">Lettrine.<\/span><\/li>\n<li><span style=\"font-size: 14pt;\">Ins\u00e9rer un signet.<\/span><\/li>\n<li><span style=\"font-size: 14pt;\">Adresser une enveloppe.<\/span><\/li>\n<li><span style=\"font-size: 14pt;\">Filigrane.<\/span><\/li>\n<\/ul>\n<h4>R\u00e9union 4<\/h4>\n<ul>\n<li><span style=\"font-size: 14pt;\">Les taquets de tabulation.<\/span><\/li>\n<li><span style=\"font-size: 14pt;\">Mise en forme du document &#8211; Les th\u00e8mes.<\/span><\/li>\n<li><span style=\"font-size: 14pt;\">Couleur et bordure de page.<\/span><\/li>\n<li><span style=\"font-size: 14pt;\">Les styles \u2013 Modifier un style \u2013 Appliquer un style dans un document d\u00e9j\u00e0 fait.<\/span><\/li>\n<li><span style=\"font-size: 14pt;\">Ins\u00e9rer une page : Page de garde &#8211; Page vierge &#8211; Protection veuve<\/span> <span style=\"font-size: 14pt;\">et orphelin.<\/span><\/li>\n<li><span style=\"font-size: 14pt;\">Proposition de l\u2019onglet FICHIER : Prospectus &#8211; Curriculum vitae.<\/span><\/li>\n<li><span style=\"font-size: 14pt;\">Faire une des \u00e9tiquettes.<\/span><\/li>\n<li><span style=\"font-size: 14pt;\">Carte de visite \u2013 Mod\u00e8les propos\u00e9s par Word<\/span><\/li>\n<\/ul>\n<h4>R\u00e9union 5<\/h4>\n<ul>\n<li><span style=\"font-size: 14pt;\">Publipostage \u2013 Cr\u00e9ation de la base de donn\u00e9es \u2013 La fusion avec des \u00e9tiquettes et dans une lettre.<\/span><\/li>\n<li><span style=\"font-size: 14pt;\">Travailler avec 2 documents en c\u00f4te \u00e0 c\u00f4te pour comparer 2 documents et diff\u00e9rents affichages.<\/span><\/li>\n<li><span style=\"font-size: 14pt;\">Prot\u00e9ger le document avec mot de passe.<\/span><\/li>\n<li><span style=\"font-size: 14pt;\">Travailler en \u00e9quipe \u2013 R\u00e9vision &#8211; Commentaire et modification &#8211; Suivi des modifications \u2013 Accepter et refuser les modifications.<\/span><\/li>\n<li><span style=\"font-size: 14pt;\">Installer l\u2019onglet d\u00e9veloppeur pour cr\u00e9er un formulaire avec cases \u00e0 cocher avec les contr\u00f4les ActiveX.<\/span><\/li>\n<\/ul>\n<h4>R\u00e9union 6<\/h4>\n<ul>\n<li><span style=\"font-size: 14pt;\">D\u00e9couvrir SmartArt.<\/span><\/li>\n<li><span style=\"font-size: 14pt;\">Faire un organigramme.<\/span><\/li>\n<li><span style=\"font-size: 14pt;\">Ins\u00e9rer un graphique dans WORD.<\/span><\/li>\n<li><span style=\"font-size: 14pt;\">Correction automatique.<\/span><\/li>\n<li><span style=\"font-size: 14pt;\">G\u00e9n\u00e9rer une table des mati\u00e8res.<\/span><\/li>\n<li><span style=\"font-size: 14pt;\">Mettre \u00e0 jour la table des mati\u00e8res.<\/span><\/li>\n<li><span style=\"font-size: 14pt;\">Index.<\/span><\/li>\n<li><span style=\"font-size: 14pt;\">Lexique.<\/span><\/li>\n<li><span style=\"font-size: 14pt;\">Compl\u00e9ments de WORD.<\/span><\/li>\n<\/ul>\n<p><span style=\"color: #333399; font-size: 24px; font-weight: bold;\">Quand<\/span><\/p>\n<p><span style=\"font-size: 14pt;\">L\u2019atelier se compose de 6 r\u00e9unions de 2 heures. Les r\u00e9unions ont lieu le <b>lundi <\/b>de 19h30 \u00e0 21h30 aux dates suivantes :<\/span><\/p>\n<ul>\n<li><\/li>\n<\/ul>\n<h2><span style=\"color: #333399;\">O\u00f9<\/span><\/h2>\n<p style=\"text-align: left;\"><span style=\"font-size: 18.6667px;\">L&rsquo;atelier est donn\u00e9 en vid\u00e9oconf\u00e9rence avec l&rsquo;application Zoom.\u00a0 Vous recevrez un lien de connexion avant chaque r\u00e9union.<\/span><\/p>\n<p>Le bouton \u00ab\u00a0Inscription \u00e0 l&rsquo;atelier\u00a0\u00bb ci-dessous n&rsquo;est pas fonctionnel \u00e0 l&rsquo;ext\u00e9rieur des p\u00e9riodes d&rsquo;inscriptions aux ateliers.<\/p>\n<p><a href=\"https:\/\/cimbcc.org\/test2\/partage-de-connaissances\/les-ateliers\/atelier-word-intermediaire\/formulaire-atelier-word-niveau-intermediaire\" target=\"_blank\" rel=\"noopener\"><button>Inscription \u00e0 l&rsquo;atelier<\/button><\/a><\/p>\n<h2><span style=\"color: #333399;\">Responsables de l&rsquo;atelier<\/span><\/h2>\n\t\t\t\t\t\t<div class=\"gallery_box_single\">\n\t\t\t\t\t\t\t\t\t\t\t\t\t\t\t<div class=\"gallery gllr_grid\" data-gllr-columns=\"100\" data-gllr-border-width=\"10\">\n\t\t\t\t\t\t\t\t\t\t\t\t\t\t\t\t\t\t\t\t<div class=\"gllr_image_row\">\n\t\t\t\t\t\t\t\t\t\t\t\t\t\t\t\t\t\t\t\t\t<div class=\"gllr_image_block\">\n\t\t\t\t\t\t\t\t\t\t\t\t<p style=\"\n\t\t\t\t\t\t\t\t\t\t\t\twidth:145px;height:145px;\t\t\t\t\t\t\t\t\t\t\t\t\">\n\t\t\t\t\t\t\t\t\t\t\t\t\t\t\t\t\t\t\t\t\t\t\t\t\t\t\t\t<a data-fancybox=\"gallery_fancybox_24369\" href=\"https:\/\/cimbcc.org\/test2\/wp-content\/uploads\/photo_dufresne_celine.jpg\" title=\"C\u00e9line Dufresne\" >\n\t\t\t\t\t\t\t\t\t\t\t\t\t\t\t\t<img decoding=\"async\" width=&quot;125&quot; height=&quot;125&quot; style=\"width:125px; height:125px; border-width: 10px; border-color:#f1f1f1;border: 10px solid #f1f1f1\" alt=\"\" title=\"C\u00e9line Dufresne\" src=\"https:\/\/cimbcc.org\/test2\/wp-content\/uploads\/photo_dufresne_celine.jpg\" rel=\"https:\/\/cimbcc.org\/test2\/wp-content\/uploads\/photo_dufresne_celine.jpg\" \/>\t\t\t\t\t\t\t\t\t\t\t\t\t\t\t<\/a>\n\t\t\t\t\t\t\t\t\t\t\t\t\t\t\t\t\t\t\t\t\t\t\t\t\t\t<\/p>\n\t\t\t\t\t\t\t\t\t\t\t\t\t\t\t\t\t\t\t\t\t\t\t\t\t<div \n\t\t\t\t\t\t\t\t\t\t\t\t\tstyle=\"width:145px;\"\t\t\t\t\t\t\t\t\t\t\t\t\tclass=\"gllr_single_image_text gllr_single_image_text_under\">C\u00e9line Dufresne&nbsp;<\/div>\n\t\t\t\t\t\t\t\t\t\t\t\t\t\t\t\t\t\t\t\t\t\t\t<\/div><!-- .gllr_image_block -->\n\t\t\t\t\t\t\t\t\t\t\t\t\t\t\t\t\t\t\t\t\t<div class=\"gllr_image_block\">\n\t\t\t\t\t\t\t\t\t\t\t\t<p style=\"\n\t\t\t\t\t\t\t\t\t\t\t\twidth:145px;height:145px;\t\t\t\t\t\t\t\t\t\t\t\t\">\n\t\t\t\t\t\t\t\t\t\t\t\t\t\t\t\t\t\t\t\t\t\t\t\t\t\t\t\t<a data-fancybox=\"gallery_fancybox_24369\" href=\"https:\/\/cimbcc.org\/test2\/wp-content\/uploads\/photo_comtois_nicole.jpg\" title=\"Nicole Comtois\" >\n\t\t\t\t\t\t\t\t\t\t\t\t\t\t\t\t<img decoding=\"async\" width=&quot;125&quot; height=&quot;125&quot; style=\"width:125px; height:125px; border-width: 10px; border-color:#f1f1f1;border: 10px solid #f1f1f1\" alt=\"\" title=\"Nicole Comtois\" src=\"https:\/\/cimbcc.org\/test2\/wp-content\/uploads\/photo_comtois_nicole.jpg\" rel=\"https:\/\/cimbcc.org\/test2\/wp-content\/uploads\/photo_comtois_nicole.jpg\" \/>\t\t\t\t\t\t\t\t\t\t\t\t\t\t\t<\/a>\n\t\t\t\t\t\t\t\t\t\t\t\t\t\t\t\t\t\t\t\t\t\t\t\t\t\t<\/p>\n\t\t\t\t\t\t\t\t\t\t\t\t\t\t\t\t\t\t\t\t\t\t\t\t\t<div \n\t\t\t\t\t\t\t\t\t\t\t\t\tstyle=\"width:145px;\"\t\t\t\t\t\t\t\t\t\t\t\t\tclass=\"gllr_single_image_text gllr_single_image_text_under\">Nicole Comtois&nbsp;<\/div>\n\t\t\t\t\t\t\t\t\t\t\t\t\t\t\t\t\t\t\t\t\t\t\t<\/div><!-- .gllr_image_block -->\n\t\t\t\t\t\t\t\t\t\t\t\t\t\t\t\t\t\t\t\t\t<div class=\"gllr_image_block\">\n\t\t\t\t\t\t\t\t\t\t\t\t<p style=\"\n\t\t\t\t\t\t\t\t\t\t\t\twidth:145px;height:145px;\t\t\t\t\t\t\t\t\t\t\t\t\">\n\t\t\t\t\t\t\t\t\t\t\t\t\t\t\t\t\t\t\t\t\t\t\t\t\t\t\t\t<a data-fancybox=\"gallery_fancybox_24369\" href=\"https:\/\/cimbcc.org\/test2\/wp-content\/uploads\/photo_honor_paul_01-1.jpg\" title=\"Michel Paul\" >\n\t\t\t\t\t\t\t\t\t\t\t\t\t\t\t\t<img decoding=\"async\" width=&quot;125&quot; height=&quot;125&quot; style=\"width:125px; height:125px; border-width: 10px; border-color:#f1f1f1;border: 10px solid #f1f1f1\" alt=\"\" title=\"Michel Paul\" src=\"https:\/\/cimbcc.org\/test2\/wp-content\/uploads\/photo_honor_paul_01-1-125x125.jpg\" rel=\"https:\/\/cimbcc.org\/test2\/wp-content\/uploads\/photo_honor_paul_01-1.jpg\" \/>\t\t\t\t\t\t\t\t\t\t\t\t\t\t\t<\/a>\n\t\t\t\t\t\t\t\t\t\t\t\t\t\t\t\t\t\t\t\t\t\t\t\t\t\t<\/p>\n\t\t\t\t\t\t\t\t\t\t\t\t\t\t\t\t\t\t\t\t\t\t\t\t\t<div \n\t\t\t\t\t\t\t\t\t\t\t\t\tstyle=\"width:145px;\"\t\t\t\t\t\t\t\t\t\t\t\t\tclass=\"gllr_single_image_text gllr_single_image_text_under\">Michel Paul&nbsp;<\/div>\n\t\t\t\t\t\t\t\t\t\t\t\t\t\t\t\t\t\t\t\t\t\t\t<\/div><!-- .gllr_image_block -->\n\t\t\t\t\t\t\t\t\t\t\t\t\t\t\t\t\t\t\t\t\t<div class=\"clear\"><\/div>\n\t\t\t\t\t\t\t\t\t\t<\/div><!-- .gllr_image_row -->\n\t\t\t\t\t\t\t\t\t\t\t\t\t\t\t\t\t<\/div><!-- .gallery.clearfix -->\n\t\t\t\t\t\t\t\t\t\t\t\t\t\t<\/div><!-- .gallery_box_single -->\n\t\t\t\t\t\t<div class=\"gllr_clear\"><\/div>\n\t\t\t\t\t\t\n<p><span style=\"font-size: x-small;\">Derni\u00e8re r\u00e9vision de cette page : novembre\u00a0 2024. <\/span><span style=\"font-size: x-small;\">Responsable de la mise \u00e0 jour de cette page : Danielle Barab\u00e9.<\/span><\/p>\n","protected":false},"excerpt":{"rendered":"<p>CET ATELIER N&rsquo;EST PAS OFFERT \u00c0 L&rsquo;HIVER 2025 \u00c0 qui s\u2019adresse l\u2019atelier Aux membres qui n&rsquo;ont pas ou peu de connaissances de Word et qui veulent se familiariser avec ce logiciel et apprendre des fonctions plus avanc\u00e9es. Description de l\u2019atelier Se familiariser avec les fonctions de base. Explorer les diff\u00e9rents onglets. D\u00e9couvrir les fonctions avanc\u00e9es &hellip; <a href=\"https:\/\/cimbcc.org\/test2\/gallery\/atelier_word-inter\/\" class=\"more-link\">Continuer la lecture de <span class=\"screen-reader-text\">Atelier_Word-inter<\/span>  <span class=\"meta-nav\">&rarr;<\/span><\/a><\/p>\n","protected":false},"author":23,"featured_media":0,"parent":100,"menu_order":170,"comment_status":"closed","ping_status":"closed","template":"","meta":{"footnotes":""},"class_list":["post-21383","page","type-page","status-publish","hentry"],"_links":{"self":[{"href":"https:\/\/cimbcc.org\/test2\/wp-json\/wp\/v2\/pages\/21383","targetHints":{"allow":["GET"]}}],"collection":[{"href":"https:\/\/cimbcc.org\/test2\/wp-json\/wp\/v2\/pages"}],"about":[{"href":"https:\/\/cimbcc.org\/test2\/wp-json\/wp\/v2\/types\/page"}],"author":[{"embeddable":true,"href":"https:\/\/cimbcc.org\/test2\/wp-json\/wp\/v2\/users\/23"}],"replies":[{"embeddable":true,"href":"https:\/\/cimbcc.org\/test2\/wp-json\/wp\/v2\/comments?post=21383"}],"version-history":[{"count":67,"href":"https:\/\/cimbcc.org\/test2\/wp-json\/wp\/v2\/pages\/21383\/revisions"}],"predecessor-version":[{"id":51383,"href":"https:\/\/cimbcc.org\/test2\/wp-json\/wp\/v2\/pages\/21383\/revisions\/51383"}],"up":[{"embeddable":true,"href":"https:\/\/cimbcc.org\/test2\/wp-json\/wp\/v2\/pages\/100"}],"wp:attachment":[{"href":"https:\/\/cimbcc.org\/test2\/wp-json\/wp\/v2\/media?parent=21383"}],"curies":[{"name":"wp","href":"https:\/\/api.w.org\/{rel}","templated":true}]}}