{"id":21597,"date":"2018-06-28T18:51:16","date_gmt":"2018-06-28T22:51:16","guid":{"rendered":"https:\/\/cimbcc.org\/test2\/?page_id=21597"},"modified":"2024-11-26T16:39:49","modified_gmt":"2024-11-26T21:39:49","slug":"liste-chronologique-des-presidentes","status":"publish","type":"page","link":"https:\/\/cimbcc.org\/test2\/a-propos-du-club\/histoire-du-club\/liste-chronologique-des-presidentes\/","title":{"rendered":"Liste chronologique des pr\u00e9sident(e)s"},"content":{"rendered":"<address>\n<table style=\"border-collapse: collapse; width: 100%; height: 720px;\">\n<tbody>\n<tr class=\"table-alternate row1\" style=\"height: 54px;\">\n<th id=\"n1\" class=\"start\" style=\"width: 28.481%; text-align: center; background-color: #f1f9f5; height: 54px;\">Ann\u00e9e d&rsquo;op\u00e9ration<br \/>\ndu Club<\/th>\n<th id=\"n2\" style=\"width: 35.443%; text-align: center; background-color: #f1f9f5; height: 54px;\">D\u00e9but et fin des<br \/>\nann\u00e9es d&rsquo;op\u00e9ration<\/th>\n<th id=\"n3\" style=\"width: 35.865%; text-align: center; background-color: #f1f9f5; height: 54px;\">Nom des pr\u00e9sident(e)s<\/th>\n<\/tr>\n<tr class=\"table-noalt row2\" style=\"height: 18px;\">\n<td id=\"n1\" class=\"start\" style=\"width: 28.481%; text-align: center; height: 18px;\">1\u00e8re<\/td>\n<td id=\"n2\" style=\"width: 35.443%; text-align: center; height: 18px;\">sept. 1983 &#8211; ao\u00fbt 1984<\/td>\n<td id=\"n3\" style=\"width: 35.865%; text-align: center; height: 18px;\">R\u00e9v\u00e9rend Gordon Craig<\/td>\n<\/tr>\n<tr class=\"table-alternate row3\" style=\"height: 18px;\">\n<td id=\"n1\" class=\"start\" style=\"width: 28.481%; text-align: center; background-color: #f1f9f5; height: 18px;\">2e<\/td>\n<td id=\"n2\" style=\"width: 35.443%; text-align: center; background-color: #f1f9f5; height: 18px;\">sept. 1984 &#8211; ao\u00fbt 1985<\/td>\n<td id=\"n3\" style=\"width: 35.865%; text-align: center; background-color: #f1f9f5; height: 18px;\">Denis Hart<\/td>\n<\/tr>\n<tr class=\"table-noalt row4\" style=\"height: 18px;\">\n<td id=\"n1\" class=\"start\" style=\"width: 28.481%; text-align: center; height: 18px;\">3e<\/td>\n<td id=\"n2\" style=\"width: 35.443%; text-align: center; height: 18px;\">sept. 1985 &#8211; ao\u00fbt 1986<\/td>\n<td id=\"n3\" style=\"width: 35.865%; text-align: center; height: 18px;\">John Davis<\/td>\n<\/tr>\n<tr class=\"table-alternate row5\" style=\"height: 18px;\">\n<td id=\"n1\" class=\"start\" style=\"width: 28.481%; text-align: center; background-color: #f1f9f5; height: 18px;\">4e<\/td>\n<td id=\"n2\" style=\"width: 35.443%; text-align: center; background-color: #f1f9f5; height: 18px;\">sept. 1986 &#8211; ao\u00fbt 1987<\/td>\n<td id=\"n3\" style=\"width: 35.865%; text-align: center; background-color: #f1f9f5; height: 18px;\">David McCallum<\/td>\n<\/tr>\n<tr class=\"table-noalt row6\" style=\"height: 18px;\">\n<td id=\"n1\" class=\"start\" style=\"width: 28.481%; text-align: center; height: 18px;\">5e<\/td>\n<td id=\"n2\" style=\"width: 35.443%; text-align: center; height: 18px;\">sept. 1987 &#8211; ao\u00fbt 1988<\/td>\n<td id=\"n3\" style=\"width: 35.865%; text-align: center; height: 18px;\">Jacques Bergeron<\/td>\n<\/tr>\n<tr class=\"table-alternate row7\" style=\"height: 18px;\">\n<td id=\"n1\" class=\"start\" style=\"width: 28.481%; text-align: center; background-color: #f1f9f5; height: 18px;\">6e<\/td>\n<td id=\"n2\" style=\"width: 35.443%; text-align: center; background-color: #f1f9f5; height: 18px;\">sept. 1988 &#8211; ao\u00fbt 1989<\/td>\n<td id=\"n3\" style=\"width: 35.865%; text-align: center; background-color: #f1f9f5; height: 18px;\">R\u00e9al Desfoss\u00e9s<\/td>\n<\/tr>\n<tr class=\"table-noalt row8\" style=\"height: 18px;\">\n<td id=\"n1\" class=\"start\" style=\"width: 28.481%; text-align: center; height: 18px;\">7e<\/td>\n<td id=\"n2\" style=\"width: 35.443%; text-align: center; height: 18px;\">sept. 1989 &#8211; ao\u00fbt 1990<\/td>\n<td id=\"n3\" style=\"width: 35.865%; text-align: center; height: 18px;\">Genevi\u00e8ve Renaud<\/td>\n<\/tr>\n<tr class=\"table-alternate row9\" style=\"height: 18px;\">\n<td id=\"n1\" class=\"start\" style=\"width: 28.481%; text-align: center; background-color: #f1f9f5; height: 18px;\">8e<\/td>\n<td id=\"n2\" style=\"width: 35.443%; text-align: center; background-color: #f1f9f5; height: 18px;\">sept. 1990 &#8211; ao\u00fbt 1991<\/td>\n<td id=\"n3\" style=\"width: 35.865%; text-align: center; background-color: #f1f9f5; height: 18px;\">Martin Jackson<\/td>\n<\/tr>\n<tr class=\"table-noalt row10\" style=\"height: 18px;\">\n<td id=\"n1\" class=\"start\" style=\"width: 28.481%; text-align: center; height: 18px;\">9e<\/td>\n<td id=\"n2\" style=\"width: 35.443%; text-align: center; height: 18px;\">sept. 1991 &#8211; ao\u00fbt 1992<\/td>\n<td id=\"n3\" style=\"width: 35.865%; text-align: center; height: 18px;\">Gerry Kennedy<\/td>\n<\/tr>\n<tr class=\"table-alternate row11\" style=\"height: 18px;\">\n<td id=\"n1\" class=\"start\" style=\"width: 28.481%; text-align: center; background-color: #f1f9f5; height: 18px;\">10e<\/td>\n<td id=\"n2\" style=\"width: 35.443%; text-align: center; background-color: #f1f9f5; height: 18px;\">sept. 1992 &#8211; ao\u00fbt 1993<\/td>\n<td id=\"n3\" style=\"width: 35.865%; text-align: center; background-color: #f1f9f5; height: 18px;\">Gerry Roy<\/td>\n<\/tr>\n<tr class=\"table-noalt row12\" style=\"height: 18px;\">\n<td id=\"n1\" class=\"start\" style=\"width: 28.481%; text-align: center; height: 18px;\">11e<\/td>\n<td id=\"n2\" style=\"width: 35.443%; text-align: center; height: 18px;\">sept. 1993 &#8211; ao\u00fbt 1994<\/td>\n<td id=\"n3\" style=\"width: 35.865%; text-align: center; height: 18px;\">Gerry Roy \/ Michel Paul<\/td>\n<\/tr>\n<tr class=\"table-alternate row13\" style=\"height: 18px;\">\n<td id=\"n1\" class=\"start\" style=\"width: 28.481%; text-align: center; background-color: #f1f9f5; height: 18px;\">12e<\/td>\n<td id=\"n2\" style=\"width: 35.443%; text-align: center; background-color: #f1f9f5; height: 18px;\">sept. 1994 &#8211; ao\u00fbt 1995<\/td>\n<td id=\"n3\" style=\"width: 35.865%; text-align: center; background-color: #f1f9f5; height: 18px;\">Michel Paul<\/td>\n<\/tr>\n<tr class=\"table-noalt row14\" style=\"height: 18px;\">\n<td id=\"n1\" class=\"start\" style=\"width: 28.481%; text-align: center; height: 18px;\">13e<\/td>\n<td id=\"n2\" style=\"width: 35.443%; text-align: center; height: 18px;\">sept. 1995 &#8211; ao\u00fbt 1996<\/td>\n<td id=\"n3\" style=\"width: 35.865%; text-align: center; height: 18px;\">Roch Lafrance<\/td>\n<\/tr>\n<tr class=\"table-alternate row15\" style=\"height: 18px;\">\n<td id=\"n1\" class=\"start\" style=\"width: 28.481%; text-align: center; background-color: #f1f9f5; height: 18px;\">14e<\/td>\n<td id=\"n2\" style=\"width: 35.443%; text-align: center; background-color: #f1f9f5; height: 18px;\">sept. 1996 &#8211; ao\u00fbt 1997<\/td>\n<td id=\"n3\" style=\"width: 35.865%; text-align: center; background-color: #f1f9f5; height: 18px;\">Bill Petrie<\/td>\n<\/tr>\n<tr class=\"table-noalt row16\" style=\"height: 18px;\">\n<td id=\"n1\" class=\"start\" style=\"width: 28.481%; text-align: center; height: 18px;\">15e<\/td>\n<td id=\"n2\" style=\"width: 35.443%; text-align: center; height: 18px;\">sept. 1997 &#8211; ao\u00fbt 1998<\/td>\n<td id=\"n3\" style=\"width: 35.865%; text-align: center; height: 18px;\">Ken Wood<\/td>\n<\/tr>\n<tr class=\"table-alternate row17\" style=\"height: 18px;\">\n<td id=\"n1\" class=\"start\" style=\"width: 28.481%; text-align: center; background-color: #f1f9f5; height: 18px;\">16e<\/td>\n<td id=\"n2\" style=\"width: 35.443%; text-align: center; background-color: #f1f9f5; height: 18px;\">sept. 1998 &#8211; ao\u00fbt 1999<\/td>\n<td id=\"n3\" style=\"width: 35.865%; text-align: center; background-color: #f1f9f5; height: 18px;\">Roland Babin<\/td>\n<\/tr>\n<tr class=\"table-noalt row18\" style=\"height: 18px;\">\n<td id=\"n1\" class=\"start\" style=\"width: 28.481%; text-align: center; height: 18px;\">17e<\/td>\n<td id=\"n2\" style=\"width: 35.443%; text-align: center; height: 18px;\">sept. 1999 &#8211; ao\u00fbt 2000<\/td>\n<td id=\"n3\" style=\"width: 35.865%; text-align: center; height: 18px;\">Andr\u00e9 Bergeron<\/td>\n<\/tr>\n<tr class=\"table-alternate row19\" style=\"height: 18px;\">\n<td id=\"n1\" class=\"start\" style=\"width: 28.481%; text-align: center; background-color: #f1f9f5; height: 18px;\">18e<\/td>\n<td id=\"n2\" style=\"width: 35.443%; text-align: center; background-color: #f1f9f5; height: 18px;\">sept. 2000 &#8211; ao\u00fbt 2001<\/td>\n<td id=\"n3\" style=\"width: 35.865%; text-align: center; background-color: #f1f9f5; height: 18px;\">Normand Desmarais<\/td>\n<\/tr>\n<tr class=\"table-noalt row20\" style=\"height: 18px;\">\n<td id=\"n1\" class=\"start\" style=\"width: 28.481%; text-align: center; height: 18px;\">19e<\/td>\n<td id=\"n2\" style=\"width: 35.443%; text-align: center; height: 18px;\">sept. 2001 &#8211; ao\u00fbt 2002<\/td>\n<td id=\"n3\" style=\"width: 35.865%; text-align: center; height: 18px;\">Wilfrid Sauv\u00e9<\/td>\n<\/tr>\n<tr class=\"table-alternate row21\" style=\"height: 18px;\">\n<td id=\"n1\" class=\"start\" style=\"width: 28.481%; text-align: center; background-color: #f1f9f5; height: 18px;\">20e<\/td>\n<td id=\"n2\" style=\"width: 35.443%; text-align: center; background-color: #f1f9f5; height: 18px;\">sept. 2002 &#8211; ao\u00fbt 2003<\/td>\n<td id=\"n3\" style=\"width: 35.865%; text-align: center; background-color: #f1f9f5; height: 18px;\">Pierre Saint-Aubin<\/td>\n<\/tr>\n<tr class=\"table-noalt row22\" style=\"height: 18px;\">\n<td id=\"n1\" class=\"start\" style=\"width: 28.481%; text-align: center; height: 18px;\">21e<\/td>\n<td id=\"n2\" style=\"width: 35.443%; text-align: center; height: 18px;\">sept. 2003 &#8211; ao\u00fbt 2004<\/td>\n<td id=\"n3\" style=\"width: 35.865%; text-align: center; height: 18px;\">Walter Pearce<\/td>\n<\/tr>\n<tr class=\"table-alternate row23\" style=\"height: 18px;\">\n<td id=\"n1\" class=\"start\" style=\"width: 28.481%; text-align: center; background-color: #f1f9f5; height: 18px;\">22e<\/td>\n<td id=\"n2\" style=\"width: 35.443%; text-align: center; background-color: #f1f9f5; height: 18px;\">sept. 2004 &#8211; ao\u00fbt 2005<\/td>\n<td id=\"n3\" style=\"width: 35.865%; text-align: center; background-color: #f1f9f5; height: 18px;\">Marius Gauthier<\/td>\n<\/tr>\n<tr class=\"table-noalt row24\" style=\"height: 18px;\">\n<td id=\"n1\" class=\"start\" style=\"width: 28.481%; text-align: center; height: 18px;\">23e<\/td>\n<td id=\"n2\" style=\"width: 35.443%; text-align: center; height: 18px;\">sept. 2005 &#8211; ao\u00fbt 2006<\/td>\n<td id=\"n3\" style=\"width: 35.865%; text-align: center; height: 18px;\">R\u00e9jean C\u00f4t\u00e9<\/td>\n<\/tr>\n<tr class=\"table-alternate row25\" style=\"height: 18px;\">\n<td id=\"n1\" class=\"start\" style=\"width: 28.481%; text-align: center; background-color: #f1f9f5; height: 18px;\">24e<\/td>\n<td id=\"n2\" style=\"width: 35.443%; text-align: center; background-color: #f1f9f5; height: 18px;\">sept. 2006- ao\u00fbt 2007<\/td>\n<td id=\"n3\" style=\"width: 35.865%; text-align: center; background-color: #f1f9f5; height: 18px;\">Richard B\u00e9rub\u00e9<\/td>\n<\/tr>\n<tr class=\"table-noalt row26\" style=\"height: 18px;\">\n<td id=\"n1\" class=\"start\" style=\"width: 28.481%; text-align: center; height: 18px;\">25e<\/td>\n<td id=\"n2\" style=\"width: 35.443%; text-align: center; height: 18px;\">sept. 2007 &#8211; ao\u00fbt 2008<\/td>\n<td id=\"n3\" style=\"width: 35.865%; text-align: center; height: 18px;\">Denis B\u00e9langer<\/td>\n<\/tr>\n<tr class=\"table-alternate row27\" style=\"height: 18px;\">\n<td id=\"n1\" class=\"start\" style=\"width: 28.481%; text-align: center; background-color: #f1f9f5; height: 18px;\">26e<\/td>\n<td id=\"n2\" style=\"width: 35.443%; text-align: center; background-color: #f1f9f5; height: 18px;\">sept. 2008 &#8211; ao\u00fbt 2009<\/td>\n<td id=\"n3\" style=\"width: 35.865%; text-align: center; background-color: #f1f9f5; height: 18px;\">R\u00e9jean C\u00f4t\u00e9<\/td>\n<\/tr>\n<tr class=\"table-noalt row28\" style=\"height: 18px;\">\n<td id=\"n1\" class=\"start\" style=\"width: 28.481%; text-align: center; height: 18px;\">27e<\/td>\n<td id=\"n2\" style=\"width: 35.443%; text-align: center; height: 18px;\">sept. 2009 &#8211; ao\u00fbt 2010<\/td>\n<td id=\"n3\" style=\"width: 35.865%; text-align: center; height: 18px;\">R\u00e9jean C\u00f4t\u00e9<\/td>\n<\/tr>\n<tr class=\"table-alternate row29\" style=\"height: 18px;\">\n<td id=\"n1\" class=\"start\" style=\"width: 28.481%; text-align: center; background-color: #f1f9f5; height: 18px;\">28e<\/td>\n<td id=\"n2\" style=\"width: 35.443%; text-align: center; background-color: #f1f9f5; height: 18px;\">sept. 2010 &#8211; ao\u00fbt 2011<\/td>\n<td id=\"n3\" style=\"width: 35.865%; text-align: center; background-color: #f1f9f5; height: 18px;\">R\u00e9jean C\u00f4t\u00e9<\/td>\n<\/tr>\n<tr class=\"table-noalt row30\" style=\"height: 18px;\">\n<td id=\"n1\" class=\"start\" style=\"width: 28.481%; text-align: center; height: 18px;\">29e<\/td>\n<td id=\"n2\" style=\"width: 35.443%; text-align: center; height: 18px;\">sept. 2011 &#8211; ao\u00fbt 2012<\/td>\n<td id=\"n3\" style=\"width: 35.865%; text-align: center; height: 18px;\">R\u00e9jean C\u00f4t\u00e9<\/td>\n<\/tr>\n<tr class=\"table-alternate row31\" style=\"height: 18px;\">\n<td id=\"n1\" class=\"start\" style=\"width: 28.481%; text-align: center; background-color: #f1f9f5; height: 18px;\">30e<\/td>\n<td id=\"n2\" style=\"width: 35.443%; text-align: center; background-color: #f1f9f5; height: 18px;\">sept. 2012 &#8211; ao\u00fbt 2013<\/td>\n<td id=\"n3\" style=\"width: 35.865%; text-align: center; background-color: #f1f9f5; height: 18px;\">R\u00e9jean C\u00f4t\u00e9<\/td>\n<\/tr>\n<tr class=\"table-noalt row32\" style=\"height: 18px;\">\n<td id=\"n1\" class=\"start\" style=\"width: 28.481%; text-align: center; height: 18px;\">31e<\/td>\n<td id=\"n2\" style=\"width: 35.443%; text-align: center; height: 18px;\">sept. 2013 &#8211; ao\u00fbt 2014<\/td>\n<td id=\"n3\" style=\"width: 35.865%; text-align: center; height: 18px;\">R\u00e9jean C\u00f4t\u00e9<\/td>\n<\/tr>\n<tr class=\"table-alternate row33\" style=\"height: 18px;\">\n<td id=\"n1\" class=\"start\" style=\"width: 28.481%; text-align: center; background-color: #f1f9f5; height: 18px;\">32e<\/td>\n<td id=\"n2\" style=\"width: 35.443%; text-align: center; background-color: #f1f9f5; height: 18px;\">sept. 2014 &#8211; ao\u00fbt 2015<\/td>\n<td id=\"n3\" style=\"width: 35.865%; text-align: center; background-color: #f1f9f5; height: 18px;\">R\u00e9jean C\u00f4t\u00e9<\/td>\n<\/tr>\n<tr class=\"table-noalt row34\" style=\"height: 18px;\">\n<td id=\"n1\" class=\"start\" style=\"width: 28.481%; text-align: center; height: 18px;\">33e<\/td>\n<td id=\"n2\" style=\"width: 35.443%; text-align: center; height: 18px;\">sept. 2015 &#8211; ao\u00fbt 2016<\/td>\n<td id=\"n3\" style=\"width: 35.865%; text-align: center; height: 18px;\">R\u00e9jean C\u00f4t\u00e9<\/td>\n<\/tr>\n<tr class=\"table-alternate row35\" style=\"height: 18px;\">\n<td id=\"n1\" class=\"start\" style=\"width: 28.481%; text-align: center; background-color: #f1f9f5; height: 18px;\">34e<\/td>\n<td id=\"n2\" style=\"width: 35.443%; text-align: center; background-color: #f1f9f5; height: 18px;\">sept. 2016 &#8211; ao\u00fbt 2017<\/td>\n<td id=\"n3\" style=\"width: 35.865%; text-align: center; background-color: #f1f9f5; height: 18px;\">R\u00e9jean C\u00f4t\u00e9<\/td>\n<\/tr>\n<tr class=\"table-noalt row36\" style=\"height: 18px;\">\n<td id=\"n1\" class=\"start\" style=\"width: 28.481%; text-align: center; height: 18px;\">35e<\/td>\n<td id=\"n2\" style=\"width: 35.443%; text-align: center; height: 18px;\">sept. 2017 &#8211; ao\u00fbt 2018<\/td>\n<td id=\"n3\" style=\"width: 35.865%; text-align: center; height: 18px;\">R\u00e9jean C\u00f4t\u00e9<\/td>\n<\/tr>\n<tr class=\"table-alternate row37\" style=\"height: 18px;\">\n<td id=\"n1\" class=\"start\" style=\"width: 28.481%; text-align: center; background-color: #f1f9f5; height: 18px;\">36e<\/td>\n<td id=\"n2\" style=\"width: 35.443%; text-align: center; background-color: #f1f9f5; height: 18px;\">sept. 2018 &#8211; ao\u00fbt 2019<\/td>\n<td id=\"n3\" style=\"width: 35.865%; text-align: center; background-color: #f1f9f5; height: 18px;\">R\u00e9jean C\u00f4t\u00e9<\/td>\n<\/tr>\n<tr class=\"table-noalt row38\" style=\"height: 18px;\">\n<td id=\"n1\" class=\"start\" style=\"width: 28.481%; text-align: center; height: 18px;\">37e<\/td>\n<td id=\"n2\" style=\"width: 35.443%; text-align: center; height: 18px;\">sept. 2019 &#8211; ao\u00fbt 2020<\/td>\n<td id=\"n3\" style=\"width: 35.865%; text-align: center; height: 18px;\">R\u00e9jean C\u00f4t\u00e9<\/td>\n<\/tr>\n<tr class=\"table-noalt row39\" style=\"height: 18px;\">\n<td id=\"n1\" class=\"start\" style=\"width: 28.481%; text-align: center; background-color: #f1f9f5; height: 18px;\">38e<\/td>\n<td id=\"n2\" style=\"width: 35.443%; text-align: center; background-color: #f1f9f5; height: 18px;\">sept. 2020 &#8211; ao\u00fbt 2021<\/td>\n<td id=\"n3\" style=\"width: 35.865%; text-align: center; background-color: #f1f9f5; height: 18px;\">R\u00e9jean C\u00f4t\u00e9<\/td>\n<\/tr>\n<tr class=\"table-noalt row40\" style=\"height: 18px;\">\n<td id=\"n1\" class=\"start\" style=\"width: 28.481%; text-align: center; height: 18px;\">39e<\/td>\n<td id=\"n2\" style=\"width: 35.443%; text-align: center; height: 18px;\">sept. 2021 &#8211; ao\u00fbt 2022<\/td>\n<td id=\"n3\" style=\"width: 35.865%; text-align: center; height: 18px;\">R\u00e9jean C\u00f4t\u00e9<\/td>\n<\/tr>\n<tr class=\"table-noalt row41\" style=\"height: 18px;\">\n<td id=\"n1\" class=\"start\" style=\"width: 28.481%; text-align: center; background-color: #f1f9f5; height: 18px;\">40e<\/td>\n<td id=\"n2\" style=\"width: 35.443%; text-align: center; background-color: #f1f9f5; height: 18px;\">sept. 2022 &#8211; ao\u00fbt 2023<\/td>\n<td id=\"n3\" style=\"width: 35.865%; text-align: center; background-color: #f1f9f5; height: 18px;\">R\u00e9jean C\u00f4t\u00e9<\/td>\n<\/tr>\n<tr>\n<td style=\"width: 28.481%; text-align: center; background-color: #ffffff;\">41e<\/td>\n<td style=\"width: 35.443%; text-align: center; background-color: #ffffff;\">sept. 2023 &#8211; ao\u00fbt 2024<\/td>\n<td style=\"width: 35.865%; text-align: center; background-color: #ffffff;\">R\u00e9jean C\u00f4t\u00e9<\/td>\n<\/tr>\n<tr>\n<td style=\"width: 28.481%; text-align: center; background-color: #ffffff;\">42e<\/td>\n<td style=\"width: 35.443%; text-align: center; background-color: #ffffff;\">sept. 2024 &#8211; ao\u00fbt 2025<\/td>\n<td style=\"width: 35.865%; text-align: center; background-color: #ffffff;\">Jean Malouin<\/td>\n<\/tr>\n<\/tbody>\n<\/table>\n<\/address>\n<address>\u00a0<\/address>\n<address><span style=\"font-size: small;\">Derni\u00e8re r\u00e9vision de cette page : novembre 2024.<br \/>\n<\/span><span style=\"font-size: small;\">Responsable de la mise \u00e0 jour de cette page : Richard Gervais.\u00a0<\/span><\/address>\n","protected":false},"excerpt":{"rendered":"<p>Ann\u00e9e d&rsquo;op\u00e9ration du Club D\u00e9but et fin des ann\u00e9es d&rsquo;op\u00e9ration Nom des pr\u00e9sident(e)s 1\u00e8re sept. 1983 &#8211; ao\u00fbt 1984 R\u00e9v\u00e9rend Gordon Craig 2e sept. 1984 &#8211; ao\u00fbt 1985 Denis Hart 3e sept. 1985 &#8211; ao\u00fbt 1986 John Davis 4e sept. 1986 &#8211; ao\u00fbt 1987 David McCallum 5e sept. 1987 &#8211; ao\u00fbt 1988 Jacques Bergeron 6e &hellip; <a href=\"https:\/\/cimbcc.org\/test2\/a-propos-du-club\/histoire-du-club\/liste-chronologique-des-presidentes\/\" class=\"more-link\">Continuer la lecture de <span class=\"screen-reader-text\">Liste chronologique des pr\u00e9sident(e)s<\/span>  <span class=\"meta-nav\">&rarr;<\/span><\/a><\/p>\n","protected":false},"author":33,"featured_media":0,"parent":221,"menu_order":10,"comment_status":"closed","ping_status":"closed","template":"","meta":{"footnotes":""},"class_list":["post-21597","page","type-page","status-publish","hentry"],"_links":{"self":[{"href":"https:\/\/cimbcc.org\/test2\/wp-json\/wp\/v2\/pages\/21597","targetHints":{"allow":["GET"]}}],"collection":[{"href":"https:\/\/cimbcc.org\/test2\/wp-json\/wp\/v2\/pages"}],"about":[{"href":"https:\/\/cimbcc.org\/test2\/wp-json\/wp\/v2\/types\/page"}],"author":[{"embeddable":true,"href":"https:\/\/cimbcc.org\/test2\/wp-json\/wp\/v2\/users\/33"}],"replies":[{"embeddable":true,"href":"https:\/\/cimbcc.org\/test2\/wp-json\/wp\/v2\/comments?post=21597"}],"version-history":[{"count":28,"href":"https:\/\/cimbcc.org\/test2\/wp-json\/wp\/v2\/pages\/21597\/revisions"}],"predecessor-version":[{"id":51698,"href":"https:\/\/cimbcc.org\/test2\/wp-json\/wp\/v2\/pages\/21597\/revisions\/51698"}],"up":[{"embeddable":true,"href":"https:\/\/cimbcc.org\/test2\/wp-json\/wp\/v2\/pages\/221"}],"wp:attachment":[{"href":"https:\/\/cimbcc.org\/test2\/wp-json\/wp\/v2\/media?parent=21597"}],"curies":[{"name":"wp","href":"https:\/\/api.w.org\/{rel}","templated":true}]}}