{"id":23099,"date":"2018-11-19T05:47:23","date_gmt":"2018-11-19T10:47:23","guid":{"rendered":"https:\/\/cimbcc.org\/test2\/?page_id=23099"},"modified":"2024-11-10T16:43:06","modified_gmt":"2024-11-10T21:43:06","slug":"atelier-excel","status":"publish","type":"page","link":"https:\/\/cimbcc.org\/test2\/partage-de-connaissances\/les-ateliers\/atelier-excel\/","title":{"rendered":"Excel"},"content":{"rendered":"<table style=\"width: 100%; border-collapse: collapse; background-color: #5574ad;\">\n<tbody>\n<tr>\n<td style=\"width: 100%;\"><span style=\"color: #ffffff;\"><strong><span style=\"font-size: 14pt;\">CET ATELIER N&rsquo;EST PAS OFFERT \u00c0 L&rsquo;HIVER 2025<\/span><\/strong><\/span><\/td>\n<\/tr>\n<\/tbody>\n<\/table>\n<h2><strong><span style=\"font-size: 18pt; color: #333399;\">\u00c0 qui s\u2019adresse l\u2019atelier<\/span><\/strong><\/h2>\n<p><span style=\"font-size: 14pt;\">Aux membres qui n&rsquo;ont pas ou peu de connaissances d&rsquo;Excel et qui veulent se familiariser avec ce logiciel ou approfondir leurs connaissances et apprendre des fonctions plus avanc\u00e9es.<\/span><\/p>\n<h2><strong><span style=\"font-size: 18pt; color: #333399;\">Description de l\u2019atelier<\/span><\/strong><\/h2>\n<p><span style=\"font-size: 14pt;\">Excel est \u00e0 la base un logiciel pour faire des calculs, mais il peut aussi \u00eatre utilis\u00e9 pour vos activit\u00e9s r\u00e9cr\u00e9atives.<\/span><\/p>\n<p><span style=\"font-size: 14pt;\">Dans les r\u00e9unions, vous apprendrez, entre autres, \u00e0:<\/span><\/p>\n<ul>\n<li><span style=\"font-size: 18.6667px;\">Voir l&rsquo;interface d&rsquo;Excel.<\/span><\/li>\n<li><span style=\"font-size: 14pt;\">Apprendre les fonctions de base.<\/span><\/li>\n<li><span style=\"font-size: 14pt;\">Explorer les diff\u00e9rents onglets.<\/span><\/li>\n<li><span style=\"font-size: 14pt;\">Faire un tableau.<\/span><\/li>\n<li><span style=\"font-size: 14pt;\">Monter une base de donn\u00e9es.<\/span><\/li>\n<li><span style=\"font-size: 14pt;\">Exp\u00e9rimenter les graphiques.<\/span><\/li>\n<li><span style=\"font-size: 14pt;\">Analyser des donn\u00e9es (tableau crois\u00e9 dynamique).<\/span><\/li>\n<li><span style=\"font-size: 14pt;\">Suivre un budget.<\/span><\/li>\n<\/ul>\n<h2><span style=\"color: #333399;\"><strong><span style=\"font-size: 18pt;\">Mat\u00e9riel utilis\u00e9<\/span><\/strong><\/span><\/h2>\n<ul>\n<li><span style=\"font-size: 14pt;\">L\u2019atelier sera donn\u00e9 avec la version\u00a0 Excel de Microsoft 365.<\/span><\/li>\n<li><span style=\"font-size: 14pt;\">Les versions 2010 et subs\u00e9quentes d\u2019Excel ainsi que la version Mac sont accept\u00e9es.\u00a0 Ces versions peuvent avoir un fonctionnement diff\u00e9rent; le participant devra s\u2019ajuster.<\/span><\/li>\n<li><span style=\"font-size: 14pt;\">Les logiciels Libre Office et Open Office ne sont pas accept\u00e9s.<\/span><\/li>\n<\/ul>\n<h2><span style=\"color: #333399;\"><strong><span style=\"font-size: 18pt;\">Pr\u00e9cisions<\/span><\/strong><\/span><\/h2>\n<ul>\n<li><span style=\"font-size: 14pt; color: #000000;\">Cet atelier sera donn\u00e9 en vid\u00e9oconf\u00e9rence avec l&rsquo;application Zoom.<\/span><\/li>\n<li><span style=\"font-size: 14pt;\">Lorsque votre inscription sera confirm\u00e9e, on vous fera parvenir un questionnaire pour conna\u00eetre votre version d\u2019Excel, vos connaissances du logiciel et vos attentes.<\/span><\/li>\n<li><span style=\"font-size: 14pt; color: #000000;\">Cet atelier accepte un maximum de 20 participants.<\/span><\/li>\n<\/ul>\n<p><span style=\"font-size: 14pt;\">Pour un meilleur apprentissage, il est sugg\u00e9r\u00e9 d&rsquo;assister aux pr\u00e9sentations de la s\u00e9rie Facile.\u00a0 Pour atteindre le calendrier complet de la s\u00e9rie Facile,\u00a0<a href=\"https:\/\/cimbcc.org\/test2\/wp-content\/uploads\/calendrier_serie_facile.pdf\" target=\"_blank\" rel=\"noopener noreferrer\">cliquez ici<\/a>\u00a0.<\/span><\/p>\n<p><strong style=\"color: #333399; font-size: 24px;\"><span style=\"font-size: 18pt;\">Pr\u00e9requis<\/span><\/strong><\/p>\n<ul>\n<li><span style=\"font-size: 14pt;\">Avoir Excel install\u00e9 sur son ordinateur.<\/span><\/li>\n<li><span style=\"font-size: 14pt; color: #000000;\">Avoir Zoom install\u00e9 sur son ordinateur\u00a0 <span style=\"font-size: 14pt;\">(Si vous n&rsquo;\u00eates pas familier avec cette application, vous pouvez vous r\u00e9f\u00e9rer aux tutoriels sur notre site web).<\/span><\/span><\/li>\n<li><span style=\"font-size: 14pt;\">Ma\u00eetriser les fonctions de base d&rsquo;un ordinateur (cr\u00e9er un dossier, copier\/coller, t\u00e9l\u00e9charger et sauvegarder des fichiers).<\/span><\/li>\n<li><span style=\"font-size: 14pt;\">S\u2019engager \u00e0 assister aux <span style=\"color: #000000;\">6<\/span> r\u00e9unions de l\u2019atelier et faire les exercices propos\u00e9s.<\/span><\/li>\n<\/ul>\n<h2><span style=\"font-size: 18pt; color: #333399;\"><strong>Fonctionnement<\/strong><\/span><\/h2>\n<ul>\n<li><span style=\"font-size: 14pt;\">Les explications sont donn\u00e9es \u00e0 l\u2019\u00e9cran avec Excel et PowerPoint.<\/span><\/li>\n<li><span style=\"font-size: 14pt;\">\u00a0\u00c0 la fin de chaque r\u00e9union, l\u2019animateur donne des travaux aux participants.<\/span><\/li>\n<li><span style=\"font-size: 14pt;\">Il est important que les participants fassent ces travaux avant la r\u00e9union suivante pour ne pas retarder le groupe et pour comprendre ce qui sera pr\u00e9sent\u00e9 lors de la prochaine r\u00e9union.<\/span><\/li>\n<li><span style=\"font-size: 14pt;\">Il n\u2019y a pas de temps r\u00e9serv\u00e9 \u00e0 la pratique pendant les r\u00e9unions, la pratique se fait \u00e0 la maison, selon votre rythme.<\/span><\/li>\n<li><span style=\"font-size: 14pt;\">Les diaporamas explicatifs montr\u00e9s durant les r\u00e9unions vous seront transmis apr\u00e8s chaque r\u00e9union (PowerPoint requis) ainsi que:<\/span>\n<ul style=\"list-style-type: circle;\">\n<li><span style=\"font-size: 14pt;\">des tableaux mod\u00e8les vous seront remis.<\/span><\/li>\n<li><span style=\"font-size: 14pt;\">des notes explicatives vous seront transmises pour r\u00e9aliser la pratique \u00e0 la maison.<\/span><\/li>\n<li><span style=\"font-size: 14pt;\">des exercices suppl\u00e9mentaires, optionnels, vous seront remis, pour ceux qui veulent pratiquer davantage.<\/span><\/li>\n<\/ul>\n<\/li>\n<\/ul>\n<h2><span style=\"color: #333399;\"><strong><span style=\"font-size: 18pt;\">Contenu des r\u00e9unions<\/span><\/strong><\/span><\/h2>\n<h4><span style=\"font-size: 14pt;\">R\u00e9union 1<\/span><\/h4>\n<p><span style=\"font-size: 14pt;\">Vous apprendrez \u00e0:<\/span><\/p>\n<ul>\n<li><span style=\"font-size: 14pt;\">Comprendre le fonctionnement d&rsquo;Excel et son environnement.<\/span><\/li>\n<li><span style=\"font-size: 14pt;\">Reconna\u00eetre son vocabulaire.<\/span><\/li>\n<li><span style=\"font-size: 14pt;\">Saisir des donn\u00e9es.<\/span><\/li>\n<li><span style=\"font-size: 14pt;\">Reconna\u00eetre les op\u00e9rateurs arithm\u00e9tiques et faire des calculs simples.<\/span><\/li>\n<li><span style=\"font-size: 14pt;\">Faire la mise en forme et la mise en page de tableaux.<\/span><\/li>\n<li><span style=\"font-size: 14pt;\">Reproduire une m\u00eame valeur ou l&rsquo;augmenter <span style=\"font-size: 14pt;\">(incr\u00e9mentation).<\/span><\/span><\/li>\n<li><span style=\"font-size: 14pt;\">Utiliser les diff\u00e9rentes fa\u00e7ons de copier et coller des donn\u00e9es.<\/span><\/li>\n<\/ul>\n<h4><span style=\"font-size: 14pt;\">R\u00e9union 2<\/span><\/h4>\n<p><span style=\"font-size: 14pt;\">Vous apprendrez \u00e0:<\/span><\/p>\n<ul>\n<li><span style=\"font-size: 14pt;\">Ins\u00e9rer un en-t\u00eate et un pied de page<\/span><\/li>\n<li><span style=\"font-size: 14pt;\">Imprimer une feuille ou une partie de la feuille<\/span><\/li>\n<li><span style=\"font-size: 14pt;\">Ins\u00e9rer des formes et des images<\/span><\/li>\n<li><span style=\"font-size: 14pt;\">Cr\u00e9er des tableaux automatiques<\/span><\/li>\n<li><span style=\"font-size: 14pt;\">Reconna\u00eetre et utiliser les \u00e9l\u00e9ments requis pour l\u2019\u00e9laboration des formules.<\/span><\/li>\n<li><span style=\"font-size: 14pt;\">D\u00e9placer ou copier une feuille.<\/span><\/li>\n<li><span style=\"font-size: 14pt;\">Masquer des colonnes ou des lignes.<\/span><\/li>\n<li><span style=\"font-size: 14pt;\">Figer et lib\u00e9rer les volets (figer des lignes et\/ou des colonnes).<\/span><\/li>\n<\/ul>\n<h4><span style=\"font-size: 14pt;\">R\u00e9union 3<\/span><\/h4>\n<p><span style=\"font-size: 14pt;\">Vous apprendrez \u00e0:<\/span><\/p>\n<ul>\n<li><span style=\"font-size: 14pt;\">Ins\u00e9rer des notes et des commentaires.<\/span><\/li>\n<li><span style=\"font-size: 14pt;\">Ins\u00e9rer un logo ou un filigrane.<\/span><\/li>\n<li><span style=\"font-size: 14pt;\">Comprendre les arguments propos\u00e9s par Excel pour faire certaines fonctions math\u00e9matiques.<\/span><\/li>\n<li><span style=\"font-size: 14pt;\">Faire une liste avec un menu d\u00e9roulant pour faciliter la saisie de texte.<\/span><\/li>\n<li><span style=\"font-size: 14pt;\">Valider des donn\u00e9es pour qu&rsquo;elles soient entr\u00e9es de la m\u00eame fa\u00e7on.<\/span><\/li>\n<li><span style=\"font-size: 14pt;\">Utiliser les formats date et heure pour calculer l\u2019\u00e2ge ou le nombre de jours entre 2 dates.<\/span><\/li>\n<li><span style=\"font-size: 14pt;\">Prot\u00e9ger une feuille ou un fichier, avec ou sans mot de passe.<\/span><\/li>\n<li><span style=\"font-size: 14pt;\">Importer et exporter un tableau Excel vers Word et PowerPoint.<\/span><\/li>\n<\/ul>\n<h4><span style=\"font-size: 14pt;\">R\u00e9union 4<\/span><\/h4>\n<p><span style=\"font-size: 14pt;\">Vous apprendrez \u00e0:<\/span><\/p>\n<ul>\n<li><span style=\"font-size: 14pt;\">Rechercher et utiliser les mod\u00e8les existants dans Excel.<\/span><\/li>\n<li><span style=\"font-size: 14pt;\">Trier et filtrer des donn\u00e9es.<\/span><\/li>\n<li><span style=\"font-size: 14pt;\">Faire une mise en forme conditionnelle pour mettre en \u00e9vidence certaines valeurs.<\/span><\/li>\n<li><span style=\"font-size: 14pt;\">Transformer les donn\u00e9es en graphiques.<\/span><\/li>\n<li><span style=\"font-size: 14pt;\">Utiliser un budget selon le mod\u00e8le qui vous sera remis.<\/span><\/li>\n<\/ul>\n<h4><span style=\"font-size: 14pt;\">R\u00e9union 5<\/span><\/h4>\n<p><span style=\"font-size: 14pt;\">Vous apprendrez \u00e0:<\/span><\/p>\n<ul>\n<li><span style=\"font-size: 14pt;\">Faire des tableaux crois\u00e9s dynamiques.<\/span><\/li>\n<li><span style=\"font-size: 14pt;\">Pr\u00e9senter des donn\u00e9es sous forme de plan.<\/span><\/li>\n<li><span style=\"font-size: 14pt;\">Regrouper des lignes ou des colonnes d&rsquo;une liste de donn\u00e9es et d&rsquo;afficher des sous-totaux pour chaque groupe.<\/span><\/li>\n<li><span style=\"font-size: 14pt;\">Construire une base de donn\u00e9es.<\/span><\/li>\n<li><span style=\"font-size: 14pt;\">Cr\u00e9er un menu dans un classeur.<\/span><\/li>\n<li><span style=\"font-size: 14pt;\">Voir les fonctions Atteindre et Rang.<\/span><\/li>\n<\/ul>\n<h4><span style=\"font-size: 14pt; color: #000000;\">R\u00e9union 6\u00a0<\/span><\/h4>\n<p><span style=\"font-size: 14pt;\">Il est possible que le contenu pr\u00e9vu \u00e0 chaque r\u00e9union ne puisse \u00eatre atteint selon l&rsquo;horaire \u00e9tabli. La r\u00e9union 6, permettra de terminer l&rsquo;apprentissage complet ou d\u2019offrir des compl\u00e9ments d\u2019information.<\/span><\/p>\n<h2><span style=\"font-size: 18pt; color: #333399;\"><strong>Quand<\/strong><\/span><\/h2>\n<p><span style=\"font-size: 14pt;\">L\u2019atelier se compose de 6 r\u00e9unions de 2 heures. Les r\u00e9unions ont lieu le <b>lundi <\/b>de 19h30 \u00e0 21h30 aux dates suivantes :<\/span><\/p>\n<ul>\n<li><\/li>\n<\/ul>\n<h2><span style=\"color: #333399; font-size: 18pt;\"><strong>O\u00f9<\/strong><\/span><\/h2>\n<p><span style=\"font-size: 18.6667px; color: #000000;\">L&rsquo;atelier est donn\u00e9 en vid\u00e9oconf\u00e9rence avec l&rsquo;application Zoom.\u00a0 Un lien de connexion vous sera transmis avant chaque r\u00e9union.<\/span><\/p>\n<p>Le bouton \u00ab\u00a0Inscription \u00e0 l&rsquo;atelier\u00a0\u00bb ci-dessous n&rsquo;est pas fonctionnel \u00e0 l&rsquo;ext\u00e9rieur des p\u00e9riodes d&rsquo;inscriptions aux ateliers.<\/p>\n<p><a href=\"https:\/\/cimbcc.org\/test2\/partage-de-connaissances\/les-ateliers\/atelier-excel\/formulaire-atelier-excel-2\" target=\"_blank\" rel=\"noopener\"><button>Inscription \u00e0 l&rsquo;atelier<\/button><\/a><\/p>\n<h2><span style=\"font-size: 18pt; color: #333399;\"><strong>Responsables de l\u2019atelier<\/strong><\/span><\/h2>\n<p>\t\t\t\t\t\t<div class=\"gallery_box_single\">\n\t\t\t\t\t\t\t\t\t\t\t\t\t\t\t<div class=\"gallery gllr_grid\" data-gllr-columns=\"100\" data-gllr-border-width=\"10\">\n\t\t\t\t\t\t\t\t\t\t\t\t\t\t\t\t\t\t\t\t<div class=\"gllr_image_row\">\n\t\t\t\t\t\t\t\t\t\t\t\t\t\t\t\t\t\t\t\t\t<div class=\"gllr_image_block\">\n\t\t\t\t\t\t\t\t\t\t\t\t<p style=\"\n\t\t\t\t\t\t\t\t\t\t\t\twidth:145px;height:145px;\t\t\t\t\t\t\t\t\t\t\t\t\">\n\t\t\t\t\t\t\t\t\t\t\t\t\t\t\t\t\t\t\t\t\t\t\t\t\t\t\t\t<a data-fancybox=\"gallery_fancybox_24365\" href=\"https:\/\/cimbcc.org\/test2\/wp-content\/uploads\/photo_dufresne_celine.jpg\" title=\"C\u00e9line Dufresne\" >\n\t\t\t\t\t\t\t\t\t\t\t\t\t\t\t\t<img decoding=\"async\" width=&quot;125&quot; height=&quot;125&quot; style=\"width:125px; height:125px; border-width: 10px; border-color:#f1f1f1;border: 10px solid #f1f1f1\" alt=\"\" title=\"C\u00e9line Dufresne\" src=\"https:\/\/cimbcc.org\/test2\/wp-content\/uploads\/photo_dufresne_celine.jpg\" rel=\"https:\/\/cimbcc.org\/test2\/wp-content\/uploads\/photo_dufresne_celine.jpg\" \/>\t\t\t\t\t\t\t\t\t\t\t\t\t\t\t<\/a>\n\t\t\t\t\t\t\t\t\t\t\t\t\t\t\t\t\t\t\t\t\t\t\t\t\t\t<\/p>\n\t\t\t\t\t\t\t\t\t\t\t\t\t\t\t\t\t\t\t\t\t\t\t\t\t<div \n\t\t\t\t\t\t\t\t\t\t\t\t\tstyle=\"width:145px;\"\t\t\t\t\t\t\t\t\t\t\t\t\tclass=\"gllr_single_image_text gllr_single_image_text_under\">C\u00e9line Dufresne&nbsp;<\/div>\n\t\t\t\t\t\t\t\t\t\t\t\t\t\t\t\t\t\t\t\t\t\t\t<\/div><!-- .gllr_image_block -->\n\t\t\t\t\t\t\t\t\t\t\t\t\t\t\t\t\t\t\t\t\t<div class=\"gllr_image_block\">\n\t\t\t\t\t\t\t\t\t\t\t\t<p style=\"\n\t\t\t\t\t\t\t\t\t\t\t\twidth:145px;height:145px;\t\t\t\t\t\t\t\t\t\t\t\t\">\n\t\t\t\t\t\t\t\t\t\t\t\t\t\t\t\t\t\t\t\t\t\t\t\t\t\t\t\t<a data-fancybox=\"gallery_fancybox_24365\" href=\"https:\/\/cimbcc.org\/test2\/wp-content\/uploads\/photo_barabe_danielle-1.jpg\" title=\"Danielle Barab\u00e9\" >\n\t\t\t\t\t\t\t\t\t\t\t\t\t\t\t\t<img decoding=\"async\" width=&quot;125&quot; height=&quot;125&quot; style=\"width:125px; height:125px; border-width: 10px; border-color:#f1f1f1;border: 10px solid #f1f1f1\" alt=\"\" title=\"Danielle Barab\u00e9\" src=\"https:\/\/cimbcc.org\/test2\/wp-content\/uploads\/photo_barabe_danielle-1.jpg\" rel=\"https:\/\/cimbcc.org\/test2\/wp-content\/uploads\/photo_barabe_danielle-1.jpg\" \/>\t\t\t\t\t\t\t\t\t\t\t\t\t\t\t<\/a>\n\t\t\t\t\t\t\t\t\t\t\t\t\t\t\t\t\t\t\t\t\t\t\t\t\t\t<\/p>\n\t\t\t\t\t\t\t\t\t\t\t\t\t\t\t\t\t\t\t\t\t\t\t\t\t<div \n\t\t\t\t\t\t\t\t\t\t\t\t\tstyle=\"width:145px;\"\t\t\t\t\t\t\t\t\t\t\t\t\tclass=\"gllr_single_image_text gllr_single_image_text_under\">Danielle Barab\u00e9&nbsp;<\/div>\n\t\t\t\t\t\t\t\t\t\t\t\t\t\t\t\t\t\t\t\t\t\t\t<\/div><!-- .gllr_image_block -->\n\t\t\t\t\t\t\t\t\t\t\t\t\t\t\t\t\t\t\t\t\t<div class=\"gllr_image_block\">\n\t\t\t\t\t\t\t\t\t\t\t\t<p style=\"\n\t\t\t\t\t\t\t\t\t\t\t\twidth:145px;height:145px;\t\t\t\t\t\t\t\t\t\t\t\t\">\n\t\t\t\t\t\t\t\t\t\t\t\t\t\t\t\t\t\t\t\t\t\t\t\t\t\t\t\t<a data-fancybox=\"gallery_fancybox_24365\" href=\"https:\/\/cimbcc.org\/test2\/wp-content\/uploads\/photo_paul_michel.jpg\" title=\"Michel Paul\" >\n\t\t\t\t\t\t\t\t\t\t\t\t\t\t\t\t<img decoding=\"async\" width=&quot;125&quot; height=&quot;125&quot; style=\"width:125px; height:125px; border-width: 10px; border-color:#f1f1f1;border: 10px solid #f1f1f1\" alt=\"\" title=\"Michel Paul\" src=\"https:\/\/cimbcc.org\/test2\/wp-content\/uploads\/photo_paul_michel.jpg\" rel=\"https:\/\/cimbcc.org\/test2\/wp-content\/uploads\/photo_paul_michel.jpg\" \/>\t\t\t\t\t\t\t\t\t\t\t\t\t\t\t<\/a>\n\t\t\t\t\t\t\t\t\t\t\t\t\t\t\t\t\t\t\t\t\t\t\t\t\t\t<\/p>\n\t\t\t\t\t\t\t\t\t\t\t\t\t\t\t\t\t\t\t\t\t\t\t\t\t<div \n\t\t\t\t\t\t\t\t\t\t\t\t\tstyle=\"width:145px;\"\t\t\t\t\t\t\t\t\t\t\t\t\tclass=\"gllr_single_image_text gllr_single_image_text_under\">Michel Paul&nbsp;<\/div>\n\t\t\t\t\t\t\t\t\t\t\t\t\t\t\t\t\t\t\t\t\t\t\t<\/div><!-- .gllr_image_block -->\n\t\t\t\t\t\t\t\t\t\t\t\t\t\t\t\t\t\t\t\t\t<div class=\"clear\"><\/div>\n\t\t\t\t\t\t\t\t\t\t<\/div><!-- .gllr_image_row -->\n\t\t\t\t\t\t\t\t\t\t\t\t\t\t\t\t\t<\/div><!-- .gallery.clearfix -->\n\t\t\t\t\t\t\t\t\t\t\t\t\t\t<\/div><!-- .gallery_box_single -->\n\t\t\t\t\t\t<div class=\"gllr_clear\"><\/div>\n\t\t\t\t\t\t<br \/>\n<span style=\"font-size: x-small;\">Derni\u00e8re r\u00e9vision de cette page : novembre 2024. <\/span><span style=\"font-size: x-small;\">Responsable de la mise \u00e0 jour de cette page : Danielle Barab\u00e9.<\/span><\/p>\n","protected":false},"excerpt":{"rendered":"<p>CET ATELIER N&rsquo;EST PAS OFFERT \u00c0 L&rsquo;HIVER 2025 \u00c0 qui s\u2019adresse l\u2019atelier Aux membres qui n&rsquo;ont pas ou peu de connaissances d&rsquo;Excel et qui veulent se familiariser avec ce logiciel ou approfondir leurs connaissances et apprendre des fonctions plus avanc\u00e9es. Description de l\u2019atelier Excel est \u00e0 la base un logiciel pour faire des calculs, mais &hellip; <a href=\"https:\/\/cimbcc.org\/test2\/gallery\/atelier_excel-inter\/\" class=\"more-link\">Continuer la lecture de <span class=\"screen-reader-text\">Atelier_Excel-inter<\/span>  <span class=\"meta-nav\">&rarr;<\/span><\/a><\/p>\n","protected":false},"author":23,"featured_media":0,"parent":100,"menu_order":180,"comment_status":"closed","ping_status":"closed","template":"","meta":{"footnotes":""},"class_list":["post-23099","page","type-page","status-publish","hentry"],"_links":{"self":[{"href":"https:\/\/cimbcc.org\/test2\/wp-json\/wp\/v2\/pages\/23099","targetHints":{"allow":["GET"]}}],"collection":[{"href":"https:\/\/cimbcc.org\/test2\/wp-json\/wp\/v2\/pages"}],"about":[{"href":"https:\/\/cimbcc.org\/test2\/wp-json\/wp\/v2\/types\/page"}],"author":[{"embeddable":true,"href":"https:\/\/cimbcc.org\/test2\/wp-json\/wp\/v2\/users\/23"}],"replies":[{"embeddable":true,"href":"https:\/\/cimbcc.org\/test2\/wp-json\/wp\/v2\/comments?post=23099"}],"version-history":[{"count":68,"href":"https:\/\/cimbcc.org\/test2\/wp-json\/wp\/v2\/pages\/23099\/revisions"}],"predecessor-version":[{"id":51384,"href":"https:\/\/cimbcc.org\/test2\/wp-json\/wp\/v2\/pages\/23099\/revisions\/51384"}],"up":[{"embeddable":true,"href":"https:\/\/cimbcc.org\/test2\/wp-json\/wp\/v2\/pages\/100"}],"wp:attachment":[{"href":"https:\/\/cimbcc.org\/test2\/wp-json\/wp\/v2\/media?parent=23099"}],"curies":[{"name":"wp","href":"https:\/\/api.w.org\/{rel}","templated":true}]}}