{"id":24396,"date":"2019-02-27T14:48:10","date_gmt":"2019-02-27T19:48:10","guid":{"rendered":"https:\/\/cimbcc.org\/test2\/?page_id=24396"},"modified":"2025-05-30T11:34:51","modified_gmt":"2025-05-30T15:34:51","slug":"creations-des-membres-maj","status":"publish","type":"page","link":"https:\/\/cimbcc.org\/test2\/creations-des-membres-maj\/","title":{"rendered":"Cr\u00e9ations des membres"},"content":{"rendered":"\n<p><em><span style=\"font-size: 14pt;\">La section Cr\u00e9ations des membres offre une fen\u00eatre sur des sites Web, des pages Facebook&nbsp; et d&rsquo;autres publications cr\u00e9\u00e9s par des membres du Club.<\/span><\/em><\/p>\n\n\n\n<p>POLITIQUE DE PUBLICATION DES SITES DES MEMBRES<\/p>\n\n\n\n<ol class=\"wp-block-list\">\n<li>Seuls les membres du Club CIMBCC peuvent inscrire leur site web.<\/li>\n\n\n\n<li>La publicit\u00e9 pour un site commercial, politique ou religieux op\u00e9r\u00e9 par un membre ne sera pas autoris\u00e9e afin de respecter notre politique de neutralit\u00e9.<\/li>\n\n\n\n<li>Le site devra \u00eatre&nbsp; d\u2019une certaine ampleur.<\/li>\n<\/ol>\n\n\n\n<p>Une nouvelle cr\u00e9ation est annonc\u00e9e par un article dans le CHIP pour que les membres soient inform\u00e9s de l\u2019ajout d\u2019une nouvelle cr\u00e9ation.<\/p>\n\n\n\n<p><strong>Soumission d&rsquo;une cr\u00e9ation<\/strong><\/p>\n\n\n\n<p>Si vous voulez soumettre une cr\u00e9ation pour publication sur le site, indiquez votre int\u00e9r\u00eat sur le formulaire en ligne contenu sur <a href=\"https:\/\/cimbcc.org\/test2\/nous-joindre\/nous-joindre-autres-questions\"><span style=\"text-decoration: underline;\"><strong><span style=\"color: #339966; text-decoration: underline;\">cette page<\/span><\/strong><\/span><\/a> en indiquant que votre message est destin\u00e9 \u00e0 Roch Lafrance.<\/p>\n\n\n\n<p>roch.lafrance@videotron.ca<\/p>\n\n\n\n<p style=\"font-size:10px\">Mise \u00e0 jour Gutenberg 2025 05 30 Jean Presne<\/p>\n\n\n\n<address><span style=\"font-size: x-small;\">Derni\u00e8re r\u00e9vision de cette page : ao\u00fbt 2024. Jean Presne<\/span><\/address>\n\n\n\n<address><span style=\"font-size: x-small;\">Responsable de la mise \u00e0 jour de cette page : Roch Lafrance.&nbsp;<\/span><\/address>\n","protected":false},"excerpt":{"rendered":"<p>La section Cr\u00e9ations des membres offre une fen\u00eatre sur des sites Web, des pages Facebook&nbsp; et d&rsquo;autres publications cr\u00e9\u00e9s par des membres du Club. POLITIQUE DE PUBLICATION DES SITES DES MEMBRES Une nouvelle cr\u00e9ation est annonc\u00e9e par un article dans le CHIP pour que les membres soient inform\u00e9s de l\u2019ajout d\u2019une nouvelle cr\u00e9ation. Soumission d&rsquo;une &hellip; <a href=\"https:\/\/cimbcc.org\/test2\/creations-des-membres-maj\/\" class=\"more-link\">Continuer la lecture de <span class=\"screen-reader-text\">Cr\u00e9ations des membres<\/span>  <span class=\"meta-nav\">&rarr;<\/span><\/a><\/p>\n","protected":false},"author":34,"featured_media":0,"parent":0,"menu_order":7,"comment_status":"closed","ping_status":"closed","template":"","meta":{"footnotes":""},"class_list":["post-24396","page","type-page","status-publish","hentry"],"_links":{"self":[{"href":"https:\/\/cimbcc.org\/test2\/wp-json\/wp\/v2\/pages\/24396","targetHints":{"allow":["GET"]}}],"collection":[{"href":"https:\/\/cimbcc.org\/test2\/wp-json\/wp\/v2\/pages"}],"about":[{"href":"https:\/\/cimbcc.org\/test2\/wp-json\/wp\/v2\/types\/page"}],"author":[{"embeddable":true,"href":"https:\/\/cimbcc.org\/test2\/wp-json\/wp\/v2\/users\/34"}],"replies":[{"embeddable":true,"href":"https:\/\/cimbcc.org\/test2\/wp-json\/wp\/v2\/comments?post=24396"}],"version-history":[{"count":54,"href":"https:\/\/cimbcc.org\/test2\/wp-json\/wp\/v2\/pages\/24396\/revisions"}],"predecessor-version":[{"id":53667,"href":"https:\/\/cimbcc.org\/test2\/wp-json\/wp\/v2\/pages\/24396\/revisions\/53667"}],"wp:attachment":[{"href":"https:\/\/cimbcc.org\/test2\/wp-json\/wp\/v2\/media?parent=24396"}],"curies":[{"name":"wp","href":"https:\/\/api.w.org\/{rel}","templated":true}]}}