{"id":252,"date":"2011-07-04T08:40:30","date_gmt":"2011-07-04T13:40:30","guid":{"rendered":"https:\/\/cimbcc.org\/test2\/?page_id=252"},"modified":"2025-05-14T16:24:31","modified_gmt":"2025-05-14T20:24:31","slug":"autres-services","status":"publish","type":"page","link":"https:\/\/cimbcc.org\/test2\/autres-services\/","title":{"rendered":"Autres services"},"content":{"rendered":"\n<p><em><span style=\"font-size: 14pt;\">Au-del\u00e0 des activit\u00e9s de partage de connaissances et d&rsquo;entraide, le Club offre d&rsquo;autres activit\u00e9s \u00e0 ses membres.<\/span><\/em><\/p>\n\n\n\n<p><em><span style=\"font-size: 14pt;\">Le Club a mis en place les activit\u00e9s d\u00e9crites bri\u00e8vement ci-apr\u00e8s. Pour obtenir plus d\u2019information sur une activit\u00e9, cliquez sur le lien correspondant qui appara\u00eet lorsque vous pointez (sans cliquer) l\u2019onglet Autres services :<\/span><\/em><\/p>\n\n\n\n<h5 class=\"wp-block-heading\">Accueil en salle<\/h5>\n\n\n\n<p>Lors des s\u00e9ances au Chalet Marie-Victorin, des b\u00e9n\u00e9voles sont disponibles \u00e0 l&rsquo;entr\u00e9e de la salle pour prendre les pr\u00e9sences, r\u00e9pondre aux questions des visiteurs et des membres, effectuer le renouvellement de l&rsquo;adh\u00e9sion des membres et inscrire les nouveaux membres.<\/p>\n\n\n\n<h5 class=\"wp-block-heading\">Activit\u00e9s sociales<\/h5>\n\n\n\n<p>Le Club organise quelques activit\u00e9s sociales. Ces activit\u00e9s permettent aux membres et aux b\u00e9n\u00e9voles de se rencontrer et de fraterniser dans une atmosph\u00e8re d\u00e9contract\u00e9e.<\/p>\n\n\n\n<h5 class=\"wp-block-heading\">Adh\u00e9sion t\u00e9l\u00e9phonique et accompagnement<\/h5>\n\n\n\n<p>Cette \u00e9quipe offre un service d&rsquo;information et d&rsquo;inscription par t\u00e9l\u00e9phone aux personnes qui d\u00e9sirent adh\u00e9rer au Club. Ces b\u00e9n\u00e9voles assurent \u00e9galement un suivi aupr\u00e8s des nouveaux membres.<\/p>\n\n\n\n<h5 class=\"wp-block-heading\">Communication avec les membres et le public<\/h5>\n\n\n\n<p>Chaque semaine, ces b\u00e9n\u00e9voles envoient un courriel aux membres pour les informer du programme hebdomadaire des activit\u00e9s du Club. Elles assurent \u00e9galement la publication d&rsquo;information sur le Club dans les m\u00e9dias locaux (journal, site de la Ville et autres). Enfin, elles r\u00e9pondent aux demandes d&rsquo;information re\u00e7ues \u00e0 l&rsquo;adresse cimbcc@cimbcc.org.<\/p>\n\n\n\n<h5 class=\"wp-block-heading\">Journ\u00e9e d&rsquo;information<\/h5>\n\n\n\n<p>Cette activit\u00e9 se tient d\u00e9but septembre au Centre communautaire de Saint-Bruno o\u00f9 le public est invit\u00e9e \u00e0 y assister pour s&rsquo;informer sur le Club et y adh\u00e9rer. Les membres existants peuvent \u00e9galement y renouveler leur adh\u00e9sion si n\u00e9cessaire.<\/p>\n\n\n\n<h5 class=\"wp-block-heading\">R\u00e9cup\u00e9ration de mat\u00e9riel informatique<\/h5>\n\n\n\n<p>Des b\u00e9n\u00e9voles du Club donnent leur temps pour le d\u00e9montage et la remise en service d\u2019ordinateurs r\u00e9utilisables : une excellente fa\u00e7on de recycler les <em>serpuariens<\/em>.<br>Vous pouvez donner une deuxi\u00e8me vie \u00e0 vos appareils en les apportant \u00e0 l\u2019atelier de recyclage du Club informatique. Vous pouvez aussi y acheter des \u00e9quipements recycl\u00e9s \u00e0 prix modiques.<\/p>\n\n\n\n<h5 class=\"wp-block-heading\">Site Web<\/h5>\n\n\n\n<p>Le site donne acc\u00e8s aux articles du blogue appel\u00e9 CHIP, aux calendriers des pr\u00e9sentations et des ateliers, aux d\u00e9tails sur les prochaines pr\u00e9sentations, aux d\u00e9tails sur les ateliers et aux notes des pr\u00e9sentations.<br>Il offre aussi la possibilit\u00e9 d&rsquo;adh\u00e9rer au Club ou de renouveler votre adh\u00e9sion au Club en ligne.<\/p>\n\n\n\n<div class=\"wp-block-group\"><div class=\"wp-block-group__inner-container is-layout-constrained wp-block-group-is-layout-constrained\">\n<div style=\"height:50px\" aria-hidden=\"true\" class=\"wp-block-spacer\"><\/div>\n\n\n\n<p class=\"has-small-font-size\">Derni\u00e8re r\u00e9vision de cette page : ao\u00fbt 2024.<\/p>\n\n\n\n<p class=\"has-small-font-size\">Responsable de la mise \u00e0 jour de cette page : Sylvain Garneau.<\/p>\n<\/div><\/div>\n\n\n\n<p><\/p>\n","protected":false},"excerpt":{"rendered":"<p>Au-del\u00e0 des activit\u00e9s de partage de connaissances et d&rsquo;entraide, le Club offre d&rsquo;autres activit\u00e9s \u00e0 ses membres. Le Club a mis en place les activit\u00e9s d\u00e9crites bri\u00e8vement ci-apr\u00e8s. Pour obtenir plus d\u2019information sur une activit\u00e9, cliquez sur le lien correspondant qui appara\u00eet lorsque vous pointez (sans cliquer) l\u2019onglet Autres services : Accueil en salle Lors &hellip; <a href=\"https:\/\/cimbcc.org\/test2\/autres-services\/\" class=\"more-link\">Continuer la lecture de <span class=\"screen-reader-text\">Autres services<\/span>  <span class=\"meta-nav\">&rarr;<\/span><\/a><\/p>\n","protected":false},"author":33,"featured_media":0,"parent":0,"menu_order":6,"comment_status":"closed","ping_status":"closed","template":"","meta":{"footnotes":""},"class_list":["post-252","page","type-page","status-publish","hentry"],"_links":{"self":[{"href":"https:\/\/cimbcc.org\/test2\/wp-json\/wp\/v2\/pages\/252","targetHints":{"allow":["GET"]}}],"collection":[{"href":"https:\/\/cimbcc.org\/test2\/wp-json\/wp\/v2\/pages"}],"about":[{"href":"https:\/\/cimbcc.org\/test2\/wp-json\/wp\/v2\/types\/page"}],"author":[{"embeddable":true,"href":"https:\/\/cimbcc.org\/test2\/wp-json\/wp\/v2\/users\/33"}],"replies":[{"embeddable":true,"href":"https:\/\/cimbcc.org\/test2\/wp-json\/wp\/v2\/comments?post=252"}],"version-history":[{"count":47,"href":"https:\/\/cimbcc.org\/test2\/wp-json\/wp\/v2\/pages\/252\/revisions"}],"predecessor-version":[{"id":53550,"href":"https:\/\/cimbcc.org\/test2\/wp-json\/wp\/v2\/pages\/252\/revisions\/53550"}],"wp:attachment":[{"href":"https:\/\/cimbcc.org\/test2\/wp-json\/wp\/v2\/media?parent=252"}],"curies":[{"name":"wp","href":"https:\/\/api.w.org\/{rel}","templated":true}]}}