{"id":25669,"date":"2019-03-13T01:32:13","date_gmt":"2019-03-13T05:32:13","guid":{"rendered":"https:\/\/cimbcc.org\/test2\/?page_id=25669"},"modified":"2025-05-04T18:21:55","modified_gmt":"2025-05-04T22:21:55","slug":"nous-joindre-les-cours-dinitiation-a-la-bibliotheque","status":"publish","type":"page","link":"https:\/\/cimbcc.org\/test2\/nous-joindre\/nous-joindre-les-cours-dinitiation-a-la-bibliotheque\/","title":{"rendered":"Nous joindre &#8211; Les cours offerts dans les biblioth\u00e8ques"},"content":{"rendered":"<div class=\"wp-block-image\">\n<figure class=\"aligncenter\"><img loading=\"lazy\" decoding=\"async\" width=\"300\" height=\"199\" src=\"https:\/\/cimbcc.org\/test2\/wp-content\/uploads\/image_initiation_biblioth\u00e8que-300x199.jpg\" alt=\"\" class=\"wp-image-25999\" srcset=\"https:\/\/cimbcc.org\/test2\/wp-content\/uploads\/image_initiation_biblioth\u00e8que-300x199.jpg 300w, https:\/\/cimbcc.org\/test2\/wp-content\/uploads\/image_initiation_biblioth\u00e8que-768x509.jpg 768w, https:\/\/cimbcc.org\/test2\/wp-content\/uploads\/image_initiation_biblioth\u00e8que-1024x678.jpg 1024w, https:\/\/cimbcc.org\/test2\/wp-content\/uploads\/image_initiation_biblioth\u00e8que-120x80.jpg 120w\" sizes=\"auto, (max-width: 300px) 100vw, 300px\" \/><\/figure>\n<\/div>\n\n\n<p><\/p>\n\n\n\n<p>En collaboration avec les biblioth\u00e8ques de Saint-Bruno, de Saint-Basile et de Sainte-Julie, le Club offre des cours d&rsquo;initiation \u00e0 l&rsquo;ordinateur et \u00e0 Internet portant sur la navigation sur Internet et le courrier \u00e9lectronique.<\/p>\n\n\n\n<p>Ces cours sont offerts gratuitement aux membres et aux non-membres du Club.<\/p>\n\n\n\n<p>Pour renseignements et inscription, appelez Michel Gagn\u00e9 au 450 653-4973.<\/p>\n\n\n\n<p><span style=\"font-size: x-small;\">Derni\u00e8re r\u00e9vision de cette page : ao\u00fbt 2024.<\/span><\/p>\n\n\n\n<p><span style=\"font-size: x-small;\">Responsable de la mise \u00e0 jour de cette page : Michel Gagn\u00e9.&nbsp;<\/span><\/p>\n","protected":false},"excerpt":{"rendered":"<p>En collaboration avec les biblioth\u00e8ques de Saint-Bruno, de Saint-Basile et de Sainte-Julie, le Club offre des cours d&rsquo;initiation \u00e0 l&rsquo;ordinateur et \u00e0 Internet portant sur la navigation sur Internet et le courrier \u00e9lectronique. Ces cours sont offerts gratuitement aux membres et aux non-membres du Club. Pour renseignements et inscription, appelez Michel Gagn\u00e9 au 450 653-4973. &hellip; <a href=\"https:\/\/cimbcc.org\/test2\/nous-joindre\/nous-joindre-les-cours-dinitiation-a-la-bibliotheque\/\" class=\"more-link\">Continuer la lecture de <span class=\"screen-reader-text\">Nous joindre &#8211; Les cours offerts dans les biblioth\u00e8ques<\/span>  <span class=\"meta-nav\">&rarr;<\/span><\/a><\/p>\n","protected":false},"author":33,"featured_media":0,"parent":25589,"menu_order":30,"comment_status":"closed","ping_status":"closed","template":"","meta":{"footnotes":""},"class_list":["post-25669","page","type-page","status-publish","hentry"],"_links":{"self":[{"href":"https:\/\/cimbcc.org\/test2\/wp-json\/wp\/v2\/pages\/25669","targetHints":{"allow":["GET"]}}],"collection":[{"href":"https:\/\/cimbcc.org\/test2\/wp-json\/wp\/v2\/pages"}],"about":[{"href":"https:\/\/cimbcc.org\/test2\/wp-json\/wp\/v2\/types\/page"}],"author":[{"embeddable":true,"href":"https:\/\/cimbcc.org\/test2\/wp-json\/wp\/v2\/users\/33"}],"replies":[{"embeddable":true,"href":"https:\/\/cimbcc.org\/test2\/wp-json\/wp\/v2\/comments?post=25669"}],"version-history":[{"count":17,"href":"https:\/\/cimbcc.org\/test2\/wp-json\/wp\/v2\/pages\/25669\/revisions"}],"predecessor-version":[{"id":53452,"href":"https:\/\/cimbcc.org\/test2\/wp-json\/wp\/v2\/pages\/25669\/revisions\/53452"}],"up":[{"embeddable":true,"href":"https:\/\/cimbcc.org\/test2\/wp-json\/wp\/v2\/pages\/25589"}],"wp:attachment":[{"href":"https:\/\/cimbcc.org\/test2\/wp-json\/wp\/v2\/media?parent=25669"}],"curies":[{"name":"wp","href":"https:\/\/api.w.org\/{rel}","templated":true}]}}