{"id":25712,"date":"2019-03-13T14:15:19","date_gmt":"2019-03-13T18:15:19","guid":{"rendered":"https:\/\/cimbcc.org\/test2\/?page_id=25712"},"modified":"2025-05-04T18:50:29","modified_gmt":"2025-05-04T22:50:29","slug":"nous-joindre-changement-de-profil-de-membre-du-club","status":"publish","type":"page","link":"https:\/\/cimbcc.org\/test2\/nous-joindre\/nous-joindre-changement-de-profil-de-membre-du-club\/","title":{"rendered":"Nous joindre &#8211; Changement de profil de membre du Club"},"content":{"rendered":"<div class=\"wp-block-image\">\n<figure class=\"aligncenter\"><img loading=\"lazy\" decoding=\"async\" width=\"300\" height=\"199\" src=\"https:\/\/cimbcc.org\/test2\/wp-content\/uploads\/image_changement_profile_membre-300x199.jpg\" alt=\"\" class=\"wp-image-26006\" srcset=\"https:\/\/cimbcc.org\/test2\/wp-content\/uploads\/image_changement_profile_membre-300x199.jpg 300w, https:\/\/cimbcc.org\/test2\/wp-content\/uploads\/image_changement_profile_membre-768x510.jpg 768w, https:\/\/cimbcc.org\/test2\/wp-content\/uploads\/image_changement_profile_membre-1024x680.jpg 1024w, https:\/\/cimbcc.org\/test2\/wp-content\/uploads\/image_changement_profile_membre-120x80.jpg 120w\" sizes=\"auto, (max-width: 300px) 100vw, 300px\" \/><\/figure>\n<\/div>\n\n\n<p><br>Les membres du Club doivent informer le Club de tout changement d&rsquo;adresse \u00e9lectronique, de code postal ou de num\u00e9ro de t\u00e9l\u00e9phone.<\/p>\n\n\n\n<p>Lorsqu&rsquo;un membre informe le Club d&rsquo;une nouvelle adresse \u00e9lectronique, les messages hebdomadaires du Club et les articles du CHIP sont automatiquement dirig\u00e9s vers cette nouvelle adresse.<\/p>\n\n\n\n<p>Les changements au profil d&rsquo;un membre peuvent \u00eatre faits :<\/p>\n\n\n\n<ul class=\"wp-block-list\">\n<li><strong>en personne<\/strong> : en informant un b\u00e9n\u00e9vole de l\u2019accueil lors d&rsquo;une s\u00e9ance du vendredi,<\/li>\n\n\n\n<li><strong>en ligne <\/strong><strong>:<\/strong>\u00a0en remplissant le formulaire suivant, puis en cliquant sur le bouton\u00a0<strong><em>Envoyer<\/em><\/strong>.<\/li>\n<\/ul>\n\n\n\n<p>\n<div class=\"wpcf7 no-js\" id=\"wpcf7-f22422-o1\" lang=\"fr-FR\" dir=\"ltr\" data-wpcf7-id=\"22422\">\n<div class=\"screen-reader-response\"><p role=\"status\" aria-live=\"polite\" aria-atomic=\"true\"><\/p> <ul><\/ul><\/div>\n<form action=\"\/test2\/wp-json\/wp\/v2\/pages\/25712#wpcf7-f22422-o1\" method=\"post\" class=\"wpcf7-form init\" aria-label=\"Formulaire de contact\" novalidate=\"novalidate\" data-status=\"init\">\n<div style=\"display: none;\">\n<input type=\"hidden\" name=\"_wpcf7\" value=\"22422\" \/>\n<input type=\"hidden\" name=\"_wpcf7_version\" value=\"6.0.6\" \/>\n<input type=\"hidden\" name=\"_wpcf7_locale\" value=\"fr_FR\" \/>\n<input type=\"hidden\" name=\"_wpcf7_unit_tag\" value=\"wpcf7-f22422-o1\" \/>\n<input type=\"hidden\" name=\"_wpcf7_container_post\" value=\"0\" \/>\n<input type=\"hidden\" name=\"_wpcf7_posted_data_hash\" value=\"\" \/>\n<input type=\"hidden\" name=\"_wpcf7_recaptcha_response\" value=\"\" \/>\n<\/div>\n<style>\ninput, textarea {\nborder: 1px solid grey;\n}\n<\/style>\n<p><label>Votre nom (obligatoire)<br \/>\n<span class=\"wpcf7-form-control-wrap\" data-name=\"your-name\"><input size=\"40\" maxlength=\"400\" class=\"wpcf7-form-control wpcf7-text wpcf7-validates-as-required\" autocomplete=\"name\" aria-required=\"true\" aria-invalid=\"false\" value=\"\" type=\"text\" name=\"your-name\" \/><\/span><\/label>\n<\/p>\n<p><label>Votre adresse \u00e9lectronique (obligatoire)<br \/>\n<span class=\"wpcf7-form-control-wrap\" data-name=\"your-email\"><input size=\"40\" maxlength=\"400\" class=\"wpcf7-form-control wpcf7-email wpcf7-validates-as-required wpcf7-text wpcf7-validates-as-email\" autocomplete=\"email\" aria-required=\"true\" aria-invalid=\"false\" value=\"\" type=\"email\" name=\"your-email\" \/><\/span><\/label>\n<\/p>\n<p><label>Sujet (obligatoire)<br \/>\n<span class=\"wpcf7-form-control-wrap\" data-name=\"mon-sujet\"><input size=\"40\" maxlength=\"400\" class=\"wpcf7-form-control wpcf7-text wpcf7-validates-as-required\" aria-required=\"true\" aria-invalid=\"false\" value=\"\" type=\"text\" name=\"mon-sujet\" \/><\/span><\/label>\n<\/p>\n<p><label>Votre message (obligatoire)<br \/>\n<span class=\"wpcf7-form-control-wrap\" data-name=\"your-message\"><textarea cols=\"80\" rows=\"10\" maxlength=\"2000\" class=\"wpcf7-form-control wpcf7-textarea wpcf7-validates-as-required\" aria-required=\"true\" aria-invalid=\"false\" name=\"your-message\"><\/textarea><\/span><\/label>\n<\/p>\n<p><input class=\"wpcf7-form-control wpcf7-submit has-spinner\" type=\"submit\" value=\"Envoyer\" \/>\n<\/p><p style=\"display: none !important;\" class=\"akismet-fields-container\" data-prefix=\"_wpcf7_ak_\"><label>&#916;<textarea name=\"_wpcf7_ak_hp_textarea\" cols=\"45\" rows=\"8\" maxlength=\"100\"><\/textarea><\/label><input type=\"hidden\" id=\"ak_js_1\" name=\"_wpcf7_ak_js\" value=\"72\"\/><script>document.getElementById( \"ak_js_1\" ).setAttribute( \"value\", ( new Date() ).getTime() );<\/script><\/p><div class=\"wpcf7-response-output\" aria-hidden=\"true\"><\/div>\n<\/form>\n<\/div>\n<br><span style=\"font-size: x-small;\">Derni\u00e8re r\u00e9vision de cette page : ao\u00fbt 2024.<\/span><\/p>\n\n\n\n<p><span style=\"font-size: x-small;\">Responsable de la mise \u00e0 jour de cette page : Michel Gagn\u00e9.&nbsp;<\/span><\/p>\n","protected":false},"excerpt":{"rendered":"<p>Les membres du Club doivent informer le Club de tout changement d&rsquo;adresse \u00e9lectronique, de code postal ou de num\u00e9ro de t\u00e9l\u00e9phone. Lorsqu&rsquo;un membre informe le Club d&rsquo;une nouvelle adresse \u00e9lectronique, les messages hebdomadaires du Club et les articles du CHIP sont automatiquement dirig\u00e9s vers cette nouvelle adresse. Les changements au profil d&rsquo;un membre peuvent \u00eatre &hellip; <a href=\"https:\/\/cimbcc.org\/test2\/nous-joindre\/nous-joindre-changement-de-profil-de-membre-du-club\/\" class=\"more-link\">Continuer la lecture de <span class=\"screen-reader-text\">Nous joindre &#8211; Changement de profil de membre du Club<\/span>  <span class=\"meta-nav\">&rarr;<\/span><\/a><\/p>\n","protected":false},"author":33,"featured_media":0,"parent":25589,"menu_order":60,"comment_status":"closed","ping_status":"closed","template":"","meta":{"footnotes":""},"class_list":["post-25712","page","type-page","status-publish","hentry"],"_links":{"self":[{"href":"https:\/\/cimbcc.org\/test2\/wp-json\/wp\/v2\/pages\/25712","targetHints":{"allow":["GET"]}}],"collection":[{"href":"https:\/\/cimbcc.org\/test2\/wp-json\/wp\/v2\/pages"}],"about":[{"href":"https:\/\/cimbcc.org\/test2\/wp-json\/wp\/v2\/types\/page"}],"author":[{"embeddable":true,"href":"https:\/\/cimbcc.org\/test2\/wp-json\/wp\/v2\/users\/33"}],"replies":[{"embeddable":true,"href":"https:\/\/cimbcc.org\/test2\/wp-json\/wp\/v2\/comments?post=25712"}],"version-history":[{"count":17,"href":"https:\/\/cimbcc.org\/test2\/wp-json\/wp\/v2\/pages\/25712\/revisions"}],"predecessor-version":[{"id":53461,"href":"https:\/\/cimbcc.org\/test2\/wp-json\/wp\/v2\/pages\/25712\/revisions\/53461"}],"up":[{"embeddable":true,"href":"https:\/\/cimbcc.org\/test2\/wp-json\/wp\/v2\/pages\/25589"}],"wp:attachment":[{"href":"https:\/\/cimbcc.org\/test2\/wp-json\/wp\/v2\/media?parent=25712"}],"curies":[{"name":"wp","href":"https:\/\/api.w.org\/{rel}","templated":true}]}}