{"id":25722,"date":"2019-03-13T14:33:10","date_gmt":"2019-03-13T18:33:10","guid":{"rendered":"https:\/\/cimbcc.org\/test2\/?page_id=25722"},"modified":"2025-05-04T19:36:35","modified_gmt":"2025-05-04T23:36:35","slug":"nous-joindre-autres-questions","status":"publish","type":"page","link":"https:\/\/cimbcc.org\/test2\/nous-joindre\/nous-joindre-autres-questions\/","title":{"rendered":"Nous joindre &#8211; Autres questions"},"content":{"rendered":"<div class=\"wp-block-image\">\n<figure class=\"aligncenter\"><img loading=\"lazy\" decoding=\"async\" width=\"300\" height=\"182\" src=\"https:\/\/cimbcc.org\/test2\/wp-content\/uploads\/image_autres_questions-300x182.jpg\" alt=\"\" class=\"wp-image-26012\" srcset=\"https:\/\/cimbcc.org\/test2\/wp-content\/uploads\/image_autres_questions-300x182.jpg 300w, https:\/\/cimbcc.org\/test2\/wp-content\/uploads\/image_autres_questions-768x465.jpg 768w, https:\/\/cimbcc.org\/test2\/wp-content\/uploads\/image_autres_questions-1024x620.jpg 1024w\" sizes=\"auto, (max-width: 300px) 100vw, 300px\" \/><\/figure>\n<\/div>\n\n\n<p><br><strong>Les membres du Club et les non-membres peuvent utiliser les&nbsp; moyens de communication suivants pour envoyer un message ou une question \u00e0 un b\u00e9n\u00e9vole du Club.<\/strong><\/p>\n\n\n\n<h5 class=\"wp-block-heading\">1.&nbsp; Formulaire en ligne<\/h5>\n\n\n\n<p><span style=\"background-color: #ffffff;\">R<\/span>emplissez le formulaire suivant, puis cliquez sur le bouton <strong><em>Envoyer<\/em><\/strong>.\n<div class=\"wpcf7 no-js\" id=\"wpcf7-f7479-o1\" lang=\"fr-FR\" dir=\"ltr\" data-wpcf7-id=\"7479\">\n<div class=\"screen-reader-response\"><p role=\"status\" aria-live=\"polite\" aria-atomic=\"true\"><\/p> <ul><\/ul><\/div>\n<form action=\"\/test2\/wp-json\/wp\/v2\/pages\/25722#wpcf7-f7479-o1\" method=\"post\" class=\"wpcf7-form init\" aria-label=\"Formulaire de contact\" novalidate=\"novalidate\" data-status=\"init\">\n<div style=\"display: none;\">\n<input type=\"hidden\" name=\"_wpcf7\" value=\"7479\" \/>\n<input type=\"hidden\" name=\"_wpcf7_version\" value=\"6.0.6\" \/>\n<input type=\"hidden\" name=\"_wpcf7_locale\" value=\"fr_FR\" \/>\n<input type=\"hidden\" name=\"_wpcf7_unit_tag\" value=\"wpcf7-f7479-o1\" \/>\n<input type=\"hidden\" name=\"_wpcf7_container_post\" value=\"0\" \/>\n<input type=\"hidden\" name=\"_wpcf7_posted_data_hash\" value=\"\" \/>\n<input type=\"hidden\" name=\"_wpcf7_recaptcha_response\" value=\"\" \/>\n<\/div>\n<style>\ninput, textarea {\nborder: 1px solid grey;\n}\n<\/style>\n<p><label>Votre nom (obligatoire)<br \/>\n<span class=\"wpcf7-form-control-wrap\" data-name=\"your-name\"><input size=\"40\" maxlength=\"400\" class=\"wpcf7-form-control wpcf7-text wpcf7-validates-as-required\" autocomplete=\"name\" aria-required=\"true\" aria-invalid=\"false\" value=\"\" type=\"text\" name=\"your-name\" \/><\/span><\/label>\n<\/p>\n<p><label>Votre adresse \u00e9lectronique (obligatoire)<br \/>\n<span class=\"wpcf7-form-control-wrap\" data-name=\"your-email\"><input size=\"40\" maxlength=\"400\" class=\"wpcf7-form-control wpcf7-email wpcf7-validates-as-required wpcf7-text wpcf7-validates-as-email\" autocomplete=\"email\" aria-required=\"true\" aria-invalid=\"false\" value=\"\" type=\"email\" name=\"your-email\" \/><\/span><\/label>\n<\/p>\n<p>\u00cates-vous membre du Club<br \/>\n<span class=\"wpcf7-form-control-wrap\" data-name=\"Membre_radio-33\"><span class=\"wpcf7-form-control wpcf7-radio\"><span class=\"wpcf7-list-item first\"><label><input type=\"radio\" name=\"Membre_radio-33\" value=\"Oui\" \/><span class=\"wpcf7-list-item-label\">Oui<\/span><\/label><\/span><span class=\"wpcf7-list-item last\"><label><input type=\"radio\" name=\"Membre_radio-33\" value=\"Non\" \/><span class=\"wpcf7-list-item-label\">Non<\/span><\/label><\/span><\/span><\/span>\n<\/p>\n<p><label>Sujet (obligatoire)<br \/>\n<span class=\"wpcf7-form-control-wrap\" data-name=\"mon-sujet\"><input size=\"40\" maxlength=\"400\" class=\"wpcf7-form-control wpcf7-text wpcf7-validates-as-required\" aria-required=\"true\" aria-invalid=\"false\" value=\"\" type=\"text\" name=\"mon-sujet\" \/><\/span><\/label>\n<\/p>\n<p><label>Votre message (obligatoire)<br \/>\n<span class=\"wpcf7-form-control-wrap\" data-name=\"your-message\"><textarea cols=\"80\" rows=\"10\" maxlength=\"2000\" class=\"wpcf7-form-control wpcf7-textarea wpcf7-validates-as-required\" aria-required=\"true\" aria-invalid=\"false\" name=\"your-message\"><\/textarea><\/span><\/label>\n<\/p>\n<p><input class=\"wpcf7-form-control wpcf7-submit has-spinner\" type=\"submit\" value=\"Envoyer\" \/>\n<\/p><p style=\"display: none !important;\" class=\"akismet-fields-container\" data-prefix=\"_wpcf7_ak_\"><label>&#916;<textarea name=\"_wpcf7_ak_hp_textarea\" cols=\"45\" rows=\"8\" maxlength=\"100\"><\/textarea><\/label><input type=\"hidden\" id=\"ak_js_1\" name=\"_wpcf7_ak_js\" value=\"200\"\/><script>document.getElementById( \"ak_js_1\" ).setAttribute( \"value\", ( new Date() ).getTime() );<\/script><\/p><div class=\"wpcf7-response-output\" aria-hidden=\"true\"><\/div>\n<\/form>\n<\/div>\n<\/p>\n\n\n\n<h5 class=\"wp-block-heading\">2.&nbsp; En personne<\/h5>\n\n\n\n<p><span style=\"background-color: #00ff00;\"><span style=\"background-color: #ffffff;\">A<\/span><span style=\"background-color: #ffffff;\">dressez-vous \u00e0<\/span><span style=\"background-color: #ffffff;\">&nbsp;un des b\u00e9n\u00e9voles de l<\/span><span style=\"background-color: #ffffff;\">\u2019accueil lors d&rsquo;une&nbsp;s\u00e9ance de pr\u00e9sentation du vendredi.<\/span><\/span><\/p>\n\n\n\n<address><span style=\"font-size: x-small;\">Derni\u00e8re r\u00e9vision de cette page : ao\u00fbt 2024.<\/span><\/address>\n\n\n\n<address><span style=\"font-size: x-small;\">Responsable de la mise \u00e0 jour de cette page : Michel Gagn\u00e9.&nbsp;<\/span><\/address>\n\n\n\n<p><\/p>\n","protected":false},"excerpt":{"rendered":"<p>Les membres du Club et les non-membres peuvent utiliser les&nbsp; moyens de communication suivants pour envoyer un message ou une question \u00e0 un b\u00e9n\u00e9vole du Club. 1.&nbsp; Formulaire en ligne Remplissez le formulaire suivant, puis cliquez sur le bouton Envoyer. 2.&nbsp; En personne Adressez-vous \u00e0&nbsp;un des b\u00e9n\u00e9voles de l\u2019accueil lors d&rsquo;une&nbsp;s\u00e9ance de pr\u00e9sentation du vendredi. &hellip; <a href=\"https:\/\/cimbcc.org\/test2\/nous-joindre\/nous-joindre-autres-questions\/\" class=\"more-link\">Continuer la lecture de <span class=\"screen-reader-text\">Nous joindre &#8211; Autres questions<\/span>  <span class=\"meta-nav\">&rarr;<\/span><\/a><\/p>\n","protected":false},"author":33,"featured_media":0,"parent":25589,"menu_order":90,"comment_status":"closed","ping_status":"closed","template":"","meta":{"footnotes":""},"class_list":["post-25722","page","type-page","status-publish","hentry"],"_links":{"self":[{"href":"https:\/\/cimbcc.org\/test2\/wp-json\/wp\/v2\/pages\/25722","targetHints":{"allow":["GET"]}}],"collection":[{"href":"https:\/\/cimbcc.org\/test2\/wp-json\/wp\/v2\/pages"}],"about":[{"href":"https:\/\/cimbcc.org\/test2\/wp-json\/wp\/v2\/types\/page"}],"author":[{"embeddable":true,"href":"https:\/\/cimbcc.org\/test2\/wp-json\/wp\/v2\/users\/33"}],"replies":[{"embeddable":true,"href":"https:\/\/cimbcc.org\/test2\/wp-json\/wp\/v2\/comments?post=25722"}],"version-history":[{"count":23,"href":"https:\/\/cimbcc.org\/test2\/wp-json\/wp\/v2\/pages\/25722\/revisions"}],"predecessor-version":[{"id":53463,"href":"https:\/\/cimbcc.org\/test2\/wp-json\/wp\/v2\/pages\/25722\/revisions\/53463"}],"up":[{"embeddable":true,"href":"https:\/\/cimbcc.org\/test2\/wp-json\/wp\/v2\/pages\/25589"}],"wp:attachment":[{"href":"https:\/\/cimbcc.org\/test2\/wp-json\/wp\/v2\/media?parent=25722"}],"curies":[{"name":"wp","href":"https:\/\/api.w.org\/{rel}","templated":true}]}}