{"id":262,"date":"2011-07-04T09:37:38","date_gmt":"2011-07-04T14:37:38","guid":{"rendered":"https:\/\/cimbcc.org\/test2\/?page_id=262"},"modified":"2025-02-01T10:08:10","modified_gmt":"2025-02-01T15:08:10","slug":"chip","status":"publish","type":"page","link":"https:\/\/cimbcc.org\/test2\/partage-de-connaissances\/chip\/","title":{"rendered":"CHIP"},"content":{"rendered":"<p><em><span style=\"font-size: 14pt;\">Le CHIP est le blogue du Club informatique Mont-Bruno. <\/span><span style=\"font-size: 14pt;\">Des articles y sont publi\u00e9s plusieurs fois par semaine d\u2019ao\u00fbt \u00e0 mai et irr\u00e9guli\u00e8rement en juin et juillet.<\/span><\/em><\/p>\n<h4>Origine du nom<\/h4>\n<p>Le nom du blogue, CHIP, date des tous d\u00e9buts de l&rsquo;histoire du Club. Il est l\u2019acronyme de <i>Computer Hackers Information Pamphlet<\/i> (<i>Bulletin d\u2019information des hackers d\u2019ordinateur<\/i>). Notez que le mot <i>hacker<\/i> n\u2019avait pas dans les ann\u00e9es 1980 la <a href=\"https:\/\/fr.wikipedia.org\/wiki\/Hacker_(s%C3%A9curit%C3%A9_informatique)\" target=\"_blank\" rel=\"noopener\">connotation p\u00e9jorative actuelle<\/a>. Aujourd&rsquo;hui, un hacker peut d\u00e9signer :<\/p>\n<ol>\n<li>\u00a0\u00ab\u00a0une personne qui se d\u00e9lecte de la compr\u00e9hension approfondie du fonctionnement interne d&rsquo;un syst\u00e8me, en particulier des ordinateurs et des r\u00e9seaux informatiques\u00a0\u00bb ou<\/li>\n<li>\u00ab\u00a0un pirate informatique sp\u00e9cialis\u00e9 dans le cassage des protections de s\u00e9curit\u00e9\u00a0\u00bb.<\/li>\n<\/ol>\n<p>Dans les ann\u00e9es\u00a01980, le mot <em>hacker<\/em> n\u2019avait que le premier sens.<\/p>\n<p>L\u2019acronyme CHIP a \u00e9t\u00e9 invent\u00e9 par le fondateur du Club, le pasteur Gordon Craig, pour d\u00e9signer le bulletin dans lequel il consignait le r\u00e9sum\u00e9 des pr\u00e9sentations et des discussions des r\u00e9unions du Club.<\/p>\n<p>Le CHIP, tout comme le Club,\u00a0a \u00e9volu\u00e9 pour s&rsquo;adapter aux\u00a0d\u00e9veloppements technologiques et aux besoins de ses membres, mais, fier de ses origines, il a toujours conserv\u00e9 le m\u00eame nom.<\/p>\n<h4>Historique<\/h4>\n<p>Le <strong>Club informatique Mont-Bruno<\/strong> publie un bulletin depuis sa formation en 1983. Le format du bulletin a \u00e9volu\u00e9 avec les progr\u00e8s de la technologie :<\/p>\n<ul>\n<li>de 1983 \u00e0 2007, le bulletin \u00e9tait imprim\u00e9 et distribu\u00e9 mensuellement par la poste ;<\/li>\n<li>de 2007 \u00e0 d\u00e9cembre 2011, le bulletin \u00e9tait distribu\u00e9 mensuellement par courrier \u00e9lectronique ;<\/li>\n<li>depuis janvier 2012, les articles du bulletin sont publi\u00e9s sous forme de blogue plusieurs fois par semaine ;<\/li>\n<li>en septembre 2012, le CHIP a commenc\u00e9 a accepter les commentaires des lecteurs.<\/li>\n<\/ul>\n<h4>Soumission d\u2019articles ou de suggestions de sujets d&rsquo;article<\/h4>\n<p>Toute personne, membre du Club ou non, qui souhaite sugg\u00e9rer un sujet d&rsquo;article ou encore publier un article dans le CHIP peut le soumettre via le formulaire que vous trouverez en <a href=\"https:\/\/cimbcc.org\/test2\/nous-joindre\/nous-joindre-le-chip\" target=\"_blank\" rel=\"noopener noreferrer\">cliquant ici<\/a>.<\/p>\n<p>Les articles doivent avoir un lien avec l\u2019informatique, les nouvelles technologies ou le Club informatique Mont-Bruno. Il est aussi n\u00e9cessaire de respecter la politique de neutralit\u00e9 politique, religieuse et commerciale du Club.<\/p>\n<p>Comme tout \u00e9diteur, l\u2019\u00e9diteur du CHIP se r\u00e9serve le droit de retoucher certains articles pour les clarifier ou y corriger les fautes.<\/p>\n<p>L&rsquo;\u00e9diteur peut aussi refuser un article. Il y a beaucoup de bonnes informations sur Internet, mais il y a aussi des fausset\u00e9s. Le Club ne veut pas contribuer \u00e0 la diffusion de fausset\u00e9s et, cons\u00e9quemment, le Club ne publie pas d&rsquo;informations qui ne sont pas support\u00e9es par des sources fiables.<\/p>\n<h4>Commentaires sur les articles ou sur le CHIP<\/h4>\n<p>Les lecteurs sont invit\u00e9s \u00e0 commenter les articles en utilisant l&rsquo;espace r\u00e9serv\u00e9 \u00e0 cette fin \u00e0 la suite de l&rsquo;article. Les commentaires propos\u00e9s sont mod\u00e9r\u00e9s avant publication. Un commentaire doit :<\/p>\n<ul>\n<li>se rapporter \u00e0 l\u2019article concern\u00e9 ;<\/li>\n<li>ne pas d\u00e9nigrer l\u2019auteur de l\u2019article ou d\u2019autres personnes ;<\/li>\n<li>un commentaire peut exprimer un d\u00e9saccord avec les id\u00e9es pr\u00e9sent\u00e9es dans un article, mais il ne doit pas s\u2019en prendre \u00e0 l\u2019auteur de l\u2019article.<\/li>\n<\/ul>\n<p>Le mod\u00e9rateur ne corrige pas la qualit\u00e9 du fran\u00e7ais des commentaires.<\/p>\n<p>Toute personne, membre du Club ou non, qui souhaite formuler un commentaire sur le CHIP lui-m\u00eame peut le soumettre \u00e0 l&rsquo;aide du formulaire que vous trouverez en <a href=\"https:\/\/cimbcc.org\/test2\/nous-joindre\/nous-joindre-le-chip\" target=\"_blank\" rel=\"noopener noreferrer\">cliquant ici<\/a>.<\/p>\n<h4>Activit\u00e9s r\u00e9centes du CHIP<\/h4>\n<p>Pour consulter les huit derniers articles du CHIP, il suffit d&rsquo;afficher la page d&rsquo;accueil du site du Club \u00e0 l&rsquo;adresse <a href=\"https:\/\/cimbcc.org\/test2\" target=\"_blank\" rel=\"noopener\">cimbcc.org<\/a>. Il est aussi possible d&rsquo;obtenir un aper\u00e7u des dix derniers articles du CHIP en cliquant sur la\u00a0<a href=\"https:\/\/cimbcc.org\/test2\/partage-de-connaissances\/chip\/flux-rss-des-articles\" target=\"_blank\" rel=\"noopener noreferrer\">liste des dix derniers articles<\/a>.<\/p>\n<p>Pour consulter les derniers commentaires laiss\u00e9s sur un article, il suffit d&rsquo;afficher cet article et de lire les commentaires au bas de l&rsquo;article. Il est aussi possible d&rsquo;obtenir un aper\u00e7u des dix derniers commentaires laiss\u00e9s sur des articles du CHIP en cliquant sur la\u00a0<a href=\"https:\/\/cimbcc.org\/test2\/partage-de-connaissances\/chip\/rss-des-commentaires\" target=\"_blank\" rel=\"noopener noreferrer\">liste des dix derniers commentaires<\/a>.<\/p>\n<p>Si vous ne voulez manquer aucun commentaire laiss\u00e9 sur un article du CHIP, il peut \u00eatre fastidieux de consulter r\u00e9guli\u00e8rement la liste des dix derniers commentaires pour vous assurer de ne rien manquer. Pour vous simplifier la vie et ne manquer aucun commentaire, vous pouvez utiliser un lecteur de flux RSS et vous abonner au flux RSS des commentaires du CHIP. Votre lecteur de flux vous pr\u00e9sentera alors tous les commentaires du CHIP en vous indiquant ceux que vous avez d\u00e9j\u00e0 lus. Pour savoir comment utiliser un lecteur de flux, cliquez sur\u00a0<a href=\"https:\/\/cimbcc.org\/test2\/partage-de-connaissances\/chip\/abonnement-aux-flux-rss\" target=\"_blank\" rel=\"noopener noreferrer\">abonnement \u00e0 un flux RSS<\/a>.<\/p>\n<h4>Archives<\/h4>\n<p>Pour consulter les bulletins de l&rsquo;\u00e9t\u00e9 1996 jusqu&rsquo;\u00e0 mai 1998 et de septembre 2005 \u00e0 d\u00e9cembre 2011, <a href=\"https:\/\/cimbcc.org\/test2\/partage-de-connaissances\/chip\/archive-chip-avant-janvier-2012-format-pdf\" target=\"_blank\" rel=\"noopener noreferrer\">cliquez ici.<\/a><\/p>\n<p>Tous les articles publi\u00e9s depuis d\u00e9cembre 2011 sur le blogue du CIMBCC sont accessibles en ligne.<\/p>\n<h4>Responsable du CHIP<\/h4>\n<figure id=\"attachment_24158\" aria-describedby=\"caption-attachment-24158\" style=\"width: 125px\" class=\"wp-caption alignleft\"><img loading=\"lazy\" decoding=\"async\" class=\"size-full wp-image-24158\" src=\"https:\/\/cimbcc.org\/test2\/wp-content\/uploads\/photo_gervais_richard.jpg\" alt=\"\" width=\"125\" height=\"125\" \/><figcaption id=\"caption-attachment-24158\" class=\"wp-caption-text\"><span style=\"color: #ffffff;\">mmn<\/span>Richard Gervais<\/figcaption><\/figure>\n<h4>Membres de l&rsquo;\u00e9quipe<\/h4>\n<p>Les membres de l&rsquo;\u00e9quipe sont<\/p>\n<ul>\n<li>des r\u00e9dacteurs qui fournissent r\u00e9guli\u00e8rement des articles au CHIP<\/li>\n<li>et\/ou des \u00e9diteurs qui mettent les articles en ligne et mod\u00e8rent les commentaires.<\/li>\n<\/ul>\n<address>\t\t\t\t\t\t<div class=\"gallery_box_single\">\n\t\t\t\t\t\t\t\t\t\t\t\t\t\t\t<div class=\"gallery gllr_grid\" data-gllr-columns=\"100\" data-gllr-border-width=\"10\">\n\t\t\t\t\t\t\t\t\t\t\t\t\t\t\t\t\t\t\t\t<div class=\"gllr_image_row\">\n\t\t\t\t\t\t\t\t\t\t\t\t\t\t\t\t\t\t\t\t\t<div class=\"gllr_image_block\">\n\t\t\t\t\t\t\t\t\t\t\t\t<p style=\"\n\t\t\t\t\t\t\t\t\t\t\t\twidth:145px;height:145px;\t\t\t\t\t\t\t\t\t\t\t\t\">\n\t\t\t\t\t\t\t\t\t\t\t\t\t\t\t\t\t\t\t\t\t\t\t\t\t\t\t\t<a data-fancybox=\"gallery_fancybox_42195\" href=\"https:\/\/cimbcc.org\/test2\/wp-content\/uploads\/photo_jean_allard.jpg\" title=\"Jean Allard\" >\n\t\t\t\t\t\t\t\t\t\t\t\t\t\t\t\t<img decoding=\"async\" width=&quot;125&quot; height=&quot;125&quot; style=\"width:125px; height:125px; border-width: 10px; border-color:#f1f1f1;border: 10px solid #f1f1f1\" alt=\"\" title=\"Jean Allard\" src=\"https:\/\/cimbcc.org\/test2\/wp-content\/uploads\/photo_jean_allard.jpg\" rel=\"https:\/\/cimbcc.org\/test2\/wp-content\/uploads\/photo_jean_allard.jpg\" \/>\t\t\t\t\t\t\t\t\t\t\t\t\t\t\t<\/a>\n\t\t\t\t\t\t\t\t\t\t\t\t\t\t\t\t\t\t\t\t\t\t\t\t\t\t<\/p>\n\t\t\t\t\t\t\t\t\t\t\t\t\t\t\t\t\t\t\t\t\t\t\t\t\t<div \n\t\t\t\t\t\t\t\t\t\t\t\t\tstyle=\"width:145px;\"\t\t\t\t\t\t\t\t\t\t\t\t\tclass=\"gllr_single_image_text gllr_single_image_text_under\">Jean Allard&nbsp;<\/div>\n\t\t\t\t\t\t\t\t\t\t\t\t\t\t\t\t\t\t\t\t\t\t\t<\/div><!-- .gllr_image_block -->\n\t\t\t\t\t\t\t\t\t\t\t\t\t\t\t\t\t\t\t\t\t<div class=\"gllr_image_block\">\n\t\t\t\t\t\t\t\t\t\t\t\t<p style=\"\n\t\t\t\t\t\t\t\t\t\t\t\twidth:145px;height:145px;\t\t\t\t\t\t\t\t\t\t\t\t\">\n\t\t\t\t\t\t\t\t\t\t\t\t\t\t\t\t\t\t\t\t\t\t\t\t\t\t\t\t<a data-fancybox=\"gallery_fancybox_42195\" href=\"https:\/\/cimbcc.org\/test2\/wp-content\/uploads\/photo_vinet_daniel-e1667486419612.jpg\" title=\"Daniel Vinet\" >\n\t\t\t\t\t\t\t\t\t\t\t\t\t\t\t\t<img decoding=\"async\" width=&quot;125&quot; height=&quot;125&quot; style=\"width:125px; height:125px; border-width: 10px; border-color:#f1f1f1;border: 10px solid #f1f1f1\" alt=\"\" title=\"Daniel Vinet\" src=\"https:\/\/cimbcc.org\/test2\/wp-content\/uploads\/photo_vinet_daniel-e1667486419612-125x125.jpg\" rel=\"https:\/\/cimbcc.org\/test2\/wp-content\/uploads\/photo_vinet_daniel-e1667486419612.jpg\" \/>\t\t\t\t\t\t\t\t\t\t\t\t\t\t\t<\/a>\n\t\t\t\t\t\t\t\t\t\t\t\t\t\t\t\t\t\t\t\t\t\t\t\t\t\t<\/p>\n\t\t\t\t\t\t\t\t\t\t\t\t\t\t\t\t\t\t\t\t\t\t\t\t\t<div \n\t\t\t\t\t\t\t\t\t\t\t\t\tstyle=\"width:145px;\"\t\t\t\t\t\t\t\t\t\t\t\t\tclass=\"gllr_single_image_text gllr_single_image_text_under\">Daniel Vinet&nbsp;<\/div>\n\t\t\t\t\t\t\t\t\t\t\t\t\t\t\t\t\t\t\t\t\t\t\t<\/div><!-- .gllr_image_block -->\n\t\t\t\t\t\t\t\t\t\t\t\t\t\t\t\t\t\t\t\t\t<div class=\"clear\"><\/div>\n\t\t\t\t\t\t\t\t\t\t<\/div><!-- .gllr_image_row -->\n\t\t\t\t\t\t\t\t\t\t\t\t\t\t\t\t\t<\/div><!-- .gallery.clearfix -->\n\t\t\t\t\t\t\t\t\t\t\t\t\t\t<\/div><!-- .gallery_box_single -->\n\t\t\t\t\t\t<div class=\"gllr_clear\"><\/div>\n\t\t\t\t\t\t<\/address>\n<address><span style=\"font-size: x-small;\">Derni\u00e8re r\u00e9vision de cette page : f\u00e9vrier 2025.<br \/>\n<\/span><span style=\"font-size: x-small;\">Responsable de la mise \u00e0 jour de cette page : Richard Gervais.\u00a0<\/span><\/address>\n","protected":false},"excerpt":{"rendered":"<p>Le CHIP est le blogue du Club informatique Mont-Bruno. Des articles y sont publi\u00e9s plusieurs fois par semaine d\u2019ao\u00fbt \u00e0 mai et irr\u00e9guli\u00e8rement en juin et juillet. Origine du nom Le nom du blogue, CHIP, date des tous d\u00e9buts de l&rsquo;histoire du Club. Il est l\u2019acronyme de Computer Hackers Information Pamphlet (Bulletin d\u2019information des hackers &hellip; <a href=\"https:\/\/cimbcc.org\/test2\/gallery\/editeurs-du-chip\/\" class=\"more-link\">Continuer la lecture de <span class=\"screen-reader-text\">\u00c9diteurs du CHIP<\/span>  <span class=\"meta-nav\">&rarr;<\/span><\/a><\/p>\n","protected":false},"author":32,"featured_media":0,"parent":61,"menu_order":10,"comment_status":"closed","ping_status":"closed","template":"","meta":{"footnotes":""},"class_list":["post-262","page","type-page","status-publish","hentry"],"_links":{"self":[{"href":"https:\/\/cimbcc.org\/test2\/wp-json\/wp\/v2\/pages\/262","targetHints":{"allow":["GET"]}}],"collection":[{"href":"https:\/\/cimbcc.org\/test2\/wp-json\/wp\/v2\/pages"}],"about":[{"href":"https:\/\/cimbcc.org\/test2\/wp-json\/wp\/v2\/types\/page"}],"author":[{"embeddable":true,"href":"https:\/\/cimbcc.org\/test2\/wp-json\/wp\/v2\/users\/32"}],"replies":[{"embeddable":true,"href":"https:\/\/cimbcc.org\/test2\/wp-json\/wp\/v2\/comments?post=262"}],"version-history":[{"count":146,"href":"https:\/\/cimbcc.org\/test2\/wp-json\/wp\/v2\/pages\/262\/revisions"}],"predecessor-version":[{"id":22693,"href":"https:\/\/cimbcc.org\/test2\/wp-json\/wp\/v2\/pages\/262\/revisions\/22693"}],"up":[{"embeddable":true,"href":"https:\/\/cimbcc.org\/test2\/wp-json\/wp\/v2\/pages\/61"}],"wp:attachment":[{"href":"https:\/\/cimbcc.org\/test2\/wp-json\/wp\/v2\/media?parent=262"}],"curies":[{"name":"wp","href":"https:\/\/api.w.org\/{rel}","templated":true}]}}