{"id":26207,"date":"2019-03-17T12:46:32","date_gmt":"2019-03-17T16:46:32","guid":{"rendered":"https:\/\/cimbcc.org\/test2\/?page_id=26207"},"modified":"2024-08-04T15:07:02","modified_gmt":"2024-08-04T19:07:02","slug":"nous-joindre-le-chip","status":"publish","type":"page","link":"https:\/\/cimbcc.org\/test2\/nous-joindre\/nous-joindre-le-chip\/","title":{"rendered":"Nous joindre &#8211; Le Chip"},"content":{"rendered":"<p><img loading=\"lazy\" decoding=\"async\" class=\"aligncenter size-medium wp-image-26304\" src=\"https:\/\/cimbcc.org\/test2\/wp-content\/uploads\/image_nous_joindre_chip-300x200.jpg\" alt=\"\" width=\"300\" height=\"200\" srcset=\"https:\/\/cimbcc.org\/test2\/wp-content\/uploads\/image_nous_joindre_chip-300x200.jpg 300w, https:\/\/cimbcc.org\/test2\/wp-content\/uploads\/image_nous_joindre_chip-768x512.jpg 768w, https:\/\/cimbcc.org\/test2\/wp-content\/uploads\/image_nous_joindre_chip-1024x683.jpg 1024w, https:\/\/cimbcc.org\/test2\/wp-content\/uploads\/image_nous_joindre_chip-120x80.jpg 120w\" sizes=\"auto, (max-width: 300px) 100vw, 300px\" \/><\/p>\n<p><em><span style=\"font-size: 14pt;\">Cette page vous permet de communiquer avec l&rsquo;\u00e9diteur du CHIP.<\/span><\/em><\/p>\n<ol>\n<li><strong>Pour sugg\u00e9rer un sujet d&rsquo;article pour le CHIP, <a href=\"https:\/\/cimbcc.org\/test2\/nous-joindre\/nous-joindre-le-chip\/suggestion-darticle\" target=\"_blank\" rel=\"noopener\"><span style=\"text-decoration: underline;\">cliquez ici<\/span><\/a>.<\/strong><\/li>\n<li><strong>Pour soumettre une question ou un commentaire sur le CHIP, <a href=\"https:\/\/cimbcc.org\/test2\/nous-joindre\/nous-joindre-le-chip\/soumission-dune-question-ou-dun-commentaire\" target=\"_blank\" rel=\"noopener\"><span style=\"text-decoration: underline;\">cliquez ici<\/span><\/a>.<\/strong><\/li>\n<li><strong>Pour soumettre un article que vous avez \u00e9crit pour publication dans le CHIP, <a href=\"https:\/\/cimbcc.org\/test2\/nous-joindre\/nous-joindre-le-chip\/soumission-dun-article\" target=\"_blank\" rel=\"noopener\"><span style=\"text-decoration: underline;\">cliquez ici<\/span><\/a>.<\/strong><\/li>\n<\/ol>\n<p style=\"padding-left: 60px;\"><span style=\"color: #ffffff;\">mm<\/span><\/p>\n<p><span style=\"font-size: x-small;\">Derni\u00e8re r\u00e9vision de cette page : ao\u00fbt 2024.<br \/>\n<\/span><span style=\"font-size: x-small;\">Responsable de la mise \u00e0 jour de cette page : Richard Gervais.\u00a0<\/span><\/p>\n","protected":false},"excerpt":{"rendered":"<p>Cette page vous permet de communiquer avec l&rsquo;\u00e9diteur du CHIP. Pour sugg\u00e9rer un sujet d&rsquo;article pour le CHIP, cliquez ici. Pour soumettre une question ou un commentaire sur le CHIP, cliquez ici. Pour soumettre un article que vous avez \u00e9crit pour publication dans le CHIP, cliquez ici. mm Derni\u00e8re r\u00e9vision de cette page : ao\u00fbt &hellip; <a href=\"https:\/\/cimbcc.org\/test2\/nous-joindre\/nous-joindre-le-chip\/\" class=\"more-link\">Continuer la lecture de <span class=\"screen-reader-text\">Nous joindre &#8211; Le Chip<\/span>  <span class=\"meta-nav\">&rarr;<\/span><\/a><\/p>\n","protected":false},"author":33,"featured_media":0,"parent":25589,"menu_order":80,"comment_status":"closed","ping_status":"closed","template":"","meta":{"footnotes":""},"class_list":["post-26207","page","type-page","status-publish","hentry"],"_links":{"self":[{"href":"https:\/\/cimbcc.org\/test2\/wp-json\/wp\/v2\/pages\/26207","targetHints":{"allow":["GET"]}}],"collection":[{"href":"https:\/\/cimbcc.org\/test2\/wp-json\/wp\/v2\/pages"}],"about":[{"href":"https:\/\/cimbcc.org\/test2\/wp-json\/wp\/v2\/types\/page"}],"author":[{"embeddable":true,"href":"https:\/\/cimbcc.org\/test2\/wp-json\/wp\/v2\/users\/33"}],"replies":[{"embeddable":true,"href":"https:\/\/cimbcc.org\/test2\/wp-json\/wp\/v2\/comments?post=26207"}],"version-history":[{"count":27,"href":"https:\/\/cimbcc.org\/test2\/wp-json\/wp\/v2\/pages\/26207\/revisions"}],"predecessor-version":[{"id":49883,"href":"https:\/\/cimbcc.org\/test2\/wp-json\/wp\/v2\/pages\/26207\/revisions\/49883"}],"up":[{"embeddable":true,"href":"https:\/\/cimbcc.org\/test2\/wp-json\/wp\/v2\/pages\/25589"}],"wp:attachment":[{"href":"https:\/\/cimbcc.org\/test2\/wp-json\/wp\/v2\/media?parent=26207"}],"curies":[{"name":"wp","href":"https:\/\/api.w.org\/{rel}","templated":true}]}}