{"id":309,"date":"2011-07-04T16:02:22","date_gmt":"2011-07-04T21:02:22","guid":{"rendered":"https:\/\/cimbcc.org\/test2\/?page_id=309"},"modified":"2022-01-30T12:01:30","modified_gmt":"2022-01-30T17:01:30","slug":"adresses-et-directions","status":"publish","type":"page","link":"https:\/\/cimbcc.org\/test2\/adresses-et-directions\/","title":{"rendered":"Nous joindre"},"content":{"rendered":"<h4>Cette page vous indique o\u00f9 et comment envoyer vos questions, vos suggestions ou vos commentaires afin qu&rsquo;ils atteignent le bon b\u00e9n\u00e9vole qui peut les traiter.<\/h4>\n<h3><strong>PR\u00c9SENTATIONS DU MERCREDI ET DU VENDREDI<\/strong><\/h3>\n<ul>\n<li>Pour conna\u00eetre les sujets qui feront l\u2019objet des pr\u00e9sentations \u00e0 venir, cliquez sur <em><strong>S\u00e9rie Facile<\/strong><\/em> ou <em><strong>S\u00e9rie D\u00e9couverte\u00a0<\/strong><\/em>\u00e0 la droite de la page dans\u00a0<em><strong>Calendriers et notes de pr\u00e9sentations<\/strong><\/em>\u00a0de la section\u00a0<strong><em>S\u00e9ances du mercredi et du vendredi<\/em><\/strong>.<\/li>\n<li>Pour conna\u00eetre les d\u00e9tails des sujets qui seront trait\u00e9s au cours des prochaines pr\u00e9sentations, cliquez sur <strong><em>D\u00e9tails sur les\u00a0prochaines pr\u00e9sentations<\/em><\/strong>\u00a0\u00e0 la droite de la page dans la section\u00a0<strong><em>S\u00e9ances du mercredi et du vendredi.<\/em><\/strong><\/li>\n<li>Si vous d\u00e9sirez proposer un sujet ou vous porter volontaire pour en pr\u00e9senter un, communiquez avec Guy B\u00e9langer lors d\u2019une pr\u00e9sentation ou au num\u00e9ro (450) 653-0103.<\/li>\n<\/ul>\n<hr \/>\n<h3><strong>ATELIERS<\/strong><\/h3>\n<ul>\n<li>Consultez le site Internet \u00e0 <a href=\"https:\/\/cimbcc.org\/test2\/activites\/les-ateliers\" rel=\"noopener\">cimbcc.org\/activites\/les-ateliers.<\/a><\/li>\n<li><strong>Par formulaire\u00a0<\/strong><strong>:<\/strong>\u00a0remplissez le formulaire suivant, puis cliquez sur le bouton\u00a0<em>Envoyer<\/em>.<\/li>\n<\/ul>\n<table>\n<tbody>\n<tr>\n<td>\n<div class=\"wpcf7 no-js\" id=\"wpcf7-f18136-o1\" lang=\"fr-FR\" dir=\"ltr\" data-wpcf7-id=\"18136\">\n<div class=\"screen-reader-response\"><p role=\"status\" aria-live=\"polite\" aria-atomic=\"true\"><\/p> <ul><\/ul><\/div>\n<form action=\"\/test2\/wp-json\/wp\/v2\/pages\/309#wpcf7-f18136-o1\" method=\"post\" class=\"wpcf7-form init\" aria-label=\"Formulaire de contact\" novalidate=\"novalidate\" data-status=\"init\">\n<div style=\"display: none;\">\n<input type=\"hidden\" name=\"_wpcf7\" value=\"18136\" \/>\n<input type=\"hidden\" name=\"_wpcf7_version\" value=\"6.0.6\" \/>\n<input type=\"hidden\" name=\"_wpcf7_locale\" value=\"fr_FR\" \/>\n<input type=\"hidden\" name=\"_wpcf7_unit_tag\" value=\"wpcf7-f18136-o1\" \/>\n<input type=\"hidden\" name=\"_wpcf7_container_post\" value=\"0\" \/>\n<input type=\"hidden\" name=\"_wpcf7_posted_data_hash\" value=\"\" \/>\n<input type=\"hidden\" name=\"_wpcf7_recaptcha_response\" value=\"\" \/>\n<\/div>\n<style>\ninput, textarea {\nborder: 1px solid grey;\n}\n<\/style>\n<p>Votre nom (obligatoire)\n<\/p>\n<p><span class=\"wpcf7-form-control-wrap\" data-name=\"your-name\"><input size=\"40\" maxlength=\"400\" class=\"wpcf7-form-control wpcf7-text wpcf7-validates-as-required\" autocomplete=\"name\" aria-required=\"true\" aria-invalid=\"false\" value=\"\" type=\"text\" name=\"your-name\" \/><\/span>\n<\/p>\n<p>Votre adresse \u00e9lectronique (obligatoire)\n<\/p>\n<p><span class=\"wpcf7-form-control-wrap\" data-name=\"your-email\"><input size=\"40\" maxlength=\"400\" class=\"wpcf7-form-control wpcf7-email wpcf7-validates-as-required wpcf7-text wpcf7-validates-as-email\" autocomplete=\"email\" aria-required=\"true\" aria-invalid=\"false\" value=\"\" type=\"email\" name=\"your-email\" \/><\/span>\n<\/p>\n<p>Votre num\u00e9ro de t\u00e9l\u00e9phone (obligatoire)\n<\/p>\n<p><span class=\"wpcf7-form-control-wrap\" data-name=\"tel-357\"><input size=\"40\" maxlength=\"400\" class=\"wpcf7-form-control wpcf7-tel wpcf7-validates-as-required wpcf7-text wpcf7-validates-as-tel\" autocomplete=\"tel\" aria-required=\"true\" aria-invalid=\"false\" value=\"\" type=\"tel\" name=\"tel-357\" \/><\/span>\n<\/p>\n<p>\u00cates-vous membre du club\n<\/p>\n<p><span class=\"wpcf7-form-control-wrap\" data-name=\"Membre_radio-33\"><span class=\"wpcf7-form-control wpcf7-radio\"><span class=\"wpcf7-list-item first\"><label><input type=\"radio\" name=\"Membre_radio-33\" value=\"Oui\" \/><span class=\"wpcf7-list-item-label\">Oui<\/span><\/label><\/span><span class=\"wpcf7-list-item last\"><label><input type=\"radio\" name=\"Membre_radio-33\" value=\"Non\" \/><span class=\"wpcf7-list-item-label\">Non<\/span><\/label><\/span><\/span><\/span>\n<\/p>\n<p>Sujet (obligatoire)\n<\/p>\n<p><span class=\"wpcf7-form-control-wrap\" data-name=\"mon-sujet\"><input size=\"40\" maxlength=\"400\" class=\"wpcf7-form-control wpcf7-text wpcf7-validates-as-required\" aria-required=\"true\" aria-invalid=\"false\" value=\"\" type=\"text\" name=\"mon-sujet\" \/><\/span>\n<\/p>\n<p>Votre message (obligatoire)\n<\/p>\n<p><span class=\"wpcf7-form-control-wrap\" data-name=\"your-message\"><textarea cols=\"80\" rows=\"10\" maxlength=\"2000\" class=\"wpcf7-form-control wpcf7-textarea wpcf7-validates-as-required\" aria-required=\"true\" aria-invalid=\"false\" name=\"your-message\"><\/textarea><\/span>\n<\/p>\n<p><input class=\"wpcf7-form-control wpcf7-submit has-spinner\" type=\"submit\" value=\"Envoyer\" \/>\n<\/p><p style=\"display: none !important;\" class=\"akismet-fields-container\" data-prefix=\"_wpcf7_ak_\"><label>&#916;<textarea name=\"_wpcf7_ak_hp_textarea\" cols=\"45\" rows=\"8\" maxlength=\"100\"><\/textarea><\/label><input type=\"hidden\" id=\"ak_js_1\" name=\"_wpcf7_ak_js\" value=\"23\"\/><script>document.getElementById( \"ak_js_1\" ).setAttribute( \"value\", ( new Date() ).getTime() );<\/script><\/p><div class=\"wpcf7-response-output\" aria-hidden=\"true\"><\/div>\n<\/form>\n<\/div>\n<\/td>\n<\/tr>\n<\/tbody>\n<\/table>\n<h3><\/h3>\n<h3><strong>COURS D\u2019INITIATION OFFERTS DANS LES BIBLIOTH\u00c8QUES<\/strong><\/h3>\n<ul>\n<li><strong>Par t\u00e9l\u00e9phone<\/strong> : contactez Michel Gagn\u00e9 au (450) 653-4973 pour vous informer sur ces cours et pour vous inscrire.<\/li>\n<\/ul>\n<hr \/>\n<h3><strong>R\u00c9CUP\u00c9RATION DE MAT\u00c9RIEL INFORMATIQUE<\/strong><\/h3>\n<p>Pour disposer de votre mat\u00e9riel informatique d\u00e9suet afin qu&rsquo;il soit recycler, d\u00e9poser-le \u00e0 l&rsquo;\u00c9cocentre de Saint-Bruno-de-Montarville :<\/p>\n<ul>\n<li><strong>Travaux publics, ville de Saint-Bruno-de-Montarville<\/strong><\/li>\n<li><strong>Adresse :<\/strong> 600, rue Sagard, Saint-Bruno-de-Montarville (<a title=\"Travaux publics\" href=\"https:\/\/cimbcc.org\/test2\/cartes-routieres\/ville-de-saint-bruno-travaux-publics\" target=\"_blank\" rel=\"noopener noreferrer\"><u><span style=\"color: #ff0000;\">carte<\/span><\/u><\/a>)<\/li>\n<li><strong>Heures d&rsquo;ouverture<\/strong> (pour le d\u00e9p\u00f4t de mat\u00e9riel usag\u00e9)\n<ul>\n<li><strong>Lundi au vendredi<\/strong><br \/>\n7 h 30 \u00e0 18 h\u00a0(ouvert durant la p\u00e9riode du d\u00eener)<br \/>\n<strong>Samedi, dimanche et jours f\u00e9ri\u00e9s<\/strong><br \/>\n12 h \u00e0 18 h<br \/>\nFerm\u00e9 le 24 juin<br \/>\n<strong>Pour la p\u00e9riode des F\u00eates<\/strong>, voir la <a href=\"https:\/\/www.stbruno.ca\/ecocentre\">page de l&rsquo;\u00c9cocentre<\/a><\/li>\n<\/ul>\n<\/li>\n<li><strong>T\u00e9l\u00e9phone de l&rsquo;\u00c9cocentre :<\/strong> <span style=\"color: #000000;\">(450) 645-2960<\/span><\/li>\n<li style=\"list-style-type: none;\"><\/li>\n<\/ul>\n<p>Afin d&rsquo;acqu\u00e9rir du mat\u00e9riel remis en \u00e9tat:<\/p>\n<ul>\n<li><strong>Par t\u00e9l\u00e9phone: <\/strong>le\u00a0<span style=\"color: #000000;\">mercredi, de 9 h \u00e0 16 h, au\u00a0<\/span><span style=\"color: #000000;\">(450) 653-2443 poste 5555.<\/span><\/li>\n<\/ul>\n<hr \/>\n<h3><strong>ASSISTANCE TECHNIQUE<\/strong><\/h3>\n<p>Pour obtenir de l\u2019assistance \u00e0 domicile<\/p>\n<ul>\n<li><strong>Par t\u00e9l\u00e9phone : <\/strong>contactez\u00a0R\u00e9jean C\u00f4t\u00e9 au (450) 441-2339 .<\/li>\n<\/ul>\n<p>Pour consulter les b\u00e9n\u00e9voles de l&rsquo;assistance \u00e0 domicile<\/p>\n<ul>\n<li><strong>En personne : r<\/strong>endez-vous au Chalet Marie-Victorin 45 minutes avant le d\u00e9but d\u2019une pr\u00e9sentations du mercredi ou du vendredi.<\/li>\n<\/ul>\n<p>Pour obtenir de l&rsquo;assistance par courriel<\/p>\n<ul>\n<li><strong>Par formulaire :\u00a0<\/strong>remplissez le formulaire suivant, puis cliquez sur le bouton\u00a0<em>Envoyer<\/em>.<\/li>\n<\/ul>\n<p class=\"wpcf7-contact-form-not-found\"><strong>Erreur\u00a0:<\/strong> Formulaire de contact non trouv\u00e9\u00a0!<\/p>\n<p>&nbsp;<\/p>\n<h3><strong>CHANGEMENT D&rsquo;ADRESSE \u00c9LECTRONIQUE OU D&rsquo;AUTRES COORDONN\u00c9ES<\/strong><\/h3>\n<p>Les membres\u00a0du club devraient informer le club de tout changement d&rsquo;adresse \u00e9lectronique, d&rsquo;adresse civique ou de num\u00e9ro de t\u00e9l\u00e9phone.<\/p>\n<p>Lorsqu&rsquo;un membre informe\u00a0le club d&rsquo;une nouvelle adresse \u00e9lectronique, les messages hebdomadaires du club et les articles du CHIP sont automatiquement dirig\u00e9s vers cette nouvelle adresse.<\/p>\n<p>Ces changements au profil d&rsquo;un membre peuvent \u00eatre fait :<\/p>\n<ul>\n<li><strong>en personne<\/strong> : en informant le b\u00e9n\u00e9vole de l\u2019ACCUEIL lors d&rsquo;une pr\u00e9sentation du mercredi\u00a0ou du vendredi.<\/li>\n<li><strong>par formulaire\u00a0<\/strong><strong>:<\/strong>\u00a0en remplissant le formulaire suivant, puis en cliquant sur le bouton\u00a0<strong><em>Envoyer<\/em><\/strong>.<\/li>\n<\/ul>\n\n<div class=\"wpcf7 no-js\" id=\"wpcf7-f22422-o2\" lang=\"fr-FR\" dir=\"ltr\" data-wpcf7-id=\"22422\">\n<div class=\"screen-reader-response\"><p role=\"status\" aria-live=\"polite\" aria-atomic=\"true\"><\/p> <ul><\/ul><\/div>\n<form action=\"\/test2\/wp-json\/wp\/v2\/pages\/309#wpcf7-f22422-o2\" method=\"post\" class=\"wpcf7-form init\" aria-label=\"Formulaire de contact\" novalidate=\"novalidate\" data-status=\"init\">\n<div style=\"display: none;\">\n<input type=\"hidden\" name=\"_wpcf7\" value=\"22422\" \/>\n<input type=\"hidden\" name=\"_wpcf7_version\" value=\"6.0.6\" \/>\n<input type=\"hidden\" name=\"_wpcf7_locale\" value=\"fr_FR\" \/>\n<input type=\"hidden\" name=\"_wpcf7_unit_tag\" value=\"wpcf7-f22422-o2\" \/>\n<input type=\"hidden\" name=\"_wpcf7_container_post\" value=\"0\" \/>\n<input type=\"hidden\" name=\"_wpcf7_posted_data_hash\" value=\"\" \/>\n<input type=\"hidden\" name=\"_wpcf7_recaptcha_response\" value=\"\" \/>\n<\/div>\n<style>\ninput, textarea {\nborder: 1px solid grey;\n}\n<\/style>\n<p><label>Votre nom (obligatoire)<br \/>\n<span class=\"wpcf7-form-control-wrap\" data-name=\"your-name\"><input size=\"40\" maxlength=\"400\" class=\"wpcf7-form-control wpcf7-text wpcf7-validates-as-required\" autocomplete=\"name\" aria-required=\"true\" aria-invalid=\"false\" value=\"\" type=\"text\" name=\"your-name\" \/><\/span><\/label>\n<\/p>\n<p><label>Votre adresse \u00e9lectronique (obligatoire)<br \/>\n<span class=\"wpcf7-form-control-wrap\" data-name=\"your-email\"><input size=\"40\" maxlength=\"400\" class=\"wpcf7-form-control wpcf7-email wpcf7-validates-as-required wpcf7-text wpcf7-validates-as-email\" autocomplete=\"email\" aria-required=\"true\" aria-invalid=\"false\" value=\"\" type=\"email\" name=\"your-email\" \/><\/span><\/label>\n<\/p>\n<p><label>Sujet (obligatoire)<br \/>\n<span class=\"wpcf7-form-control-wrap\" data-name=\"mon-sujet\"><input size=\"40\" maxlength=\"400\" class=\"wpcf7-form-control wpcf7-text wpcf7-validates-as-required\" aria-required=\"true\" aria-invalid=\"false\" value=\"\" type=\"text\" name=\"mon-sujet\" \/><\/span><\/label>\n<\/p>\n<p><label>Votre message (obligatoire)<br \/>\n<span class=\"wpcf7-form-control-wrap\" data-name=\"your-message\"><textarea cols=\"80\" rows=\"10\" maxlength=\"2000\" class=\"wpcf7-form-control wpcf7-textarea wpcf7-validates-as-required\" aria-required=\"true\" aria-invalid=\"false\" name=\"your-message\"><\/textarea><\/span><\/label>\n<\/p>\n<p><input class=\"wpcf7-form-control wpcf7-submit has-spinner\" type=\"submit\" value=\"Envoyer\" \/>\n<\/p><p style=\"display: none !important;\" class=\"akismet-fields-container\" data-prefix=\"_wpcf7_ak_\"><label>&#916;<textarea name=\"_wpcf7_ak_hp_textarea\" cols=\"45\" rows=\"8\" maxlength=\"100\"><\/textarea><\/label><input type=\"hidden\" id=\"ak_js_2\" name=\"_wpcf7_ak_js\" value=\"168\"\/><script>document.getElementById( \"ak_js_2\" ).setAttribute( \"value\", ( new Date() ).getTime() );<\/script><\/p><div class=\"wpcf7-response-output\" aria-hidden=\"true\"><\/div>\n<\/form>\n<\/div>\n\n<p>&nbsp;<\/p>\n<h3>QUESTIONS CONCERNANT LE SITE WEB<\/h3>\n<p>Pour toute question relative au\u00a0site web (corrections, suggestions ou autres), communiquez avec le webmestre en\u00a0remplissant le formulaire suivant, puis en cliquant sur le bouton\u00a0<em>Envoyer<\/em>.<\/p>\n<p class=\"wpcf7-contact-form-not-found\"><strong>Erreur\u00a0:<\/strong> Formulaire de contact non trouv\u00e9\u00a0!<\/p>\n<p>&nbsp;<\/p>\n<h3><strong>POUR TOUTES AUTRES QUESTIONS<\/strong><\/h3>\n<p>Les membres du club et les non-membres peuvent utiliser les moyens de communication suivants pour exprimer des commentaires ou obtenir des r\u00e9ponses \u00e0 des questions sur d&rsquo;autres sujets.<\/p>\n<ul>\n<li><span style=\"background-color: #00ff00;\"><strong><span style=\"background-color: #ffffff;\">En personne : <\/span><\/strong><span style=\"background-color: #ffffff;\">en\u00a0<\/span><span style=\"background-color: #ffffff;\">adressant votre commentaire ou votre question \u00e0<\/span><span style=\"background-color: #ffffff;\">\u00a0un des b\u00e9n\u00e9voles de l<\/span><span style=\"background-color: #ffffff;\">\u2019accueil lors d&rsquo;une\u00a0s\u00e9ance de pr\u00e9sentations du mercredi\u00a0ou du vendredi.<\/span><\/span><\/li>\n<li><span style=\"background-color: #ffffff;\"><strong>Par formulaire\u00a0<\/strong><\/span><strong>:<\/strong>\u00a0en remplissant\u00a0 le formulaire suivant, puis en cliquant sur le bouton\u00a0<strong><em>Envoyer<\/em><\/strong>.<\/li>\n<\/ul>\n\n<div class=\"wpcf7 no-js\" id=\"wpcf7-f7479-o3\" lang=\"fr-FR\" dir=\"ltr\" data-wpcf7-id=\"7479\">\n<div class=\"screen-reader-response\"><p role=\"status\" aria-live=\"polite\" aria-atomic=\"true\"><\/p> <ul><\/ul><\/div>\n<form action=\"\/test2\/wp-json\/wp\/v2\/pages\/309#wpcf7-f7479-o3\" method=\"post\" class=\"wpcf7-form init\" aria-label=\"Formulaire de contact\" novalidate=\"novalidate\" data-status=\"init\">\n<div style=\"display: none;\">\n<input type=\"hidden\" name=\"_wpcf7\" value=\"7479\" \/>\n<input type=\"hidden\" name=\"_wpcf7_version\" value=\"6.0.6\" \/>\n<input type=\"hidden\" name=\"_wpcf7_locale\" value=\"fr_FR\" \/>\n<input type=\"hidden\" name=\"_wpcf7_unit_tag\" value=\"wpcf7-f7479-o3\" \/>\n<input type=\"hidden\" name=\"_wpcf7_container_post\" value=\"0\" \/>\n<input type=\"hidden\" name=\"_wpcf7_posted_data_hash\" value=\"\" \/>\n<input type=\"hidden\" name=\"_wpcf7_recaptcha_response\" value=\"\" \/>\n<\/div>\n<style>\ninput, textarea {\nborder: 1px solid grey;\n}\n<\/style>\n<p><label>Votre nom (obligatoire)<br \/>\n<span class=\"wpcf7-form-control-wrap\" data-name=\"your-name\"><input size=\"40\" maxlength=\"400\" class=\"wpcf7-form-control wpcf7-text wpcf7-validates-as-required\" autocomplete=\"name\" aria-required=\"true\" aria-invalid=\"false\" value=\"\" type=\"text\" name=\"your-name\" \/><\/span><\/label>\n<\/p>\n<p><label>Votre adresse \u00e9lectronique (obligatoire)<br \/>\n<span class=\"wpcf7-form-control-wrap\" data-name=\"your-email\"><input size=\"40\" maxlength=\"400\" class=\"wpcf7-form-control wpcf7-email wpcf7-validates-as-required wpcf7-text wpcf7-validates-as-email\" autocomplete=\"email\" aria-required=\"true\" aria-invalid=\"false\" value=\"\" type=\"email\" name=\"your-email\" \/><\/span><\/label>\n<\/p>\n<p>\u00cates-vous membre du Club<br \/>\n<span class=\"wpcf7-form-control-wrap\" data-name=\"Membre_radio-33\"><span class=\"wpcf7-form-control wpcf7-radio\"><span class=\"wpcf7-list-item first\"><label><input type=\"radio\" name=\"Membre_radio-33\" value=\"Oui\" \/><span class=\"wpcf7-list-item-label\">Oui<\/span><\/label><\/span><span class=\"wpcf7-list-item last\"><label><input type=\"radio\" name=\"Membre_radio-33\" value=\"Non\" \/><span class=\"wpcf7-list-item-label\">Non<\/span><\/label><\/span><\/span><\/span>\n<\/p>\n<p><label>Sujet (obligatoire)<br \/>\n<span class=\"wpcf7-form-control-wrap\" data-name=\"mon-sujet\"><input size=\"40\" maxlength=\"400\" class=\"wpcf7-form-control wpcf7-text wpcf7-validates-as-required\" aria-required=\"true\" aria-invalid=\"false\" value=\"\" type=\"text\" name=\"mon-sujet\" \/><\/span><\/label>\n<\/p>\n<p><label>Votre message (obligatoire)<br \/>\n<span class=\"wpcf7-form-control-wrap\" data-name=\"your-message\"><textarea cols=\"80\" rows=\"10\" maxlength=\"2000\" class=\"wpcf7-form-control wpcf7-textarea wpcf7-validates-as-required\" aria-required=\"true\" aria-invalid=\"false\" name=\"your-message\"><\/textarea><\/span><\/label>\n<\/p>\n<p><input class=\"wpcf7-form-control wpcf7-submit has-spinner\" type=\"submit\" value=\"Envoyer\" \/>\n<\/p><p style=\"display: none !important;\" class=\"akismet-fields-container\" data-prefix=\"_wpcf7_ak_\"><label>&#916;<textarea name=\"_wpcf7_ak_hp_textarea\" cols=\"45\" rows=\"8\" maxlength=\"100\"><\/textarea><\/label><input type=\"hidden\" id=\"ak_js_3\" name=\"_wpcf7_ak_js\" value=\"20\"\/><script>document.getElementById( \"ak_js_3\" ).setAttribute( \"value\", ( new Date() ).getTime() );<\/script><\/p><div class=\"wpcf7-response-output\" aria-hidden=\"true\"><\/div>\n<\/form>\n<\/div>\n\n<p>&nbsp;<\/p>\n<ul>\n<li><span style=\"background-color: #ffffff;\"><strong>Par la poste\u00a0<\/strong><\/span><b> :<\/b>\u00a0adressez votre envoi au :<\/li>\n<\/ul>\n<address style=\"padding-left: 30px;\">CLUB INFORMATIQUE MONT-BRUNO<br \/>\na\/s Loisir, culture et vie communautaire<br \/>\n1585, rue Montarville<br \/>\nSaint-Bruno-de-Montarville (Qu\u00e9bec) \u00a0J3V 3T8<\/address>\n<address>\u00a0<\/address>\n<address>\u00a0<\/address>\n<address><span style=\"font-size: x-small;\">Derni\u00e8re r\u00e9vision de cette page : novembre\u00a0 2018.\u00a0Responsable de la mise \u00e0 jour de cette page : Sylvain Garneau.\u00a0<\/span><\/address>\n","protected":false},"excerpt":{"rendered":"<p>Cette page vous indique o\u00f9 et comment envoyer vos questions, vos suggestions ou vos commentaires afin qu&rsquo;ils atteignent le bon b\u00e9n\u00e9vole qui peut les traiter. PR\u00c9SENTATIONS DU MERCREDI ET DU VENDREDI Pour conna\u00eetre les sujets qui feront l\u2019objet des pr\u00e9sentations \u00e0 venir, cliquez sur S\u00e9rie Facile ou S\u00e9rie D\u00e9couverte\u00a0\u00e0 la droite de la page dans\u00a0Calendriers &hellip; <a href=\"https:\/\/cimbcc.org\/test2\/adresses-et-directions\/\" class=\"more-link\">Continuer la lecture de <span class=\"screen-reader-text\">Nous joindre<\/span>  <span class=\"meta-nav\">&rarr;<\/span><\/a><\/p>\n","protected":false},"author":3,"featured_media":0,"parent":0,"menu_order":3,"comment_status":"closed","ping_status":"closed","template":"","meta":{"footnotes":""},"class_list":["post-309","page","type-page","status-publish","hentry"],"_links":{"self":[{"href":"https:\/\/cimbcc.org\/test2\/wp-json\/wp\/v2\/pages\/309","targetHints":{"allow":["GET"]}}],"collection":[{"href":"https:\/\/cimbcc.org\/test2\/wp-json\/wp\/v2\/pages"}],"about":[{"href":"https:\/\/cimbcc.org\/test2\/wp-json\/wp\/v2\/types\/page"}],"author":[{"embeddable":true,"href":"https:\/\/cimbcc.org\/test2\/wp-json\/wp\/v2\/users\/3"}],"replies":[{"embeddable":true,"href":"https:\/\/cimbcc.org\/test2\/wp-json\/wp\/v2\/comments?post=309"}],"version-history":[{"count":123,"href":"https:\/\/cimbcc.org\/test2\/wp-json\/wp\/v2\/pages\/309\/revisions"}],"predecessor-version":[{"id":38659,"href":"https:\/\/cimbcc.org\/test2\/wp-json\/wp\/v2\/pages\/309\/revisions\/38659"}],"wp:attachment":[{"href":"https:\/\/cimbcc.org\/test2\/wp-json\/wp\/v2\/media?parent=309"}],"curies":[{"name":"wp","href":"https:\/\/api.w.org\/{rel}","templated":true}]}}