{"id":31216,"date":"2020-10-07T16:22:22","date_gmt":"2020-10-07T20:22:22","guid":{"rendered":"https:\/\/cimbcc.org\/test2\/?page_id=31216"},"modified":"2024-08-02T21:44:45","modified_gmt":"2024-08-03T01:44:45","slug":"marie-jose-bacle","status":"publish","type":"page","link":"https:\/\/cimbcc.org\/test2\/a-propos-du-club\/nos-membres-honoraires\/marie-jose-bacle\/","title":{"rendered":"Marie-Jos\u00e9 B\u00e2cle"},"content":{"rendered":"<blockquote><p><span style=\"color: #333333;\">Le Club informatique Mont-Bruno existe depuis plus de 35 ans et la contribution de Marie-Jos\u00e9 B\u00e2cle a \u00e9t\u00e9 fondamentale pour le d\u00e9veloppement de l&rsquo;image du Club telle qu&rsquo;on la conna\u00eet aujourd&rsquo;hui. <\/span><\/p><\/blockquote>\n<p><img loading=\"lazy\" decoding=\"async\" class=\"aligncenter size-full wp-image-31503\" src=\"https:\/\/cimbcc.org\/test2\/wp-content\/uploads\/photo_honor_bacle4.jpg\" alt=\"\" width=\"360\" height=\"504\" srcset=\"https:\/\/cimbcc.org\/test2\/wp-content\/uploads\/photo_honor_bacle4.jpg 360w, https:\/\/cimbcc.org\/test2\/wp-content\/uploads\/photo_honor_bacle4-214x300.jpg 214w\" sizes=\"auto, (max-width: 360px) 100vw, 360px\" \/><\/p>\n<h4>Membre et b\u00e9n\u00e9vole<\/h4>\n<p><span style=\"color: #333333;\">Marie-Jos\u00e9 a \u00e9t\u00e9 membre du Club pendant cinq ans (1986-1990) et membre b\u00e9n\u00e9vole pendant sept ans (2013-2019).<\/span><\/p>\n<p>Pour mieux comprendre la contribution de Marie-Jos\u00e9 et ses r\u00e9alisations durant les douze ann\u00e9es o\u00f9 elle a \u00e9t\u00e9 membre et b\u00e9n\u00e9vole du Club informatique Mont-Bruno, il est important de souligner que non seulement elle a particip\u00e9 \u00e0 plusieurs activit\u00e9s du Club ainsi qu&rsquo;au conseil d&rsquo;administration, mais qu&rsquo;elle a surtout \u00e9t\u00e9 la cr\u00e9atrice et la r\u00e9alisatrice de l&rsquo;image visuelle actuelle du Club autant \u00e0 l&rsquo;interne qu&rsquo;\u00e0 l&rsquo;ext\u00e9rieur.<\/p>\n<p>Voici donc un aper\u00e7u des r\u00e9alisations cl\u00e9s de notre nouveau membre honoraire :<\/p>\n<ul>\n<li>\u00a0Cr\u00e9atrice artistique et infographiste du Club, elle a \u00e9t\u00e9 responsable de toutes les communications graphiques et de leurs r\u00e9alisations telles que :\n<ul style=\"list-style-type: circle;\">\n<li>Conception d&rsquo;un site Web convivial pour le Club (choix du th\u00e8me, couleurs, structure).<\/li>\n<li>Cr\u00e9ation de l&rsquo;ent\u00eate actuel du site Web, du CHIP et de la page Facebook.<\/li>\n<li>Cr\u00e9ation des banni\u00e8res annon\u00e7ant les \u00e9v\u00e8nements majeurs, sur le site Web, durant la saison du Club.<\/li>\n<li>Avec l&rsquo;aide des responsables d&rsquo;activit\u00e9s pour le contenu, cr\u00e9ation et production du d\u00e9pliant du Club dans un nouveau format papier.<\/li>\n<\/ul>\n<\/li>\n<li>Cr\u00e9ation et mise \u00e0 jour des \u00e9l\u00e9ments visuels soutenant les activit\u00e9s du Club comme, entre autres, de multiples affiches,\u00a0 des billets et des menus pour les activit\u00e9s sociales.<\/li>\n<li>Elle a \u00e9t\u00e9 webmestre-administrateur du site du Club durant plusieurs ann\u00e9es.<\/li>\n<li>Elle a d\u00e9fini avec l&rsquo;\u00e9quipe des webmestres la m\u00e9canisation du processus d&rsquo;inscription aux ateliers et elle a g\u00e9r\u00e9 celui-ci jusqu&rsquo;\u00e0 son d\u00e9part.<\/li>\n<li>Elle a \u00e9galement \u00e9t\u00e9 l&rsquo;\u00e9ditrice en chef du CHIP durant plusieurs ann\u00e9es.<\/li>\n<li>Elle a \u00e9t\u00e9 membre du conseil d&rsquo;administration pendant quelques ann\u00e9es.<\/li>\n<\/ul>\n<p>Comme des images valent beaucoup de mots et afin de mieux appr\u00e9cier les r\u00e9alisations de Marie-Jos\u00e9, visionnez le vid\u00e9oclip que Marie-Jos\u00e9 a pr\u00e9par\u00e9 pour pr\u00e9senter le travail accompli pendant sa grande implication dans les activit\u00e9s du Club.<\/p>\n<p><iframe loading=\"lazy\" src=\"https:\/\/www.youtube.com\/embed\/WQSAnQ5mJck\" width=\"560\" height=\"315\" frameborder=\"0\" allowfullscreen=\"allowfullscreen\"><\/iframe><\/p>\n<p>Pour toutes ces r\u00e9alisations, le Club a d\u00e9cid\u00e9, en f\u00e9vrier 2020, de remercier Marie-Jos\u00e9 en la d\u00e9signant comme membre honoraire.<\/p>\n<p>&nbsp;<\/p>\n<address><span style=\"font-size: x-small;\">Derni\u00e8re r\u00e9vision de cette page : ao\u00fbt 2024.<br \/>\n<\/span><span style=\"font-size: x-small;\">Responsable de la mise \u00e0 jour de cette page : Richard Gervais.\u00a0<\/span><\/address>\n","protected":false},"excerpt":{"rendered":"<p>Le Club informatique Mont-Bruno existe depuis plus de 35 ans et la contribution de Marie-Jos\u00e9 B\u00e2cle a \u00e9t\u00e9 fondamentale pour le d\u00e9veloppement de l&rsquo;image du Club telle qu&rsquo;on la conna\u00eet aujourd&rsquo;hui. Membre et b\u00e9n\u00e9vole Marie-Jos\u00e9 a \u00e9t\u00e9 membre du Club pendant cinq ans (1986-1990) et membre b\u00e9n\u00e9vole pendant sept ans (2013-2019). Pour mieux comprendre la &hellip; <a href=\"https:\/\/cimbcc.org\/test2\/a-propos-du-club\/nos-membres-honoraires\/marie-jose-bacle\/\" class=\"more-link\">Continuer la lecture de <span class=\"screen-reader-text\">Marie-Jos\u00e9 B\u00e2cle<\/span>  <span class=\"meta-nav\">&rarr;<\/span><\/a><\/p>\n","protected":false},"author":33,"featured_media":0,"parent":15064,"menu_order":100,"comment_status":"closed","ping_status":"closed","template":"","meta":{"footnotes":""},"class_list":["post-31216","page","type-page","status-publish","hentry"],"_links":{"self":[{"href":"https:\/\/cimbcc.org\/test2\/wp-json\/wp\/v2\/pages\/31216","targetHints":{"allow":["GET"]}}],"collection":[{"href":"https:\/\/cimbcc.org\/test2\/wp-json\/wp\/v2\/pages"}],"about":[{"href":"https:\/\/cimbcc.org\/test2\/wp-json\/wp\/v2\/types\/page"}],"author":[{"embeddable":true,"href":"https:\/\/cimbcc.org\/test2\/wp-json\/wp\/v2\/users\/33"}],"replies":[{"embeddable":true,"href":"https:\/\/cimbcc.org\/test2\/wp-json\/wp\/v2\/comments?post=31216"}],"version-history":[{"count":36,"href":"https:\/\/cimbcc.org\/test2\/wp-json\/wp\/v2\/pages\/31216\/revisions"}],"predecessor-version":[{"id":41316,"href":"https:\/\/cimbcc.org\/test2\/wp-json\/wp\/v2\/pages\/31216\/revisions\/41316"}],"up":[{"embeddable":true,"href":"https:\/\/cimbcc.org\/test2\/wp-json\/wp\/v2\/pages\/15064"}],"wp:attachment":[{"href":"https:\/\/cimbcc.org\/test2\/wp-json\/wp\/v2\/media?parent=31216"}],"curies":[{"name":"wp","href":"https:\/\/api.w.org\/{rel}","templated":true}]}}