{"id":33252,"date":"2021-02-04T06:44:44","date_gmt":"2021-02-04T11:44:44","guid":{"rendered":"https:\/\/cimbcc.org\/test2\/?page_id=33252"},"modified":"2025-05-05T16:32:56","modified_gmt":"2025-05-05T20:32:56","slug":"renouvellement","status":"publish","type":"page","link":"https:\/\/cimbcc.org\/test2\/renouvellement\/","title":{"rendered":"Renouvellement de l&rsquo;adh\u00e9sion au Club"},"content":{"rendered":"\n<h2 class=\"wp-block-heading\">Cotisation annuelle<\/h2>\n\n\n\n<p>On peut renouveler son adh\u00e9sion au Club informatique Mont-Bruno, entre le 15 ao\u00fbt et le 15 octobre de chaque ann\u00e9e, en payant une cotisation annuelle correspondant \u00e0 une des cat\u00e9gories suivantes :<\/p>\n\n\n\n<ul class=\"wp-block-list\">\n<li>Adh\u00e9sion individuelle : 20$<\/li>\n\n\n\n<li>Adh\u00e9sion d&rsquo;un couple&nbsp;<span style=\"font-size: 10px; text-align: center;\">(voir note)<\/span> : 30 $<\/li>\n\n\n\n<li>Adh\u00e9sion du conjoint\/de la conjointe d&rsquo;un membre ou d&rsquo;un b\u00e9n\u00e9vole : 10$<\/li>\n<\/ul>\n\n\n\n<p><span style=\"font-size: x-small;\">Note : au Club, un couple est d\u00e9fini comme deux conjoints de fait ou deux conjoints unis par les liens du mariage.<\/span><\/p>\n\n\n\n<h2 class=\"wp-block-heading\">Pour renouveler votre adh\u00e9sion au Club<\/h2>\n\n\n\n<p>Vous pouvez choisir l&rsquo;une des trois options suivantes pour renouveler votre adh\u00e9sion au Club :<\/p>\n\n\n\n<p>1. Renouveler <strong>en ligne<\/strong>&nbsp;en cliquant sur <a href=\"https:\/\/cimbcc.org\/test2\/renouvellement\/renouvellement-en-ligne\" target=\"_blank\" rel=\"noopener noreferrer\">ce lien<\/a>.<\/p>\n\n\n\n<p>2. Renouveler <strong>en personne<\/strong>&nbsp;lors de la <em>Journ\u00e9e d\u2019information et d\u2019inscription<\/em> qui a lieu chaque ann\u00e9e au d\u00e9but de septembre.<\/p>\n\n\n\n<p>3. Renouveler <strong>en personne<\/strong>&nbsp;une demi-heure avant le d\u00e9but d\u2019une pr\u00e9sentation qui a lieu au Chalet Marie-Victorin. Pour en savoir plus sur les pr\u00e9sentations, cliquez sur <a href=\"https:\/\/cimbcc.org\/test2\/activites\/les-presentations-du-mercredi-et-du-vendredi\" target=\"_blank\" rel=\"noopener noreferrer\">ce lien<\/a>.<\/p>\n\n\n\n<div style=\"height:50px\" aria-hidden=\"true\" class=\"wp-block-spacer\"><\/div>\n\n\n\n<p class=\"has-small-font-size\">Derni\u00e8re r\u00e9vision de cette page  :  juillet 2023.<\/p>\n\n\n\n<p class=\"has-small-font-size\">Responsable de la mise \u00e0 jour de cette page :  Sylvain Garneau.<\/p>\n\n\n\n<p><\/p>\n","protected":false},"excerpt":{"rendered":"<p>Cotisation annuelle On peut renouveler son adh\u00e9sion au Club informatique Mont-Bruno, entre le 15 ao\u00fbt et le 15 octobre de chaque ann\u00e9e, en payant une cotisation annuelle correspondant \u00e0 une des cat\u00e9gories suivantes : Note : au Club, un couple est d\u00e9fini comme deux conjoints de fait ou deux conjoints unis par les liens du &hellip; <a href=\"https:\/\/cimbcc.org\/test2\/renouvellement\/\" class=\"more-link\">Continuer la lecture de <span class=\"screen-reader-text\">Renouvellement de l&rsquo;adh\u00e9sion au Club<\/span>  <span class=\"meta-nav\">&rarr;<\/span><\/a><\/p>\n","protected":false},"author":23,"featured_media":0,"parent":0,"menu_order":1,"comment_status":"closed","ping_status":"closed","template":"","meta":{"footnotes":""},"class_list":["post-33252","page","type-page","status-publish","hentry"],"_links":{"self":[{"href":"https:\/\/cimbcc.org\/test2\/wp-json\/wp\/v2\/pages\/33252","targetHints":{"allow":["GET"]}}],"collection":[{"href":"https:\/\/cimbcc.org\/test2\/wp-json\/wp\/v2\/pages"}],"about":[{"href":"https:\/\/cimbcc.org\/test2\/wp-json\/wp\/v2\/types\/page"}],"author":[{"embeddable":true,"href":"https:\/\/cimbcc.org\/test2\/wp-json\/wp\/v2\/users\/23"}],"replies":[{"embeddable":true,"href":"https:\/\/cimbcc.org\/test2\/wp-json\/wp\/v2\/comments?post=33252"}],"version-history":[{"count":73,"href":"https:\/\/cimbcc.org\/test2\/wp-json\/wp\/v2\/pages\/33252\/revisions"}],"predecessor-version":[{"id":53481,"href":"https:\/\/cimbcc.org\/test2\/wp-json\/wp\/v2\/pages\/33252\/revisions\/53481"}],"wp:attachment":[{"href":"https:\/\/cimbcc.org\/test2\/wp-json\/wp\/v2\/media?parent=33252"}],"curies":[{"name":"wp","href":"https:\/\/api.w.org\/{rel}","templated":true}]}}