{"id":33261,"date":"2021-02-04T13:41:04","date_gmt":"2021-02-04T18:41:04","guid":{"rendered":"https:\/\/cimbcc.org\/test2\/?page_id=33261"},"modified":"2025-05-05T17:09:52","modified_gmt":"2025-05-05T21:09:52","slug":"renouvellement-en-ligne","status":"publish","type":"page","link":"https:\/\/cimbcc.org\/test2\/renouvellement\/renouvellement-en-ligne\/","title":{"rendered":"RENOUVELLEMENT EN LIGNE DE L&rsquo;ADH\u00c9SION AU CLUB"},"content":{"rendered":"\n<p><span style=\"color: #ff0000;\">Le Club emploie le masculin g\u00e9n\u00e9rique pour \u00e9viter d\u2019alourdir le texte.&nbsp;<\/span><\/p>\n\n\n\n<h4 class=\"wp-block-heading\">Si vous et votre conjoint \u00eates actuellement membres du Club, cliquez sur une des trois options suivantes :<\/h4>\n\n\n\n<p><\/p>\n\n\n\n<ul class=\"wp-block-list\">\n<li><a href=\"https:\/\/cimbcc.org\/test2\/renouvellement\/renouvellement-en-ligne\/choix-du-mode-de-paiement-couple\" target=\"_blank\" rel=\"noopener noreferrer\">Nous voulons renouveler notre adh\u00e9sion au Club en tant que couple (cotisation : 30 $).<\/a><\/li>\n\n\n\n<li><a href=\"https:\/\/cimbcc.org\/test2\/renouvellement\/renouvellement-en-ligne\/choix-du-mode-de-paiement-benevole-conjoint\" target=\"_blank\" rel=\"noopener noreferrer\">Je veux renouveler mon adh\u00e9sion et mon conjoint est b\u00e9n\u00e9vole au Club (cotisation : 10$).<\/a><\/li>\n\n\n\n<li><a href=\"https:\/\/cimbcc.org\/test2\/renouvellement\/renouvellement-en-ligne\/choix-du-mode-de-paiement-couple-moins-conjoint\" target=\"_blank\" rel=\"noopener noreferrer\">Je veux renouveler mon adh\u00e9sion au Club, mais mon conjoint ne veut pas renouveler son adh\u00e9sion<br>(cotisation : 20 $).<\/a><\/li>\n<\/ul>\n\n\n\n<h4 class=\"wp-block-heading\">Si vous \u00eates actuellement membre du Club en tant que membre individuel, cliquez sur une des deux options suivantes :<\/h4>\n\n\n\n<ul class=\"wp-block-list\">\n<li><a href=\"https:\/\/cimbcc.org\/test2\/renouvellement\/renouvellement-en-ligne\/choix-du-mode-de-paiement-individu\" target=\"_blank\" rel=\"noopener noreferrer\">Je veux renouveler mon adh\u00e9sion au Club en tant que membre individuel\u00a0(cotisation : 20 $).<\/a><\/li>\n\n\n\n<li><a href=\"https:\/\/cimbcc.org\/test2\/renouvellement\/renouvellement-en-ligne\/choix-du-mode-de-paiement-individu-plus-conjoint\" target=\"_blank\" rel=\"noopener noreferrer\">Je veux renouveler mon adh\u00e9sion au Club et mon conjoint veut devenir membre (cotisation : 30 $).<\/a><\/li>\n<\/ul>\n\n\n\n<div class=\"wp-block-group\"><div class=\"wp-block-group__inner-container is-layout-constrained wp-block-group-is-layout-constrained\">\n<div style=\"height:50px\" aria-hidden=\"true\" class=\"wp-block-spacer\"><\/div>\n\n\n\n<p class=\"has-small-font-size\">Derni\u00e8re r\u00e9vision de cette page : ao\u00fbt 2024.<\/p>\n\n\n\n<p class=\"has-small-font-size\">Responsable de la mise \u00e0 jour de cette page : Sylvain Garneau.<\/p>\n<\/div><\/div>\n\n\n\n<p><\/p>\n","protected":false},"excerpt":{"rendered":"<p>Le Club emploie le masculin g\u00e9n\u00e9rique pour \u00e9viter d\u2019alourdir le texte.&nbsp; Si vous et votre conjoint \u00eates actuellement membres du Club, cliquez sur une des trois options suivantes : Si vous \u00eates actuellement membre du Club en tant que membre individuel, cliquez sur une des deux options suivantes :<\/p>\n","protected":false},"author":33,"featured_media":0,"parent":33252,"menu_order":0,"comment_status":"closed","ping_status":"closed","template":"","meta":{"footnotes":""},"class_list":["post-33261","page","type-page","status-publish","hentry"],"_links":{"self":[{"href":"https:\/\/cimbcc.org\/test2\/wp-json\/wp\/v2\/pages\/33261","targetHints":{"allow":["GET"]}}],"collection":[{"href":"https:\/\/cimbcc.org\/test2\/wp-json\/wp\/v2\/pages"}],"about":[{"href":"https:\/\/cimbcc.org\/test2\/wp-json\/wp\/v2\/types\/page"}],"author":[{"embeddable":true,"href":"https:\/\/cimbcc.org\/test2\/wp-json\/wp\/v2\/users\/33"}],"replies":[{"embeddable":true,"href":"https:\/\/cimbcc.org\/test2\/wp-json\/wp\/v2\/comments?post=33261"}],"version-history":[{"count":40,"href":"https:\/\/cimbcc.org\/test2\/wp-json\/wp\/v2\/pages\/33261\/revisions"}],"predecessor-version":[{"id":53523,"href":"https:\/\/cimbcc.org\/test2\/wp-json\/wp\/v2\/pages\/33261\/revisions\/53523"}],"up":[{"embeddable":true,"href":"https:\/\/cimbcc.org\/test2\/wp-json\/wp\/v2\/pages\/33252"}],"wp:attachment":[{"href":"https:\/\/cimbcc.org\/test2\/wp-json\/wp\/v2\/media?parent=33261"}],"curies":[{"name":"wp","href":"https:\/\/api.w.org\/{rel}","templated":true}]}}