{"id":33291,"date":"2021-02-04T14:29:17","date_gmt":"2021-02-04T19:29:17","guid":{"rendered":"https:\/\/cimbcc.org\/test2\/?page_id=33291"},"modified":"2024-04-29T10:56:37","modified_gmt":"2024-04-29T14:56:37","slug":"periode-de-renouvellement-terminee","status":"publish","type":"page","link":"https:\/\/cimbcc.org\/test2\/renouvellement\/periode-de-renouvellement-terminee\/","title":{"rendered":"Renouvellement des adh\u00e9sions au Club"},"content":{"rendered":"<p>La p\u00e9riode de renouvellement des adh\u00e9sions au Club informatique Mont-Bruno d\u00e9bute le 15 ao\u00fbt pour se terminer le 15 octobre inclusivement.<\/p>\n<p>Si vous \u00e9tiez membre du Club mais que vous avez omis de renouveler votre adh\u00e9sion durant la p\u00e9riode de renouvellement, vous devez adh\u00e9rer au Club de nouveau pour continuer \u00e0 profiter de ses services. Cliquez sur <a style=\"color: #41a62a; outline: 0px;\" href=\"https:\/\/cimbcc.org\/test2\/adhesion\" target=\"_blank\" rel=\"noopener noreferrer\">ce lien<\/a>\u00a0 \u00a0pour adh\u00e9rer au Club.<\/p>\n<p><i>Si vous n&rsquo;\u00eates pas membre du Club et que vous voulez y adh\u00e9rer, cliquez sur <\/i><a href=\"https:\/\/cimbcc.org\/test2\/adhesion\" target=\"_blank\" rel=\"noopener noreferrer\">ce lien<\/a>.<\/p>\n<p><span style=\"font-size: x-small;\">Derni\u00e8re r\u00e9vision de cette page : octobre 2023. <\/span><span style=\"font-size: x-small;\">Responsable de la mise \u00e0 jour de cette page : Sylvain Garneau.\u00a0<\/span><\/p>\n","protected":false},"excerpt":{"rendered":"<p>La p\u00e9riode de renouvellement des adh\u00e9sions au Club informatique Mont-Bruno d\u00e9bute le 15 ao\u00fbt pour se terminer le 15 octobre inclusivement. Si vous \u00e9tiez membre du Club mais que vous avez omis de renouveler votre adh\u00e9sion durant la p\u00e9riode de renouvellement, vous devez adh\u00e9rer au Club de nouveau pour continuer \u00e0 profiter de ses services. &hellip; <a href=\"https:\/\/cimbcc.org\/test2\/renouvellement\/periode-de-renouvellement-terminee\/\" class=\"more-link\">Continuer la lecture de <span class=\"screen-reader-text\">Renouvellement des adh\u00e9sions au Club<\/span>  <span class=\"meta-nav\">&rarr;<\/span><\/a><\/p>\n","protected":false},"author":33,"featured_media":0,"parent":33252,"menu_order":1,"comment_status":"closed","ping_status":"closed","template":"","meta":{"footnotes":""},"class_list":["post-33291","page","type-page","status-publish","hentry"],"_links":{"self":[{"href":"https:\/\/cimbcc.org\/test2\/wp-json\/wp\/v2\/pages\/33291","targetHints":{"allow":["GET"]}}],"collection":[{"href":"https:\/\/cimbcc.org\/test2\/wp-json\/wp\/v2\/pages"}],"about":[{"href":"https:\/\/cimbcc.org\/test2\/wp-json\/wp\/v2\/types\/page"}],"author":[{"embeddable":true,"href":"https:\/\/cimbcc.org\/test2\/wp-json\/wp\/v2\/users\/33"}],"replies":[{"embeddable":true,"href":"https:\/\/cimbcc.org\/test2\/wp-json\/wp\/v2\/comments?post=33291"}],"version-history":[{"count":21,"href":"https:\/\/cimbcc.org\/test2\/wp-json\/wp\/v2\/pages\/33291\/revisions"}],"predecessor-version":[{"id":46817,"href":"https:\/\/cimbcc.org\/test2\/wp-json\/wp\/v2\/pages\/33291\/revisions\/46817"}],"up":[{"embeddable":true,"href":"https:\/\/cimbcc.org\/test2\/wp-json\/wp\/v2\/pages\/33252"}],"wp:attachment":[{"href":"https:\/\/cimbcc.org\/test2\/wp-json\/wp\/v2\/media?parent=33291"}],"curies":[{"name":"wp","href":"https:\/\/api.w.org\/{rel}","templated":true}]}}