{"id":33390,"date":"2021-02-05T15:36:12","date_gmt":"2021-02-05T20:36:12","guid":{"rendered":"https:\/\/cimbcc.org\/test2\/?page_id=33390"},"modified":"2025-05-05T16:55:20","modified_gmt":"2025-05-05T20:55:20","slug":"choix-du-mode-de-paiement-couple-moins-conjoint","status":"publish","type":"page","link":"https:\/\/cimbcc.org\/test2\/renouvellement\/renouvellement-en-ligne\/choix-du-mode-de-paiement-couple-moins-conjoint\/","title":{"rendered":"Choix du mode de paiement"},"content":{"rendered":"\n<p>Un paiement par virement Interac n\u2019entra\u00eene aucun co\u00fbt pour le Club et c\u2019est l\u2019option qui est la plus facile \u00e0 traiter par les b\u00e9n\u00e9voles du Club. Nous vous sugg\u00e9rons donc de privil\u00e9gier cette option si vous savez comment l\u2019utiliser.<\/p>\n\n\n\n<p>Si vous d\u00e9sirez payer par PayPal ou par carte de cr\u00e9dit, le paiement par carte de cr\u00e9dit se fera au moyen de la compagnie PayPal. Si vous n\u2019\u00eates pas familier avec le paiement par carte de cr\u00e9dit \u00e0 travers la compagnie PayPal, les instructions suivantes pourraient vous \u00eatre utiles lorsque vous serez dans le module de paiement de PayPal :<\/p>\n\n\n\n<ol class=\"wp-block-list\">\n<li>&nbsp;au bas de la fen\u00eatre <strong>Payer avec PayPal<\/strong>, cliquez sur le bouton <strong>Payer avec une carte de d\u00e9bit ou de cr\u00e9dit<\/strong> ou sur le bouton <strong>Payer sans ouvrir de compte<\/strong>,<\/li>\n\n\n\n<li>&nbsp;si la fen\u00eatre <strong>Paiement sans ouverture de compte<\/strong> s\u2019affiche,&nbsp;\u00e9crivez votre adresse de courriel, puis cliquez sur le bouton <strong>Continuer vers le paiement<\/strong>,<\/li>\n\n\n\n<li>&nbsp;remplissez et soumettez le formulaire de paiement.<\/li>\n<\/ol>\n\n\n\n<h4 class=\"wp-block-heading\">Cliquez sur le mode de paiement que vous voulez utiliser : <\/h4>\n\n\n\n<ul class=\"wp-block-list\">\n<li><a href=\"https:\/\/cimbcc.org\/test2\/renouvellement\/renouvellement-en-ligne\/choix-du-mode-de-paiement-couple-moins-conjoint\/formulaire-de-renouvellement-interac-couple-moins-conjoint\" target=\"_blank\" rel=\"noopener noreferrer\">Je vais payer ma cotisation par virement Interac au moyen d\u2019un courriel.<\/a><\/li>\n\n\n\n<li><a href=\"https:\/\/cimbcc.org\/test2\/renouvellement\/renouvellement-en-ligne\/choix-du-mode-de-paiement-couple-moins-conjoint\/formulaire-de-renouvellement-paypal-ou-carte-de-credit-couple-moins-conjoint\" target=\"_blank\" rel=\"noopener noreferrer\">Je vais payer ma cotisation par PayPal ou par carte de cr\u00e9dit.<\/a><\/li>\n\n\n\n<li><a href=\"https:\/\/cimbcc.org\/test2\/renouvellement\/renouvellement-en-ligne\/choix-du-mode-de-paiement-couple-moins-conjoint\/formulaire-de-renouvellement-cheque-couple-moins-conjoint\" target=\"_blank\" rel=\"noopener noreferrer\">Je vais payer ma cotisation par ch\u00e8que.<\/a><\/li>\n<\/ul>\n\n\n\n<div class=\"wp-block-group\"><div class=\"wp-block-group__inner-container is-layout-constrained wp-block-group-is-layout-constrained\">\n<div style=\"height:50px\" aria-hidden=\"true\" class=\"wp-block-spacer\"><\/div>\n\n\n\n<p class=\"has-small-font-size\">Derni\u00e8re r\u00e9vision de cette page : ao\u00fbt 2024.<\/p>\n\n\n\n<p class=\"has-small-font-size\">Responsable de la mise \u00e0 jour de cette page : Sylvain Garneau.<\/p>\n<\/div><\/div>\n\n\n\n<p><\/p>\n","protected":false},"excerpt":{"rendered":"<p>Un paiement par virement Interac n\u2019entra\u00eene aucun co\u00fbt pour le Club et c\u2019est l\u2019option qui est la plus facile \u00e0 traiter par les b\u00e9n\u00e9voles du Club. Nous vous sugg\u00e9rons donc de privil\u00e9gier cette option si vous savez comment l\u2019utiliser. Si vous d\u00e9sirez payer par PayPal ou par carte de cr\u00e9dit, le paiement par carte de &hellip; <a href=\"https:\/\/cimbcc.org\/test2\/renouvellement\/renouvellement-en-ligne\/choix-du-mode-de-paiement-couple-moins-conjoint\/\" class=\"more-link\">Continuer la lecture de <span class=\"screen-reader-text\">Choix du mode de paiement<\/span>  <span class=\"meta-nav\">&rarr;<\/span><\/a><\/p>\n","protected":false},"author":33,"featured_media":0,"parent":33261,"menu_order":30,"comment_status":"closed","ping_status":"closed","template":"","meta":{"footnotes":""},"class_list":["post-33390","page","type-page","status-publish","hentry"],"_links":{"self":[{"href":"https:\/\/cimbcc.org\/test2\/wp-json\/wp\/v2\/pages\/33390","targetHints":{"allow":["GET"]}}],"collection":[{"href":"https:\/\/cimbcc.org\/test2\/wp-json\/wp\/v2\/pages"}],"about":[{"href":"https:\/\/cimbcc.org\/test2\/wp-json\/wp\/v2\/types\/page"}],"author":[{"embeddable":true,"href":"https:\/\/cimbcc.org\/test2\/wp-json\/wp\/v2\/users\/33"}],"replies":[{"embeddable":true,"href":"https:\/\/cimbcc.org\/test2\/wp-json\/wp\/v2\/comments?post=33390"}],"version-history":[{"count":21,"href":"https:\/\/cimbcc.org\/test2\/wp-json\/wp\/v2\/pages\/33390\/revisions"}],"predecessor-version":[{"id":53491,"href":"https:\/\/cimbcc.org\/test2\/wp-json\/wp\/v2\/pages\/33390\/revisions\/53491"}],"up":[{"embeddable":true,"href":"https:\/\/cimbcc.org\/test2\/wp-json\/wp\/v2\/pages\/33261"}],"wp:attachment":[{"href":"https:\/\/cimbcc.org\/test2\/wp-json\/wp\/v2\/media?parent=33390"}],"curies":[{"name":"wp","href":"https:\/\/api.w.org\/{rel}","templated":true}]}}