{"id":33498,"date":"2021-02-06T14:22:56","date_gmt":"2021-02-06T19:22:56","guid":{"rendered":"https:\/\/cimbcc.org\/test2\/?page_id=33498"},"modified":"2023-07-26T17:54:26","modified_gmt":"2023-07-26T21:54:26","slug":"formulaire-de-renouvellement-cheque-individu-plus-conjoint","status":"publish","type":"page","link":"https:\/\/cimbcc.org\/test2\/renouvellement\/renouvellement-en-ligne\/choix-du-mode-de-paiement-individu-plus-conjoint\/formulaire-de-renouvellement-cheque-individu-plus-conjoint\/","title":{"rendered":"Formulaire de renouvellement de l&rsquo;adh\u00e9sion au Club"},"content":{"rendered":"<p>Voici comment proc\u00e9der pour renouveler votre adh\u00e9sion au Club :<\/p>\n<ul>\n<li>Remplir le formulaire plus bas.<\/li>\n<li>Cliquer sur le bouton <strong>Envoyer<\/strong>.<\/li>\n<li>Faites-nous parvenir votre ch\u00e8que \u00e0 l&rsquo;adresse indiqu\u00e9e dans le courriel que vous recevrez lorsque vous cliquerez sur le bouton <strong>Envoyer<\/strong>.<\/li>\n<\/ul>\n<p>Si vous avez des questions au sujet de ce formulaire ou si vous \u00e9prouvez des difficult\u00e9s en tentant de renouveler votre adh\u00e9sion, vous pouvez demander qu\u2019un b\u00e9n\u00e9vole du Club vous rappelle d&rsquo;ici 48 heures en cliquant sur <a href=\"https:\/\/cimbcc.org\/test2\/formulaire-de-demande-daide\" target=\"_blank\" rel=\"noopener noreferrer\">ce lien<\/a>.<\/p>\n\n<div class=\"wpcf7 no-js\" id=\"wpcf7-f33501-o1\" lang=\"fr-FR\" dir=\"ltr\" data-wpcf7-id=\"33501\">\n<div class=\"screen-reader-response\"><p role=\"status\" aria-live=\"polite\" aria-atomic=\"true\"><\/p> <ul><\/ul><\/div>\n<form action=\"\/test2\/wp-json\/wp\/v2\/pages\/33498#wpcf7-f33501-o1\" method=\"post\" class=\"wpcf7-form init\" aria-label=\"Formulaire de contact\" novalidate=\"novalidate\" data-status=\"init\">\n<div style=\"display: none;\">\n<input type=\"hidden\" name=\"_wpcf7\" value=\"33501\" \/>\n<input type=\"hidden\" name=\"_wpcf7_version\" value=\"6.0.6\" \/>\n<input type=\"hidden\" name=\"_wpcf7_locale\" value=\"fr_FR\" \/>\n<input type=\"hidden\" name=\"_wpcf7_unit_tag\" value=\"wpcf7-f33501-o1\" \/>\n<input type=\"hidden\" name=\"_wpcf7_container_post\" value=\"0\" \/>\n<input type=\"hidden\" name=\"_wpcf7_posted_data_hash\" value=\"\" \/>\n<input type=\"hidden\" name=\"_wpcf7_recaptcha_response\" value=\"\" \/>\n<\/div>\n<style>\ninput, textarea {\nborder: 1px solid grey;\n}\n<\/style>\n<h3>Renseignements sur la personne qui renouvelle son adh\u00e9sion au Club\n<\/h3>\n<p><label> Pr\u00e9nom (champ obligatoire)<br \/>\n<span class=\"wpcf7-form-control-wrap\" data-name=\"text-94\"><input size=\"40\" maxlength=\"400\" class=\"wpcf7-form-control wpcf7-text wpcf7-validates-as-required\" aria-required=\"true\" aria-invalid=\"false\" value=\"\" type=\"text\" name=\"text-94\" \/><\/span> <\/label>\n<\/p>\n<p><label> Nom (champ obligatoire)<br \/>\n<span class=\"wpcf7-form-control-wrap\" data-name=\"text-228\"><input size=\"40\" maxlength=\"400\" class=\"wpcf7-form-control wpcf7-text wpcf7-validates-as-required\" autocomplete=\"name\" aria-required=\"true\" aria-invalid=\"false\" value=\"\" type=\"text\" name=\"text-228\" \/><\/span> <\/label>\n<\/p>\n<p><label> Num\u00e9ro de t\u00e9l\u00e9phone (champ obligatoire)<br \/>\n<span class=\"wpcf7-form-control-wrap\" data-name=\"tel-979\"><input size=\"40\" maxlength=\"400\" class=\"wpcf7-form-control wpcf7-tel wpcf7-validates-as-required wpcf7-text wpcf7-validates-as-tel\" autocomplete=\"tel\" aria-required=\"true\" aria-invalid=\"false\" value=\"\" type=\"tel\" name=\"tel-979\" \/><\/span> <\/label>\n<\/p>\n<p><label> Adresse de courriel (champ obligatoire)<br \/>\n<span class=\"wpcf7-form-control-wrap\" data-name=\"your-email\"><input size=\"40\" maxlength=\"400\" class=\"wpcf7-form-control wpcf7-email wpcf7-validates-as-required wpcf7-text wpcf7-validates-as-email\" autocomplete=\"email\" aria-required=\"true\" aria-invalid=\"false\" value=\"\" type=\"email\" name=\"your-email\" \/><\/span> <\/label>\n<\/p>\n<h3>Fournir les renseignements suivants s\u2019ils ont chang\u00e9 au cours de la derni\u00e8re ann\u00e9e :\n<\/h3>\n<p><label> Ville (si diff\u00e9rente de l'ann\u00e9e derni\u00e8re)<br \/>\n<span class=\"wpcf7-form-control-wrap\" data-name=\"text-852\"><input size=\"40\" maxlength=\"400\" class=\"wpcf7-form-control wpcf7-text\" autocomplete=\"address-level2\" aria-invalid=\"false\" value=\"\" type=\"text\" name=\"text-852\" \/><\/span> <\/label>\n<\/p>\n<p><label> Code postal (si diff\u00e9rent de l'ann\u00e9e derni\u00e8re)<br \/>\n<span class=\"wpcf7-form-control-wrap\" data-name=\"text-824\"><input size=\"40\" maxlength=\"400\" class=\"wpcf7-form-control wpcf7-text\" autocomplete=\"postal-code\" aria-invalid=\"false\" value=\"\" type=\"text\" name=\"text-824\" \/><\/span> <\/label>\n<\/p>\n<h3>Renseignements sur le conjoint qui veut devenir membre\n<\/h3>\n<p><label> Pr\u00e9nom (champ obligatoire)<br \/>\n<span class=\"wpcf7-form-control-wrap\" data-name=\"prenom-conjoint\"><input size=\"40\" maxlength=\"400\" class=\"wpcf7-form-control wpcf7-text wpcf7-validates-as-required\" aria-required=\"true\" aria-invalid=\"false\" value=\"\" type=\"text\" name=\"prenom-conjoint\" \/><\/span> <\/label>\n<\/p>\n<p><label> Nom (champ obligatoire)<br \/>\n<span class=\"wpcf7-form-control-wrap\" data-name=\"nom-conjoint\"><input size=\"40\" maxlength=\"400\" class=\"wpcf7-form-control wpcf7-text wpcf7-validates-as-required\" autocomplete=\"name\" aria-required=\"true\" aria-invalid=\"false\" value=\"\" type=\"text\" name=\"nom-conjoint\" \/><\/span> <\/label>\n<\/p>\n<p><label> Num\u00e9ro de t\u00e9l\u00e9phone (si diff\u00e9rent du conjoint d\u00e9j\u00e0 membre)<br \/>\n<span class=\"wpcf7-form-control-wrap\" data-name=\"tel-conjoint\"><input size=\"40\" maxlength=\"400\" class=\"wpcf7-form-control wpcf7-tel wpcf7-text wpcf7-validates-as-tel\" autocomplete=\"tel\" aria-invalid=\"false\" value=\"\" type=\"tel\" name=\"tel-conjoint\" \/><\/span> <\/label>\n<\/p>\n<p><label> Ville (si diff\u00e9rente du conjoint d\u00e9j\u00e0 membre)<br \/>\n<span class=\"wpcf7-form-control-wrap\" data-name=\"ville-conjoint\"><input size=\"40\" maxlength=\"400\" class=\"wpcf7-form-control wpcf7-text\" autocomplete=\"address-level2\" aria-invalid=\"false\" value=\"\" type=\"text\" name=\"ville-conjoint\" \/><\/span> <\/label>\n<\/p>\n<p><label> Code postal (si diff\u00e9rent du conjoint d\u00e9j\u00e0 membre)<br \/>\n<span class=\"wpcf7-form-control-wrap\" data-name=\"code-postal-conjoint\"><input size=\"40\" maxlength=\"400\" class=\"wpcf7-form-control wpcf7-text\" autocomplete=\"postal-code\" aria-invalid=\"false\" value=\"\" type=\"text\" name=\"code-postal-conjoint\" \/><\/span> <\/label>\n<\/p>\n<p><label> Adresse de courriel (si diff\u00e9rente du conjoint d\u00e9j\u00e0 membre)<br \/>\n<span class=\"wpcf7-form-control-wrap\" data-name=\"email-conjoint\"><input size=\"40\" maxlength=\"400\" class=\"wpcf7-form-control wpcf7-text\" autocomplete=\"email\" aria-invalid=\"false\" value=\"\" type=\"text\" name=\"email-conjoint\" \/><\/span> <\/label>\n<\/p>\n<p><input class=\"wpcf7-form-control wpcf7-submit has-spinner\" type=\"submit\" value=\"Envoyer\" \/>\n<\/p><p style=\"display: none !important;\" class=\"akismet-fields-container\" data-prefix=\"_wpcf7_ak_\"><label>&#916;<textarea name=\"_wpcf7_ak_hp_textarea\" cols=\"45\" rows=\"8\" maxlength=\"100\"><\/textarea><\/label><input type=\"hidden\" id=\"ak_js_1\" name=\"_wpcf7_ak_js\" value=\"31\"\/><script>document.getElementById( \"ak_js_1\" ).setAttribute( \"value\", ( new Date() ).getTime() );<\/script><\/p><div class=\"wpcf7-response-output\" aria-hidden=\"true\"><\/div>\n<\/form>\n<\/div>\n\n<address><span style=\"font-size: x-small;\">Derni\u00e8re r\u00e9vision de cette page : juillet 2023.<\/span><\/address>\n<address><span style=\"font-size: x-small;\">Responsable de la mise \u00e0 jour de cette page : Sylvain Garneau.\u00a0<\/span><\/address>\n","protected":false},"excerpt":{"rendered":"<p>Voici comment proc\u00e9der pour renouveler votre adh\u00e9sion au Club : Remplir le formulaire plus bas. Cliquer sur le bouton Envoyer. Faites-nous parvenir votre ch\u00e8que \u00e0 l&rsquo;adresse indiqu\u00e9e dans le courriel que vous recevrez lorsque vous cliquerez sur le bouton Envoyer. Si vous avez des questions au sujet de ce formulaire ou si vous \u00e9prouvez des &hellip; <a href=\"https:\/\/cimbcc.org\/test2\/renouvellement\/renouvellement-en-ligne\/choix-du-mode-de-paiement-individu-plus-conjoint\/formulaire-de-renouvellement-cheque-individu-plus-conjoint\/\" class=\"more-link\">Continuer la lecture de <span class=\"screen-reader-text\">Formulaire de renouvellement de l&rsquo;adh\u00e9sion au Club<\/span>  <span class=\"meta-nav\">&rarr;<\/span><\/a><\/p>\n","protected":false},"author":33,"featured_media":0,"parent":33480,"menu_order":30,"comment_status":"closed","ping_status":"closed","template":"","meta":{"footnotes":""},"class_list":["post-33498","page","type-page","status-publish","hentry"],"_links":{"self":[{"href":"https:\/\/cimbcc.org\/test2\/wp-json\/wp\/v2\/pages\/33498","targetHints":{"allow":["GET"]}}],"collection":[{"href":"https:\/\/cimbcc.org\/test2\/wp-json\/wp\/v2\/pages"}],"about":[{"href":"https:\/\/cimbcc.org\/test2\/wp-json\/wp\/v2\/types\/page"}],"author":[{"embeddable":true,"href":"https:\/\/cimbcc.org\/test2\/wp-json\/wp\/v2\/users\/33"}],"replies":[{"embeddable":true,"href":"https:\/\/cimbcc.org\/test2\/wp-json\/wp\/v2\/comments?post=33498"}],"version-history":[{"count":13,"href":"https:\/\/cimbcc.org\/test2\/wp-json\/wp\/v2\/pages\/33498\/revisions"}],"predecessor-version":[{"id":44974,"href":"https:\/\/cimbcc.org\/test2\/wp-json\/wp\/v2\/pages\/33498\/revisions\/44974"}],"up":[{"embeddable":true,"href":"https:\/\/cimbcc.org\/test2\/wp-json\/wp\/v2\/pages\/33480"}],"wp:attachment":[{"href":"https:\/\/cimbcc.org\/test2\/wp-json\/wp\/v2\/media?parent=33498"}],"curies":[{"name":"wp","href":"https:\/\/api.w.org\/{rel}","templated":true}]}}