{"id":34667,"date":"2021-06-04T05:53:49","date_gmt":"2021-06-04T09:53:49","guid":{"rendered":"https:\/\/cimbcc.org\/test2\/?page_id=34667"},"modified":"2025-05-09T06:10:35","modified_gmt":"2025-05-09T10:10:35","slug":"ipad-et-iphone-avance","status":"publish","type":"page","link":"https:\/\/cimbcc.org\/test2\/partage-de-connaissances\/les-ateliers\/ipad-et-iphone-avance\/","title":{"rendered":"iPad et iPhone &#8211; avanc\u00e9"},"content":{"rendered":"\n<h2 class=\"wp-block-heading\"><span style=\"color: #333399;\">\u00c0 qui s\u2019adresse l\u2019atelier<\/span><\/h2>\n\n\n\n<p style=\"font-size:0px;text-transform:none\"><span style=\"font-size: 14pt;\">Aux membres qui veulent acqu\u00e9rir des connaissances plus pouss\u00e9es de la tablette iPad et\/ou du t\u00e9l\u00e9phone iPhone.<\/span><\/p>\n\n\n\n<h2 class=\"wp-block-heading\"><span style=\"color: #333399;\">Description de l\u2019atelier<\/span><\/h2>\n\n\n\n<p><span style=\"font-size: 14pt;\">Poursuivre les apprentissages de fonctions plus avanc\u00e9es.<\/span><\/p>\n\n\n\n<h2 class=\"wp-block-heading\"><span style=\"color: #333399;\">Mat\u00e9riel utilis\u00e9<\/span><\/h2>\n\n\n\n<p><span style=\"font-size: 14pt;\">Vous devez avoir acc\u00e8s \u00e0 une tablette iPad et \/ou \u00e0 un t\u00e9l\u00e9phone iPhone et \u00e0 un ordinateur.<\/span><\/p>\n\n\n\n<h2 class=\"wp-block-heading\"><span style=\"color: #333399;\">Pr\u00e9cisions<\/span><\/h2>\n\n\n\n<ul class=\"wp-block-list\">\n<li><span style=\"font-size: 14pt;\">Les r\u00e9unions <strong>iPad<\/strong> seront donn\u00e9es le <strong>mardi<\/strong> et les r\u00e9unions <strong>iPhone<\/strong> le <strong>jeudi.<\/strong><\/span><\/li>\n\n\n\n<li><span style=\"font-size: 14pt;\">Lors de votre inscription, vous devez indiquer si vous participez aux r\u00e9unions iPad ou iPhone ou les deux.<\/span><\/li>\n\n\n\n<li><span style=\"font-size: 14pt;\">Lors de votre inscription, vous devez aussi fournir le <strong>Nom de mod\u00e8le<\/strong> ainsi que la <strong>version du logiciel<\/strong> de la tablette ou du t\u00e9l\u00e9phone que vous utiliserez lors des r\u00e9unions de l\u2019atelier.<\/span><\/li>\n\n\n\n<li><span style=\"font-size: 14pt;\">Vous trouverez ces informations dans les r\u00e9glages de votre appareil sous la rubrique G\u00e9n\u00e9ral \/Informations.<\/span><\/li>\n\n\n\n<li><span style=\"font-size: 14pt;\">Cet atelier accepte un maximum de 20 participants pour chaque type d&rsquo;appareil.<\/span><\/li>\n<\/ul>\n\n\n\n<h3 class=\"wp-block-heading\"><strong>Guide de l&rsquo;utilisateur pour l&rsquo;iPad et l&rsquo;iPhone<\/strong><\/h3>\n\n\n\n<p><span style=\"font-size: 14pt;\">Cahier du participant &#8211;&nbsp; iPad\/iPhone avanc\u00e9.&nbsp; &nbsp; &nbsp; &nbsp; &nbsp; &nbsp; &nbsp; &nbsp; &nbsp;&nbsp; &nbsp;&nbsp; &nbsp;&nbsp; &nbsp;&nbsp; &nbsp;&nbsp; &nbsp;&nbsp; <\/span><span style=\"font-size: 14pt;\"><span style=\"font-size: 12pt;\"><a href=\"https:\/\/cimbcc.org\/test2\/wp-content\/uploads\/divers_pdf_cahier_du_participant_atelier-ipad_iphone_-avance_-hiver_2025.pdf\" target=\"_blank\" rel=\"noopener noreferrer\">T\u00e9l\u00e9chargez ici<\/a><\/span><\/span><\/p>\n\n\n\n<h2 class=\"wp-block-heading\"><span style=\"color: #333399;\">Pr\u00e9requis<\/span><\/h2>\n\n\n\n<ul class=\"wp-block-list\">\n<li><span style=\"font-size: 14pt;\">Avoir particip\u00e9 aux r\u00e9unions de l\u2019un des ateliers iPad et ou iPhone &#8211;\u00a0 interm\u00e9diaires, donn\u00e9s aux sessions pr\u00e9c\u00e9dentes.<\/span><\/li>\n\n\n\n<li><span style=\"font-size: 14pt;\">Avoir en sa possession un deuxi\u00e8me appareil (ordinateur portable ou\u00a0 de bureau, iPad, tablette Android) permettant d&rsquo;acc\u00e9der \u00e0 l&rsquo;atelier \u00e0 distance avec Zoom.<\/span><\/li>\n\n\n\n<li><span style=\"font-size: 14pt;\">Avoir install\u00e9 l&rsquo;application Zoom sur l&rsquo;appareil qui servira \u00e0 suivre l&rsquo;atelier.<\/span><\/li>\n<\/ul>\n\n\n\n<h2 class=\"wp-block-heading\"><span style=\"color: #333399;\">Fonctionnement<\/span><\/h2>\n\n\n\n<p><span style=\"font-size: 14pt;\">L\u2019apprentissage se fera dans le cadre de r\u00e9unions d\u2019exp\u00e9rimentation.<\/span><\/p>\n\n\n\n<h2 class=\"wp-block-heading\"><span style=\"color: #333399;\">Contenu des r\u00e9unions<\/span><\/h2>\n\n\n\n<h4 class=\"wp-block-heading\"><span style=\"font-size: 14pt;\">R\u00e9union 1&nbsp;<\/span><\/h4>\n\n\n\n<p><span style=\"font-size: 14pt;\">Utiliser son iPad ou son iPhone en toute s\u00e9curit\u00e9<\/span><\/p>\n\n\n\n<ul class=\"wp-block-list\">\n<li>\n<ul class=\"wp-block-list\">\n<li><span style=\"font-size: 14pt;\">Mettre en place les mesures de s\u00e9curit\u00e9.<\/span><\/li>\n\n\n\n<li><span style=\"font-size: 14pt;\">Localiser votre appareil.<\/span><\/li>\n\n\n\n<li><span style=\"font-size: 14pt;\">Faire sonner.<\/span><\/li>\n\n\n\n<li><span style=\"font-size: 14pt;\">Verrouiller votre iPad ou iPhone perdu.<\/span><\/li>\n\n\n\n<li><span style=\"font-size: 14pt;\">Red\u00e9marrer, r\u00e9initialiser et restaurer.<\/span><\/li>\n<\/ul>\n<\/li>\n<\/ul>\n\n\n\n<p><span style=\"font-size: 14pt;\">Localiser des objets ou des personnes avec son iPad ou son iPhone<\/span><\/p>\n\n\n\n<ul class=\"wp-block-list\">\n<li>\n<ul class=\"wp-block-list\">\n<li><span style=\"font-size: 14pt;\">Mettre en place et configurer un Airtag.<\/span><\/li>\n\n\n\n<li><span style=\"font-size: 14pt;\">Localiser un objet et le faire sonner.<\/span><\/li>\n<\/ul>\n<\/li>\n<\/ul>\n\n\n\n<p><span style=\"font-size: 14pt;\">Visionner le contenu de son iPad ou de son iPhone sur un t\u00e9l\u00e9viseur<\/span><\/p>\n\n\n\n<ul class=\"wp-block-list\">\n<li>\n<ul class=\"wp-block-list\">\n<li><span style=\"font-size: 14pt;\">Relier son iPad ou son iPhone \u00e0 un t\u00e9l\u00e9viseur.<\/span><\/li>\n\n\n\n<li><span style=\"font-size: 14pt;\">Visionner du contenu.<\/span><\/li>\n<\/ul>\n<\/li>\n<\/ul>\n\n\n\n<p><span style=\"font-size: 20px; font-weight: bold;\">R\u00e9union 2<\/span><\/p>\n\n\n\n<p><span style=\"font-size: 14pt;\">Se familiariser avec l&rsquo;application <strong>Plan<\/strong><\/span><\/p>\n\n\n\n<ul class=\"wp-block-list\">\n<li>\n<ul class=\"wp-block-list\">\n<li><span style=\"font-size: 14pt;\">Recherche de lieux.<\/span><\/li>\n\n\n\n<li><span style=\"font-size: 14pt;\">Obtenir un itin\u00e9raire.<\/span><\/li>\n\n\n\n<li><span style=\"font-size: 14pt;\">Suivre un itin\u00e9raire \u00e9tape par \u00e9tape.<\/span><\/li>\n\n\n\n<li><span style=\"font-size: 14pt;\">Localiser des services situ\u00e9s \u00e0 proximit\u00e9.<\/span><\/li>\n\n\n\n<li><span style=\"font-size: 14pt;\">Enregistrer un plan pour utilisation hors ligne.<\/span><\/li>\n<\/ul>\n<\/li>\n<\/ul>\n\n\n\n<p><span style=\"font-size: 14pt;\">\u00c9couter de la musique sur un iPad ou un iPhone<\/span><\/p>\n\n\n\n<ul class=\"wp-block-list\">\n<li>\n<ul class=\"wp-block-list\">\n<li><span style=\"font-size: 14pt;\">Obtenir de la musique.<\/span><\/li>\n\n\n\n<li><span style=\"font-size: 14pt;\">Contr\u00f4ler l&rsquo;\u00e9coute de la musique.<\/span><\/li>\n\n\n\n<li><span style=\"font-size: 14pt;\">Cr\u00e9ation et modification d&rsquo;une liste de lecture.<\/span><\/li>\n<\/ul>\n<\/li>\n<\/ul>\n\n\n\n<p><span style=\"font-size: 14pt;\"><span style=\"font-size: 20px; font-weight: bold;\">R\u00e9union 3<\/span><\/span><\/p>\n\n\n\n<p><span style=\"font-size: 14pt;\">Apprivoiser l&rsquo;application <strong>Note<\/strong><\/span><\/p>\n\n\n\n<ul class=\"wp-block-list\">\n<li>\n<ul class=\"wp-block-list\">\n<li><span style=\"font-size: 14pt;\">Cr\u00e9er et mettre en forme une note.<\/span><\/li>\n\n\n\n<li><span style=\"font-size: 14pt;\">Dessiner et \u00e9crire.<\/span><\/li>\n\n\n\n<li><span style=\"font-size: 14pt;\">Envoyer des photos, vid\u00e9os et du son.<\/span><\/li>\n\n\n\n<li><span style=\"font-size: 14pt;\">Scanner du texte et des documents.<\/span><\/li>\n\n\n\n<li><span style=\"font-size: 14pt;\">Organiser les notes dans des dossiers.<\/span><\/li>\n\n\n\n<li><span style=\"font-size: 14pt;\">Cr\u00e9er une note rapide.<\/span><\/li>\n<\/ul>\n<\/li>\n<\/ul>\n\n\n\n<p><span style=\"font-size: 14pt;\">Traduire du texte, la voix ou une conversation<\/span><\/p>\n\n\n\n<ul class=\"wp-block-list\">\n<li>\n<ul class=\"wp-block-list\">\n<li><span style=\"font-size: 14pt;\">T\u00e9l\u00e9charger des langues pour traduire hors ligne.<\/span><\/li>\n\n\n\n<li><span style=\"font-size: 14pt;\">Traduire du texte ou votre voix.<\/span><\/li>\n\n\n\n<li><span style=\"font-size: 14pt;\">Traduire une conversation.<\/span><\/li>\n\n\n\n<li><span style=\"font-size: 14pt;\">Traduire du texte dans des apps.<\/span><\/li>\n\n\n\n<li><span style=\"font-size: 14pt;\">Traduire du texte avec le viseur de l&rsquo;appareil photo.<\/span><\/li>\n<\/ul>\n<\/li>\n<\/ul>\n\n\n\n<h4 class=\"wp-block-heading\">R\u00e9union 4<\/h4>\n\n\n\n<p><span style=\"font-size: 14pt;\">Apprivoiser l&rsquo;application&nbsp;<strong>Message<\/strong><\/span><\/p>\n\n\n\n<ul class=\"wp-block-list\">\n<li>\n<ul class=\"wp-block-list\">\n<li><span style=\"font-size: 14pt;\">Configurer Messages.<\/span><\/li>\n\n\n\n<li><span style=\"font-size: 14pt;\">Envoyer et recevoir des messages.<\/span><\/li>\n\n\n\n<li><span style=\"font-size: 14pt;\">Envoyer des photos, vid\u00e9os et du son.<\/span><\/li>\n\n\n\n<li><span style=\"font-size: 14pt;\">Animer les messages.<\/span><\/li>\n\n\n\n<li><span style=\"font-size: 14pt;\">Bloquer, filtrer et signaler des messages.<\/span><\/li>\n\n\n\n<li><span style=\"font-size: 14pt;\">Filtrer des iMessages dont l&rsquo;exp\u00e9diteur est inconnu.<\/span><\/li>\n<\/ul>\n<\/li>\n<\/ul>\n\n\n\n<p><span style=\"font-size: 14pt;\">Apprivoiser l&rsquo;application <strong>Cartes ou Portefeuille<\/strong><\/span><\/p>\n\n\n\n<ul class=\"wp-block-list\">\n<li>\n<ul class=\"wp-block-list\">\n<li><span style=\"font-size: 14pt;\">Ajouter et retirer des cartes.<\/span><\/li>\n\n\n\n<li><span style=\"font-size: 14pt;\">Utiliser une carte avec un code QR ou un code barre.<\/span><\/li>\n\n\n\n<li><span style=\"font-size: 14pt;\">Utiliser une carte sans contact.<\/span><\/li>\n<\/ul>\n<\/li>\n<\/ul>\n\n\n\n<p><span style=\"font-size: 14pt;\">Configurer et utiliser une carte <strong>eSim<\/strong> en voyage<\/span><\/p>\n\n\n\n<ul class=\"wp-block-list\">\n<li>\n<ul class=\"wp-block-list\">\n<li><span style=\"font-size: 14pt;\">Acqu\u00e9rir et configurer une carte eSim.<\/span><\/li>\n\n\n\n<li><span style=\"font-size: 14pt;\">Utiliser une carte eSim en voyage.<\/span><\/li>\n<\/ul>\n<\/li>\n<\/ul>\n\n\n\n<p><span style=\"font-size: 18pt; color: #333399;\"><strong>Quand<\/strong><\/span><\/p>\n\n\n\n<p><span style=\"font-size: 14pt;\">L\u2019atelier se compose de 4 r\u00e9unions de 2 heures par type d\u2019appareil.<\/span><\/p>\n\n\n\n<p><span style=\"font-size: 14pt;\">Pour les<strong> iPad,&nbsp;<\/strong>les r\u00e9unions auront lieu le <strong>mardi<\/strong> de 13h00 \u00e0 15h00, aux dates suivantes :<\/span><\/p>\n\n\n\n<ul class=\"wp-block-list\">\n<li><span style=\"font-size: 14pt;\">18 mars 2025<\/span><\/li>\n\n\n\n<li><span style=\"font-size: 14pt;\">25 mars 2025<\/span><\/li>\n\n\n\n<li><span style=\"font-size: 14pt;\">1er avril 2025<\/span><\/li>\n\n\n\n<li><span style=\"font-size: 14pt;\">8 avril 2025<\/span><\/li>\n<\/ul>\n\n\n\n<p><span style=\"font-size: 14pt;\">Pour les iPhone,&nbsp;les r\u00e9unions auront lieu le <strong>jeudi<\/strong> de 13h00 \u00e0 15h00, aux dates suivantes :<\/span><\/p>\n\n\n\n<ul class=\"wp-block-list\">\n<li><span style=\"font-size: 18.6667px;\">20 mars 2025<\/span><\/li>\n\n\n\n<li><span style=\"font-size: 14pt;\">27 mars 2025<\/span><\/li>\n\n\n\n<li><span style=\"font-size: 14pt;\">3 avril 2025<\/span><\/li>\n\n\n\n<li><span style=\"font-size: 14pt;\">10 avril 2025<\/span><\/li>\n<\/ul>\n\n\n\n<h2 class=\"wp-block-heading\"><span style=\"font-size: 18pt; color: #333399;\">O\u00f9<\/span><\/h2>\n\n\n\n<p class=\"has-text-align-left\"><span style=\"font-size: 18.6667px;\">L&rsquo;atelier est donn\u00e9 en vid\u00e9oconf\u00e9rence avec l&rsquo;application Zoom.&nbsp; Vous recevrez un lien de connexion avant chaque r\u00e9union.<\/span><\/p>\n\n\n\n<p>Le bouton \u00ab\u00a0Inscription \u00e0 l&rsquo;atelier\u00a0\u00bb ci-dessous n&rsquo;est pas fonctionnel \u00e0 l&rsquo;ext\u00e9rieur des p\u00e9riodes d&rsquo;inscriptions aux ateliers.<\/p>\n\n\n\n<p><a href=\"https:\/\/cimbcc.org\/test2\/partage-de-connaissances\/les-ateliers\/ipad-et-iphone-avance\/formulaire-atelier-ipad-avance\" target=\"_blank\" rel=\"noopener\"><button>Inscription \u00e0 l&rsquo;atelier<\/button><\/a><\/p>\n\n\n\n<h2 class=\"wp-block-heading\"><span style=\"font-size: 18pt; color: #333399;\">Responsable de l&rsquo;atelier<\/span><\/h2>\n\n\n\t\t\t\t\t\t<div class=\"gallery_box_single\">\n\t\t\t\t\t\t\t\t\t\t\t\t\t\t\t<div class=\"gallery gllr_grid\" data-gllr-columns=\"100\" data-gllr-border-width=\"10\">\n\t\t\t\t\t\t\t\t\t\t\t\t\t\t\t\t\t\t\t\t<div class=\"gllr_image_row\">\n\t\t\t\t\t\t\t\t\t\t\t\t\t\t\t\t\t\t\t\t\t<div class=\"gllr_image_block\">\n\t\t\t\t\t\t\t\t\t\t\t\t<p style=\"\n\t\t\t\t\t\t\t\t\t\t\t\twidth:145px;height:145px;\t\t\t\t\t\t\t\t\t\t\t\t\">\n\t\t\t\t\t\t\t\t\t\t\t\t\t\t\t\t\t\t\t\t\t\t\t\t\t\t\t\t<a data-fancybox=\"gallery_fancybox_7880\" href=\"https:\/\/cimbcc.org\/test2\/wp-content\/uploads\/photo_pepin_yves.jpg\" title=\"Yves P\u00e9pin\" >\n\t\t\t\t\t\t\t\t\t\t\t\t\t\t\t\t<img decoding=\"async\" width=&quot;125&quot; height=&quot;125&quot; style=\"width:125px; height:125px; border-width: 10px; border-color:#f1f1f1;border: 10px solid #f1f1f1\" alt=\"\" title=\"Yves P\u00e9pin\" src=\"https:\/\/cimbcc.org\/test2\/wp-content\/uploads\/photo_pepin_yves.jpg\" rel=\"https:\/\/cimbcc.org\/test2\/wp-content\/uploads\/photo_pepin_yves.jpg\" \/>\t\t\t\t\t\t\t\t\t\t\t\t\t\t\t<\/a>\n\t\t\t\t\t\t\t\t\t\t\t\t\t\t\t\t\t\t\t\t\t\t\t\t\t\t<\/p>\n\t\t\t\t\t\t\t\t\t\t\t\t\t\t\t\t\t\t\t\t\t\t\t\t\t<div \n\t\t\t\t\t\t\t\t\t\t\t\t\tstyle=\"width:145px;\"\t\t\t\t\t\t\t\t\t\t\t\t\tclass=\"gllr_single_image_text gllr_single_image_text_under\">Yves P\u00e9pin&nbsp;<\/div>\n\t\t\t\t\t\t\t\t\t\t\t\t\t\t\t\t\t\t\t\t\t\t\t<\/div><!-- .gllr_image_block -->\n\t\t\t\t\t\t\t\t\t\t\t\t\t\t\t\t\t\t\t\t\t<div class=\"clear\"><\/div>\n\t\t\t\t\t\t\t\t\t\t<\/div><!-- .gllr_image_row -->\n\t\t\t\t\t\t\t\t\t\t\t\t\t\t\t\t\t<\/div><!-- .gallery.clearfix -->\n\t\t\t\t\t\t\t\t\t\t\t\t\t\t<\/div><!-- .gallery_box_single -->\n\t\t\t\t\t\t<div class=\"gllr_clear\"><\/div>\n\t\t\t\t\t\t\n\n\n\n<hr class=\"wp-block-separator has-alpha-channel-opacity\"\/>\n\n\n\n<p><span style=\"font-size: x-small;\">Derni\u00e8re r\u00e9vision de cette page : novembre 2024. <\/span><span style=\"font-size: x-small;\">Responsable de la mise \u00e0 jour de cette page : Danielle Barab\u00e9.<\/span><\/p>\n\n\n\n<h3 class=\"wp-block-heading\">&nbsp;<\/h3>\n","protected":false},"excerpt":{"rendered":"<p>\u00c0 qui s\u2019adresse l\u2019atelier Aux membres qui veulent acqu\u00e9rir des connaissances plus pouss\u00e9es de la tablette iPad et\/ou du t\u00e9l\u00e9phone iPhone. Description de l\u2019atelier Poursuivre les apprentissages de fonctions plus avanc\u00e9es. Mat\u00e9riel utilis\u00e9 Vous devez avoir acc\u00e8s \u00e0 une tablette iPad et \/ou \u00e0 un t\u00e9l\u00e9phone iPhone et \u00e0 un ordinateur. Pr\u00e9cisions Guide de l&rsquo;utilisateur &hellip; <a href=\"https:\/\/cimbcc.org\/test2\/gallery\/atelier_ipad-intermediaire\/\" class=\"more-link\">Continuer la lecture de <span class=\"screen-reader-text\">Atelier_iPad-interm\u00e9diaire<\/span>  <span class=\"meta-nav\">&rarr;<\/span><\/a><\/p>\n","protected":false},"author":23,"featured_media":0,"parent":100,"menu_order":145,"comment_status":"closed","ping_status":"closed","template":"","meta":{"footnotes":""},"class_list":["post-34667","page","type-page","status-publish","hentry"],"_links":{"self":[{"href":"https:\/\/cimbcc.org\/test2\/wp-json\/wp\/v2\/pages\/34667","targetHints":{"allow":["GET"]}}],"collection":[{"href":"https:\/\/cimbcc.org\/test2\/wp-json\/wp\/v2\/pages"}],"about":[{"href":"https:\/\/cimbcc.org\/test2\/wp-json\/wp\/v2\/types\/page"}],"author":[{"embeddable":true,"href":"https:\/\/cimbcc.org\/test2\/wp-json\/wp\/v2\/users\/23"}],"replies":[{"embeddable":true,"href":"https:\/\/cimbcc.org\/test2\/wp-json\/wp\/v2\/comments?post=34667"}],"version-history":[{"count":47,"href":"https:\/\/cimbcc.org\/test2\/wp-json\/wp\/v2\/pages\/34667\/revisions"}],"predecessor-version":[{"id":53731,"href":"https:\/\/cimbcc.org\/test2\/wp-json\/wp\/v2\/pages\/34667\/revisions\/53731"}],"up":[{"embeddable":true,"href":"https:\/\/cimbcc.org\/test2\/wp-json\/wp\/v2\/pages\/100"}],"wp:attachment":[{"href":"https:\/\/cimbcc.org\/test2\/wp-json\/wp\/v2\/media?parent=34667"}],"curies":[{"name":"wp","href":"https:\/\/api.w.org\/{rel}","templated":true}]}}