{"id":37792,"date":"2021-11-15T05:53:20","date_gmt":"2021-11-15T10:53:20","guid":{"rendered":"https:\/\/cimbcc.org\/test2\/?page_id=37792"},"modified":"2025-05-30T05:47:02","modified_gmt":"2025-05-30T09:47:02","slug":"access-intermediaire","status":"publish","type":"page","link":"https:\/\/cimbcc.org\/test2\/partage-de-connaissances\/les-ateliers\/access-intermediaire\/","title":{"rendered":"Access &#8211; interm\u00e9diaire"},"content":{"rendered":"\n<p class=\"has-background\" style=\"background-color:#748de9;font-size:17px\"><mark style=\"background-color:rgba(0, 0, 0, 0)\" class=\"has-inline-color has-white-color\"><strong>CET ATELIER N\u2019EST PAS OFFERT \u00c0 L\u2019HIVER 2025<\/strong><\/mark><\/p>\n\n\n\n<h2 class=\"wp-block-heading\"><strong><span style=\"font-size: 18pt; color: #333399;\">\u00c0 qui s\u2019adresse l\u2019atelier<\/span><\/strong><\/h2>\n\n\n\n<p><span style=\"font-size: 14pt;\">Aux membres qui souhaitent continuer de s&rsquo;initier \u00e0 l&rsquo;utilisation&nbsp; d&rsquo;Access ou approfondir leurs connaissances.<\/span><\/p>\n\n\n\n<h2 class=\"wp-block-heading\"><strong><span style=\"font-size: 18pt; color: #333399;\">Description de l\u2019atelier<\/span><\/strong><\/h2>\n\n\n\n<p><span style=\"font-size: 14pt;\">Access est un logiciel de base de donn\u00e9es relationnelles.&nbsp; Une base de donn\u00e9es est une collection d&rsquo;informations organis\u00e9es afin d&rsquo;\u00eatre facilement consultables, g\u00e9rables et mises \u00e0 jour.&nbsp; Une base de donn\u00e9es peut \u00eatre utilis\u00e9e pour vos activit\u00e9s r\u00e9cr\u00e9atives, par exemple: une collection, la gestion d&rsquo;activit\u00e9s, un inventaire, etc.<\/span><\/p>\n\n\n\n<p><span style=\"font-size: 14pt;\">Dans les r\u00e9unions, vous apprendrez, entre autres \u00e0 :<\/span><\/p>\n\n\n\n<ul class=\"wp-block-list\">\n<li><span style=\"font-size: 14pt;\">Utiliser les fonctions plus \u00e9volu\u00e9es.<\/span><\/li>\n\n\n\n<li><span style=\"font-size: 14pt;\">Cr\u00e9er des tables de donn\u00e9es.<\/span><\/li>\n\n\n\n<li><span style=\"font-size: 14pt;\">Cr\u00e9er des requ\u00eates plus \u00e9volu\u00e9es.<\/span><\/li>\n\n\n\n<li><span style=\"font-size: 14pt;\">Cr\u00e9er des formulaires plus \u00e9volu\u00e9s.<\/span><\/li>\n\n\n\n<li><span style=\"font-size: 14pt;\">Ajouter des images.<\/span><\/li>\n<\/ul>\n\n\n\n<h2 class=\"wp-block-heading\"><span style=\"color: #333399;\"><strong><span style=\"font-size: 18pt;\">Mat\u00e9riel utilis\u00e9<\/span><\/strong><\/span><\/h2>\n\n\n\n<ul class=\"wp-block-list\">\n<li><span style=\"font-size: 14pt;\">L\u2019atelier sera donn\u00e9 avec la version\u00a0 Access de Microsoft 365.<\/span><\/li>\n\n\n\n<li><span style=\"font-size: 14pt;\">Les explications seront aussi valides pour les versions d&rsquo;Access 2010 et plus r\u00e9centes.<\/span><\/li>\n\n\n\n<li><span style=\"font-size: 14pt;\">Les versions Access 2007 et pr\u00e9c\u00e9dentes\u00a0 ne seront pas support\u00e9es.<\/span><\/li>\n\n\n\n<li><span style=\"font-size: 14pt;\">Les logiciels Libre Office et Open Office ne sont pas accept\u00e9s.<\/span><\/li>\n<\/ul>\n\n\n\n<h2 class=\"wp-block-heading\"><span style=\"color: #333399;\"><strong><span style=\"font-size: 18pt;\">Pr\u00e9cisions<\/span><\/strong><\/span><\/h2>\n\n\n\n<ul class=\"wp-block-list\">\n<li><span style=\"font-size: 14pt; color: #000000;\">Cet atelier sera donn\u00e9 en vid\u00e9oconf\u00e9rence avec l&rsquo;application Zoom.<\/span><\/li>\n\n\n\n<li><span style=\"font-size: 14pt; color: #000000;\">Cet atelier accepte un maximum de 15 participants.<\/span><\/li>\n\n\n\n<li><span style=\"font-size: 14pt;\">Lorsque votre inscription sera confirm\u00e9e, l&rsquo;animateur vous fera parvenir un questionnaire pour conna\u00eetre votre version d\u2019Access, vos connaissances du logiciel et vos attentes.<\/span><\/li>\n<\/ul>\n\n\n\n<p class=\"has-text-align-left\"><span style=\"font-size: 14pt;\">&nbsp;Pour un meilleur apprentissage, il est sugg\u00e9r\u00e9 d&rsquo;assister aux pr\u00e9sentations de la s\u00e9rie Facile.&nbsp; Pour atteindre le calendrier complet de la s\u00e9rie Facile, <a href=\"https:\/\/cimbcc.org\/test2\/wp-content\/uploads\/calendrier_serie_facile.pdf\" target=\"_blank\" rel=\"noopener noreferrer\">cliquez ici<\/a>&nbsp;.<\/span><\/p>\n\n\n\n<p><strong style=\"color: #333399; font-size: 24px;\"><span style=\"font-size: 18pt;\">Pr\u00e9requis<\/span><\/strong><\/p>\n\n\n\n<ul class=\"wp-block-list\">\n<li><span style=\"font-size: 14pt;\">Avoir suivi l&rsquo;atelier Access d\u00e9butant est fortement recommand\u00e9.<\/span><\/li>\n\n\n\n<li><span style=\"font-size: 14pt;\">Avoir Access 2010 ou plus r\u00e9cent install\u00e9 sur son ordinateur.<\/span><\/li>\n\n\n\n<li><span style=\"font-size: 14pt; color: #000000;\">Avoir install\u00e9 et \u00eatre familier avec l&rsquo;application Zoom.<br><\/span><\/li>\n\n\n\n<li><span style=\"font-size: 14pt;\">Ma\u00eetriser les fonctions de base d&rsquo;un ordinateur (cr\u00e9er un dossier, copie\/coller, sauvegarder ses fichiers).<\/span><\/li>\n\n\n\n<li><span style=\"font-size: 14pt;\">Des connaissances de Word ou Excel sont utiles, mais pas obligatoires.<\/span><\/li>\n\n\n\n<li><span style=\"font-size: 14pt;\">S\u2019engager \u00e0 assister aux <span style=\"color: #000000;\">4<\/span> r\u00e9unions de l\u2019atelier et faire les exercices propos\u00e9s.<\/span><\/li>\n<\/ul>\n\n\n\n<h2 class=\"wp-block-heading\"><span style=\"font-size: 18pt; color: #333399;\"><strong>Fonctionnement<\/strong><\/span><\/h2>\n\n\n\n<ul class=\"wp-block-list\">\n<li><span style=\"font-size: 14pt;\">D\u00e9monstration \u00e0 l\u2019\u00e9cran avec Power Point et Access.<\/span><\/li>\n\n\n\n<li><span style=\"font-size: 14pt;\">La documentation sur les explications montr\u00e9es durant les r\u00e9unions vous sera transmise apr\u00e8s chaque r\u00e9union (PDF Acrobat requis).<\/span><\/li>\n\n\n\n<li><span style=\"font-size: 14pt;\">Il y aura des exercices pratiques chaque semaine pour r\u00e9viser la mati\u00e8re qui aura \u00e9t\u00e9 vue.<\/span><\/li>\n\n\n\n<li><span style=\"font-size: 14pt;\">Les bases de donn\u00e9es exemples vous seront remises apr\u00e8s chaque r\u00e9union.<\/span><\/li>\n\n\n\n<li><span style=\"font-size: 14pt;\">Vous recevrez aussi un questionnaire couvrant la mati\u00e8re vue lors de la r\u00e9union; il vous permettra de r\u00e9viser les notions apprises.<\/span><\/li>\n\n\n\n<li><span style=\"font-size: 14pt;\">Il est important que les participants fassent ces travaux avant la r\u00e9union suivante pour ne pas retarder le groupe et pour comprendre ce qui sera pr\u00e9sent\u00e9 lors de la prochaine r\u00e9union.<\/span><\/li>\n<\/ul>\n\n\n\n<h2 class=\"wp-block-heading\"><span style=\"color: #333399;\"><strong><span style=\"font-size: 18pt;\">Contenu des r\u00e9unions<\/span><\/strong><\/span><\/h2>\n\n\n\n<h4 class=\"wp-block-heading\"><span style=\"font-size: 14pt;\">R\u00e9union 1<\/span><\/h4>\n\n\n\n<ul class=\"wp-block-list\">\n<li><span style=\"font-size: 14pt;\">Information d&rsquo;adresse.<\/span><\/li>\n\n\n\n<li><span style=\"font-size: 14pt;\">Table des employ\u00e9s.<\/span><\/li>\n\n\n\n<li><span style=\"font-size: 14pt;\">Formulaire des employ\u00e9s.<\/span><\/li>\n\n\n\n<li><span style=\"font-size: 14pt;\">Ins\u00e9rer une image.<\/span><\/li>\n\n\n\n<li><span style=\"font-size: 14pt;\">\u00c9tat des cartes ID des employ\u00e9s.<\/span><\/li>\n\n\n\n<li><span style=\"font-size: 14pt;\">Formulaires de navigation.<\/span><\/li>\n<\/ul>\n\n\n\n<h4 class=\"wp-block-heading\"><span style=\"font-size: 14pt;\">R\u00e9union 2<\/span><\/h4>\n\n\n\n<ul class=\"wp-block-list\">\n<li><span style=\"font-size: 14pt;\">Formulaire de menu principal.<\/span><\/li>\n\n\n\n<li><span style=\"font-size: 14pt;\">Formulaire avec liste des clients.<\/span><\/li>\n\n\n\n<li><span style=\"font-size: 14pt;\">Zone de liste d\u00e9roulante.<\/span><\/li>\n\n\n\n<li><span style=\"font-size: 14pt;\">Zone de liste d\u00e9roulante bas\u00e9e sur une table.<\/span><\/li>\n\n\n\n<li><span style=\"font-size: 14pt;\">Zone de liste d\u00e9roulante, colonnes multiples.<\/span><\/li>\n\n\n\n<li><span style=\"font-size: 14pt;\">Ordre de tabulation, arr\u00eat tabulation.<\/span><\/li>\n<\/ul>\n\n\n\n<h4 class=\"wp-block-heading\"><span style=\"font-size: 14pt;\">R\u00e9union 3<\/span><\/h4>\n\n\n\n<ul class=\"wp-block-list\">\n<li><span style=\"font-size: 14pt;\">Zone de liste.<\/span><\/li>\n\n\n\n<li><span style=\"font-size: 14pt;\">Zone de liste d\u00e9roulante pour chercher des enregistrements.<\/span><\/li>\n\n\n\n<li><span style=\"font-size: 14pt;\">Table et formulaire des contacts.<\/span><\/li>\n\n\n\n<li><span style=\"font-size: 14pt;\">Requ\u00eate des contacts.<\/span><\/li>\n\n\n\n<li><span style=\"font-size: 14pt;\">\u00c9tat sur les contacts &#8211; Partie 1.<\/span><\/li>\n\n\n\n<li><span style=\"font-size: 14pt;\">\u00c9tat sur les contacts &#8211; Partie 2.<\/span><\/li>\n\n\n\n<li><span style=\"font-size: 14pt;\">\u00c9tat sur les contacts &#8211; Partie 3.<\/span><\/li>\n<\/ul>\n\n\n\n<h4 class=\"wp-block-heading\"><span style=\"font-size: 14pt;\">R\u00e9union 4<\/span><\/h4>\n\n\n\n<ul class=\"wp-block-list\">\n<li><span style=\"font-size: 14pt;\">Images avec liens.<\/span><\/li>\n\n\n\n<li><span style=\"font-size: 14pt;\">Fa\u00e7on facile de naviguer entre les enregistrements.<\/span><\/li>\n\n\n\n<li><span style=\"font-size: 14pt;\">Questions communes.<\/span><\/li>\n<\/ul>\n\n\n\n<h2 class=\"wp-block-heading\"><span style=\"font-size: 18pt; color: #333399;\"><strong>Quand<\/strong><\/span><\/h2>\n\n\n\n<p class=\"has-text-align-left\"><span style=\"font-size: 14pt;\">L\u2019atelier se compose de <span style=\"color: #000000;\">4 <\/span>r\u00e9unions de 2 heures. Les r\u00e9unions ont lieu le <strong>lundi <\/strong>soir de 19h30 \u00e0 21h30 aux dates suivantes :<\/span><\/p>\n\n\n\n<ul class=\"wp-block-list\">\n<li>\u00a0<\/li>\n<\/ul>\n\n\n\n<p><strong style=\"color: #333399; font-size: 18pt;\">O\u00f9<\/strong><\/p>\n\n\n\n<p class=\"has-text-align-left\"><span style=\"font-size: 18.6667px;\">L&rsquo;atelier est donn\u00e9 en vid\u00e9oconf\u00e9rence avec l&rsquo;application Zoom.&nbsp; Vous recevrez un lien de connexion avant chaque r\u00e9union.<\/span><\/p>\n\n\n\n<p>Le bouton \u00ab\u00a0Inscription \u00e0 l&rsquo;atelier\u00a0\u00bb ci-dessous n&rsquo;est pas fonctionnel \u00e0 l&rsquo;ext\u00e9rieur des p\u00e9riodes d&rsquo;inscriptions aux ateliers.<\/p>\n\n\n\n<p><a href=\"https:\/\/cimbcc.org\/test2\/partage-de-connaissances\/les-ateliers\/access-intermediaire\/formulaire-atelier-access-intermediaire\" target=\"_blank\" rel=\"noopener\"><button>Inscription \u00e0 l&rsquo;atelier<\/button><\/a><\/p>\n\n\n\n<h2 class=\"wp-block-heading\"><span style=\"font-size: 18pt; color: #333399;\"><strong>Responsable de l\u2019atelier<\/strong><\/span><\/h2>\n\n\n\n<p>\t\t\t\t\t\t<div class=\"gallery_box_single\">\n\t\t\t\t\t\t\t\t\t\t\t\t\t\t\t<div class=\"gallery gllr_grid\" data-gllr-columns=\"100\" data-gllr-border-width=\"10\">\n\t\t\t\t\t\t\t\t\t\t\t\t\t\t\t\t\t\t\t\t<div class=\"gllr_image_row\">\n\t\t\t\t\t\t\t\t\t\t\t\t\t\t\t\t\t\t\t\t\t<div class=\"gllr_image_block\">\n\t\t\t\t\t\t\t\t\t\t\t\t<p style=\"\n\t\t\t\t\t\t\t\t\t\t\t\twidth:145px;height:145px;\t\t\t\t\t\t\t\t\t\t\t\t\">\n\t\t\t\t\t\t\t\t\t\t\t\t\t\t\t\t\t\t\t\t\t\t\t\t\t\t\t\t<a data-fancybox=\"gallery_fancybox_30590\" href=\"https:\/\/cimbcc.org\/test2\/wp-content\/uploads\/photo_paul_michel.jpg\" title=\"Michel Paul\" >\n\t\t\t\t\t\t\t\t\t\t\t\t\t\t\t\t<img decoding=\"async\" width=&quot;125&quot; height=&quot;125&quot; style=\"width:125px; height:125px; border-width: 10px; border-color:#f1f1f1;border: 10px solid #f1f1f1\" alt=\"\" title=\"Michel Paul\" src=\"https:\/\/cimbcc.org\/test2\/wp-content\/uploads\/photo_paul_michel.jpg\" rel=\"https:\/\/cimbcc.org\/test2\/wp-content\/uploads\/photo_paul_michel.jpg\" \/>\t\t\t\t\t\t\t\t\t\t\t\t\t\t\t<\/a>\n\t\t\t\t\t\t\t\t\t\t\t\t\t\t\t\t\t\t\t\t\t\t\t\t\t\t<\/p>\n\t\t\t\t\t\t\t\t\t\t\t\t\t\t\t\t\t\t\t\t\t\t\t\t\t<div \n\t\t\t\t\t\t\t\t\t\t\t\t\tstyle=\"width:145px;\"\t\t\t\t\t\t\t\t\t\t\t\t\tclass=\"gllr_single_image_text gllr_single_image_text_under\">Michel Paul&nbsp;<\/div>\n\t\t\t\t\t\t\t\t\t\t\t\t\t\t\t\t\t\t\t\t\t\t\t<\/div><!-- .gllr_image_block -->\n\t\t\t\t\t\t\t\t\t\t\t\t\t\t\t\t\t\t\t\t\t<div class=\"clear\"><\/div>\n\t\t\t\t\t\t\t\t\t\t<\/div><!-- .gllr_image_row -->\n\t\t\t\t\t\t\t\t\t\t\t\t\t\t\t\t\t<\/div><!-- .gallery.clearfix -->\n\t\t\t\t\t\t\t\t\t\t\t\t\t\t<\/div><!-- .gallery_box_single -->\n\t\t\t\t\t\t<div class=\"gllr_clear\"><\/div>\n\t\t\t\t\t\t<br><span style=\"font-size: x-small;\">Derni\u00e8re r\u00e9vision de cette page : novembre 2024. <\/span><span style=\"font-size: x-small;\">Responsable de la mise \u00e0 jour de cette page : Danielle Barab\u00e9.<\/span><\/p>\n","protected":false},"excerpt":{"rendered":"<p>CET ATELIER N\u2019EST PAS OFFERT \u00c0 L\u2019HIVER 2025 \u00c0 qui s\u2019adresse l\u2019atelier Aux membres qui souhaitent continuer de s&rsquo;initier \u00e0 l&rsquo;utilisation&nbsp; d&rsquo;Access ou approfondir leurs connaissances. Description de l\u2019atelier Access est un logiciel de base de donn\u00e9es relationnelles.&nbsp; Une base de donn\u00e9es est une collection d&rsquo;informations organis\u00e9es afin d&rsquo;\u00eatre facilement consultables, g\u00e9rables et mises \u00e0 &hellip; <a href=\"https:\/\/cimbcc.org\/test2\/gallery\/atelier_access-debutant\/\" class=\"more-link\">Continuer la lecture de <span class=\"screen-reader-text\">Atelier_Access-d\u00e9butant<\/span>  <span class=\"meta-nav\">&rarr;<\/span><\/a><\/p>\n","protected":false},"author":23,"featured_media":0,"parent":100,"menu_order":190,"comment_status":"closed","ping_status":"closed","template":"","meta":{"footnotes":""},"class_list":["post-37792","page","type-page","status-publish","hentry"],"_links":{"self":[{"href":"https:\/\/cimbcc.org\/test2\/wp-json\/wp\/v2\/pages\/37792","targetHints":{"allow":["GET"]}}],"collection":[{"href":"https:\/\/cimbcc.org\/test2\/wp-json\/wp\/v2\/pages"}],"about":[{"href":"https:\/\/cimbcc.org\/test2\/wp-json\/wp\/v2\/types\/page"}],"author":[{"embeddable":true,"href":"https:\/\/cimbcc.org\/test2\/wp-json\/wp\/v2\/users\/23"}],"replies":[{"embeddable":true,"href":"https:\/\/cimbcc.org\/test2\/wp-json\/wp\/v2\/comments?post=37792"}],"version-history":[{"count":32,"href":"https:\/\/cimbcc.org\/test2\/wp-json\/wp\/v2\/pages\/37792\/revisions"}],"predecessor-version":[{"id":53652,"href":"https:\/\/cimbcc.org\/test2\/wp-json\/wp\/v2\/pages\/37792\/revisions\/53652"}],"up":[{"embeddable":true,"href":"https:\/\/cimbcc.org\/test2\/wp-json\/wp\/v2\/pages\/100"}],"wp:attachment":[{"href":"https:\/\/cimbcc.org\/test2\/wp-json\/wp\/v2\/media?parent=37792"}],"curies":[{"name":"wp","href":"https:\/\/api.w.org\/{rel}","templated":true}]}}