{"id":39654,"date":"2022-04-20T17:09:38","date_gmt":"2022-04-20T21:09:38","guid":{"rendered":"https:\/\/cimbcc.org\/test2\/?page_id=39654"},"modified":"2025-06-09T13:44:27","modified_gmt":"2025-06-09T17:44:27","slug":"adhesion-au-club","status":"publish","type":"page","link":"https:\/\/cimbcc.org\/test2\/adhesion-au-club\/","title":{"rendered":"Adh\u00e9sion au Club"},"content":{"rendered":"\n<p>On peut adh\u00e9rer au Club informatique Mont-Bruno en payant une cotisation annuelle correspondant \u00e0 une des cat\u00e9gories suivantes :<\/p>\n\n\n\n<ul class=\"wp-block-list\">\n<li>Adh\u00e9sion individuelle : 20 $<\/li>\n\n\n\n<li>Adh\u00e9sion d&rsquo;un couple&nbsp;<span style=\"font-size: 10px; text-align: center;\">(voir la note)<\/span> : 30 $<\/li>\n\n\n\n<li>Adh\u00e9sion du conjoint\/de la conjointe d&rsquo;un membre ou d&rsquo;un b\u00e9n\u00e9vole : 10 $<\/li>\n<\/ul>\n\n\n\n<p><span style=\"font-size: x-small;\">Note : au Club, un couple est d\u00e9fini comme deux conjoints de fait ou deux conjoints unis par les liens du mariage.<\/span><\/p>\n\n\n\n<p>L&rsquo;adh\u00e9sion au Club est valable jusqu&rsquo;au 30 septembre 2025.<\/p>\n\n\n\n<p>En adh\u00e9rant au Club, le membre a acc\u00e8s gratuitement \u00e0 toutes les activit\u00e9s de partage de connaissances et d\u2019entraide du Club ainsi qu\u2019\u00e0 d\u2019autres services offerts aux membres. De plus, le membre est automatiquement abonn\u00e9 au CHIP qui est le blogue du Club.<\/p>\n\n\n\n<p>Toutes les activit\u00e9s du Club sont d\u00e9crites sur le site Web du Club. Vous \u00eates invit\u00e9s \u00e0 en prendre connaissance en <span style=\"text-decoration: underline;\"><a href=\"https:\/\/cimbcc.org\/test2\/a-propos-du-club\/nos-activites\" target=\"_blank\" rel=\"noopener\">cliquant ici<\/a><\/span>.<\/p>\n\n\n\n<h2 class=\"wp-block-heading\">Pour adh\u00e9rer au Club<\/h2>\n\n\n\n<p>Vous pouvez choisir l&rsquo;une des quatre options suivantes pour devenir membre du Club&nbsp; :<\/p>\n\n\n\n<p>1- <strong>en ligne<\/strong>, en cliquant sur <a href=\"https:\/\/cimbcc.org\/test2\/adhesion-en-ligne\" target=\"_blank\" rel=\"noopener noreferrer\">ce lien<\/a>;<\/p>\n\n\n\n<p>2- <strong>en personne<\/strong>, lors de la <em>Journ\u00e9e d\u2019information<\/em>&nbsp;qui a lieu chaque&nbsp;ann\u00e9e au d\u00e9but de septembre;<\/p>\n\n\n\n<p>3- <strong>en personne<\/strong>, une demi-heure avant le d\u00e9but d\u2019une <a href=\"https:\/\/cimbcc.org\/test2\/partage-de-connaissances\/les-presentations-du-mercredi-et-du-vendredi\" target=\"_blank\" rel=\"noopener\">pr\u00e9sentation du vendredi apr\u00e8s-midi<\/a> ;<\/p>\n\n\n\n<p>4- <strong>au t\u00e9l\u00e9phone<\/strong>, du lundi au vendredi, en appelant un b\u00e9n\u00e9vole du Club au 438 763-5036.<\/p>\n\n\n\n<p style=\"font-size:0px;font-style:normal;font-weight:300\"><span style=\"font-size: x-small;\">Derni\u00e8re r\u00e9vision de cette page : ao\u00fbt 2024. <\/span><br><span style=\"font-size: x-small;\">Responsable de la mise \u00e0 jour de cette page : Gilbert Girard.&nbsp;<\/span><\/p>\n\n\n\n<p class=\"has-small-font-size\" style=\"font-style:normal;font-weight:300\"><\/p>\n\n\n\n<p style=\"font-size:0px\"><\/p>\n\n\n\n<p style=\"font-size:0px;font-style:normal;font-weight:300\"><span style=\"font-size: x-small;\">Derni\u00e8re r\u00e9vision de cette page : juin 2025. <\/span><br><span style=\"font-size: x-small;\">Responsable de la mise \u00e0 jour de cette page :Sylvain Garneau.\u00a0<\/span><\/p>\n","protected":false},"excerpt":{"rendered":"<p>On peut adh\u00e9rer au Club informatique Mont-Bruno en payant une cotisation annuelle correspondant \u00e0 une des cat\u00e9gories suivantes : Note : au Club, un couple est d\u00e9fini comme deux conjoints de fait ou deux conjoints unis par les liens du mariage. L&rsquo;adh\u00e9sion au Club est valable jusqu&rsquo;au 30 septembre 2025. En adh\u00e9rant au Club, le &hellip; <a href=\"https:\/\/cimbcc.org\/test2\/adhesion-au-club\/\" class=\"more-link\">Continuer la lecture de <span class=\"screen-reader-text\">Adh\u00e9sion au Club<\/span>  <span class=\"meta-nav\">&rarr;<\/span><\/a><\/p>\n","protected":false},"author":33,"featured_media":0,"parent":0,"menu_order":0,"comment_status":"closed","ping_status":"closed","template":"","meta":{"footnotes":""},"class_list":["post-39654","page","type-page","status-publish","hentry"],"_links":{"self":[{"href":"https:\/\/cimbcc.org\/test2\/wp-json\/wp\/v2\/pages\/39654","targetHints":{"allow":["GET"]}}],"collection":[{"href":"https:\/\/cimbcc.org\/test2\/wp-json\/wp\/v2\/pages"}],"about":[{"href":"https:\/\/cimbcc.org\/test2\/wp-json\/wp\/v2\/types\/page"}],"author":[{"embeddable":true,"href":"https:\/\/cimbcc.org\/test2\/wp-json\/wp\/v2\/users\/33"}],"replies":[{"embeddable":true,"href":"https:\/\/cimbcc.org\/test2\/wp-json\/wp\/v2\/comments?post=39654"}],"version-history":[{"count":25,"href":"https:\/\/cimbcc.org\/test2\/wp-json\/wp\/v2\/pages\/39654\/revisions"}],"predecessor-version":[{"id":53794,"href":"https:\/\/cimbcc.org\/test2\/wp-json\/wp\/v2\/pages\/39654\/revisions\/53794"}],"wp:attachment":[{"href":"https:\/\/cimbcc.org\/test2\/wp-json\/wp\/v2\/media?parent=39654"}],"curies":[{"name":"wp","href":"https:\/\/api.w.org\/{rel}","templated":true}]}}