{"id":39658,"date":"2022-04-20T18:31:33","date_gmt":"2022-04-20T22:31:33","guid":{"rendered":"https:\/\/cimbcc.org\/test2\/?page_id=39658"},"modified":"2025-06-02T17:27:53","modified_gmt":"2025-06-02T21:27:53","slug":"adhesion-en-ligne","status":"publish","type":"page","link":"https:\/\/cimbcc.org\/test2\/adhesion-au-club\/adhesion-en-ligne\/","title":{"rendered":"Adh\u00e9sion en ligne au Club"},"content":{"rendered":"\n<p><span style=\"color: #ff0000;\">Le Club emploie le masculin g\u00e9n\u00e9rique pour \u00e9viter d\u2019alourdir le texte.&nbsp;<\/span><\/p>\n\n\n\n<h4 class=\"wp-block-heading\">Cliquez sur une des trois options suivantes :<\/h4>\n\n\n\n<ul class=\"wp-block-list\">\n<li><a href=\"https:\/\/cimbcc.org\/test2\/adhesion-au-club\/adhesion-en-ligne\/choix-mode-de-paiement-individu\" target=\"_blank\" rel=\"noopener noreferrer\">Je veux devenir membre du Club en tant que membre individuel (cotisation : 20 $).<\/a><\/li>\n\n\n\n<li><a href=\"https:\/\/cimbcc.org\/test2\/adhesion-au-club\/adhesion-en-ligne\/choix-du-mode-de-paiement-couple\" target=\"_blank\" rel=\"noopener noreferrer\">Nous voulons devenir membres du Club en tant que couple (cotisation : 30 $).<\/a><\/li>\n\n\n\n<li><a href=\"https:\/\/cimbcc.org\/test2\/adhesion-au-club\/adhesion-en-ligne\/choix-du-mode-de-paiement-benevole-conjoint\" target=\"_blank\" rel=\"noopener noreferrer\">Je veux devenir membre du Club et mon conjoint est d\u00e9j\u00e0 b\u00e9n\u00e9vole ou membre du Club (cotisation&nbsp; : 10$).<\/a><\/li>\n<\/ul>\n\n\n\n<p style=\"font-size:3px;font-style:italic;font-weight:200\"><span style=\"font-size: x-small;\">Derni\u00e8re r\u00e9vision de cette page : ao\u00fbt 2023. <\/span><br><span style=\"font-size: x-small;\">Responsable de la mise \u00e0 jour de cette page : Gilbert Girard.&nbsp;<\/span><\/p>\n\n\n\n<figure class=\"wp-block-gallery has-nested-images columns-default is-cropped wp-block-gallery-1 is-layout-flex wp-block-gallery-is-layout-flex\">\n<figure class=\"wp-block-image size-large\"><img loading=\"lazy\" decoding=\"async\" width=\"125\" height=\"125\" data-id=\"32622\" src=\"https:\/\/cimbcc.org\/test2\/wp-content\/uploads\/photo_barabe_danielle-1.jpg\" alt=\"\" class=\"wp-image-32622\"\/><figcaption class=\"wp-element-caption\">Danielle Barab\u00e9<\/figcaption><\/figure>\n\n\n\n<figure class=\"wp-block-image size-large\"><img loading=\"lazy\" decoding=\"async\" width=\"320\" height=\"240\" data-id=\"50612\" src=\"https:\/\/cimbcc.org\/test2\/wp-content\/uploads\/photo_girard_gilbert.jpg\" alt=\"Gilbert Girard\" class=\"wp-image-50612\" srcset=\"https:\/\/cimbcc.org\/test2\/wp-content\/uploads\/photo_girard_gilbert.jpg 320w, https:\/\/cimbcc.org\/test2\/wp-content\/uploads\/photo_girard_gilbert-300x225.jpg 300w\" sizes=\"auto, (max-width: 320px) 100vw, 320px\" \/><figcaption class=\"wp-element-caption\">Gilbert Girard<\/figcaption><\/figure>\n\n\n\n<figure class=\"wp-block-image size-large\"><img loading=\"lazy\" decoding=\"async\" width=\"125\" height=\"125\" data-id=\"24085\" src=\"https:\/\/cimbcc.org\/test2\/wp-content\/uploads\/photo_garneau_sylvain.jpg\" alt=\"\" class=\"wp-image-24085\"\/><figcaption class=\"wp-element-caption\">Sylvain Garneau<\/figcaption><\/figure>\n<\/figure>\n\n\n\n<p><\/p>\n","protected":false},"excerpt":{"rendered":"<p>Le Club emploie le masculin g\u00e9n\u00e9rique pour \u00e9viter d\u2019alourdir le texte.&nbsp; Cliquez sur une des trois options suivantes : Derni\u00e8re r\u00e9vision de cette page : ao\u00fbt 2023. Responsable de la mise \u00e0 jour de cette page : Gilbert Girard.&nbsp;<\/p>\n","protected":false},"author":33,"featured_media":0,"parent":39654,"menu_order":0,"comment_status":"closed","ping_status":"closed","template":"","meta":{"footnotes":""},"class_list":["post-39658","page","type-page","status-publish","hentry"],"_links":{"self":[{"href":"https:\/\/cimbcc.org\/test2\/wp-json\/wp\/v2\/pages\/39658","targetHints":{"allow":["GET"]}}],"collection":[{"href":"https:\/\/cimbcc.org\/test2\/wp-json\/wp\/v2\/pages"}],"about":[{"href":"https:\/\/cimbcc.org\/test2\/wp-json\/wp\/v2\/types\/page"}],"author":[{"embeddable":true,"href":"https:\/\/cimbcc.org\/test2\/wp-json\/wp\/v2\/users\/33"}],"replies":[{"embeddable":true,"href":"https:\/\/cimbcc.org\/test2\/wp-json\/wp\/v2\/comments?post=39658"}],"version-history":[{"count":22,"href":"https:\/\/cimbcc.org\/test2\/wp-json\/wp\/v2\/pages\/39658\/revisions"}],"predecessor-version":[{"id":53721,"href":"https:\/\/cimbcc.org\/test2\/wp-json\/wp\/v2\/pages\/39658\/revisions\/53721"}],"up":[{"embeddable":true,"href":"https:\/\/cimbcc.org\/test2\/wp-json\/wp\/v2\/pages\/39654"}],"wp:attachment":[{"href":"https:\/\/cimbcc.org\/test2\/wp-json\/wp\/v2\/media?parent=39658"}],"curies":[{"name":"wp","href":"https:\/\/api.w.org\/{rel}","templated":true}]}}