{"id":39726,"date":"2022-04-21T11:18:24","date_gmt":"2022-04-21T15:18:24","guid":{"rendered":"https:\/\/cimbcc.org\/test2\/?page_id=39726"},"modified":"2025-05-29T06:04:35","modified_gmt":"2025-05-29T10:04:35","slug":"choix-du-mode-de-paiement-couple","status":"publish","type":"page","link":"https:\/\/cimbcc.org\/test2\/adhesion-au-club\/adhesion-en-ligne\/choix-du-mode-de-paiement-couple\/","title":{"rendered":"Choix du mode de paiement"},"content":{"rendered":"\n<p>Un paiement par Interac n\u2019entra\u00eene aucun co\u00fbt pour le Club et c\u2019est l\u2019option qui est la plus facile \u00e0 traiter par les b\u00e9n\u00e9voles du Club. Nous vous sugg\u00e9rons donc de privil\u00e9gier cette option si vous savez comment l\u2019utiliser.<\/p>\n\n\n\n<p>Vous pouvez aussi&nbsp; payer votre cotisation par PayPal ou par carte de cr\u00e9dit, mais le paiement par carte de cr\u00e9dit devra se faire avec PayPal. Si vous n\u2019\u00eates pas familier avec le paiement par carte de cr\u00e9dit \u00e0 travers la compagnie PayPal, les instructions suivantes peuvent vous \u00eatre utiles lorsque vous serez dans le module de paiement de PayPal :<\/p>\n\n\n\n<ol class=\"wp-block-list\">\n<li>\u00a0Au bas de la fen\u00eatre <strong>Payer avec PayPal<\/strong>, cliquez sur le bouton <strong>Payer avec une carte de d\u00e9bit ou de cr\u00e9dit<\/strong> ou sur le bouton <strong>Payer sans ouvrir de compte<\/strong>.<\/li>\n\n\n\n<li>\u00a0Si la fen\u00eatre <strong>Paiement sans ouverture de compte<\/strong> s\u2019affiche,\u00a0\u00e9crivez votre adresse de courriel, puis cliquez sur le bouton <strong>Continuer vers le paiement<\/strong>.<\/li>\n\n\n\n<li>\u00a0Remplissez et soumettez le formulaire de paiement.<\/li>\n<\/ol>\n\n\n\n<h4 class=\"wp-block-heading\">Cliquez sur le mode de paiement que vous voulez utiliser :<\/h4>\n\n\n\n<ul class=\"wp-block-list\">\n<li><a href=\"https:\/\/cimbcc.org\/test2\/adhesion-au-club\/adhesion-en-ligne\/choix-du-mode-de-paiement-couple\/formulaire-dadhesion-interac-couple\" target=\"_blank\" rel=\"noopener noreferrer\">Je vais payer par Interac au moyen d\u2019un courriel.<\/a><\/li>\n\n\n\n<li><a href=\"https:\/\/cimbcc.org\/test2\/adhesion-au-club\/adhesion-en-ligne\/choix-du-mode-de-paiement-couple\/formulaire-dadhesion-paypal-cc-couple\" target=\"_blank\" rel=\"noopener noreferrer\">Je vais payer par PayPal ou par carte de cr\u00e9dit.<\/a><\/li>\n\n\n\n<li><a href=\"https:\/\/cimbcc.org\/test2\/adhesion-au-club\/adhesion-en-ligne\/choix-du-mode-de-paiement-couple\/formulaire-dadhesion-cheque-couple\" target=\"_blank\" rel=\"noopener noreferrer\">Je vais payer par ch\u00e8que.<\/a><\/li>\n<\/ul>\n\n\n\n<p><span style=\"font-size: x-small;\">Derni\u00e8re r\u00e9vision de cette page : ao\u00fbt 2024. <\/span><br><span style=\"font-size: x-small;\">Responsable de la mise \u00e0 jour de cette page : Gilbert Girard.&nbsp;<\/span><\/p>\n","protected":false},"excerpt":{"rendered":"<p>Un paiement par Interac n\u2019entra\u00eene aucun co\u00fbt pour le Club et c\u2019est l\u2019option qui est la plus facile \u00e0 traiter par les b\u00e9n\u00e9voles du Club. Nous vous sugg\u00e9rons donc de privil\u00e9gier cette option si vous savez comment l\u2019utiliser. Vous pouvez aussi&nbsp; payer votre cotisation par PayPal ou par carte de cr\u00e9dit, mais le paiement par &hellip; <a href=\"https:\/\/cimbcc.org\/test2\/adhesion-au-club\/adhesion-en-ligne\/choix-du-mode-de-paiement-couple\/\" class=\"more-link\">Continuer la lecture de <span class=\"screen-reader-text\">Choix du mode de paiement<\/span>  <span class=\"meta-nav\">&rarr;<\/span><\/a><\/p>\n","protected":false},"author":33,"featured_media":0,"parent":39658,"menu_order":0,"comment_status":"closed","ping_status":"closed","template":"","meta":{"footnotes":""},"class_list":["post-39726","page","type-page","status-publish","hentry"],"_links":{"self":[{"href":"https:\/\/cimbcc.org\/test2\/wp-json\/wp\/v2\/pages\/39726","targetHints":{"allow":["GET"]}}],"collection":[{"href":"https:\/\/cimbcc.org\/test2\/wp-json\/wp\/v2\/pages"}],"about":[{"href":"https:\/\/cimbcc.org\/test2\/wp-json\/wp\/v2\/types\/page"}],"author":[{"embeddable":true,"href":"https:\/\/cimbcc.org\/test2\/wp-json\/wp\/v2\/users\/33"}],"replies":[{"embeddable":true,"href":"https:\/\/cimbcc.org\/test2\/wp-json\/wp\/v2\/comments?post=39726"}],"version-history":[{"count":15,"href":"https:\/\/cimbcc.org\/test2\/wp-json\/wp\/v2\/pages\/39726\/revisions"}],"predecessor-version":[{"id":53636,"href":"https:\/\/cimbcc.org\/test2\/wp-json\/wp\/v2\/pages\/39726\/revisions\/53636"}],"up":[{"embeddable":true,"href":"https:\/\/cimbcc.org\/test2\/wp-json\/wp\/v2\/pages\/39658"}],"wp:attachment":[{"href":"https:\/\/cimbcc.org\/test2\/wp-json\/wp\/v2\/media?parent=39726"}],"curies":[{"name":"wp","href":"https:\/\/api.w.org\/{rel}","templated":true}]}}