{"id":40094,"date":"2022-06-13T21:57:33","date_gmt":"2022-06-14T01:57:33","guid":{"rendered":"https:\/\/cimbcc.org\/test2\/?page_id=40094"},"modified":"2025-02-09T10:43:25","modified_gmt":"2025-02-09T15:43:25","slug":"nos-activites","status":"publish","type":"page","link":"https:\/\/cimbcc.org\/test2\/a-propos-du-club\/nos-activites\/","title":{"rendered":"Nos activit\u00e9s"},"content":{"rendered":"<p><em><span id=\"haut_page\" style=\"font-size: 14pt;\">Cette page contient une liste des activit\u00e9s du Club informatique Mont-Bruno.<\/span> <\/em><\/p>\n<p>Dans cette liste, les activit\u00e9s sont regroup\u00e9es en quatre cat\u00e9gories :<\/p>\n<ul>\n<li><a href=\"#partage_de_connaissances\">Partage de connaissances<\/a> ;<\/li>\n<li><a href=\"#entraide\">Entraide<\/a> ;<\/li>\n<li><a href=\"#autres_services_aux_membres\">Autres services aux membres<\/a> ;<\/li>\n<li><a href=\"#activites_administratives\">Activit\u00e9s administratives<\/a>.<\/li>\n<\/ul>\n<p>En cliquant sur le nom d\u2019un de ces groupes d&rsquo;activit\u00e9s, vous acc\u00e9derez \u00e0 un paragraphe d\u00e9crivant l\u2019activit\u00e9 ainsi que des liens vers une galerie de photos des b\u00e9n\u00e9voles qui animent l\u2019activit\u00e9.<\/p>\n<hr \/>\n<h3 id=\"partage_de_connaissances\">Partage de connaissances<\/h3>\n<p>Ces activit\u00e9s permettent aux membres de se familiariser avec le vocabulaire informatique et d\u2019augmenter leurs connaissances de l\u2019informatique et des autres technologies de l\u2019information.<\/p>\n<ul>\n<li><a href=\"https:\/\/cimbcc.org\/test2\/partage-de-connaissances\/familiarisation-a-linternet\" target=\"_blank\" rel=\"noopener\">Cours offerts dans les biblioth\u00e8ques<\/a><\/li>\n<li><a href=\"https:\/\/cimbcc.org\/test2\/partage-de-connaissances\/les-presentations-du-mercredi-et-du-vendredi\" target=\"_blank\" rel=\"noopener\">Pr\u00e9sentations du mercredi et du vendredi<\/a><\/li>\n<li><a href=\"https:\/\/cimbcc.org\/test2\/partage-de-connaissances\/les-ateliers\" target=\"_blank\" rel=\"noopener\">Ateliers<\/a><\/li>\n<li><a href=\"https:\/\/cimbcc.org\/test2\/partage-de-connaissances\/chip\" target=\"_blank\" rel=\"noopener\">CHIP<\/a><\/li>\n<li><a href=\"https:\/\/cimbcc.org\/test2\/partage-de-connaissances\/les-tutoriels\" target=\"_blank\" rel=\"noopener\">Tutoriels<\/a><\/li>\n<\/ul>\n<p><a href=\"#haut_page\">Retourner en haut de la page<\/a><\/p>\n<hr \/>\n<h3 id=\"entraide\">Entraide<\/h3>\n<p>Ces activit\u00e9s permettent aux membres d\u2019obtenir de l\u2019aide lorsqu\u2019ils ont des probl\u00e8mes informatiques ou lorsqu\u2019ils ont des interrogations sur l\u2019utilisation d\u2019un outil informatique.<\/p>\n<ul>\n<li style=\"list-style-type: none;\">\n<ul>\n<li><a href=\"https:\/\/cimbcc.org\/test2\/entraide\/lassistance-par-courriel\" target=\"_blank\" rel=\"noopener\">Assistance par courriel<\/a><\/li>\n<li><a href=\"https:\/\/cimbcc.org\/test2\/entraide\/lassistance-avant-les-seances\" target=\"_blank\" rel=\"noopener\">Assistance technique en salle<\/a><\/li>\n<\/ul>\n<\/li>\n<\/ul>\n<p><a href=\"#haut_page\">Retourner en haut de la page<\/a><\/p>\n<hr \/>\n<h3 id=\"autres_services_aux_membres\">Autres services aux membres<\/h3>\n<p>Ces activit\u00e9s fournissent diff\u00e9rents services aux membres pour les assister dans leurs activit\u00e9s num\u00e9riques ainsi qu&rsquo;avec leurs interactions avec le Club et les autres membres du Club.<\/p>\n<ul>\n<li><a href=\"https:\/\/cimbcc.org\/test2\/autres-services\/accueil-en-salle\" target=\"_blank\" rel=\"noopener\">Accueil en salle<\/a><\/li>\n<li><a href=\"https:\/\/cimbcc.org\/test2\/autres-services\/activites-sociales\" target=\"_blank\" rel=\"noopener\">Activit\u00e9s sociales<\/a><\/li>\n<li><a href=\"https:\/\/cimbcc.org\/test2\/autres-services\/adhesion-telephonique-et-accompagnement\" target=\"_blank\" rel=\"noopener\">Adh\u00e9sion t\u00e9l\u00e9phonique et accompagnement<\/a><\/li>\n<li><a href=\"https:\/\/cimbcc.org\/test2\/autres-services\/communication-avec-les-membres-et-le-public\" target=\"_blank\" rel=\"noopener\">Communications avec les membres et le public<\/a><\/li>\n<li><a href=\"https:\/\/cimbcc.org\/test2\/autres-services\/journee-dinformation\" target=\"_blank\" rel=\"noopener\">Journ\u00e9e d&rsquo;information<\/a><\/li>\n<li><a href=\"https:\/\/cimbcc.org\/test2\/autres-services\/le-soutien-a-la-recuperation-de-materiel-informatique\" target=\"_blank\" rel=\"noopener\">Recyclage de mat\u00e9riel informatique<\/a><\/li>\n<li><a href=\"https:\/\/cimbcc.org\/test2\/autres-services\/site-web\" target=\"_blank\" rel=\"noopener\">Site Web<\/a><\/li>\n<\/ul>\n<p><a href=\"#haut_page\">Retourner en haut de la page<\/a><\/p>\n<hr \/>\n<h3 id=\"activites_administratives\">Activit\u00e9s administratives<\/h3>\n<p>Ces activit\u00e9s assurent la gestion efficace du Club.<\/p>\n<ul>\n<li><a href=\"https:\/\/cimbcc.org\/test2\/a-propos-du-club\/nos-activites\/conseil-dadministration\" target=\"_blank\" rel=\"noopener\">Conseil d\u2019administration<\/a><\/li>\n<li><a href=\"https:\/\/cimbcc.org\/test2\/a-propos-du-club\/nos-activites\/gestion-des-ressources-materielles\" target=\"_blank\" rel=\"noopener\">Gestion des ressources mat\u00e9rielles<\/a><\/li>\n<li><a href=\"https:\/\/cimbcc.org\/test2\/a-propos-du-club\/nos-activites\/registre-des-benevoles\" target=\"_blank\" rel=\"noopener\">Registre des b\u00e9n\u00e9voles<\/a><\/li>\n<li><a href=\"https:\/\/cimbcc.org\/test2\/a-propos-du-club\/nos-activites\/registre-des-membres\" target=\"_blank\" rel=\"noopener\">Registre des membres<\/a><\/li>\n<li><a href=\"https:\/\/cimbcc.org\/test2\/a-propos-du-club\/nos-activites\/reproduction-de-documents\" target=\"_blank\" rel=\"noopener\">Reproduction de documents<\/a><\/li>\n<\/ul>\n<p><a href=\"#haut_page\">Retourner en haut de la page<\/a><\/p>\n<p><span style=\"font-size: x-small;\">Derni\u00e8re r\u00e9vision de cette page : f\u00e9vrier 2025.<br \/><\/span><span style=\"font-size: x-small;\">Responsable de la mise \u00e0 jour de cette page : Richard Gervais.\u00a0<\/span><\/p>\n\n\n<p><\/p>\n","protected":false},"excerpt":{"rendered":"<p>Cette page contient une liste des activit\u00e9s du Club informatique Mont-Bruno. Dans cette liste, les activit\u00e9s sont regroup\u00e9es en quatre cat\u00e9gories : Partage de connaissances ; Entraide ; Autres services aux membres ; Activit\u00e9s administratives. En cliquant sur le nom d\u2019un de ces groupes d&rsquo;activit\u00e9s, vous acc\u00e9derez \u00e0 un paragraphe d\u00e9crivant l\u2019activit\u00e9 ainsi que des &hellip; <a href=\"https:\/\/cimbcc.org\/test2\/a-propos-du-club\/nos-activites\/\" class=\"more-link\">Continuer la lecture de <span class=\"screen-reader-text\">Nos activit\u00e9s<\/span>  <span class=\"meta-nav\">&rarr;<\/span><\/a><\/p>\n","protected":false},"author":3,"featured_media":0,"parent":184,"menu_order":0,"comment_status":"closed","ping_status":"closed","template":"","meta":{"footnotes":""},"class_list":["post-40094","page","type-page","status-publish","hentry"],"_links":{"self":[{"href":"https:\/\/cimbcc.org\/test2\/wp-json\/wp\/v2\/pages\/40094","targetHints":{"allow":["GET"]}}],"collection":[{"href":"https:\/\/cimbcc.org\/test2\/wp-json\/wp\/v2\/pages"}],"about":[{"href":"https:\/\/cimbcc.org\/test2\/wp-json\/wp\/v2\/types\/page"}],"author":[{"embeddable":true,"href":"https:\/\/cimbcc.org\/test2\/wp-json\/wp\/v2\/users\/3"}],"replies":[{"embeddable":true,"href":"https:\/\/cimbcc.org\/test2\/wp-json\/wp\/v2\/comments?post=40094"}],"version-history":[{"count":33,"href":"https:\/\/cimbcc.org\/test2\/wp-json\/wp\/v2\/pages\/40094\/revisions"}],"predecessor-version":[{"id":53628,"href":"https:\/\/cimbcc.org\/test2\/wp-json\/wp\/v2\/pages\/40094\/revisions\/53628"}],"up":[{"embeddable":true,"href":"https:\/\/cimbcc.org\/test2\/wp-json\/wp\/v2\/pages\/184"}],"wp:attachment":[{"href":"https:\/\/cimbcc.org\/test2\/wp-json\/wp\/v2\/media?parent=40094"}],"curies":[{"name":"wp","href":"https:\/\/api.w.org\/{rel}","templated":true}]}}