{"id":40138,"date":"2022-06-20T13:51:36","date_gmt":"2022-06-20T17:51:36","guid":{"rendered":"https:\/\/cimbcc.org\/test2\/?page_id=40138"},"modified":"2026-01-20T06:12:35","modified_gmt":"2026-01-20T11:12:35","slug":"adhesion-telephonique-et-accompagnement","status":"publish","type":"page","link":"https:\/\/cimbcc.org\/test2\/autres-services\/adhesion-telephonique-et-accompagnement\/","title":{"rendered":"Adh\u00e9sion t\u00e9l\u00e9phonique et accompagnement"},"content":{"rendered":"\n<p><em><span style=\"font-size: 14pt;\">Cette \u00e9quipe offre un service d&rsquo;information et d&rsquo;inscription par t\u00e9l\u00e9phone aux personnes qui d\u00e9sirent adh\u00e9rer au Club. Ces b\u00e9n\u00e9voles assurent \u00e9galement un suivi aupr\u00e8s des nouveaux membres.<\/span><\/em><\/p>\n\n\n\n<h2 class=\"wp-block-heading\">Responsable<\/h2>\n\n\n\n<figure class=\"wp-block-image alignnone wp-image-46410 size-medium\"><img loading=\"lazy\" decoding=\"async\" width=\"214\" height=\"300\" src=\"https:\/\/cimbcc.org\/test2\/wp-content\/uploads\/photo_toulouse-jodoin_Diane--214x300.jpg\" alt=\"Diane Toulouse Jodoin\" class=\"wp-image-46410\" srcset=\"https:\/\/cimbcc.org\/test2\/wp-content\/uploads\/photo_toulouse-jodoin_Diane--214x300.jpg 214w, https:\/\/cimbcc.org\/test2\/wp-content\/uploads\/photo_toulouse-jodoin_Diane-.jpg 360w\" sizes=\"auto, (max-width: 214px) 100vw, 214px\" \/><figcaption class=\"wp-element-caption\">Diane Toulouse Jodoin<\/figcaption><\/figure>\n\n\n\n<h2 class=\"wp-block-heading\"><strong>Membres de l\u2019\u00e9quipe de l&rsquo;accueil t\u00e9l\u00e9phonique<\/strong><\/h2>\n\n\n\t\t\t\t\t\t<div class=\"gallery_box_single\">\n\t\t\t\t\t\t\t\t\t\t\t\t\t\t\t<div class=\"gallery gllr_grid\" data-gllr-columns=\"100\" data-gllr-border-width=\"10\">\n\t\t\t\t\t\t\t\t\t\t\t\t\t\t\t\t\t\t\t\t<div class=\"gllr_image_row\">\n\t\t\t\t\t\t\t\t\t\t\t\t\t\t\t\t\t\t\t\t\t<div class=\"gllr_image_block\">\n\t\t\t\t\t\t\t\t\t\t\t\t<p style=\"\n\t\t\t\t\t\t\t\t\t\t\t\twidth:145px;height:145px;\t\t\t\t\t\t\t\t\t\t\t\t\">\n\t\t\t\t\t\t\t\t\t\t\t\t\t\t\t\t\t\t\t\t\t\t\t\t\t\t\t\t<a data-fancybox=\"gallery_fancybox_35946\" href=\"https:\/\/cimbcc.org\/test2\/wp-content\/uploads\/photo_theroux_michel.jpg\" title=\"Michel Th\u00e9roux\" >\n\t\t\t\t\t\t\t\t\t\t\t\t\t\t\t\t<img decoding=\"async\" width=&quot;125&quot; height=&quot;125&quot; style=\"width:125px; height:125px; border-width: 10px; border-color:#f1f1f1;border: 10px solid #f1f1f1\" alt=\"\" title=\"Michel Th\u00e9roux\" src=\"https:\/\/cimbcc.org\/test2\/wp-content\/uploads\/photo_theroux_michel.jpg\" rel=\"https:\/\/cimbcc.org\/test2\/wp-content\/uploads\/photo_theroux_michel.jpg\" \/>\t\t\t\t\t\t\t\t\t\t\t\t\t\t\t<\/a>\n\t\t\t\t\t\t\t\t\t\t\t\t\t\t\t\t\t\t\t\t\t\t\t\t\t\t<\/p>\n\t\t\t\t\t\t\t\t\t\t\t\t\t\t\t\t\t\t\t\t\t\t\t\t\t<div \n\t\t\t\t\t\t\t\t\t\t\t\t\tstyle=\"width:145px;\"\t\t\t\t\t\t\t\t\t\t\t\t\tclass=\"gllr_single_image_text gllr_single_image_text_under\">Michel Th\u00e9roux&nbsp;<\/div>\n\t\t\t\t\t\t\t\t\t\t\t\t\t\t\t\t\t\t\t\t\t\t\t<\/div><!-- .gllr_image_block -->\n\t\t\t\t\t\t\t\t\t\t\t\t\t\t\t\t\t\t\t\t\t<div class=\"gllr_image_block\">\n\t\t\t\t\t\t\t\t\t\t\t\t<p style=\"\n\t\t\t\t\t\t\t\t\t\t\t\twidth:145px;height:145px;\t\t\t\t\t\t\t\t\t\t\t\t\">\n\t\t\t\t\t\t\t\t\t\t\t\t\t\t\t\t\t\t\t\t\t\t\t\t\t\t\t\t<a data-fancybox=\"gallery_fancybox_35946\" href=\"https:\/\/cimbcc.org\/test2\/wp-content\/uploads\/photo_demers_colette.jpg\" title=\"Colette Demers\" >\n\t\t\t\t\t\t\t\t\t\t\t\t\t\t\t\t<img decoding=\"async\" width=&quot;125&quot; height=&quot;125&quot; style=\"width:125px; height:125px; border-width: 10px; border-color:#f1f1f1;border: 10px solid #f1f1f1\" alt=\"\" title=\"Colette Demers\" src=\"https:\/\/cimbcc.org\/test2\/wp-content\/uploads\/photo_demers_colette.jpg\" rel=\"https:\/\/cimbcc.org\/test2\/wp-content\/uploads\/photo_demers_colette.jpg\" \/>\t\t\t\t\t\t\t\t\t\t\t\t\t\t\t<\/a>\n\t\t\t\t\t\t\t\t\t\t\t\t\t\t\t\t\t\t\t\t\t\t\t\t\t\t<\/p>\n\t\t\t\t\t\t\t\t\t\t\t\t\t\t\t\t\t\t\t\t\t\t\t\t\t<div \n\t\t\t\t\t\t\t\t\t\t\t\t\tstyle=\"width:145px;\"\t\t\t\t\t\t\t\t\t\t\t\t\tclass=\"gllr_single_image_text gllr_single_image_text_under\">Colette Demers&nbsp;<\/div>\n\t\t\t\t\t\t\t\t\t\t\t\t\t\t\t\t\t\t\t\t\t\t\t<\/div><!-- .gllr_image_block -->\n\t\t\t\t\t\t\t\t\t\t\t\t\t\t\t\t\t\t\t\t\t<div class=\"gllr_image_block\">\n\t\t\t\t\t\t\t\t\t\t\t\t<p style=\"\n\t\t\t\t\t\t\t\t\t\t\t\twidth:145px;height:145px;\t\t\t\t\t\t\t\t\t\t\t\t\">\n\t\t\t\t\t\t\t\t\t\t\t\t\t\t\t\t\t\t\t\t\t\t\t\t\t\t\t\t<a data-fancybox=\"gallery_fancybox_35946\" href=\"https:\/\/cimbcc.org\/test2\/wp-content\/uploads\/photo_ferland_vann_diane.jpg\" title=\"Diane Ferland-Vann\" >\n\t\t\t\t\t\t\t\t\t\t\t\t\t\t\t\t<img decoding=\"async\" width=&quot;125&quot; height=&quot;125&quot; style=\"width:125px; height:125px; border-width: 10px; border-color:#f1f1f1;border: 10px solid #f1f1f1\" alt=\"\" title=\"Diane Ferland-Vann\" src=\"https:\/\/cimbcc.org\/test2\/wp-content\/uploads\/photo_ferland_vann_diane.jpg\" rel=\"https:\/\/cimbcc.org\/test2\/wp-content\/uploads\/photo_ferland_vann_diane.jpg\" \/>\t\t\t\t\t\t\t\t\t\t\t\t\t\t\t<\/a>\n\t\t\t\t\t\t\t\t\t\t\t\t\t\t\t\t\t\t\t\t\t\t\t\t\t\t<\/p>\n\t\t\t\t\t\t\t\t\t\t\t\t\t\t\t\t\t\t\t\t\t\t\t\t\t<div \n\t\t\t\t\t\t\t\t\t\t\t\t\tstyle=\"width:145px;\"\t\t\t\t\t\t\t\t\t\t\t\t\tclass=\"gllr_single_image_text gllr_single_image_text_under\">Diane Ferland-Vann&nbsp;<\/div>\n\t\t\t\t\t\t\t\t\t\t\t\t\t\t\t\t\t\t\t\t\t\t\t<\/div><!-- .gllr_image_block -->\n\t\t\t\t\t\t\t\t\t\t\t\t\t\t\t\t\t\t\t\t\t<div class=\"gllr_image_block\">\n\t\t\t\t\t\t\t\t\t\t\t\t<p style=\"\n\t\t\t\t\t\t\t\t\t\t\t\twidth:145px;height:145px;\t\t\t\t\t\t\t\t\t\t\t\t\">\n\t\t\t\t\t\t\t\t\t\t\t\t\t\t\t\t\t\t\t\t\t\t\t\t\t\t\t\t<a data-fancybox=\"gallery_fancybox_35946\" href=\"https:\/\/cimbcc.org\/test2\/wp-content\/uploads\/photo_olsthoorn_rita.jpg\" title=\"Rita Olsthoorn\" >\n\t\t\t\t\t\t\t\t\t\t\t\t\t\t\t\t<img decoding=\"async\" width=&quot;125&quot; height=&quot;125&quot; style=\"width:125px; height:125px; border-width: 10px; border-color:#f1f1f1;border: 10px solid #f1f1f1\" alt=\"\" title=\"Rita Olsthoorn\" src=\"https:\/\/cimbcc.org\/test2\/wp-content\/uploads\/photo_olsthoorn_rita.jpg\" rel=\"https:\/\/cimbcc.org\/test2\/wp-content\/uploads\/photo_olsthoorn_rita.jpg\" \/>\t\t\t\t\t\t\t\t\t\t\t\t\t\t\t<\/a>\n\t\t\t\t\t\t\t\t\t\t\t\t\t\t\t\t\t\t\t\t\t\t\t\t\t\t<\/p>\n\t\t\t\t\t\t\t\t\t\t\t\t\t\t\t\t\t\t\t\t\t\t\t\t\t<div \n\t\t\t\t\t\t\t\t\t\t\t\t\tstyle=\"width:145px;\"\t\t\t\t\t\t\t\t\t\t\t\t\tclass=\"gllr_single_image_text gllr_single_image_text_under\">Rita Olsthoorn&nbsp;<\/div>\n\t\t\t\t\t\t\t\t\t\t\t\t\t\t\t\t\t\t\t\t\t\t\t<\/div><!-- .gllr_image_block -->\n\t\t\t\t\t\t\t\t\t\t\t\t\t\t\t\t\t\t\t\t\t<div class=\"clear\"><\/div>\n\t\t\t\t\t\t\t\t\t\t<\/div><!-- .gllr_image_row -->\n\t\t\t\t\t\t\t\t\t\t\t\t\t\t\t\t\t<\/div><!-- .gallery.clearfix -->\n\t\t\t\t\t\t\t\t\t\t\t\t\t\t<\/div><!-- .gallery_box_single -->\n\t\t\t\t\t\t<div class=\"gllr_clear\"><\/div>\n\t\t\t\t\t\t\n\n\n\n<address><span style=\"font-size: x-small;\">Derni\u00e8re r\u00e9vision de cette page :\u00a0 ao\u00fbt 2024.<br \/><\/span><span style=\"font-size: x-small;\">Responsable de la mise \u00e0 jour de cette page : Sylvain Garneau<\/span><\/address>\n\n\n\n\n<div style=\"row-gap: 16px; column-gap: 16px; grid-template-columns: repeat(3,1fr); --galleryberg-mobile-columns: 1; --galleryberg-tablet-columns: 3; \" class=\"galleryberg-gallery-container columns-3 layout-tiles wp-block-galleryberg-gallery\">\n\t\n<figure class=\"wp-block-galleryberg-image galleryberg-image size-large wp-block-galleryberg-image\" id=\"wp-image-24157\">\n\t\t\t<img loading=\"lazy\" decoding=\"async\" width=\"125\" height=\"125\" src=\"https:\/\/cimbcc.org\/test2\/wp-content\/uploads\/photo_theroux_michel.jpg\" class=\"\" alt=\"Michel Th\u00e9roux\" \/>\t\t<figcaption class=\"wp-element-caption caption-type-below caption-visibility-always caption-align-center\">Michel Th\u00e9roux<\/figcaption><\/figure>\n\n\n<figure class=\"wp-block-galleryberg-image galleryberg-image size-large wp-block-galleryberg-image\" id=\"wp-image-24070\">\n\t\t\t<img loading=\"lazy\" decoding=\"async\" width=\"125\" height=\"125\" src=\"https:\/\/cimbcc.org\/test2\/wp-content\/uploads\/photo_demers_colette.jpg\" class=\"\" alt=\"\" \/>\t\t<figcaption class=\"wp-element-caption caption-type-below caption-visibility-always caption-align-center\">Colette Demers<\/figcaption><\/figure>\n\n\n<figure class=\"wp-block-galleryberg-image galleryberg-image size-large wp-block-galleryberg-image\" id=\"wp-image-24095\">\n\t\t\t<img loading=\"lazy\" decoding=\"async\" width=\"125\" height=\"125\" src=\"https:\/\/cimbcc.org\/test2\/wp-content\/uploads\/photo_ferland_vann_diane.jpg\" class=\"\" alt=\"\" \/>\t\t<figcaption class=\"wp-element-caption caption-type-below caption-visibility-always caption-align-center\">Diane Ferland-Vann<\/figcaption><\/figure>\n\n\n<figure class=\"wp-block-galleryberg-image galleryberg-image size-large wp-block-galleryberg-image\" id=\"wp-image-24089\">\n\t\t\t<img loading=\"lazy\" decoding=\"async\" width=\"125\" height=\"125\" src=\"https:\/\/cimbcc.org\/test2\/wp-content\/uploads\/photo_olsthoorn_rita.jpg\" class=\"\" alt=\"\" \/>\t\t<figcaption class=\"wp-element-caption caption-type-below caption-visibility-always caption-align-center\">Rita Olsthoorn<\/figcaption><\/figure>\n\n<\/div>\n\n\n\n<p><\/p>\n","protected":false},"excerpt":{"rendered":"<p>Cette \u00e9quipe offre un service d&rsquo;information et d&rsquo;inscription par t\u00e9l\u00e9phone aux personnes qui d\u00e9sirent adh\u00e9rer au Club. Ces b\u00e9n\u00e9voles assurent \u00e9galement un suivi aupr\u00e8s des nouveaux membres. Responsable Membres de l\u2019\u00e9quipe de l&rsquo;accueil t\u00e9l\u00e9phonique Derni\u00e8re r\u00e9vision de cette page :\u00a0 ao\u00fbt 2024.Responsable de la mise \u00e0 jour de cette page : Sylvain Garneau<\/p>\n","protected":false},"author":33,"featured_media":0,"parent":252,"menu_order":0,"comment_status":"closed","ping_status":"closed","template":"","meta":{"footnotes":""},"class_list":["post-40138","page","type-page","status-publish","hentry"],"_links":{"self":[{"href":"https:\/\/cimbcc.org\/test2\/wp-json\/wp\/v2\/pages\/40138","targetHints":{"allow":["GET"]}}],"collection":[{"href":"https:\/\/cimbcc.org\/test2\/wp-json\/wp\/v2\/pages"}],"about":[{"href":"https:\/\/cimbcc.org\/test2\/wp-json\/wp\/v2\/types\/page"}],"author":[{"embeddable":true,"href":"https:\/\/cimbcc.org\/test2\/wp-json\/wp\/v2\/users\/33"}],"replies":[{"embeddable":true,"href":"https:\/\/cimbcc.org\/test2\/wp-json\/wp\/v2\/comments?post=40138"}],"version-history":[{"count":47,"href":"https:\/\/cimbcc.org\/test2\/wp-json\/wp\/v2\/pages\/40138\/revisions"}],"predecessor-version":[{"id":53923,"href":"https:\/\/cimbcc.org\/test2\/wp-json\/wp\/v2\/pages\/40138\/revisions\/53923"}],"up":[{"embeddable":true,"href":"https:\/\/cimbcc.org\/test2\/wp-json\/wp\/v2\/pages\/252"}],"wp:attachment":[{"href":"https:\/\/cimbcc.org\/test2\/wp-json\/wp\/v2\/media?parent=40138"}],"curies":[{"name":"wp","href":"https:\/\/api.w.org\/{rel}","templated":true}]}}