{"id":40140,"date":"2022-06-20T14:01:46","date_gmt":"2022-06-20T18:01:46","guid":{"rendered":"https:\/\/cimbcc.org\/test2\/?page_id=40140"},"modified":"2024-08-22T14:54:44","modified_gmt":"2024-08-22T18:54:44","slug":"communication-avec-les-membres-et-le-public","status":"publish","type":"page","link":"https:\/\/cimbcc.org\/test2\/autres-services\/communication-avec-les-membres-et-le-public\/","title":{"rendered":"Communication avec les membres et le public"},"content":{"rendered":"<p><em><span style=\"font-size: 14pt;\">Chaque semaine, ces b\u00e9n\u00e9voles envoient un courriel aux membres pour les informer du programme hebdomadaire des activit\u00e9s du Club. <\/span><\/em><\/p>\n<p><em><span style=\"font-size: 14pt;\">Elles assurent \u00e9galement la publication d&rsquo;information sur le Club dans les m\u00e9dias locaux (journal, site de la Ville et autres). <\/span><\/em><\/p>\n<p><em><span style=\"font-size: 14pt;\">Enfin, elles r\u00e9pondent aux demandes d&rsquo;information re\u00e7ues \u00e0 l&rsquo;adresse cimbcc@cimbcc.org.<\/span><\/em><\/p>\n<h4>Responsable<\/h4>\n\t\t\t\t\t\t<div class=\"gallery_box_single\">\n\t\t\t\t\t\t\t\t\t\t\t\t\t\t\t<div class=\"gallery gllr_grid\" data-gllr-columns=\"100\" data-gllr-border-width=\"10\">\n\t\t\t\t\t\t\t\t\t\t\t\t\t\t\t\t\t\t\t\t<div class=\"gllr_image_row\">\n\t\t\t\t\t\t\t\t\t\t\t\t\t\t\t\t\t\t\t\t\t<div class=\"gllr_image_block\">\n\t\t\t\t\t\t\t\t\t\t\t\t<p style=\"\n\t\t\t\t\t\t\t\t\t\t\t\twidth:145px;height:145px;\t\t\t\t\t\t\t\t\t\t\t\t\">\n\t\t\t\t\t\t\t\t\t\t\t\t\t\t\t\t\t\t\t\t\t\t\t\t\t\t\t\t<a data-fancybox=\"gallery_fancybox_44221\" href=\"https:\/\/cimbcc.org\/test2\/wp-content\/uploads\/photo_comtois_nicole.jpg\" title=\"Nicole Comtois\" >\n\t\t\t\t\t\t\t\t\t\t\t\t\t\t\t\t<img decoding=\"async\" width=&quot;125&quot; height=&quot;125&quot; style=\"width:125px; height:125px; border-width: 10px; border-color:#f1f1f1;border: 10px solid #f1f1f1\" alt=\"\" title=\"Nicole Comtois\" src=\"https:\/\/cimbcc.org\/test2\/wp-content\/uploads\/photo_comtois_nicole.jpg\" rel=\"https:\/\/cimbcc.org\/test2\/wp-content\/uploads\/photo_comtois_nicole.jpg\" \/>\t\t\t\t\t\t\t\t\t\t\t\t\t\t\t<\/a>\n\t\t\t\t\t\t\t\t\t\t\t\t\t\t\t\t\t\t\t\t\t\t\t\t\t\t<\/p>\n\t\t\t\t\t\t\t\t\t\t\t\t\t\t\t\t\t\t\t\t\t\t\t\t\t<div \n\t\t\t\t\t\t\t\t\t\t\t\t\tstyle=\"width:145px;\"\t\t\t\t\t\t\t\t\t\t\t\t\tclass=\"gllr_single_image_text gllr_single_image_text_under\">Nicole Comtois&nbsp;<\/div>\n\t\t\t\t\t\t\t\t\t\t\t\t\t\t\t\t\t\t\t\t\t\t\t<\/div><!-- .gllr_image_block -->\n\t\t\t\t\t\t\t\t\t\t\t\t\t\t\t\t\t\t\t\t\t<div class=\"clear\"><\/div>\n\t\t\t\t\t\t\t\t\t\t<\/div><!-- .gllr_image_row -->\n\t\t\t\t\t\t\t\t\t\t\t\t\t\t\t\t\t<\/div><!-- .gallery.clearfix -->\n\t\t\t\t\t\t\t\t\t\t\t\t\t\t<\/div><!-- .gallery_box_single -->\n\t\t\t\t\t\t<div class=\"gllr_clear\"><\/div>\n\t\t\t\t\t\t\n<h4><strong>Membres de l\u2019\u00e9<\/strong><strong>quipe des\u00a0 communications <\/strong><strong>avec les membres et le public<\/strong><\/h4>\n\t\t\t\t\t\t<div class=\"gallery_box_single\">\n\t\t\t\t\t\t\t\t\t\t\t\t\t\t\t<div class=\"gallery gllr_grid\" data-gllr-columns=\"100\" data-gllr-border-width=\"10\">\n\t\t\t\t\t\t\t\t\t\t\t\t\t\t\t\t\t\t\t\t<div class=\"gllr_image_row\">\n\t\t\t\t\t\t\t\t\t\t\t\t\t\t\t\t\t\t\t\t\t<div class=\"gllr_image_block\">\n\t\t\t\t\t\t\t\t\t\t\t\t<p style=\"\n\t\t\t\t\t\t\t\t\t\t\t\twidth:145px;height:145px;\t\t\t\t\t\t\t\t\t\t\t\t\">\n\t\t\t\t\t\t\t\t\t\t\t\t\t\t\t\t\t\t\t\t\t\t\t\t\t\t\t\t<a data-fancybox=\"gallery_fancybox_40625\" href=\"https:\/\/cimbcc.org\/test2\/wp-content\/uploads\/photo_paul_michel.jpg\" title=\"Michel Paul\" >\n\t\t\t\t\t\t\t\t\t\t\t\t\t\t\t\t<img decoding=\"async\" width=&quot;125&quot; height=&quot;125&quot; style=\"width:125px; height:125px; border-width: 10px; border-color:#f1f1f1;border: 10px solid #f1f1f1\" alt=\"\" title=\"Michel Paul\" src=\"https:\/\/cimbcc.org\/test2\/wp-content\/uploads\/photo_paul_michel.jpg\" rel=\"https:\/\/cimbcc.org\/test2\/wp-content\/uploads\/photo_paul_michel.jpg\" \/>\t\t\t\t\t\t\t\t\t\t\t\t\t\t\t<\/a>\n\t\t\t\t\t\t\t\t\t\t\t\t\t\t\t\t\t\t\t\t\t\t\t\t\t\t<\/p>\n\t\t\t\t\t\t\t\t\t\t\t\t\t\t\t\t\t\t\t\t\t\t\t\t\t<div \n\t\t\t\t\t\t\t\t\t\t\t\t\tstyle=\"width:145px;\"\t\t\t\t\t\t\t\t\t\t\t\t\tclass=\"gllr_single_image_text gllr_single_image_text_under\">Michel Paul&nbsp;<\/div>\n\t\t\t\t\t\t\t\t\t\t\t\t\t\t\t\t\t\t\t\t\t\t\t<\/div><!-- .gllr_image_block -->\n\t\t\t\t\t\t\t\t\t\t\t\t\t\t\t\t\t\t\t\t\t<div class=\"gllr_image_block\">\n\t\t\t\t\t\t\t\t\t\t\t\t<p style=\"\n\t\t\t\t\t\t\t\t\t\t\t\twidth:145px;height:145px;\t\t\t\t\t\t\t\t\t\t\t\t\">\n\t\t\t\t\t\t\t\t\t\t\t\t\t\t\t\t\t\t\t\t\t\t\t\t\t\t\t\t<a data-fancybox=\"gallery_fancybox_40625\" href=\"https:\/\/cimbcc.org\/test2\/wp-content\/uploads\/photo_desjardins_carole-936x1024.jpg\" title=\"Carole Desjardins\" >\n\t\t\t\t\t\t\t\t\t\t\t\t\t\t\t\t<img decoding=\"async\" width=&quot;125&quot; height=&quot;125&quot; style=\"width:125px; height:125px; border-width: 10px; border-color:#f1f1f1;border: 10px solid #f1f1f1\" alt=\"\" title=\"Carole Desjardins\" src=\"https:\/\/cimbcc.org\/test2\/wp-content\/uploads\/photo_desjardins_carole-125x125.jpg\" rel=\"https:\/\/cimbcc.org\/test2\/wp-content\/uploads\/photo_desjardins_carole.jpg\" \/>\t\t\t\t\t\t\t\t\t\t\t\t\t\t\t<\/a>\n\t\t\t\t\t\t\t\t\t\t\t\t\t\t\t\t\t\t\t\t\t\t\t\t\t\t<\/p>\n\t\t\t\t\t\t\t\t\t\t\t\t\t\t\t\t\t\t\t\t\t\t\t\t\t<div \n\t\t\t\t\t\t\t\t\t\t\t\t\tstyle=\"width:145px;\"\t\t\t\t\t\t\t\t\t\t\t\t\tclass=\"gllr_single_image_text gllr_single_image_text_under\">Carole Desjardins&nbsp;<\/div>\n\t\t\t\t\t\t\t\t\t\t\t\t\t\t\t\t\t\t\t\t\t\t\t<\/div><!-- .gllr_image_block -->\n\t\t\t\t\t\t\t\t\t\t\t\t\t\t\t\t\t\t\t\t\t<div class=\"gllr_image_block\">\n\t\t\t\t\t\t\t\t\t\t\t\t<p style=\"\n\t\t\t\t\t\t\t\t\t\t\t\twidth:145px;height:145px;\t\t\t\t\t\t\t\t\t\t\t\t\">\n\t\t\t\t\t\t\t\t\t\t\t\t\t\t\t\t\t\t\t\t\t\t\t\t\t\t\t\t<a data-fancybox=\"gallery_fancybox_40625\" href=\"https:\/\/cimbcc.org\/test2\/wp-content\/uploads\/photo_belanger_denis.jpg\" title=\"Denis B\u00e9langer\" >\n\t\t\t\t\t\t\t\t\t\t\t\t\t\t\t\t<img decoding=\"async\" width=&quot;125&quot; height=&quot;125&quot; style=\"width:125px; height:125px; border-width: 10px; border-color:#f1f1f1;border: 10px solid #f1f1f1\" alt=\"\" title=\"Denis B\u00e9langer\" src=\"https:\/\/cimbcc.org\/test2\/wp-content\/uploads\/photo_belanger_denis-112x125.jpg\" rel=\"https:\/\/cimbcc.org\/test2\/wp-content\/uploads\/photo_belanger_denis.jpg\" \/>\t\t\t\t\t\t\t\t\t\t\t\t\t\t\t<\/a>\n\t\t\t\t\t\t\t\t\t\t\t\t\t\t\t\t\t\t\t\t\t\t\t\t\t\t<\/p>\n\t\t\t\t\t\t\t\t\t\t\t\t\t\t\t\t\t\t\t\t\t\t\t\t\t<div \n\t\t\t\t\t\t\t\t\t\t\t\t\tstyle=\"width:145px;\"\t\t\t\t\t\t\t\t\t\t\t\t\tclass=\"gllr_single_image_text gllr_single_image_text_under\">Denis B\u00e9langer&nbsp;<\/div>\n\t\t\t\t\t\t\t\t\t\t\t\t\t\t\t\t\t\t\t\t\t\t\t<\/div><!-- .gllr_image_block -->\n\t\t\t\t\t\t\t\t\t\t\t\t\t\t\t\t\t\t\t\t\t<div class=\"clear\"><\/div>\n\t\t\t\t\t\t\t\t\t\t<\/div><!-- .gllr_image_row -->\n\t\t\t\t\t\t\t\t\t\t\t\t\t\t\t\t\t<\/div><!-- .gallery.clearfix -->\n\t\t\t\t\t\t\t\t\t\t\t\t\t\t<\/div><!-- .gallery_box_single -->\n\t\t\t\t\t\t<div class=\"gllr_clear\"><\/div>\n\t\t\t\t\t\t\n<p>&nbsp;<\/p>\n<address><span style=\"font-size: x-small;\">Derni\u00e8re r\u00e9vision de cette page : ao\u00fbt 2024.<br \/>\n<\/span><span style=\"font-size: x-small;\">Responsable de la mise \u00e0 jour de cette page : Sylvain Garneau<\/span><\/address>\n","protected":false},"excerpt":{"rendered":"<p>Chaque semaine, ces b\u00e9n\u00e9voles envoient un courriel aux membres pour les informer du programme hebdomadaire des activit\u00e9s du Club. Elles assurent \u00e9galement la publication d&rsquo;information sur le Club dans les m\u00e9dias locaux (journal, site de la Ville et autres). Enfin, elles r\u00e9pondent aux demandes d&rsquo;information re\u00e7ues \u00e0 l&rsquo;adresse cimbcc@cimbcc.org. Responsable Membres de l\u2019\u00e9quipe des\u00a0 communications &hellip; <a href=\"https:\/\/cimbcc.org\/test2\/gallery\/membres-de-lequipe-de-communications-avec-les-membres-et-le-public\/\" class=\"more-link\">Continuer la lecture de <span class=\"screen-reader-text\">Membres de l&rsquo;\u00e9quipe de communications avec les membres et le public<\/span>  <span class=\"meta-nav\">&rarr;<\/span><\/a><\/p>\n","protected":false},"author":33,"featured_media":0,"parent":252,"menu_order":0,"comment_status":"closed","ping_status":"closed","template":"","meta":{"footnotes":""},"class_list":["post-40140","page","type-page","status-publish","hentry"],"_links":{"self":[{"href":"https:\/\/cimbcc.org\/test2\/wp-json\/wp\/v2\/pages\/40140","targetHints":{"allow":["GET"]}}],"collection":[{"href":"https:\/\/cimbcc.org\/test2\/wp-json\/wp\/v2\/pages"}],"about":[{"href":"https:\/\/cimbcc.org\/test2\/wp-json\/wp\/v2\/types\/page"}],"author":[{"embeddable":true,"href":"https:\/\/cimbcc.org\/test2\/wp-json\/wp\/v2\/users\/33"}],"replies":[{"embeddable":true,"href":"https:\/\/cimbcc.org\/test2\/wp-json\/wp\/v2\/comments?post=40140"}],"version-history":[{"count":20,"href":"https:\/\/cimbcc.org\/test2\/wp-json\/wp\/v2\/pages\/40140\/revisions"}],"predecessor-version":[{"id":50183,"href":"https:\/\/cimbcc.org\/test2\/wp-json\/wp\/v2\/pages\/40140\/revisions\/50183"}],"up":[{"embeddable":true,"href":"https:\/\/cimbcc.org\/test2\/wp-json\/wp\/v2\/pages\/252"}],"wp:attachment":[{"href":"https:\/\/cimbcc.org\/test2\/wp-json\/wp\/v2\/media?parent=40140"}],"curies":[{"name":"wp","href":"https:\/\/api.w.org\/{rel}","templated":true}]}}