{"id":40144,"date":"2022-06-20T14:48:44","date_gmt":"2022-06-20T18:48:44","guid":{"rendered":"https:\/\/cimbcc.org\/test2\/?page_id=40144"},"modified":"2025-04-13T08:35:48","modified_gmt":"2025-04-13T12:35:48","slug":"gestion-des-ressources-materielles","status":"publish","type":"page","link":"https:\/\/cimbcc.org\/test2\/a-propos-du-club\/nos-activites\/gestion-des-ressources-materielles\/","title":{"rendered":"Gestion des ressources mat\u00e9rielles"},"content":{"rendered":"\n<p><em><span style=\"font-size: 14pt;\">Lors des s\u00e9ances en salle, des b\u00e9n\u00e9voles s&rsquo;occupent du montage et du d\u00e9montage de la salle et pr\u00e9parent des rafra\u00eechissements pour les membres.<\/span><\/em><\/p>\n\n\n\n<p><em><span style=\"font-size: 14pt;\">L&rsquo;\u00e9quipe participe aussi \u00e0 la mise en place des locaux n\u00e9cessaires \u00e0 d&rsquo;autres activit\u00e9s comme les activit\u00e9s sociales du Club et la Journ\u00e9e d&rsquo;information annuelle.<\/span><\/em><\/p>\n\n\n\n<p>Les b\u00e9n\u00e9voles sont :<\/p>\n\n\n\n<h4 class=\"wp-block-heading\">Responsable<\/h4>\n\n\n\n<div class=\"wp-block-media-text is-stacked-on-mobile\" style=\"grid-template-columns:30% auto\"><figure class=\"wp-block-media-text__media\"><img decoding=\"async\" src=\"https:\/\/cimbcc.org\/test2\/wp-content\/uploads\/photo_boisvert_johanne.jpg\" alt=\"\" class=\"wp-image-52099 size-full\"\/><\/figure><div class=\"wp-block-media-text__content\">\n<p><\/p>\n<\/div><\/div>\n\n\n\n<p>Johanne Boisvert<\/p>\n\n\n\n<p><\/p>\n\n\n\n<p><\/p>\n\n\n\n<p><\/p>\n\n\n\n<h4 class=\"wp-block-heading\"><strong>Membres de l\u2019\u00e9quipe de gestion des ressources mat\u00e9rielles<\/strong><\/h4>\n\n\n\t\t\t\t\t\t<div class=\"gallery_box_single\">\n\t\t\t\t\t\t\t\t\t\t\t\t\t\t\t<div class=\"gallery gllr_grid\" data-gllr-columns=\"100\" data-gllr-border-width=\"10\">\n\t\t\t\t\t\t\t\t\t\t\t\t\t\t\t\t\t\t\t\t<div class=\"gllr_image_row\">\n\t\t\t\t\t\t\t\t\t\t\t\t\t\t\t\t\t\t\t\t\t<div class=\"gllr_image_block\">\n\t\t\t\t\t\t\t\t\t\t\t\t<p style=\"\n\t\t\t\t\t\t\t\t\t\t\t\twidth:145px;height:145px;\t\t\t\t\t\t\t\t\t\t\t\t\">\n\t\t\t\t\t\t\t\t\t\t\t\t\t\t\t\t\t\t\t\t\t\t\t\t\t\t\t\t<a data-fancybox=\"gallery_fancybox_8094\" href=\"https:\/\/cimbcc.org\/test2\/wp-content\/uploads\/photo_bernier_serge.jpg\" title=\"Serge Bernier\" >\n\t\t\t\t\t\t\t\t\t\t\t\t\t\t\t\t<img decoding=\"async\" width=&quot;125&quot; height=&quot;125&quot; style=\"width:125px; height:125px; border-width: 10px; border-color:#f1f1f1;border: 10px solid #f1f1f1\" alt=\"\" title=\"Serge Bernier\" src=\"https:\/\/cimbcc.org\/test2\/wp-content\/uploads\/photo_bernier_serge.jpg\" rel=\"https:\/\/cimbcc.org\/test2\/wp-content\/uploads\/photo_bernier_serge.jpg\" \/>\t\t\t\t\t\t\t\t\t\t\t\t\t\t\t<\/a>\n\t\t\t\t\t\t\t\t\t\t\t\t\t\t\t\t\t\t\t\t\t\t\t\t\t\t<\/p>\n\t\t\t\t\t\t\t\t\t\t\t\t\t\t\t\t\t\t\t\t\t\t\t\t\t<div \n\t\t\t\t\t\t\t\t\t\t\t\t\tstyle=\"width:145px;\"\t\t\t\t\t\t\t\t\t\t\t\t\tclass=\"gllr_single_image_text gllr_single_image_text_under\">Serge Bernier&nbsp;<\/div>\n\t\t\t\t\t\t\t\t\t\t\t\t\t\t\t\t\t\t\t\t\t\t\t<\/div><!-- .gllr_image_block -->\n\t\t\t\t\t\t\t\t\t\t\t\t\t\t\t\t\t\t\t\t\t<div class=\"gllr_image_block\">\n\t\t\t\t\t\t\t\t\t\t\t\t<p style=\"\n\t\t\t\t\t\t\t\t\t\t\t\twidth:145px;height:145px;\t\t\t\t\t\t\t\t\t\t\t\t\">\n\t\t\t\t\t\t\t\t\t\t\t\t\t\t\t\t\t\t\t\t\t\t\t\t\t\t\t\t<a data-fancybox=\"gallery_fancybox_8094\" href=\"https:\/\/cimbcc.org\/test2\/wp-content\/uploads\/photo_cormier_francine.jpg\" title=\"Francine Cormier\" >\n\t\t\t\t\t\t\t\t\t\t\t\t\t\t\t\t<img decoding=\"async\" width=&quot;125&quot; height=&quot;125&quot; style=\"width:125px; height:125px; border-width: 10px; border-color:#f1f1f1;border: 10px solid #f1f1f1\" alt=\"\" title=\"Francine Cormier\" src=\"https:\/\/cimbcc.org\/test2\/wp-content\/uploads\/photo_cormier_francine.jpg\" rel=\"https:\/\/cimbcc.org\/test2\/wp-content\/uploads\/photo_cormier_francine.jpg\" \/>\t\t\t\t\t\t\t\t\t\t\t\t\t\t\t<\/a>\n\t\t\t\t\t\t\t\t\t\t\t\t\t\t\t\t\t\t\t\t\t\t\t\t\t\t<\/p>\n\t\t\t\t\t\t\t\t\t\t\t\t\t\t\t\t\t\t\t\t\t\t\t\t\t<div \n\t\t\t\t\t\t\t\t\t\t\t\t\tstyle=\"width:145px;\"\t\t\t\t\t\t\t\t\t\t\t\t\tclass=\"gllr_single_image_text gllr_single_image_text_under\">Francine Cormier&nbsp;<\/div>\n\t\t\t\t\t\t\t\t\t\t\t\t\t\t\t\t\t\t\t\t\t\t\t<\/div><!-- .gllr_image_block -->\n\t\t\t\t\t\t\t\t\t\t\t\t\t\t\t\t\t\t\t\t\t<div class=\"gllr_image_block\">\n\t\t\t\t\t\t\t\t\t\t\t\t<p style=\"\n\t\t\t\t\t\t\t\t\t\t\t\twidth:145px;height:145px;\t\t\t\t\t\t\t\t\t\t\t\t\">\n\t\t\t\t\t\t\t\t\t\t\t\t\t\t\t\t\t\t\t\t\t\t\t\t\t\t\t\t<a data-fancybox=\"gallery_fancybox_8094\" href=\"https:\/\/cimbcc.org\/test2\/wp-content\/uploads\/photo_leblanc_nicole.jpg\" title=\"Nicole Leblanc\" >\n\t\t\t\t\t\t\t\t\t\t\t\t\t\t\t\t<img decoding=\"async\" width=&quot;125&quot; height=&quot;125&quot; style=\"width:125px; height:125px; border-width: 10px; border-color:#f1f1f1;border: 10px solid #f1f1f1\" alt=\"\" title=\"Nicole Leblanc\" src=\"https:\/\/cimbcc.org\/test2\/wp-content\/uploads\/photo_leblanc_nicole.jpg\" rel=\"https:\/\/cimbcc.org\/test2\/wp-content\/uploads\/photo_leblanc_nicole.jpg\" \/>\t\t\t\t\t\t\t\t\t\t\t\t\t\t\t<\/a>\n\t\t\t\t\t\t\t\t\t\t\t\t\t\t\t\t\t\t\t\t\t\t\t\t\t\t<\/p>\n\t\t\t\t\t\t\t\t\t\t\t\t\t\t\t\t\t\t\t\t\t\t\t\t\t<div \n\t\t\t\t\t\t\t\t\t\t\t\t\tstyle=\"width:145px;\"\t\t\t\t\t\t\t\t\t\t\t\t\tclass=\"gllr_single_image_text gllr_single_image_text_under\">Nicole Leblanc&nbsp;<\/div>\n\t\t\t\t\t\t\t\t\t\t\t\t\t\t\t\t\t\t\t\t\t\t\t<\/div><!-- .gllr_image_block -->\n\t\t\t\t\t\t\t\t\t\t\t\t\t\t\t\t\t\t\t\t\t<div class=\"gllr_image_block\">\n\t\t\t\t\t\t\t\t\t\t\t\t<p style=\"\n\t\t\t\t\t\t\t\t\t\t\t\twidth:145px;height:145px;\t\t\t\t\t\t\t\t\t\t\t\t\">\n\t\t\t\t\t\t\t\t\t\t\t\t\t\t\t\t\t\t\t\t\t\t\t\t\t\t\t\t<a data-fancybox=\"gallery_fancybox_8094\" href=\"https:\/\/cimbcc.org\/test2\/wp-content\/uploads\/photo_marcel_lafond.jpg\" title=\"Marcel Lafond\" >\n\t\t\t\t\t\t\t\t\t\t\t\t\t\t\t\t<img decoding=\"async\" width=&quot;125&quot; height=&quot;125&quot; style=\"width:125px; height:125px; border-width: 10px; border-color:#f1f1f1;border: 10px solid #f1f1f1\" alt=\"\" title=\"Marcel Lafond\" src=\"https:\/\/cimbcc.org\/test2\/wp-content\/uploads\/photo_marcel_lafond-125x125.jpg\" rel=\"https:\/\/cimbcc.org\/test2\/wp-content\/uploads\/photo_marcel_lafond.jpg\" \/>\t\t\t\t\t\t\t\t\t\t\t\t\t\t\t<\/a>\n\t\t\t\t\t\t\t\t\t\t\t\t\t\t\t\t\t\t\t\t\t\t\t\t\t\t<\/p>\n\t\t\t\t\t\t\t\t\t\t\t\t\t\t\t\t\t\t\t\t\t\t\t\t\t<div \n\t\t\t\t\t\t\t\t\t\t\t\t\tstyle=\"width:145px;\"\t\t\t\t\t\t\t\t\t\t\t\t\tclass=\"gllr_single_image_text gllr_single_image_text_under\">Marcel Lafond&nbsp;<\/div>\n\t\t\t\t\t\t\t\t\t\t\t\t\t\t\t\t\t\t\t\t\t\t\t<\/div><!-- .gllr_image_block -->\n\t\t\t\t\t\t\t\t\t\t\t\t\t\t\t\t\t\t\t\t\t<div class=\"clear\"><\/div>\n\t\t\t\t\t\t\t\t\t\t<\/div><!-- .gllr_image_row -->\n\t\t\t\t\t\t\t\t\t\t\t\t\t\t\t\t\t<\/div><!-- .gallery.clearfix -->\n\t\t\t\t\t\t\t\t\t\t\t\t\t\t<\/div><!-- .gallery_box_single -->\n\t\t\t\t\t\t<div class=\"gllr_clear\"><\/div>\n\t\t\t\t\t\t\n\n\n\n<p>Ainsi que Fran\u00e7oise Le Bris.<\/p>\n\n\n\n<address><span style=\"font-size: x-small;\">Derni\u00e8re r\u00e9vision de cette page :\u00a0 ao\u00fbt 2024.<br \/><\/span><span style=\"font-size: x-small;\">Responsable de la mise \u00e0 jour de cette page : Richard Gervais<\/span><\/address>\n","protected":false},"excerpt":{"rendered":"<p>Lors des s\u00e9ances en salle, des b\u00e9n\u00e9voles s&rsquo;occupent du montage et du d\u00e9montage de la salle et pr\u00e9parent des rafra\u00eechissements pour les membres. L&rsquo;\u00e9quipe participe aussi \u00e0 la mise en place des locaux n\u00e9cessaires \u00e0 d&rsquo;autres activit\u00e9s comme les activit\u00e9s sociales du Club et la Journ\u00e9e d&rsquo;information annuelle. Les b\u00e9n\u00e9voles sont : Responsable Johanne Boisvert &hellip; <a href=\"https:\/\/cimbcc.org\/test2\/gallery\/benevoles_de_la_mise_en_place_et_du_cafe\/\" class=\"more-link\">Continuer la lecture de <span class=\"screen-reader-text\">B\u00e9n\u00e9voles_de_la_mise_en_place_et_du_caf\u00e9<\/span>  <span class=\"meta-nav\">&rarr;<\/span><\/a><\/p>\n","protected":false},"author":33,"featured_media":0,"parent":40094,"menu_order":0,"comment_status":"closed","ping_status":"closed","template":"","meta":{"footnotes":""},"class_list":["post-40144","page","type-page","status-publish","hentry"],"_links":{"self":[{"href":"https:\/\/cimbcc.org\/test2\/wp-json\/wp\/v2\/pages\/40144","targetHints":{"allow":["GET"]}}],"collection":[{"href":"https:\/\/cimbcc.org\/test2\/wp-json\/wp\/v2\/pages"}],"about":[{"href":"https:\/\/cimbcc.org\/test2\/wp-json\/wp\/v2\/types\/page"}],"author":[{"embeddable":true,"href":"https:\/\/cimbcc.org\/test2\/wp-json\/wp\/v2\/users\/33"}],"replies":[{"embeddable":true,"href":"https:\/\/cimbcc.org\/test2\/wp-json\/wp\/v2\/comments?post=40144"}],"version-history":[{"count":22,"href":"https:\/\/cimbcc.org\/test2\/wp-json\/wp\/v2\/pages\/40144\/revisions"}],"predecessor-version":[{"id":53366,"href":"https:\/\/cimbcc.org\/test2\/wp-json\/wp\/v2\/pages\/40144\/revisions\/53366"}],"up":[{"embeddable":true,"href":"https:\/\/cimbcc.org\/test2\/wp-json\/wp\/v2\/pages\/40094"}],"wp:attachment":[{"href":"https:\/\/cimbcc.org\/test2\/wp-json\/wp\/v2\/media?parent=40144"}],"curies":[{"name":"wp","href":"https:\/\/api.w.org\/{rel}","templated":true}]}}