{"id":40147,"date":"2022-06-20T15:00:56","date_gmt":"2022-06-20T19:00:56","guid":{"rendered":"https:\/\/cimbcc.org\/test2\/?page_id=40147"},"modified":"2025-05-05T16:15:28","modified_gmt":"2025-05-05T20:15:28","slug":"conseil-dadministration","status":"publish","type":"page","link":"https:\/\/cimbcc.org\/test2\/a-propos-du-club\/nos-activites\/conseil-dadministration\/","title":{"rendered":"Conseil d&rsquo;administration"},"content":{"rendered":"\n<p><em><span style=\"font-size: 14pt;\">Le Club est g\u00e9r\u00e9 par un conseil d\u2019administration \u00e9lu par les membres.<\/span><\/em><\/p>\n\n\n\n<p>Les r\u00f4les du conseil d\u2019administration sont :<\/p>\n\n\n\n<ol class=\"wp-block-list\">\n<li>d&rsquo;\u00e9tablir et mettre en \u0153uvre la direction g\u00e9n\u00e9rale du club ;<\/li>\n\n\n\n<li>de revoir et approuver les orientations propos\u00e9es par les responsables d\u2019activit\u00e9s ;<\/li>\n\n\n\n<li>d&rsquo;assurer la coh\u00e9sion entre les b\u00e9n\u00e9voles, assister les b\u00e9n\u00e9voles au besoin et s\u2019assurer de la satisfaction des b\u00e9n\u00e9voles et des membres ;<\/li>\n\n\n\n<li>de r\u00e9agir aux situations impr\u00e9vues qui ne sont pas sous la responsabilit\u00e9 d\u2019un responsable d\u2019activit\u00e9s.<\/li>\n<\/ol>\n\n\n\n<p>Le conseil d\u2019administration de l\u2019ann\u00e9e 2023-2024 est compos\u00e9 des personnes suivantes :<\/p>\n\n\n\n<h4 class=\"wp-block-heading\">Pr\u00e9sident<\/h4>\n\n\n<div class=\"wp-block-image wp-image-46413\">\n<figure class=\"alignleft\"><img loading=\"lazy\" decoding=\"async\" width=\"150\" height=\"150\" src=\"https:\/\/cimbcc.org\/test2\/wp-content\/uploads\/photo_malouin_jean--150x150.jpg\" alt=\"Jean Malouin\" class=\"wp-image-46413\" srcset=\"https:\/\/cimbcc.org\/test2\/wp-content\/uploads\/photo_malouin_jean--150x150.jpg 150w, https:\/\/cimbcc.org\/test2\/wp-content\/uploads\/photo_malouin_jean--125x125.jpg 125w\" sizes=\"auto, (max-width: 150px) 100vw, 150px\" \/><figcaption class=\"wp-element-caption\">Jean Malouin<\/figcaption><\/figure>\n<\/div>\n\n\n<p>&nbsp;<\/p>\n\n\n\n<p>&nbsp;<\/p>\n\n\n\n<p>&nbsp;<\/p>\n\n\n\n<p>&nbsp;<\/p>\n\n\n\n<p>Le r\u00f4le du pr\u00e9sident est de :<\/p>\n\n\n\n<ol class=\"wp-block-list\">\n<li>pr\u00e9sider les r\u00e9unions du conseil d\u2019administration ;<\/li>\n\n\n\n<li>repr\u00e9senter le Club aupr\u00e8s des autorit\u00e9s, du public et des membres.<\/li>\n<\/ol>\n\n\n\n<h4 class=\"wp-block-heading\">Vice-pr\u00e9sident<\/h4>\n\n\n<div class=\"wp-block-image size-full wp-image-25273\">\n<figure class=\"alignleft\"><img decoding=\"async\" src=\"https:\/\/cimbcc.org\/test2\/wp-content\/uploads\/photo_gagne_michel.jpg\" alt=\"\" class=\"wp-image-25273\"\/><figcaption class=\"wp-element-caption\">Michel Gagn\u00e9<\/figcaption><\/figure>\n<\/div>\n\n\n<p>&nbsp;<\/p>\n\n\n\n<p>&nbsp;<\/p>\n\n\n\n<p>&nbsp;<\/p>\n\n\n\n<p>&nbsp;<\/p>\n\n\n\n<p>Le r\u00f4le du vice-pr\u00e9sident est de :<\/p>\n\n\n\n<ol class=\"wp-block-list\">\n<li>remplacer le pr\u00e9sident en son absence ;<\/li>\n\n\n\n<li>lib\u00e9rer le pr\u00e9sident de certaines t\u00e2ches \u00e0 sa demande.<\/li>\n<\/ol>\n\n\n\n<h4 class=\"wp-block-heading\">Secr\u00e9taire<\/h4>\n\n\n\n<figure class=\"wp-block-image alignnone size-full wp-image-37847\"><img loading=\"lazy\" decoding=\"async\" width=\"125\" height=\"125\" src=\"https:\/\/cimbcc.org\/test2\/wp-content\/uploads\/photo_mazur_sylvie-1.jpg\" alt=\"Sylvie Mazur\" class=\"wp-image-37847\"\/><figcaption class=\"wp-element-caption\">Sylvie Mazur<\/figcaption><\/figure>\n\n\n\n<p>Le r\u00f4le de la secr\u00e9taire est de :<\/p>\n\n\n\n<ol class=\"wp-block-list\">\n<li>pr\u00e9parer les ordres du jour et les proc\u00e8s-verbaux des r\u00e9unions du conseil d\u2019administration et des assembl\u00e9es g\u00e9n\u00e9rales annuelles ;<\/li>\n\n\n\n<li>conserver les archives du club.<\/li>\n<\/ol>\n\n\n\n<h4 class=\"wp-block-heading\">Tr\u00e9sori\u00e8re<\/h4>\n\n\n\n<figure class=\"wp-block-image alignnone size-full wp-image-32622\"><img loading=\"lazy\" decoding=\"async\" width=\"125\" height=\"125\" src=\"https:\/\/cimbcc.org\/test2\/wp-content\/uploads\/photo_barabe_danielle-1.jpg\" alt=\"\" class=\"wp-image-32622\"\/><figcaption class=\"wp-element-caption\">Danielle Barab\u00e9<\/figcaption><\/figure>\n\n\n\n<p>Le r\u00f4le de la tr\u00e9sori\u00e8re est de :<\/p>\n\n\n\n<ol class=\"wp-block-list\">\n<li>pr\u00e9parer et faire approuver le budget du Club ;<\/li>\n\n\n\n<li>recueillir les fonds n\u00e9cessaires au fonctionnement du Club ;<\/li>\n\n\n\n<li>payer les d\u00e9penses du Club ;<\/li>\n\n\n\n<li>s\u2019assurer que les revenus et les d\u00e9penses du Club correspondent aux pr\u00e9visions budg\u00e9taires et recommander des ajustements au besoin.<\/li>\n<\/ol>\n\n\n\n<h4 class=\"wp-block-heading\">Autres administrateurs<\/h4>\n\n\n\t\t\t\t\t\t<div class=\"gallery_box_single\">\n\t\t\t\t\t\t\t\t\t\t\t\t\t\t\t<div class=\"gallery gllr_grid\" data-gllr-columns=\"100\" data-gllr-border-width=\"10\">\n\t\t\t\t\t\t\t\t\t\t\t\t\t\t\t\t\t\t\t\t<div class=\"gllr_image_row\">\n\t\t\t\t\t\t\t\t\t\t\t\t\t\t\t\t\t\t\t\t\t<div class=\"gllr_image_block\">\n\t\t\t\t\t\t\t\t\t\t\t\t<p style=\"\n\t\t\t\t\t\t\t\t\t\t\t\twidth:145px;height:145px;\t\t\t\t\t\t\t\t\t\t\t\t\">\n\t\t\t\t\t\t\t\t\t\t\t\t\t\t\t\t\t\t\t\t\t\t\t\t\t\t\t\t<a data-fancybox=\"gallery_fancybox_31132\" href=\"https:\/\/cimbcc.org\/test2\/wp-content\/uploads\/photo_cote_rejean.jpg\" title=\"R\u00e9jean C\u00f4t\u00e9\" >\n\t\t\t\t\t\t\t\t\t\t\t\t\t\t\t\t<img decoding=\"async\" width=&quot;125&quot; height=&quot;125&quot; style=\"width:125px; height:125px; border-width: 10px; border-color:#f1f1f1;border: 10px solid #f1f1f1\" alt=\"\" title=\"R\u00e9jean C\u00f4t\u00e9\" src=\"https:\/\/cimbcc.org\/test2\/wp-content\/uploads\/photo_cote_rejean.jpg\" rel=\"https:\/\/cimbcc.org\/test2\/wp-content\/uploads\/photo_cote_rejean.jpg\" \/>\t\t\t\t\t\t\t\t\t\t\t\t\t\t\t<\/a>\n\t\t\t\t\t\t\t\t\t\t\t\t\t\t\t\t\t\t\t\t\t\t\t\t\t\t<\/p>\n\t\t\t\t\t\t\t\t\t\t\t\t\t\t\t\t\t\t\t\t\t\t\t\t\t<div \n\t\t\t\t\t\t\t\t\t\t\t\t\tstyle=\"width:145px;\"\t\t\t\t\t\t\t\t\t\t\t\t\tclass=\"gllr_single_image_text gllr_single_image_text_under\">R\u00e9jean C\u00f4t\u00e9&nbsp;<\/div>\n\t\t\t\t\t\t\t\t\t\t\t\t\t\t\t\t\t\t\t\t\t\t\t<\/div><!-- .gllr_image_block -->\n\t\t\t\t\t\t\t\t\t\t\t\t\t\t\t\t\t\t\t\t\t<div class=\"gllr_image_block\">\n\t\t\t\t\t\t\t\t\t\t\t\t<p style=\"\n\t\t\t\t\t\t\t\t\t\t\t\twidth:145px;height:145px;\t\t\t\t\t\t\t\t\t\t\t\t\">\n\t\t\t\t\t\t\t\t\t\t\t\t\t\t\t\t\t\t\t\t\t\t\t\t\t\t\t\t<a data-fancybox=\"gallery_fancybox_31132\" href=\"https:\/\/cimbcc.org\/test2\/wp-content\/uploads\/photo_comtois_nicole.jpg\" title=\"Nicole Comtois\" >\n\t\t\t\t\t\t\t\t\t\t\t\t\t\t\t\t<img decoding=\"async\" width=&quot;125&quot; height=&quot;125&quot; style=\"width:125px; height:125px; border-width: 10px; border-color:#f1f1f1;border: 10px solid #f1f1f1\" alt=\"\" title=\"Nicole Comtois\" src=\"https:\/\/cimbcc.org\/test2\/wp-content\/uploads\/photo_comtois_nicole.jpg\" rel=\"https:\/\/cimbcc.org\/test2\/wp-content\/uploads\/photo_comtois_nicole.jpg\" \/>\t\t\t\t\t\t\t\t\t\t\t\t\t\t\t<\/a>\n\t\t\t\t\t\t\t\t\t\t\t\t\t\t\t\t\t\t\t\t\t\t\t\t\t\t<\/p>\n\t\t\t\t\t\t\t\t\t\t\t\t\t\t\t\t\t\t\t\t\t\t\t\t\t<div \n\t\t\t\t\t\t\t\t\t\t\t\t\tstyle=\"width:145px;\"\t\t\t\t\t\t\t\t\t\t\t\t\tclass=\"gllr_single_image_text gllr_single_image_text_under\">Nicole Comtois&nbsp;<\/div>\n\t\t\t\t\t\t\t\t\t\t\t\t\t\t\t\t\t\t\t\t\t\t\t<\/div><!-- .gllr_image_block -->\n\t\t\t\t\t\t\t\t\t\t\t\t\t\t\t\t\t\t\t\t\t<div class=\"gllr_image_block\">\n\t\t\t\t\t\t\t\t\t\t\t\t<p style=\"\n\t\t\t\t\t\t\t\t\t\t\t\twidth:145px;height:145px;\t\t\t\t\t\t\t\t\t\t\t\t\">\n\t\t\t\t\t\t\t\t\t\t\t\t\t\t\t\t\t\t\t\t\t\t\t\t\t\t\t\t<a data-fancybox=\"gallery_fancybox_31132\" href=\"https:\/\/cimbcc.org\/test2\/wp-content\/uploads\/photo_jutras_pierre.jpg\" title=\"Pierre Jutras\" >\n\t\t\t\t\t\t\t\t\t\t\t\t\t\t\t\t<img decoding=\"async\" width=&quot;125&quot; height=&quot;125&quot; style=\"width:125px; height:125px; border-width: 10px; border-color:#f1f1f1;border: 10px solid #f1f1f1\" alt=\"\" title=\"Pierre Jutras\" src=\"https:\/\/cimbcc.org\/test2\/wp-content\/uploads\/photo_jutras_pierre.jpg\" rel=\"https:\/\/cimbcc.org\/test2\/wp-content\/uploads\/photo_jutras_pierre.jpg\" \/>\t\t\t\t\t\t\t\t\t\t\t\t\t\t\t<\/a>\n\t\t\t\t\t\t\t\t\t\t\t\t\t\t\t\t\t\t\t\t\t\t\t\t\t\t<\/p>\n\t\t\t\t\t\t\t\t\t\t\t\t\t\t\t\t\t\t\t\t\t\t\t\t\t<div \n\t\t\t\t\t\t\t\t\t\t\t\t\tstyle=\"width:145px;\"\t\t\t\t\t\t\t\t\t\t\t\t\tclass=\"gllr_single_image_text gllr_single_image_text_under\">Pierre Jutras&nbsp;<\/div>\n\t\t\t\t\t\t\t\t\t\t\t\t\t\t\t\t\t\t\t\t\t\t\t<\/div><!-- .gllr_image_block -->\n\t\t\t\t\t\t\t\t\t\t\t\t\t\t\t\t\t\t\t\t\t<div class=\"gllr_image_block\">\n\t\t\t\t\t\t\t\t\t\t\t\t<p style=\"\n\t\t\t\t\t\t\t\t\t\t\t\twidth:145px;height:145px;\t\t\t\t\t\t\t\t\t\t\t\t\">\n\t\t\t\t\t\t\t\t\t\t\t\t\t\t\t\t\t\t\t\t\t\t\t\t\t\t\t\t<a data-fancybox=\"gallery_fancybox_31132\" href=\"https:\/\/cimbcc.org\/test2\/wp-content\/uploads\/photo_garneau_sylvain.jpg\" title=\"Sylvain Garneau\" >\n\t\t\t\t\t\t\t\t\t\t\t\t\t\t\t\t<img decoding=\"async\" width=&quot;125&quot; height=&quot;125&quot; style=\"width:125px; height:125px; border-width: 10px; border-color:#f1f1f1;border: 10px solid #f1f1f1\" alt=\"\" title=\"Sylvain Garneau\" src=\"https:\/\/cimbcc.org\/test2\/wp-content\/uploads\/photo_garneau_sylvain.jpg\" rel=\"https:\/\/cimbcc.org\/test2\/wp-content\/uploads\/photo_garneau_sylvain.jpg\" \/>\t\t\t\t\t\t\t\t\t\t\t\t\t\t\t<\/a>\n\t\t\t\t\t\t\t\t\t\t\t\t\t\t\t\t\t\t\t\t\t\t\t\t\t\t<\/p>\n\t\t\t\t\t\t\t\t\t\t\t\t\t\t\t\t\t\t\t\t\t\t\t\t\t<div \n\t\t\t\t\t\t\t\t\t\t\t\t\tstyle=\"width:145px;\"\t\t\t\t\t\t\t\t\t\t\t\t\tclass=\"gllr_single_image_text gllr_single_image_text_under\">Sylvain Garneau&nbsp;<\/div>\n\t\t\t\t\t\t\t\t\t\t\t\t\t\t\t\t\t\t\t\t\t\t\t<\/div><!-- .gllr_image_block -->\n\t\t\t\t\t\t\t\t\t\t\t\t\t\t\t\t\t\t\t\t\t<div class=\"gllr_image_block\">\n\t\t\t\t\t\t\t\t\t\t\t\t<p style=\"\n\t\t\t\t\t\t\t\t\t\t\t\twidth:145px;height:145px;\t\t\t\t\t\t\t\t\t\t\t\t\">\n\t\t\t\t\t\t\t\t\t\t\t\t\t\t\t\t\t\t\t\t\t\t\t\t\t\t\t\t<a data-fancybox=\"gallery_fancybox_31132\" href=\"https:\/\/cimbcc.org\/test2\/wp-content\/uploads\/photo_gervais_richard.jpg\" title=\"Richard Gervais\" >\n\t\t\t\t\t\t\t\t\t\t\t\t\t\t\t\t<img decoding=\"async\" width=&quot;125&quot; height=&quot;125&quot; style=\"width:125px; height:125px; border-width: 10px; border-color:#f1f1f1;border: 10px solid #f1f1f1\" alt=\"\" title=\"Richard Gervais\" src=\"https:\/\/cimbcc.org\/test2\/wp-content\/uploads\/photo_gervais_richard.jpg\" rel=\"https:\/\/cimbcc.org\/test2\/wp-content\/uploads\/photo_gervais_richard.jpg\" \/>\t\t\t\t\t\t\t\t\t\t\t\t\t\t\t<\/a>\n\t\t\t\t\t\t\t\t\t\t\t\t\t\t\t\t\t\t\t\t\t\t\t\t\t\t<\/p>\n\t\t\t\t\t\t\t\t\t\t\t\t\t\t\t\t\t\t\t\t\t\t\t\t\t<div \n\t\t\t\t\t\t\t\t\t\t\t\t\tstyle=\"width:145px;\"\t\t\t\t\t\t\t\t\t\t\t\t\tclass=\"gllr_single_image_text gllr_single_image_text_under\">Richard Gervais&nbsp;<\/div>\n\t\t\t\t\t\t\t\t\t\t\t\t\t\t\t\t\t\t\t\t\t\t\t<\/div><!-- .gllr_image_block -->\n\t\t\t\t\t\t\t\t\t\t\t\t\t\t\t\t\t\t\t\t\t<div class=\"gllr_image_block\">\n\t\t\t\t\t\t\t\t\t\t\t\t<p style=\"\n\t\t\t\t\t\t\t\t\t\t\t\twidth:145px;height:145px;\t\t\t\t\t\t\t\t\t\t\t\t\">\n\t\t\t\t\t\t\t\t\t\t\t\t\t\t\t\t\t\t\t\t\t\t\t\t\t\t\t\t<a data-fancybox=\"gallery_fancybox_31132\" href=\"https:\/\/cimbcc.org\/test2\/wp-content\/uploads\/photo_fournier_bruno.jpg\" title=\"Bruno Fournier\" >\n\t\t\t\t\t\t\t\t\t\t\t\t\t\t\t\t<img decoding=\"async\" width=&quot;125&quot; height=&quot;125&quot; style=\"width:125px; height:125px; border-width: 10px; border-color:#f1f1f1;border: 10px solid #f1f1f1\" alt=\"\" title=\"Bruno Fournier\" src=\"https:\/\/cimbcc.org\/test2\/wp-content\/uploads\/photo_fournier_bruno.jpg\" rel=\"https:\/\/cimbcc.org\/test2\/wp-content\/uploads\/photo_fournier_bruno.jpg\" \/>\t\t\t\t\t\t\t\t\t\t\t\t\t\t\t<\/a>\n\t\t\t\t\t\t\t\t\t\t\t\t\t\t\t\t\t\t\t\t\t\t\t\t\t\t<\/p>\n\t\t\t\t\t\t\t\t\t\t\t\t\t\t\t\t\t\t\t\t\t\t\t\t\t<div \n\t\t\t\t\t\t\t\t\t\t\t\t\tstyle=\"width:145px;\"\t\t\t\t\t\t\t\t\t\t\t\t\tclass=\"gllr_single_image_text gllr_single_image_text_under\">Bruno Fournier&nbsp;<\/div>\n\t\t\t\t\t\t\t\t\t\t\t\t\t\t\t\t\t\t\t\t\t\t\t<\/div><!-- .gllr_image_block -->\n\t\t\t\t\t\t\t\t\t\t\t\t\t\t\t\t\t\t\t\t\t<div class=\"clear\"><\/div>\n\t\t\t\t\t\t\t\t\t\t<\/div><!-- .gllr_image_row -->\n\t\t\t\t\t\t\t\t\t\t\t\t\t\t\t\t\t<\/div><!-- .gallery.clearfix -->\n\t\t\t\t\t\t\t\t\t\t\t\t\t\t<\/div><!-- .gallery_box_single -->\n\t\t\t\t\t\t<div class=\"gllr_clear\"><\/div>\n\t\t\t\t\t\t\n\n\n\n<p>Tout membre r\u00e9gulier qui a \u0153uvr\u00e9 comme b\u00e9n\u00e9vole au Club peut soumettre sa candidature pour acc\u00e9der au conseil d\u2019administration. L\u2019\u00e9lection des membres du conseil d\u2019administration a lieu en octobre de chaque ann\u00e9e.<\/p>\n\n\n\n<div style=\"height:75px\" aria-hidden=\"true\" class=\"wp-block-spacer\"><\/div>\n\n\n\n<p class=\"has-small-font-size\">\u00a0Derni\u00e8re r\u00e9vision de cette page :  d\u00e9cembre 2024.<\/p>\n\n\n\n<p class=\"has-small-font-size\">Responsable de la mise \u00e0 jour de cette page : Richard Gervais.<\/p>\n\n\n\n<p><\/p>\n","protected":false},"excerpt":{"rendered":"<p>Le Club est g\u00e9r\u00e9 par un conseil d\u2019administration \u00e9lu par les membres. Les r\u00f4les du conseil d\u2019administration sont : Le conseil d\u2019administration de l\u2019ann\u00e9e 2023-2024 est compos\u00e9 des personnes suivantes : Pr\u00e9sident &nbsp; &nbsp; &nbsp; &nbsp; Le r\u00f4le du pr\u00e9sident est de : Vice-pr\u00e9sident &nbsp; &nbsp; &nbsp; &nbsp; Le r\u00f4le du vice-pr\u00e9sident est de : &hellip; <a href=\"https:\/\/cimbcc.org\/test2\/gallery\/autres-administrateurs\/\" class=\"more-link\">Continuer la lecture de <span class=\"screen-reader-text\">Autres administrateurs<\/span>  <span class=\"meta-nav\">&rarr;<\/span><\/a><\/p>\n","protected":false},"author":33,"featured_media":0,"parent":40094,"menu_order":0,"comment_status":"closed","ping_status":"closed","template":"","meta":{"footnotes":""},"class_list":["post-40147","page","type-page","status-publish","hentry"],"_links":{"self":[{"href":"https:\/\/cimbcc.org\/test2\/wp-json\/wp\/v2\/pages\/40147","targetHints":{"allow":["GET"]}}],"collection":[{"href":"https:\/\/cimbcc.org\/test2\/wp-json\/wp\/v2\/pages"}],"about":[{"href":"https:\/\/cimbcc.org\/test2\/wp-json\/wp\/v2\/types\/page"}],"author":[{"embeddable":true,"href":"https:\/\/cimbcc.org\/test2\/wp-json\/wp\/v2\/users\/33"}],"replies":[{"embeddable":true,"href":"https:\/\/cimbcc.org\/test2\/wp-json\/wp\/v2\/comments?post=40147"}],"version-history":[{"count":26,"href":"https:\/\/cimbcc.org\/test2\/wp-json\/wp\/v2\/pages\/40147\/revisions"}],"predecessor-version":[{"id":53478,"href":"https:\/\/cimbcc.org\/test2\/wp-json\/wp\/v2\/pages\/40147\/revisions\/53478"}],"up":[{"embeddable":true,"href":"https:\/\/cimbcc.org\/test2\/wp-json\/wp\/v2\/pages\/40094"}],"wp:attachment":[{"href":"https:\/\/cimbcc.org\/test2\/wp-json\/wp\/v2\/media?parent=40147"}],"curies":[{"name":"wp","href":"https:\/\/api.w.org\/{rel}","templated":true}]}}