{"id":40154,"date":"2022-06-20T15:33:54","date_gmt":"2022-06-20T19:33:54","guid":{"rendered":"https:\/\/cimbcc.org\/test2\/?page_id=40154"},"modified":"2024-09-06T11:19:12","modified_gmt":"2024-09-06T15:19:12","slug":"reproduction-de-documents","status":"publish","type":"page","link":"https:\/\/cimbcc.org\/test2\/a-propos-du-club\/nos-activites\/reproduction-de-documents\/","title":{"rendered":"Reproduction de documents"},"content":{"rendered":"<p><em><span style=\"font-size: 14pt;\">Cette \u00e9quipe photocopie tous les documents qui sont n\u00e9cessaires pour le bon fonctionnement du Club.<\/span><\/em><\/p>\n<h4>Responsable<\/h4>\n<p>Denis B\u00e9langer<\/p>\n<p><img loading=\"lazy\" decoding=\"async\" class=\"alignnone size-full wp-image-50579\" src=\"https:\/\/cimbcc.org\/test2\/wp-content\/uploads\/photo_belanger_denis.jpg\" alt=\"Denis B\u00e9langer\" width=\"112\" height=\"150\" \/><\/p>\n<h4>Membre de l&rsquo;\u00e9quipe<\/h4>\n<p>Daniel Germain<\/p>\n<p><img loading=\"lazy\" decoding=\"async\" class=\"alignnone wp-image-47370 size-thumbnail\" src=\"https:\/\/cimbcc.org\/test2\/wp-content\/uploads\/photo_daniel-germain-150x150.jpg\" alt=\"Daniel Germain\" width=\"150\" height=\"150\" srcset=\"https:\/\/cimbcc.org\/test2\/wp-content\/uploads\/photo_daniel-germain-150x150.jpg 150w, https:\/\/cimbcc.org\/test2\/wp-content\/uploads\/photo_daniel-germain-125x125.jpg 125w\" sizes=\"auto, (max-width: 150px) 100vw, 150px\" \/><\/p>\n","protected":false},"excerpt":{"rendered":"<p>Cette \u00e9quipe photocopie tous les documents qui sont n\u00e9cessaires pour le bon fonctionnement du Club. Responsable Denis B\u00e9langer Membre de l&rsquo;\u00e9quipe Daniel Germain<\/p>\n","protected":false},"author":33,"featured_media":0,"parent":40094,"menu_order":0,"comment_status":"closed","ping_status":"closed","template":"","meta":{"footnotes":""},"class_list":["post-40154","page","type-page","status-publish","hentry"],"_links":{"self":[{"href":"https:\/\/cimbcc.org\/test2\/wp-json\/wp\/v2\/pages\/40154","targetHints":{"allow":["GET"]}}],"collection":[{"href":"https:\/\/cimbcc.org\/test2\/wp-json\/wp\/v2\/pages"}],"about":[{"href":"https:\/\/cimbcc.org\/test2\/wp-json\/wp\/v2\/types\/page"}],"author":[{"embeddable":true,"href":"https:\/\/cimbcc.org\/test2\/wp-json\/wp\/v2\/users\/33"}],"replies":[{"embeddable":true,"href":"https:\/\/cimbcc.org\/test2\/wp-json\/wp\/v2\/comments?post=40154"}],"version-history":[{"count":15,"href":"https:\/\/cimbcc.org\/test2\/wp-json\/wp\/v2\/pages\/40154\/revisions"}],"predecessor-version":[{"id":45084,"href":"https:\/\/cimbcc.org\/test2\/wp-json\/wp\/v2\/pages\/40154\/revisions\/45084"}],"up":[{"embeddable":true,"href":"https:\/\/cimbcc.org\/test2\/wp-json\/wp\/v2\/pages\/40094"}],"wp:attachment":[{"href":"https:\/\/cimbcc.org\/test2\/wp-json\/wp\/v2\/media?parent=40154"}],"curies":[{"name":"wp","href":"https:\/\/api.w.org\/{rel}","templated":true}]}}