{"id":40161,"date":"2022-07-12T05:50:47","date_gmt":"2022-07-12T09:50:47","guid":{"rendered":"https:\/\/cimbcc.org\/test2\/?page_id=40161"},"modified":"2024-11-27T16:23:46","modified_gmt":"2024-11-27T21:23:46","slug":"montre-apple","status":"publish","type":"page","link":"https:\/\/cimbcc.org\/test2\/partage-de-connaissances\/les-ateliers\/montre-apple\/","title":{"rendered":"Montre Apple"},"content":{"rendered":"<table style=\"height: 17px; width: 100%; border-collapse: collapse; background-color: #5574ad;\">\n<tbody>\n<tr style=\"height: 17px;\">\n<td style=\"width: 100%; height: 17px; text-align: center;\"><strong><span style=\"color: #ffffff; font-size: 14pt;\">CET ATELIER N&rsquo;EST PAS OFFERT \u00c0 L&rsquo;HIVER 2025<\/span><\/strong><\/td>\n<\/tr>\n<\/tbody>\n<\/table>\n<h2 style=\"text-align: left;\"><span style=\"color: #333399;\">\u00c0 qui s&rsquo;adresse l&rsquo;atelier<\/span><\/h2>\n<p><span style=\"font-size: 14pt;\">Aux membres qui poss\u00e8dent une montre Apple, qui ont d\u00e9j\u00e0 quelques connaissances de son fonctionnement et qui souhaitent l&rsquo;utiliser de fa\u00e7on plus optimale.\u00a0\u00a0<\/span><\/p>\n<h2><span style=\"color: #333399;\"><strong>Description de l\u2019atelier<\/strong><\/span><\/h2>\n<p><span style=\"font-size: 14pt;\">Lors des r\u00e9unions de cet atelier, vous apprendrez \u00e0 maximiser les options de votre montre. Vous apprendrez, entre autres \u00e0:<\/span><\/p>\n<ul>\n<li><span style=\"font-size: 14pt;\">r\u00e9pondre aux iMessages.<\/span><\/li>\n<li><span style=\"font-size: 14pt;\"> demander un itin\u00e9raire.<\/span><\/li>\n<li><span style=\"font-size: 14pt;\">surveiller vos signes vitaux.<\/span><\/li>\n<li><span style=\"font-size: 14pt;\">et beaucoup plus.<\/span><\/li>\n<\/ul>\n<h2><span style=\"color: #333399; font-size: 18pt;\"><strong>Mat\u00e9riel utilis\u00e9<\/strong><\/span><\/h2>\n<p><span style=\"font-size: 14pt;\">L&rsquo;atelier est donn\u00e9 avec une montre Apple de g\u00e9n\u00e9ration r\u00e9cente.<\/span><\/p>\n<h2><span style=\"color: #333399;\">Pr\u00e9cisions<\/span><\/h2>\n<ul>\n<li><span style=\"font-size: 14pt;\">Cet atelier sera donn\u00e9 en vid\u00e9oconf\u00e9rence avec l&rsquo;application Zoom.<\/span><\/li>\n<li><span style=\"font-size: 14pt;\">Lorsque votre inscription sera confirm\u00e9e, l&rsquo;animateur vous demandera si vous avez des questions particuli\u00e8res que vous aimeriez qu&rsquo;il aborde lors de la premi\u00e8re r\u00e9union de l&rsquo;atelier.<\/span><\/li>\n<li><span style=\"font-size: 14pt;\">Pour profiter pleinement de l&rsquo;atelier, votre montre doit \u00eatre de g\u00e9n\u00e9ration 6 ou ult\u00e9rieure.<\/span><\/li>\n<li><span style=\"font-size: 14pt;\">Votre montre doit \u00eatre \u00e0 jour avec le plus r\u00e9cent WatchOS.<\/span><\/li>\n<\/ul>\n<h2><span style=\"color: #333399; font-size: 18pt;\">Pr\u00e9requis<\/span><\/h2>\n<ul>\n<li><span style=\"font-size: 14pt;\">S\u2019engager \u00e0 assister aux quatre r\u00e9unions de l\u2019atelier.<\/span><\/li>\n<li><span style=\"font-size: 14pt;\">Avoir une connaissance de base du fonctionnement de votre montre Apple.<\/span><\/li>\n<li><span style=\"font-size: 14pt;\">\u00catre familier avec l&rsquo;application Zoom.<\/span><\/li>\n<\/ul>\n<h2 style=\"text-align: left;\"><span style=\"color: #333399;\"><strong>Fonctionnement<\/strong><\/span><\/h2>\n<ul>\n<li><span style=\"font-size: 14pt;\">Les explications seront donn\u00e9es directement sur l\u2019appareil de l\u2019animateur en utilisant le partage d\u2019\u00e9cran de Zoom.<\/span><\/li>\n<li><span style=\"font-size: 14pt;\">Il n\u2019y aura pas d\u2019exercices pratiques pendant les r\u00e9unions.<\/span><\/li>\n<li><span style=\"font-size: 14pt;\">L&rsquo;animateur r\u00e9pond aux questions des participants selon le sujet de la r\u00e9union.<\/span><\/li>\n<li><span style=\"font-size: 14pt;\">Vous recevrez, apr\u00e8s chaque r\u00e9union, un r\u00e9sum\u00e9 de ce qui a \u00e9t\u00e9 vu.<\/span><\/li>\n<\/ul>\n<h2 style=\"text-align: left;\"><span style=\"color: #333399;\"><strong>Contenu des r\u00e9unions<\/strong><\/span><\/h2>\n<p><span style=\"font-size: 14pt;\">Parmi les nombreuses applications et sujets relatifs \u00e0 la montre Apple, voici ce que nous verrons:\u00a0<\/span><\/p>\n<h4><span style=\"font-size: 14pt;\"><strong>R\u00e9unions 1 et 2<\/strong><\/span><\/h4>\n<ul>\n<li><span style=\"font-size: 14pt;\">R\u00e9viser le fonctionnement de l&rsquo;atelier et les questions re\u00e7ues des participants.<\/span><\/li>\n<li><span style=\"font-size: 14pt;\">Ajuster la luminosit\u00e9 et la taille du texte.<\/span><\/li>\n<li><span style=\"font-size: 14pt;\">Suivre votre sant\u00e9 et vos activit\u00e9s (montre, iPhone et iPad).<\/span><\/li>\n<li><span style=\"font-size: 14pt;\">Suivre vos signes vitaux.<\/span><\/li>\n<li><span style=\"font-size: 14pt;\">G\u00e9rer la prise de vos m\u00e9dicaments.<\/span><\/li>\n<li><span style=\"font-size: 14pt;\">Payer vos achats.<\/span><\/li>\n<li><span style=\"font-size: 14pt;\">R\u00e9pondre aux textos.<\/span><\/li>\n<li><span style=\"font-size: 14pt;\">Indication des itin\u00e9raires d\u00e9termin\u00e9s par Plans.<\/span><\/li>\n<\/ul>\n<h4><span style=\"font-size: 14pt;\"><strong>R\u00e9unions\u00a0 3 et\u00a0 4<\/strong><\/span><\/h4>\n<ul>\n<li><span style=\"font-size: 14pt;\">Notifications.<\/span><\/li>\n<li><span style=\"font-size: 14pt;\">Obtenir cadrans et des applications pour votre montre.<\/span><\/li>\n<li><span style=\"font-size: 14pt;\">Plans.<\/span><\/li>\n<li><span style=\"font-size: 14pt;\">Photos.<\/span><\/li>\n<li><span style=\"font-size: 14pt;\">Portefeuille et Apple Pay (pour payer avec votre montre).<\/span><\/li>\n<li><span style=\"font-size: 14pt;\">Que faire en cas de perte ou de vol de votre montre.<\/span><\/li>\n<li><span style=\"font-size: 14pt;\">Rappels (pour la gestion de vos t\u00e2ches quotidiennes).<\/span><\/li>\n<li><span style=\"font-size: 14pt;\">Remote (pour les amateurs de musique).<\/span><\/li>\n<\/ul>\n<p><span style=\"font-size: 14pt;\">Apple am\u00e9liore constamment sa montre, nous verrons aussi les nouveaut\u00e9s qui seront annonc\u00e9es \u00e0 l&rsquo;automne 2024.<\/span><\/p>\n<h2 style=\"text-align: left;\"><span style=\"color: #333399;\"><strong>Quand<\/strong><\/span><\/h2>\n<p><span style=\"font-size: 14pt;\">L\u2019atelier se compose de 4 r\u00e9unions de 1\u00bd heures. Les r\u00e9unions ont lieu le <b>mercredi <\/b>de 10h00 \u00e0 11h30 aux dates suivantes :<\/span><\/p>\n<ul>\n<li><\/li>\n<\/ul>\n<h2 style=\"text-align: left;\"><span style=\"color: #333399;\"><strong>O\u00f9<\/strong><\/span><\/h2>\n<p><span style=\"font-size: 18.6667px;\">L&rsquo;atelier est donn\u00e9 en vid\u00e9oconf\u00e9rence avec l&rsquo;application Zoom.\u00a0 Vous recevrez un lien de connexion avant chaque r\u00e9union.<\/span><\/p>\n<p>Le bouton \u00ab\u00a0Inscription \u00e0 l&rsquo;atelier\u00a0\u00bb ci-dessous n&rsquo;est pas fonctionnel \u00e0 l&rsquo;ext\u00e9rieur des p\u00e9riodes d&rsquo;inscriptions aux ateliers.<\/p>\n<p><a href=\"https:\/\/cimbcc.org\/test2\/partage-de-connaissances\/les-ateliers\/montre-apple\/formulaire-atelier-montre-apple\" target=\"_blank\" rel=\"noopener\"><button>Inscription \u00e0 l&rsquo;atelier<\/button><\/a><\/p>\n<h2><span style=\"color: #333399;\">Responsables de l\u2019atelier<\/span><\/h2>\n<figure id=\"attachment_24085\" aria-describedby=\"caption-attachment-24085\" style=\"width: 125px\" class=\"wp-caption alignleft\"><img loading=\"lazy\" decoding=\"async\" class=\"size-full wp-image-24085\" src=\"https:\/\/cimbcc.org\/test2\/wp-content\/uploads\/photo_parent_richard.jpg\" alt=\"\" width=\"125\" height=\"125\" \/><figcaption id=\"caption-attachment-24085\" class=\"wp-caption-text\">Richard Parent<\/figcaption><\/figure>\n<p>&nbsp;<\/p>\n<p>&nbsp;<\/p>\n<p>&nbsp;<\/p>\n<p>&nbsp;<\/p>\n<p><span style=\"font-size: x-small;\">Derni\u00e8re r\u00e9vision de cette page : novembre 2024.\u00a0 <\/span><span style=\"font-size: x-small;\">Responsable de la mise \u00e0 jour de cette page : \u00a0Danielle Barab\u00e9<\/span><\/p>\n","protected":false},"excerpt":{"rendered":"<p>CET ATELIER N&rsquo;EST PAS OFFERT \u00c0 L&rsquo;HIVER 2025 \u00c0 qui s&rsquo;adresse l&rsquo;atelier Aux membres qui poss\u00e8dent une montre Apple, qui ont d\u00e9j\u00e0 quelques connaissances de son fonctionnement et qui souhaitent l&rsquo;utiliser de fa\u00e7on plus optimale.\u00a0\u00a0 Description de l\u2019atelier Lors des r\u00e9unions de cet atelier, vous apprendrez \u00e0 maximiser les options de votre montre. Vous apprendrez, &hellip; <a href=\"https:\/\/cimbcc.org\/test2\/partage-de-connaissances\/les-ateliers\/montre-apple\/\" class=\"more-link\">Continuer la lecture de <span class=\"screen-reader-text\">Montre Apple<\/span>  <span class=\"meta-nav\">&rarr;<\/span><\/a><\/p>\n","protected":false},"author":23,"featured_media":0,"parent":100,"menu_order":221,"comment_status":"closed","ping_status":"closed","template":"","meta":{"footnotes":""},"class_list":["post-40161","page","type-page","status-publish","hentry"],"_links":{"self":[{"href":"https:\/\/cimbcc.org\/test2\/wp-json\/wp\/v2\/pages\/40161","targetHints":{"allow":["GET"]}}],"collection":[{"href":"https:\/\/cimbcc.org\/test2\/wp-json\/wp\/v2\/pages"}],"about":[{"href":"https:\/\/cimbcc.org\/test2\/wp-json\/wp\/v2\/types\/page"}],"author":[{"embeddable":true,"href":"https:\/\/cimbcc.org\/test2\/wp-json\/wp\/v2\/users\/23"}],"replies":[{"embeddable":true,"href":"https:\/\/cimbcc.org\/test2\/wp-json\/wp\/v2\/comments?post=40161"}],"version-history":[{"count":34,"href":"https:\/\/cimbcc.org\/test2\/wp-json\/wp\/v2\/pages\/40161\/revisions"}],"predecessor-version":[{"id":50502,"href":"https:\/\/cimbcc.org\/test2\/wp-json\/wp\/v2\/pages\/40161\/revisions\/50502"}],"up":[{"embeddable":true,"href":"https:\/\/cimbcc.org\/test2\/wp-json\/wp\/v2\/pages\/100"}],"wp:attachment":[{"href":"https:\/\/cimbcc.org\/test2\/wp-json\/wp\/v2\/media?parent=40161"}],"curies":[{"name":"wp","href":"https:\/\/api.w.org\/{rel}","templated":true}]}}