{"id":40303,"date":"2022-07-01T12:16:09","date_gmt":"2022-07-01T16:16:09","guid":{"rendered":"https:\/\/cimbcc.org\/test2\/?page_id=40303"},"modified":"2024-08-04T15:14:37","modified_gmt":"2024-08-04T19:14:37","slug":"suggestion-darticle","status":"publish","type":"page","link":"https:\/\/cimbcc.org\/test2\/nous-joindre\/nous-joindre-le-chip\/suggestion-darticle\/","title":{"rendered":"Suggestion d&rsquo;article"},"content":{"rendered":"<p><img loading=\"lazy\" decoding=\"async\" class=\"aligncenter size-medium wp-image-26304\" src=\"https:\/\/cimbcc.org\/test2\/wp-content\/uploads\/image_nous_joindre_chip-300x200.jpg\" alt=\"\" width=\"300\" height=\"200\" srcset=\"https:\/\/cimbcc.org\/test2\/wp-content\/uploads\/image_nous_joindre_chip-300x200.jpg 300w, https:\/\/cimbcc.org\/test2\/wp-content\/uploads\/image_nous_joindre_chip-768x512.jpg 768w, https:\/\/cimbcc.org\/test2\/wp-content\/uploads\/image_nous_joindre_chip-1024x683.jpg 1024w, https:\/\/cimbcc.org\/test2\/wp-content\/uploads\/image_nous_joindre_chip-120x80.jpg 120w\" sizes=\"auto, (max-width: 300px) 100vw, 300px\" \/><\/p>\n<p><em><span style=\"font-size: 14pt;\">Cette page vous permet de communiquer avec l&rsquo;\u00e9diteur du CHIP.<\/span><\/em><\/p>\n<p><em><span style=\"font-size: 14pt;\"><strong>Pour sugg\u00e9rer un sujet d&rsquo;article<\/strong> pour le CHIP, remplissez le formulaire ci-dessous, puis cliquez sur le bouton Envoyer.<\/span><\/em><\/p>\n\n<div class=\"wpcf7 no-js\" id=\"wpcf7-f40408-o1\" lang=\"fr-FR\" dir=\"ltr\" data-wpcf7-id=\"40408\">\n<div class=\"screen-reader-response\"><p role=\"status\" aria-live=\"polite\" aria-atomic=\"true\"><\/p> <ul><\/ul><\/div>\n<form action=\"\/test2\/wp-json\/wp\/v2\/pages\/40303#wpcf7-f40408-o1\" method=\"post\" class=\"wpcf7-form init\" aria-label=\"Formulaire de contact\" novalidate=\"novalidate\" data-status=\"init\">\n<div style=\"display: none;\">\n<input type=\"hidden\" name=\"_wpcf7\" value=\"40408\" \/>\n<input type=\"hidden\" name=\"_wpcf7_version\" value=\"6.0.6\" \/>\n<input type=\"hidden\" name=\"_wpcf7_locale\" value=\"fr_FR\" \/>\n<input type=\"hidden\" name=\"_wpcf7_unit_tag\" value=\"wpcf7-f40408-o1\" \/>\n<input type=\"hidden\" name=\"_wpcf7_container_post\" value=\"0\" \/>\n<input type=\"hidden\" name=\"_wpcf7_posted_data_hash\" value=\"\" \/>\n<input type=\"hidden\" name=\"_wpcf7_recaptcha_response\" value=\"\" \/>\n<\/div>\n<style>\ninput, textarea {\nborder: 1px solid grey;\n}\n<\/style>\n<h4>FORMULAIRE POUR SUGG\u00c9RER UN SUJET D'ARTICLE \u00c0 L'\u00c9DITEUR DU CHIP\n<\/h4>\n<p><label> Votre nom (obligatoire)<br \/>\n<span class=\"wpcf7-form-control-wrap\" data-name=\"your-name\"><input size=\"40\" maxlength=\"400\" class=\"wpcf7-form-control wpcf7-text wpcf7-validates-as-required\" autocomplete=\"name\" aria-required=\"true\" aria-invalid=\"false\" value=\"\" type=\"text\" name=\"your-name\" \/><\/span> <\/label>\n<\/p>\n<p><label> Votre adresse \u00e9lectronique (obligatoire)<br \/>\n<span class=\"wpcf7-form-control-wrap\" data-name=\"your-email\"><input size=\"40\" maxlength=\"400\" class=\"wpcf7-form-control wpcf7-email wpcf7-validates-as-required wpcf7-text wpcf7-validates-as-email\" autocomplete=\"email\" aria-required=\"true\" aria-invalid=\"false\" value=\"\" type=\"email\" name=\"your-email\" \/><\/span> <\/label>\n<\/p>\n<p>\u00cates-vous membre du Club (obligatoire)<br \/>\n<span class=\"wpcf7-form-control-wrap\" data-name=\"Membre_radio-33\"><span class=\"wpcf7-form-control wpcf7-radio\"><span class=\"wpcf7-list-item first\"><label><input type=\"radio\" name=\"Membre_radio-33\" value=\"Oui\" \/><span class=\"wpcf7-list-item-label\">Oui<\/span><\/label><\/span><span class=\"wpcf7-list-item last\"><label><input type=\"radio\" name=\"Membre_radio-33\" value=\"Non\" \/><span class=\"wpcf7-list-item-label\">Non<\/span><\/label><\/span><\/span><\/span>\n<\/p>\n<p><label> Sujet d'article sugg\u00e9r\u00e9 (obligatoire)<br \/>\n<span class=\"wpcf7-form-control-wrap\" data-name=\"mon-sujet\"><input size=\"40\" maxlength=\"400\" class=\"wpcf7-form-control wpcf7-text wpcf7-validates-as-required\" aria-required=\"true\" aria-invalid=\"false\" value=\"\" type=\"text\" name=\"mon-sujet\" \/><\/span> <\/label>\n<\/p>\n<p><label> Suggestion de contenu pour l'article ou autres commentaires (facultatif)<br \/>\n<span class=\"wpcf7-form-control-wrap\" data-name=\"your-message\"><textarea cols=\"80\" rows=\"10\" maxlength=\"2000\" class=\"wpcf7-form-control wpcf7-textarea\" aria-invalid=\"false\" name=\"your-message\"><\/textarea><\/span> <\/label>\n<\/p>\n<p><input class=\"wpcf7-form-control wpcf7-submit has-spinner\" type=\"submit\" value=\"Envoyer\" \/>\n<\/p><p style=\"display: none !important;\" class=\"akismet-fields-container\" data-prefix=\"_wpcf7_ak_\"><label>&#916;<textarea name=\"_wpcf7_ak_hp_textarea\" cols=\"45\" rows=\"8\" maxlength=\"100\"><\/textarea><\/label><input type=\"hidden\" id=\"ak_js_1\" name=\"_wpcf7_ak_js\" value=\"94\"\/><script>document.getElementById( \"ak_js_1\" ).setAttribute( \"value\", ( new Date() ).getTime() );<\/script><\/p><div class=\"wpcf7-response-output\" aria-hidden=\"true\"><\/div>\n<\/form>\n<\/div>\n\n<p style=\"padding-left: 60px;\"><span style=\"color: #ffffff;\">mm<\/span><\/p>\n<p><span style=\"font-size: x-small;\">Derni\u00e8re r\u00e9vision de cette page : ao\u00fbt 2024.<br \/>\n<\/span><span style=\"font-size: x-small;\">Responsable de la mise \u00e0 jour de cette page : Richard Gervais.\u00a0<\/span><\/p>\n","protected":false},"excerpt":{"rendered":"<p>Cette page vous permet de communiquer avec l&rsquo;\u00e9diteur du CHIP. Pour sugg\u00e9rer un sujet d&rsquo;article pour le CHIP, remplissez le formulaire ci-dessous, puis cliquez sur le bouton Envoyer. mm Derni\u00e8re r\u00e9vision de cette page : ao\u00fbt 2024. Responsable de la mise \u00e0 jour de cette page : Richard Gervais.\u00a0<\/p>\n","protected":false},"author":3,"featured_media":0,"parent":26207,"menu_order":10,"comment_status":"closed","ping_status":"closed","template":"","meta":{"footnotes":""},"class_list":["post-40303","page","type-page","status-publish","hentry"],"_links":{"self":[{"href":"https:\/\/cimbcc.org\/test2\/wp-json\/wp\/v2\/pages\/40303","targetHints":{"allow":["GET"]}}],"collection":[{"href":"https:\/\/cimbcc.org\/test2\/wp-json\/wp\/v2\/pages"}],"about":[{"href":"https:\/\/cimbcc.org\/test2\/wp-json\/wp\/v2\/types\/page"}],"author":[{"embeddable":true,"href":"https:\/\/cimbcc.org\/test2\/wp-json\/wp\/v2\/users\/3"}],"replies":[{"embeddable":true,"href":"https:\/\/cimbcc.org\/test2\/wp-json\/wp\/v2\/comments?post=40303"}],"version-history":[{"count":7,"href":"https:\/\/cimbcc.org\/test2\/wp-json\/wp\/v2\/pages\/40303\/revisions"}],"predecessor-version":[{"id":49884,"href":"https:\/\/cimbcc.org\/test2\/wp-json\/wp\/v2\/pages\/40303\/revisions\/49884"}],"up":[{"embeddable":true,"href":"https:\/\/cimbcc.org\/test2\/wp-json\/wp\/v2\/pages\/26207"}],"wp:attachment":[{"href":"https:\/\/cimbcc.org\/test2\/wp-json\/wp\/v2\/media?parent=40303"}],"curies":[{"name":"wp","href":"https:\/\/api.w.org\/{rel}","templated":true}]}}