{"id":42292,"date":"2022-11-16T05:50:46","date_gmt":"2022-11-16T10:50:46","guid":{"rendered":"https:\/\/cimbcc.org\/test2\/?page_id=42292"},"modified":"2025-05-31T09:50:29","modified_gmt":"2025-05-31T13:50:29","slug":"access-introduction-au-vba","status":"publish","type":"page","link":"https:\/\/cimbcc.org\/test2\/partage-de-connaissances\/les-ateliers\/access-introduction-au-vba\/","title":{"rendered":"Access &#8211; Introduction au VBA"},"content":{"rendered":"\n<h2 class=\"wp-block-heading\"><strong><span style=\"font-size: 18pt; color: #333399;\">\u00c0 qui s\u2019adresse l\u2019atelier<\/span><\/strong><\/h2>\n\n\n\n<p class=\"has-background\" style=\"background-color:#748de9;font-size:17px\"><mark style=\"background-color:rgba(0, 0, 0, 0)\" class=\"has-inline-color has-white-color\"><strong>CET ATELIER N\u2019EST PAS OFFERT \u00c0 L\u2019HIVER 2025<\/strong><\/mark><\/p>\n\n\n\n<p><span style=\"font-size: 14pt;\">Aux membres qui souhaitent s\u2019initier \u00e0 l\u2019utilisation du langage de programmation VBA (Visual Basic pour Application) version Access, ou approfondir leurs connaissances.<\/span><br><span style=\"font-size: 14pt;\">Cet atelier est de niveau Interm\u00e9diaire.<\/span><\/p>\n\n\n\n<h2 class=\"wp-block-heading\"><strong><span style=\"font-size: 18pt; color: #333399;\">Description de l\u2019atelier<\/span><\/strong><\/h2>\n\n\n\n<p><span style=\"font-size: 14pt;\">Access est un logiciel de base de donn\u00e9es relationnelle. Pour automatiser les t\u00e2ches dans la base de donn\u00e9es, Microsoft a d\u00e9velopp\u00e9 un langage de programmation inspir\u00e9 du langage Visual Basic, mais sp\u00e9cifiquement pour les applications de la suite Microsoft Office.<\/span><br><span style=\"font-size: 14pt;\">La version de VBA que l\u2019on va explorer est adapt\u00e9e pour l\u2019application Access.<\/span><br><span style=\"font-size: 14pt;\">Dans les r\u00e9unions, vous apprendrez, entre autres, \u00e0 :<\/span><\/p>\n\n\n\n<ul class=\"wp-block-list\">\n<li><span style=\"font-size: 14pt;\">Vous familiariser avec l\u2019interface de l\u2019\u00e9diteur VBA.<\/span><\/li>\n\n\n\n<li><span style=\"font-size: 14pt;\">La structure et les commandes de base en VBA.<\/span><\/li>\n\n\n\n<li><span style=\"font-size: 14pt;\">Utilisation des variables dans les programmes.<\/span><\/li>\n\n\n\n<li><span style=\"font-size: 14pt;\">Manipulation des propri\u00e9t\u00e9s des objets en utilisant le VBA.<\/span><\/li>\n\n\n\n<li><span style=\"font-size: 14pt;\">Utilisation des commandes conditionnelles IF, Then et Else If et des boucles.<\/span><\/li>\n<\/ul>\n\n\n\n<p><strong style=\"color: #333399; font-size: 24px;\"><span style=\"font-size: 18pt;\">Mat\u00e9riel utilis\u00e9<\/span><\/strong><\/p>\n\n\n\n<ul class=\"wp-block-list\">\n<li><span style=\"font-size: 14pt;\">L\u2019atelier sera donn\u00e9 avec l&rsquo;application Access version\u00a0 \u00a0Microsoft 365.<\/span><\/li>\n\n\n\n<li><span style=\"font-size: 14pt;\">Les explications seront aussi valides pour les versions d&rsquo;Access 2010 et suivantes.<\/span><\/li>\n\n\n\n<li><span style=\"font-size: 14pt;\">Les versions\u00a0 2007 et pr\u00e9c\u00e9dentes\u00a0 ne seront pas support\u00e9es.<\/span><\/li>\n\n\n\n<li><span style=\"font-size: 14pt;\">Les logiciels Libre Office et Open Office ne sont pas accept\u00e9s.<\/span><\/li>\n<\/ul>\n\n\n\n<h2 class=\"wp-block-heading\"><span style=\"color: #333399;\"><strong><span style=\"font-size: 18pt;\">Pr\u00e9cisions<\/span><\/strong><\/span><\/h2>\n\n\n\n<ul class=\"wp-block-list\">\n<li><span style=\"font-size: 14pt; color: #000000;\">Cet atelier sera donn\u00e9 en vid\u00e9oconf\u00e9rence avec l&rsquo;application Zoom.<\/span><\/li>\n\n\n\n<li><span style=\"font-size: 14pt; color: #000000;\">Cet atelier accepte un maximum de 15 participants.<\/span><\/li>\n\n\n\n<li><span style=\"font-size: 14pt;\">Lorsque votre inscription sera confirm\u00e9e, l&rsquo;animateur vous fera parvenir un questionnaire pour conna\u00eetre votre version d\u2019Access, vos connaissances du logiciel et vos attentes.<\/span><\/li>\n<\/ul>\n\n\n\n<p><strong style=\"color: #333399; font-size: 24px;\"><span style=\"font-size: 18pt;\">Pr\u00e9requis<\/span><\/strong><\/p>\n\n\n\n<ul class=\"wp-block-list\">\n<li><span style=\"font-size: 14pt;\">Une bonne connaissance de base de l&rsquo;application Access est n\u00e9cessaire parce qu&rsquo;on ne verra pas comment construire une base de donn\u00e9es.<\/span><\/li>\n\n\n\n<li><span style=\"font-size: 14pt;\">Il est fortement recommand\u00e9 d&rsquo;avoir suivi les ateliers Access d\u00e9butant ou interm\u00e9diaire.<\/span><\/li>\n\n\n\n<li><span style=\"font-size: 14pt;\">Comprendre la langue anglaise; toutes les commandes en VBA sont en anglais.<\/span><\/li>\n\n\n\n<li><span style=\"font-size: 14pt;\">Avoir install\u00e9 le logiciel Access sur son ordinateur (version 2010 ou suivante).<\/span><\/li>\n\n\n\n<li><span style=\"font-size: 14pt; color: #000000;\">Avoir install\u00e9 le logiciel de vid\u00e9oconf\u00e9rence Zoom.<br><\/span><\/li>\n\n\n\n<li><span style=\"font-size: 14pt;\">S\u2019engager \u00e0 assister aux <span style=\"color: #000000;\">3<\/span> r\u00e9unions de l\u2019atelier et effectuer les exercices propos\u00e9s.<\/span><\/li>\n<\/ul>\n\n\n\n<h2 class=\"wp-block-heading\"><span style=\"font-size: 18pt; color: #333399;\"><strong>Fonctionnement<\/strong><\/span><\/h2>\n\n\n\n<ul class=\"wp-block-list\">\n<li><span style=\"font-size: 14pt;\">D\u00e9monstration \u00e0 l\u2019\u00e9cran avec Power Point et Access.<\/span><\/li>\n\n\n\n<li><span style=\"font-size: 14pt;\">La documentation sur les explications montr\u00e9es durant les r\u00e9unions vous sera transmise apr\u00e8s chaque r\u00e9union, en format PDF.<br><\/span><\/li>\n\n\n\n<li><span style=\"font-size: 14pt;\">Les bases de donn\u00e9es exemples vous seront remis apr\u00e8s chaque r\u00e9union.<\/span><\/li>\n\n\n\n<li><span style=\"font-size: 14pt;\">Il n\u2019y aura pas d\u2019exercices pratiques, mais l\u2019attente est que les participants r\u00e9p\u00e8tent les exercices d\u00e9montr\u00e9s durant les r\u00e9unions pour mettre en pratique les notions apprises.<\/span><\/li>\n\n\n\n<li><span style=\"font-size: 14pt;\">Il est important que les participants fassent ces travaux avant la r\u00e9union suivante pour ne pas retarder le groupe et pour comprendre ce qui sera pr\u00e9sent\u00e9 lors de la prochaine r\u00e9union.<\/span><\/li>\n<\/ul>\n\n\n\n<h2 class=\"wp-block-heading\"><span style=\"color: #333399;\"><strong><span style=\"font-size: 18pt;\">Contenu des r\u00e9unions<\/span><\/strong><\/span><\/h2>\n\n\n\n<h4 class=\"wp-block-heading\"><span style=\"font-size: 14pt;\">R\u00e9union 1<\/span><\/h4>\n\n\n\n<ul class=\"wp-block-list\">\n<li><span style=\"font-size: 14pt;\">Introduction \u00e0 l&rsquo;utilisation du language VBA et des variables.<\/span><\/li>\n<\/ul>\n\n\n\n<p><span style=\"font-size: 14pt; font-weight: bold;\">R\u00e9union 2<\/span><\/p>\n\n\n\n<ul class=\"wp-block-list\">\n<li><span style=\"font-size: 14pt;\">Utilisation des instructions If&#8230;Then et des boucles.<\/span><\/li>\n<\/ul>\n\n\n\n<p><span style=\"font-size: 14pt; font-weight: bold;\">R\u00e9union 3<\/span><\/p>\n\n\n\n<ul class=\"wp-block-list\">\n<li><span style=\"font-size: 14pt;\">Autres m\u00e9thodes d&rsquo;utilisation du VBA.<\/span><\/li>\n\n\n\n<li><span style=\"font-size: 14pt;\">Envoi\u00a0 d&rsquo;un courriel \u00e0 partir d&rsquo;Access.<\/span><\/li>\n<\/ul>\n\n\n\n<h2 class=\"wp-block-heading\"><span style=\"font-size: 18pt; color: #333399;\"><strong>Quand<\/strong><\/span><\/h2>\n\n\n\n<p class=\"has-text-align-left\"><span style=\"font-size: 14pt;\">L\u2019atelier se compose de <span style=\"color: #000000;\">3<\/span> r\u00e9unions de 2 heures. Les r\u00e9unions ont lieu le <strong>lundi <\/strong>soir de 19h30 \u00e0 21h30 aux dates suivantes :<\/span><\/p>\n\n\n\n<ul class=\"wp-block-list\">\n<li>\u00a0<\/li>\n<\/ul>\n\n\n\n<p><strong style=\"color: #333399; font-size: 18pt;\">O\u00f9<\/strong><\/p>\n\n\n\n<p class=\"has-text-align-left\"><span style=\"font-size: 18.6667px;\">L&rsquo;atelier est donn\u00e9 en vid\u00e9oconf\u00e9rence avec l&rsquo;application Zoom.&nbsp; Vous recevrez un lien de connexion avant chaque r\u00e9union.<\/span><\/p>\n\n\n\n<p>Le bouton \u00ab\u00a0Inscription \u00e0 l&rsquo;atelier\u00a0\u00bb ci-dessous n&rsquo;est pas fonctionnel \u00e0 l&rsquo;ext\u00e9rieur des p\u00e9riodes d&rsquo;inscriptions aux ateliers.<\/p>\n\n\n\n<p><a href=\"https:\/\/cimbcc.org\/test2\/partage-de-connaissances\/les-ateliers\/access-introduction-au-vba\/formulaire-atelier-access-introduction-au-vba\" target=\"_blank\" rel=\"noopener\"><button>Inscription \u00e0 l&rsquo;atelier<\/button><\/a><\/p>\n\n\n\n<h2 class=\"wp-block-heading\"><span style=\"font-size: 18pt; color: #333399;\"><strong>Responsable de l\u2019atelier<\/strong><\/span><\/h2>\n\n\n\n<figure class=\"wp-block-image alignnone size-full wp-image-24155\"><img loading=\"lazy\" decoding=\"async\" width=\"125\" height=\"125\" src=\"https:\/\/cimbcc.org\/test2\/wp-content\/uploads\/photo_paul_michel.jpg\" alt=\"Michel Paul\" class=\"wp-image-24155\"\/><figcaption class=\"wp-element-caption\"><span style=\"color: #000000;\">\u00a0 \u00a0 \u00a0 \u00a0 \u00a0 \u00a0 \u00a0Michel Paul<\/span><\/figcaption><\/figure>\n\n\n\n<p><span style=\"font-size: x-small;\">Derni\u00e8re r\u00e9vision de cette page :novembre 2024. <\/span><span style=\"font-size: x-small;\">Responsable de la mise \u00e0 jour de cette page : Danielle Barab\u00e9.<\/span><\/p>\n","protected":false},"excerpt":{"rendered":"<p>\u00c0 qui s\u2019adresse l\u2019atelier CET ATELIER N\u2019EST PAS OFFERT \u00c0 L\u2019HIVER 2025 Aux membres qui souhaitent s\u2019initier \u00e0 l\u2019utilisation du langage de programmation VBA (Visual Basic pour Application) version Access, ou approfondir leurs connaissances.Cet atelier est de niveau Interm\u00e9diaire. Description de l\u2019atelier Access est un logiciel de base de donn\u00e9es relationnelle. Pour automatiser les t\u00e2ches &hellip; <a href=\"https:\/\/cimbcc.org\/test2\/partage-de-connaissances\/les-ateliers\/access-introduction-au-vba\/\" class=\"more-link\">Continuer la lecture de <span class=\"screen-reader-text\">Access &#8211; Introduction au VBA<\/span>  <span class=\"meta-nav\">&rarr;<\/span><\/a><\/p>\n","protected":false},"author":23,"featured_media":0,"parent":100,"menu_order":193,"comment_status":"closed","ping_status":"closed","template":"","meta":{"footnotes":""},"class_list":["post-42292","page","type-page","status-publish","hentry"],"_links":{"self":[{"href":"https:\/\/cimbcc.org\/test2\/wp-json\/wp\/v2\/pages\/42292","targetHints":{"allow":["GET"]}}],"collection":[{"href":"https:\/\/cimbcc.org\/test2\/wp-json\/wp\/v2\/pages"}],"about":[{"href":"https:\/\/cimbcc.org\/test2\/wp-json\/wp\/v2\/types\/page"}],"author":[{"embeddable":true,"href":"https:\/\/cimbcc.org\/test2\/wp-json\/wp\/v2\/users\/23"}],"replies":[{"embeddable":true,"href":"https:\/\/cimbcc.org\/test2\/wp-json\/wp\/v2\/comments?post=42292"}],"version-history":[{"count":18,"href":"https:\/\/cimbcc.org\/test2\/wp-json\/wp\/v2\/pages\/42292\/revisions"}],"predecessor-version":[{"id":53684,"href":"https:\/\/cimbcc.org\/test2\/wp-json\/wp\/v2\/pages\/42292\/revisions\/53684"}],"up":[{"embeddable":true,"href":"https:\/\/cimbcc.org\/test2\/wp-json\/wp\/v2\/pages\/100"}],"wp:attachment":[{"href":"https:\/\/cimbcc.org\/test2\/wp-json\/wp\/v2\/media?parent=42292"}],"curies":[{"name":"wp","href":"https:\/\/api.w.org\/{rel}","templated":true}]}}