{"id":42635,"date":"2022-12-12T06:16:49","date_gmt":"2022-12-12T11:16:49","guid":{"rendered":"https:\/\/cimbcc.org\/test2\/?page_id=42635"},"modified":"2022-12-12T18:46:07","modified_gmt":"2022-12-12T23:46:07","slug":"resultat-du-sondage-sur-le-paiement-des-factures-delectricite","status":"publish","type":"page","link":"https:\/\/cimbcc.org\/test2\/resultat-du-sondage-sur-le-paiement-des-factures-delectricite\/","title":{"rendered":"R\u00e9sultat du sondage sur le paiement des factures d&rsquo;\u00e9lectricit\u00e9"},"content":{"rendered":"<p style=\"text-align: center;\">R\u00e9ception de votre facture d&rsquo;\u00e9lectricit\u00e9<br \/>\n<iframe loading=\"lazy\" src=\"https:\/\/docs.google.com\/spreadsheets\/d\/e\/2PACX-1vQ8YXa-m3Q8rEVLI-aFqXhHxKdyw71xlWzDD5oJJM9t6Cjhg73o5wp9S0fqQNnZLo96TSYTsPsByFTp\/pubchart?oid=894456717&amp;format=interactive\" width=\"700\" height=\"275\" frameborder=\"0\" scrolling=\"no\" seamless=\"\"><span data-mce-type=\"bookmark\" style=\"display: inline-block; width: 0px; overflow: hidden; line-height: 0;\" class=\"mce_SELRES_start\">?<\/span><\/iframe><br \/>\nPaiement de votre facture d&rsquo;\u00e9lectricit\u00e9<br \/>\n<iframe loading=\"lazy\" src=\"https:\/\/docs.google.com\/spreadsheets\/d\/e\/2PACX-1vQ8YXa-m3Q8rEVLI-aFqXhHxKdyw71xlWzDD5oJJM9t6Cjhg73o5wp9S0fqQNnZLo96TSYTsPsByFTp\/pubchart?oid=1391655898&amp;format=interactive\" width=\"700\" height=\"275\" frameborder=\"0\" scrolling=\"no\" seamless=\"\"><\/iframe><\/p>\n","protected":false},"excerpt":{"rendered":"<p>R\u00e9ception de votre facture d&rsquo;\u00e9lectricit\u00e9 ? Paiement de votre facture d&rsquo;\u00e9lectricit\u00e9<\/p>\n","protected":false},"author":23,"featured_media":0,"parent":0,"menu_order":0,"comment_status":"closed","ping_status":"closed","template":"","meta":{"footnotes":""},"class_list":["post-42635","page","type-page","status-publish","hentry"],"_links":{"self":[{"href":"https:\/\/cimbcc.org\/test2\/wp-json\/wp\/v2\/pages\/42635","targetHints":{"allow":["GET"]}}],"collection":[{"href":"https:\/\/cimbcc.org\/test2\/wp-json\/wp\/v2\/pages"}],"about":[{"href":"https:\/\/cimbcc.org\/test2\/wp-json\/wp\/v2\/types\/page"}],"author":[{"embeddable":true,"href":"https:\/\/cimbcc.org\/test2\/wp-json\/wp\/v2\/users\/23"}],"replies":[{"embeddable":true,"href":"https:\/\/cimbcc.org\/test2\/wp-json\/wp\/v2\/comments?post=42635"}],"version-history":[{"count":50,"href":"https:\/\/cimbcc.org\/test2\/wp-json\/wp\/v2\/pages\/42635\/revisions"}],"predecessor-version":[{"id":42654,"href":"https:\/\/cimbcc.org\/test2\/wp-json\/wp\/v2\/pages\/42635\/revisions\/42654"}],"wp:attachment":[{"href":"https:\/\/cimbcc.org\/test2\/wp-json\/wp\/v2\/media?parent=42635"}],"curies":[{"name":"wp","href":"https:\/\/api.w.org\/{rel}","templated":true}]}}