{"id":44031,"date":"2023-04-24T13:13:26","date_gmt":"2023-04-24T17:13:26","guid":{"rendered":"https:\/\/cimbcc.org\/test2\/?page_id=44031"},"modified":"2024-08-02T21:50:17","modified_gmt":"2024-08-03T01:50:17","slug":"danielle-bourque","status":"publish","type":"page","link":"https:\/\/cimbcc.org\/test2\/a-propos-du-club\/nos-membres-honoraires\/danielle-bourque\/","title":{"rendered":"Danielle Bourque"},"content":{"rendered":"<p><img loading=\"lazy\" decoding=\"async\" class=\"alignnone size-medium wp-image-44025\" src=\"https:\/\/cimbcc.org\/test2\/wp-content\/uploads\/photo_honor_bourque3-214x300.jpg\" alt=\"\" width=\"214\" height=\"300\" srcset=\"https:\/\/cimbcc.org\/test2\/wp-content\/uploads\/photo_honor_bourque3-214x300.jpg 214w, https:\/\/cimbcc.org\/test2\/wp-content\/uploads\/photo_honor_bourque3.jpg 360w\" sizes=\"auto, (max-width: 214px) 100vw, 214px\" \/><\/p>\n<h4><strong><em>Avant d\u2019\u00eatre b\u00e9n\u00e9vole au Club<\/em><\/strong><\/h4>\n<p>Danielle \u00e9tait infirmi\u00e8re de formation, une discipline qu\u2019elle a bien aim\u00e9e.<\/p>\n<p>Apr\u00e8s quelques ann\u00e9es de pratique comme infirmi\u00e8re, Danielle a travaill\u00e9 dans le domaine judiciaire qui consistait \u00e0 faire de la transcription pour une st\u00e9notypiste de la Cour Sup\u00e9rieure. Ensemble, elles ont travaill\u00e9 pour la Commission d&rsquo;enqu\u00eates publiques sur l&rsquo;environnement et sur diff\u00e9rents autres sujets, dont elle faisait toujours la transcription.<\/p>\n<p>Suite \u00e0 son mariage, elle a demeur\u00e9 \u00e0 Kirkland pendant quelques ann\u00e9es et, apr\u00e8s en 1980, elle a d\u00e9m\u00e9nag\u00e9 \u00e0 Saint-Bruno.<\/p>\n<p>\u00c0 la fin de son travail de st\u00e9notypiste et comme elle n&rsquo;\u00e9tait pas une passionn\u00e9e d\u2019informatique, mais qu\u2019elle \u00e9tait d\u00e9sireuse d\u2019en conna\u00eetre plus sur le sujet, elle est all\u00e9e suivre des cours informatiques \u00e0 la biblioth\u00e8que de Saint-Bruno quand elle a vu une annonce dans le Journal de Saint-Bruno. C&rsquo;est de fa\u00e7on qu\u2019elle a connu l\u2019existence du Club Informatique Mont-Bruno.<\/p>\n<h4><strong><em>Sa contribution au Club<\/em><\/strong><\/h4>\n<h4><img loading=\"lazy\" decoding=\"async\" class=\"size-medium wp-image-44023 alignnone\" src=\"https:\/\/cimbcc.org\/test2\/wp-content\/uploads\/photo_honor_bourque1-300x216.jpg\" alt=\"\" width=\"300\" height=\"216\" srcset=\"https:\/\/cimbcc.org\/test2\/wp-content\/uploads\/photo_honor_bourque1-300x216.jpg 300w, https:\/\/cimbcc.org\/test2\/wp-content\/uploads\/photo_honor_bourque1.jpg 500w\" sizes=\"auto, (max-width: 300px) 100vw, 300px\" \/><\/h4>\n<p>Danielle est devenue membre du Club en janvier 2009. Peu de temps apr\u00e8s, elle a d\u00e9but\u00e9 son b\u00e9n\u00e9volat au Club comme responsable \u00e0 l&rsquo;accueil o\u00f9 elle fut entra\u00een\u00e9e par Robert Paradis et Albert Richard, Un peu plus tard, elle fut responsable du registre des membres.<\/p>\n<p>Elle fut aussi responsable de la Journ\u00e9e d&rsquo;information et d&rsquo;inscription o\u00f9 elle a particip\u00e9 \u00e0 l&rsquo;am\u00e9lioration de ces activit\u00e9s importantes du Club.<\/p>\n<p>Finalement, Danielle a \u00e9norm\u00e9ment contribu\u00e9 comme membre du conseil d\u2019administration du Club pendant plusieurs ann\u00e9es.<\/p>\n<p>Danielle dira plus tard qu\u2019en accomplissant ces t\u00e2ches pour le Club, elle a beaucoup appris.<\/p>\n<p><img loading=\"lazy\" decoding=\"async\" class=\"alignnone size-medium wp-image-44024\" src=\"https:\/\/cimbcc.org\/test2\/wp-content\/uploads\/photo_honor_bourque2-300x216.jpg\" alt=\"\" width=\"300\" height=\"216\" srcset=\"https:\/\/cimbcc.org\/test2\/wp-content\/uploads\/photo_honor_bourque2-300x216.jpg 300w, https:\/\/cimbcc.org\/test2\/wp-content\/uploads\/photo_honor_bourque2.jpg 500w\" sizes=\"auto, (max-width: 300px) 100vw, 300px\" \/><\/p>\n<p>Aujourd&rsquo;hui, Danielle profite le plus possible de ce que la vie peut lui apporter. Pr\u00e9sentement elle fait de l&rsquo;\u00e9quitation, du ski et du golf.<\/p>\n<p>Ses grands projets seront des voyages, qu\u2019elle est en train de planifier pour le futur.<\/p>\n<h4><strong><em>Membre honoraire<\/em><\/strong><\/h4>\n<p>Le Club et ses membres lui sont infiniment reconnaissants et pour toutes ses r\u00e9alisations, le Club a d\u00e9cid\u00e9, en f\u00e9vrier 2023, de remercier Danielle en la d\u00e9signant comme membre honoraire.<\/p>\n<p>&nbsp;<\/p>\n<address><span style=\"font-size: x-small;\">Derni\u00e8re r\u00e9vision de cette page : ao\u00fbt 2024.<br \/>\n<\/span><span style=\"font-size: x-small;\">Responsable de la mise \u00e0 jour de cette page : Richard Gervais.\u00a0<\/span><\/address>\n","protected":false},"excerpt":{"rendered":"<p>Avant d\u2019\u00eatre b\u00e9n\u00e9vole au Club Danielle \u00e9tait infirmi\u00e8re de formation, une discipline qu\u2019elle a bien aim\u00e9e. Apr\u00e8s quelques ann\u00e9es de pratique comme infirmi\u00e8re, Danielle a travaill\u00e9 dans le domaine judiciaire qui consistait \u00e0 faire de la transcription pour une st\u00e9notypiste de la Cour Sup\u00e9rieure. Ensemble, elles ont travaill\u00e9 pour la Commission d&rsquo;enqu\u00eates publiques sur l&rsquo;environnement &hellip; <a href=\"https:\/\/cimbcc.org\/test2\/a-propos-du-club\/nos-membres-honoraires\/danielle-bourque\/\" class=\"more-link\">Continuer la lecture de <span class=\"screen-reader-text\">Danielle Bourque<\/span>  <span class=\"meta-nav\">&rarr;<\/span><\/a><\/p>\n","protected":false},"author":33,"featured_media":0,"parent":15064,"menu_order":120,"comment_status":"closed","ping_status":"closed","template":"","meta":{"footnotes":""},"class_list":["post-44031","page","type-page","status-publish","hentry"],"_links":{"self":[{"href":"https:\/\/cimbcc.org\/test2\/wp-json\/wp\/v2\/pages\/44031","targetHints":{"allow":["GET"]}}],"collection":[{"href":"https:\/\/cimbcc.org\/test2\/wp-json\/wp\/v2\/pages"}],"about":[{"href":"https:\/\/cimbcc.org\/test2\/wp-json\/wp\/v2\/types\/page"}],"author":[{"embeddable":true,"href":"https:\/\/cimbcc.org\/test2\/wp-json\/wp\/v2\/users\/33"}],"replies":[{"embeddable":true,"href":"https:\/\/cimbcc.org\/test2\/wp-json\/wp\/v2\/comments?post=44031"}],"version-history":[{"count":15,"href":"https:\/\/cimbcc.org\/test2\/wp-json\/wp\/v2\/pages\/44031\/revisions"}],"predecessor-version":[{"id":49846,"href":"https:\/\/cimbcc.org\/test2\/wp-json\/wp\/v2\/pages\/44031\/revisions\/49846"}],"up":[{"embeddable":true,"href":"https:\/\/cimbcc.org\/test2\/wp-json\/wp\/v2\/pages\/15064"}],"wp:attachment":[{"href":"https:\/\/cimbcc.org\/test2\/wp-json\/wp\/v2\/media?parent=44031"}],"curies":[{"name":"wp","href":"https:\/\/api.w.org\/{rel}","templated":true}]}}