{"id":482,"date":"2011-07-25T11:09:32","date_gmt":"2011-07-25T16:09:32","guid":{"rendered":"https:\/\/cimbcc.org\/test2\/?page_id=482"},"modified":"2024-08-02T22:03:20","modified_gmt":"2024-08-03T02:03:20","slug":"avertissement","status":"publish","type":"page","link":"https:\/\/cimbcc.org\/test2\/a-propos-du-club\/avertissement\/","title":{"rendered":"Avertissement"},"content":{"rendered":"<p><em><span style=\"font-size: 14pt;\">Bienvenue sur le site Web du Club informatique Mont-Bruno.<\/span><\/em><\/p>\n<p>Depuis 40 ans, le Club aide ses membres dans leur d\u00e9couverte de l\u2019informatique. Que vous soyez membre ou non, vous \u00eates invit\u00e9(e) \u00e0 parcourir les pages de notre site.<\/p>\n<p>Vous y trouverez des liens utiles, les articles du <a href=\"https:\/\/cimbcc.org\/test2\/\" target=\"_blank\" rel=\"noopener\">blogue du Club<\/a> (le <strong><i>CHIP<\/i><\/strong>), le calendrier des pr\u00e9sentations du Club pour les s\u00e9ries <a href=\"https:\/\/cimbcc.org\/test2\/wp-content\/uploads\/calendrier_serie_facile.pdf\" target=\"_blank\" rel=\"noopener\"><em>Facile<\/em><\/a> et <a href=\"https:\/\/cimbcc.org\/test2\/wp-content\/uploads\/calendrier_serie_decouverte.pdf\" target=\"_blank\" rel=\"noopener\"><em>D\u00e9couverte<\/em><\/a>, les notes des pr\u00e9sentations des <a href=\"https:\/\/cimbcc.org\/test2\/wp-content\/uploads\/calendrier_archive.pdf\" target=\"_blank\" rel=\"noopener\">dix derni\u00e8res ann\u00e9es<\/a> et beaucoup d\u2019autres informations.<\/p>\n<p>Le <strong><i>Club informatique Mont-Bruno<\/i><\/strong> est une soci\u00e9t\u00e9 incorpor\u00e9e sans but lucratif. Ses administrateurs, pr\u00e9sentateurs et animateurs d\u00e9clinent toute responsabilit\u00e9 sur les cons\u00e9quences possibles de l\u2019utilisation que vous ferez des liens, des articles du blogue, des notes de pr\u00e9sentations, ou de tout autre renseignement\u00a0que vous trouverez sur le site.<\/p>\n<p>&nbsp;<\/p>\n<address><span style=\"font-size: x-small;\">Derni\u00e8re r\u00e9vision de cette page : ao\u00fbt 2024.<br \/>\n<\/span><span style=\"font-size: x-small;\">Responsable de la mise \u00e0 jour de cette page : Richard Gervais.\u00a0<\/span><\/address>\n","protected":false},"excerpt":{"rendered":"<p>Bienvenue sur le site Web du Club informatique Mont-Bruno. Depuis 40 ans, le Club aide ses membres dans leur d\u00e9couverte de l\u2019informatique. Que vous soyez membre ou non, vous \u00eates invit\u00e9(e) \u00e0 parcourir les pages de notre site. Vous y trouverez des liens utiles, les articles du blogue du Club (le CHIP), le calendrier des &hellip; <a href=\"https:\/\/cimbcc.org\/test2\/a-propos-du-club\/avertissement\/\" class=\"more-link\">Continuer la lecture de <span class=\"screen-reader-text\">Avertissement<\/span>  <span class=\"meta-nav\">&rarr;<\/span><\/a><\/p>\n","protected":false},"author":3,"featured_media":0,"parent":184,"menu_order":100,"comment_status":"closed","ping_status":"closed","template":"","meta":{"footnotes":""},"class_list":["post-482","page","type-page","status-publish","hentry"],"_links":{"self":[{"href":"https:\/\/cimbcc.org\/test2\/wp-json\/wp\/v2\/pages\/482","targetHints":{"allow":["GET"]}}],"collection":[{"href":"https:\/\/cimbcc.org\/test2\/wp-json\/wp\/v2\/pages"}],"about":[{"href":"https:\/\/cimbcc.org\/test2\/wp-json\/wp\/v2\/types\/page"}],"author":[{"embeddable":true,"href":"https:\/\/cimbcc.org\/test2\/wp-json\/wp\/v2\/users\/3"}],"replies":[{"embeddable":true,"href":"https:\/\/cimbcc.org\/test2\/wp-json\/wp\/v2\/comments?post=482"}],"version-history":[{"count":43,"href":"https:\/\/cimbcc.org\/test2\/wp-json\/wp\/v2\/pages\/482\/revisions"}],"predecessor-version":[{"id":49855,"href":"https:\/\/cimbcc.org\/test2\/wp-json\/wp\/v2\/pages\/482\/revisions\/49855"}],"up":[{"embeddable":true,"href":"https:\/\/cimbcc.org\/test2\/wp-json\/wp\/v2\/pages\/184"}],"wp:attachment":[{"href":"https:\/\/cimbcc.org\/test2\/wp-json\/wp\/v2\/media?parent=482"}],"curies":[{"name":"wp","href":"https:\/\/api.w.org\/{rel}","templated":true}]}}