{"id":49495,"date":"2024-07-13T14:14:27","date_gmt":"2024-07-13T18:14:27","guid":{"rendered":"https:\/\/cimbcc.org\/test2\/?page_id=49495"},"modified":"2025-06-16T18:31:44","modified_gmt":"2025-06-16T22:31:44","slug":"courrier-electronique-gmail-pour-debutants","status":"publish","type":"page","link":"https:\/\/cimbcc.org\/test2\/partage-de-connaissances\/les-ateliers\/courrier-electronique-gmail-pour-debutants\/","title":{"rendered":"Courrier \u00e9lectronique Gmail pour d\u00e9butants"},"content":{"rendered":"\n<figure class=\"wp-block-table\"><table class=\"has-white-color has-text-color has-background has-link-color has-fixed-layout\" style=\"background-color:#5574ad\"><tbody><tr><td><strong>CET ATELIER N&rsquo;EST PAS OFFERT \u00c0 L&rsquo;AUTOMNE 2025<\/strong><\/td><\/tr><\/tbody><\/table><\/figure>\n\n\n\n<p><strong style=\"color: #333399; font-size: 18pt;\">\u00c0 qui s\u2019adresse l\u2019atelier<\/strong><\/p>\n\n\n\n<p><span style=\"font-size: 14pt;\">Aux membres qui veulent utiliser le courrier \u00e9lectronique Gmail ou \u00e0 ceux qui l&rsquo;utilisent d\u00e9j\u00e0 et qui veulent mieux conna\u00eetre et utiliser les fonctions de base.&nbsp; L&rsquo;atelier abordera Gmail pour ordinateur et l&rsquo;application Gmail pour tablettes et cellulaires.<\/span><\/p>\n\n\n\n<h2 class=\"wp-block-heading\"><span style=\"color: #333399;\">Description de l\u2019atelier<\/span><\/h2>\n\n\n\n<p><span style=\"font-size: 14pt;\">Afin de mieux comprendre et utiliser l&rsquo;application de courrier \u00e9lectronique Gmail,&nbsp; nous aborderons les sujets suivants:<\/span><\/p>\n\n\n\n<ul class=\"wp-block-list\">\n<li><span style=\"font-size: 14pt;\">Pr\u00e9sentation g\u00e9n\u00e9rale du courrier \u00e9lectronique.<\/span><\/li>\n\n\n\n<li><span style=\"font-size: 14pt;\">Pourquoi pr\u00e9f\u00e9rer une version web de courrier \u00e9lectronique.<\/span><\/li>\n\n\n\n<li><span style=\"font-size: 14pt;\">Comment se cr\u00e9er une adresse courriel Gmail.<\/span><\/li>\n\n\n\n<li><span style=\"font-size: 14pt;\">Configuration de Gmail sur ordinateur et mobiles.<\/span><\/li>\n\n\n\n<li><span style=\"font-size: 14pt;\">Utilisation de Gmail.<\/span><\/li>\n<\/ul>\n\n\n\n<h2 class=\"wp-block-heading\"><span style=\"color: #333399;\">Mat\u00e9riel utilis\u00e9<\/span><\/h2>\n\n\n\n<p><span style=\"font-size: 14pt;\">L&rsquo;animateur utilisera:<\/span><\/p>\n\n\n\n<ul class=\"wp-block-list\">\n<li><span style=\"font-size: 14pt;\">Un ordinateur fonctionnant avec Windows 11.<\/span><\/li>\n\n\n\n<li><span style=\"font-size: 14pt;\">Un iPad fonctionnant avec iOs 17.5.1.<\/span><\/li>\n\n\n\n<li><span style=\"font-size: 14pt;\">Un t\u00e9l\u00e9phone intelligent fonctionnant avec Andro\u00efd 14.<\/span><\/li>\n\n\n\n<li><span style=\"font-size: 14pt;\">Une pr\u00e9sentation PowerPoint.<\/span><\/li>\n\n\n\n<li><span style=\"font-size: 14pt;\">Des notes envoy\u00e9es aux participants.<\/span><\/li>\n<\/ul>\n\n\n\n<h2 class=\"wp-block-heading\"><span style=\"color: #333399; font-size: 18pt;\">Pr\u00e9cisions<\/span><\/h2>\n\n\n\n<ul class=\"wp-block-list\">\n<li><span style=\"font-size: 14pt;\">Les personnes n&rsquo;ayant pas d&rsquo;adresse courriel Gmail peuvent participer \u00e0 l&rsquo;atelier, mais seront invit\u00e9es \u00e0 s&rsquo;en cr\u00e9er une avant la 2<sup>e<\/sup> r\u00e9union.&nbsp; La fa\u00e7on de proc\u00e9der sera expliqu\u00e9e lors de la 1<sup>re<\/sup> r\u00e9union.<\/span><\/li>\n\n\n\n<li><span style=\"font-size: 14pt;\">L&rsquo;atelier acceptera un maximum de 15 participants afin de faciliter les interactions et les apprentissages.<\/span><\/li>\n\n\n\n<li><span style=\"font-size: 14pt;\">Pour un meilleur apprentissage, il est sugg\u00e9r\u00e9 d&rsquo;assister aux pr\u00e9sentations de la s\u00e9rie Facile, et particuli\u00e8rement celle portant sur les fonctions de base de Gmail qui aura lieu le <strong>vendredi 4 octobre 2024 \u00e0 13h15<\/strong>.&nbsp; Pour atteindre le calendrier complet de la s\u00e9rie Facile, <a href=\"https:\/\/cimbcc.org\/test2\/wp-content\/uploads\/calendrier_serie_facile.pdf\" target=\"_blank\" rel=\"noopener noreferrer\">cliquez ici<\/a>&nbsp;.<\/span><\/li>\n<\/ul>\n\n\n\n<h2 class=\"wp-block-heading\"><span style=\"font-size: 18pt; color: #333399;\"><strong>Pr\u00e9requis<\/strong><\/span><\/h2>\n\n\n\n<ul class=\"wp-block-list\">\n<li><span style=\"font-size: 14pt;\">Conna\u00eetre les notions de base en informatique.<\/span><\/li>\n\n\n\n<li><span style=\"font-size: 14pt;\">Avoir un ordinateur, une tablette ou un t\u00e9l\u00e9phone cellulaire (ou deux ou les trois appareils).<\/span><\/li>\n\n\n\n<li><span style=\"font-size: 14pt;\">S\u2019engager \u00e0 assister aux 3 r\u00e9unions de l\u2019atelier et \u00e0 faire les exercices propos\u00e9s.<\/span><\/li>\n<\/ul>\n\n\n\n<h2 class=\"wp-block-heading\"><span style=\"font-size: 18pt; color: #333399;\"><strong>Fonctionnement<\/strong><\/span><\/h2>\n\n\n\n<ul class=\"wp-block-list\">\n<li><span style=\"font-size: 14pt;\">Une pr\u00e9sentation PowerPoint, des d\u00e9monstrations sur appareils et des p\u00e9riodes de pratique pour les participants seront utilis\u00e9es durant l\u2019atelier.<\/span><\/li>\n\n\n\n<li><span style=\"font-size: 14pt;\">Des notes couvrant l\u2019information vue durant une r\u00e9union seront remises aux participants avant chaque r\u00e9union.<\/span><\/li>\n\n\n\n<li><span style=\"font-size: 14pt;\">\u00c0 la fin de chaque r\u00e9union, l\u2019animateur peut donner des travaux. Il est important que les participants r\u00e9alisent ces travaux avant la r\u00e9union suivante pour ne pas retarder le groupe et pour profiter pleinement de l\u2019atelier.<\/span><\/li>\n<\/ul>\n\n\n\n<h2 class=\"wp-block-heading\"><span style=\"font-size: 18pt; color: #333399;\"><strong>Contenu des r\u00e9unions<\/strong><\/span><\/h2>\n\n\n\n<h5 class=\"wp-block-heading\"><span style=\"font-size: 14pt;\">R\u00e9union 1<\/span><\/h5>\n\n\n\n<ul class=\"wp-block-list\">\n<li><span style=\"font-size: 14pt;\">Pr\u00e9sentation g\u00e9n\u00e9rale sur le courrier \u00e9lectronique.<\/span>\n<ul class=\"wp-block-list\">\n<li><span style=\"font-size: 14pt;\">Adresse \u00e9lectronique.<\/span><\/li>\n\n\n\n<li><span style=\"font-size: 14pt;\">Courrier \u00e9lectronique sur le web vs fournisseur (ex : Bell ou Vid\u00e9otron).<\/span><\/li>\n<\/ul>\n<\/li>\n\n\n\n<li><span style=\"font-size: 14pt;\">Cr\u00e9ation d\u2019une adresse Gmail.<\/span><\/li>\n\n\n\n<li><span style=\"font-size: 14pt;\">Fonctionnalit\u00e9s et param\u00e8tres de base de Gmail. <\/span>\n<ul class=\"wp-block-list\">\n<li><span style=\"font-size: 14pt;\">Sur ordinateurs.<\/span><\/li>\n\n\n\n<li><span style=\"font-size: 14pt;\">Sur tablettes et t\u00e9l\u00e9phones.<\/span><\/li>\n<\/ul>\n<\/li>\n<\/ul>\n\n\n\n<h5 class=\"wp-block-heading\"><span style=\"font-size: 14pt;\">R\u00e9union 2<\/span><\/h5>\n\n\n\n<ul class=\"wp-block-list\">\n<li><span style=\"font-size: 14pt;\">Fonctionnalit\u00e9s et param\u00e8tres de Google Contacts.<\/span>\n<ul class=\"wp-block-list\">\n<li><span style=\"font-size: 14pt;\">Sur ordinateur.<\/span><\/li>\n\n\n\n<li><span style=\"font-size: 14pt;\">Sur tablettes et t\u00e9l\u00e9phone.<\/span><\/li>\n<\/ul>\n<\/li>\n\n\n\n<li><span style=\"font-size: 14pt;\">G\u00e9rer les courriels.<\/span>\n<ul class=\"wp-block-list\">\n<li><span style=\"font-size: 14pt;\">Courriels entrants. <\/span>\n<ul class=\"wp-block-list\">\n<li><span style=\"font-size: 14pt;\">Ouvrir et lire un courriel.<\/span><\/li>\n\n\n\n<li><span style=\"font-size: 14pt;\">Ouvrir et enregistrer une pi\u00e8ce jointe.<\/span><\/li>\n\n\n\n<li><span style=\"font-size: 14pt;\">Transf\u00e9rer un courriel.<\/span><\/li>\n<\/ul>\n<\/li>\n\n\n\n<li><span style=\"font-size: 14pt;\">Courriels sortants.<\/span>\n<ul class=\"wp-block-list\">\n<li><span style=\"font-size: 14pt;\">R\u00e9diger un courriel.<\/span><\/li>\n\n\n\n<li><span style=\"font-size: 14pt;\">Cr\u00e9er une signature.<\/span><\/li>\n\n\n\n<li><span style=\"font-size: 14pt;\">Ajouter des pi\u00e8ces jointes.<\/span><\/li>\n<\/ul>\n<\/li>\n<\/ul>\n<\/li>\n<\/ul>\n\n\n\n<h5 class=\"wp-block-heading\">R\u00e9union 3<\/h5>\n\n\n\n<ul class=\"wp-block-list\">\n<li><span style=\"font-size: 14pt;\">Classer et rechercher des courriels re\u00e7us et envoy\u00e9s.<\/span><\/li>\n\n\n\n<li><span style=\"font-size: 14pt;\">R\u00e9vision et consolidations des notions apprises.<\/span><\/li>\n\n\n\n<li><span style=\"font-size: 14pt;\">Questions des participants.<\/span><\/li>\n<\/ul>\n\n\n\n<h2 class=\"wp-block-heading\"><span style=\"font-size: 18pt; color: #333399;\">Quand<\/span><\/h2>\n\n\n\n<p><span style=\"font-size: 14pt;\">L\u2019atelier se compose de trois r\u00e9unions de 2 heures.&nbsp; Les r\u00e9unions&nbsp; ont lieu le <strong>jeudi<\/strong> de 19h30 \u00e0 21h30, aux dates suivantes:<\/span><\/p>\n\n\n\n<ul class=\"wp-block-list\">\n<li>&nbsp;<\/li>\n<\/ul>\n\n\n\n<h2 class=\"wp-block-heading\"><span style=\"font-size: 18pt; color: #333399;\">O\u00f9<\/span><\/h2>\n\n\n\n<p><span style=\"font-size: 14pt;\">Centre communautaire de Saint-Bruno,&nbsp;<a href=\"https:\/\/www.google.ca\/maps\/place\/53+Chemin+de+la+Rabastali%C3%A8re+E,+Saint-Bruno-de-Montarville,+QC+J3V+3T5\/@45.5291804,-73.3449621,17z\/data=!3m1!4b1!4m5!3m4!1s0x4cc901374789e19b:0x5756b7b7e9d35e34!8m2!3d45.5291804!4d-73.3427734?hl=fr\" target=\"_blank\" rel=\"noopener noreferrer\">53, chemin De La Rabastali\u00e8re Est, Saint-Bruno-de-Montarville J3V 2A4&nbsp;&nbsp;<\/a><\/span><\/p>\n\n\n\n<p>&nbsp;<\/p>\n\n\n\n<p>Le bouton \u00ab\u00a0Inscription \u00e0 l&rsquo;atelier\u00a0\u00bb ci-dessous n&rsquo;est pas fonctionnel \u00e0 l&rsquo;ext\u00e9rieur des p\u00e9riodes d&rsquo;inscriptions aux ateliers.<\/p>\n\n\n\n<p><a href=\"https:\/\/cimbcc.org\/test2\/formulaire-courrier-electronique-gmail-pour-debutants\" target=\"_blank\" rel=\"noopener\"><button>Inscription \u00e0 l&rsquo;atelier<\/button><\/a><\/p>\n\n\n\n<h2 class=\"wp-block-heading\"><span style=\"font-size: 18pt; color: #333399;\">Responsables de l\u2019atelier<\/span><\/h2>\n\n\n\n<h3 class=\"wp-block-heading\">\t\t\t\t\t\t<div class=\"gallery_box_single\">\n\t\t\t\t\t\t\t\t\t\t\t\t\t\t\t<div class=\"gallery gllr_grid\" data-gllr-columns=\"100\" data-gllr-border-width=\"10\">\n\t\t\t\t\t\t\t\t\t\t\t\t\t\t\t\t\t\t\t\t<div class=\"gllr_image_row\">\n\t\t\t\t\t\t\t\t\t\t\t\t\t\t\t\t\t\t\t\t\t<div class=\"gllr_image_block\">\n\t\t\t\t\t\t\t\t\t\t\t\t<p style=\"\n\t\t\t\t\t\t\t\t\t\t\t\twidth:145px;height:145px;\t\t\t\t\t\t\t\t\t\t\t\t\">\n\t\t\t\t\t\t\t\t\t\t\t\t\t\t\t\t\t\t\t\t\t\t\t\t\t\t\t\t<a data-fancybox=\"gallery_fancybox_9845\" href=\"https:\/\/cimbcc.org\/test2\/wp-content\/uploads\/photo_charron_denis.jpg\" title=\"Denis Charron\" >\n\t\t\t\t\t\t\t\t\t\t\t\t\t\t\t\t<img decoding=\"async\" width=&quot;125&quot; height=&quot;125&quot; style=\"width:125px; height:125px; border-width: 10px; border-color:#f1f1f1;border: 10px solid #f1f1f1\" alt=\"\" title=\"Denis Charron\" src=\"https:\/\/cimbcc.org\/test2\/wp-content\/uploads\/photo_charron_denis.jpg\" rel=\"https:\/\/cimbcc.org\/test2\/wp-content\/uploads\/photo_charron_denis.jpg\" \/>\t\t\t\t\t\t\t\t\t\t\t\t\t\t\t<\/a>\n\t\t\t\t\t\t\t\t\t\t\t\t\t\t\t\t\t\t\t\t\t\t\t\t\t\t<\/p>\n\t\t\t\t\t\t\t\t\t\t\t\t\t\t\t\t\t\t\t\t\t\t\t\t\t<div \n\t\t\t\t\t\t\t\t\t\t\t\t\tstyle=\"width:145px;\"\t\t\t\t\t\t\t\t\t\t\t\t\tclass=\"gllr_single_image_text gllr_single_image_text_under\">Denis Charron&nbsp;<\/div>\n\t\t\t\t\t\t\t\t\t\t\t\t\t\t\t\t\t\t\t\t\t\t\t<\/div><!-- .gllr_image_block -->\n\t\t\t\t\t\t\t\t\t\t\t\t\t\t\t\t\t\t\t\t\t<div class=\"gllr_image_block\">\n\t\t\t\t\t\t\t\t\t\t\t\t<p style=\"\n\t\t\t\t\t\t\t\t\t\t\t\twidth:145px;height:145px;\t\t\t\t\t\t\t\t\t\t\t\t\">\n\t\t\t\t\t\t\t\t\t\t\t\t\t\t\t\t\t\t\t\t\t\t\t\t\t\t\t\t<a data-fancybox=\"gallery_fancybox_9845\" href=\"https:\/\/cimbcc.org\/test2\/wp-content\/uploads\/photo_bonin_louise-768x1024.jpg\" title=\"Louise Bonin\" >\n\t\t\t\t\t\t\t\t\t\t\t\t\t\t\t\t<img decoding=\"async\" width=&quot;125&quot; height=&quot;125&quot; style=\"width:125px; height:125px; border-width: 10px; border-color:#f1f1f1;border: 10px solid #f1f1f1\" alt=\"\" title=\"Louise Bonin\" src=\"https:\/\/cimbcc.org\/test2\/wp-content\/uploads\/photo_bonin_louise-125x125.jpg\" rel=\"https:\/\/cimbcc.org\/test2\/wp-content\/uploads\/photo_bonin_louise-scaled-e1746651881475.jpg\" \/>\t\t\t\t\t\t\t\t\t\t\t\t\t\t\t<\/a>\n\t\t\t\t\t\t\t\t\t\t\t\t\t\t\t\t\t\t\t\t\t\t\t\t\t\t<\/p>\n\t\t\t\t\t\t\t\t\t\t\t\t\t\t\t\t\t\t\t\t\t\t\t\t\t<div \n\t\t\t\t\t\t\t\t\t\t\t\t\tstyle=\"width:145px;\"\t\t\t\t\t\t\t\t\t\t\t\t\tclass=\"gllr_single_image_text gllr_single_image_text_under\">Louise Bonin&nbsp;<\/div>\n\t\t\t\t\t\t\t\t\t\t\t\t\t\t\t\t\t\t\t\t\t\t\t<\/div><!-- .gllr_image_block -->\n\t\t\t\t\t\t\t\t\t\t\t\t\t\t\t\t\t\t\t\t\t<div class=\"clear\"><\/div>\n\t\t\t\t\t\t\t\t\t\t<\/div><!-- .gllr_image_row -->\n\t\t\t\t\t\t\t\t\t\t\t\t\t\t\t\t\t<\/div><!-- .gallery.clearfix -->\n\t\t\t\t\t\t\t\t\t\t\t\t\t\t<\/div><!-- .gallery_box_single -->\n\t\t\t\t\t\t<div class=\"gllr_clear\"><\/div>\n\t\t\t\t\t\t<\/h3>\n\n\n\n<p>&nbsp;<\/p>\n\n\n\n<p><span style=\"font-size: x-small;\">Derni\u00e8re r\u00e9vision de cette page : novembre 2024. Responsable de la mise \u00e0 jour de cette page : Danielle Barab\u00e9.<\/span><\/p>\n\n\n\n<p>&nbsp;<\/p>\n","protected":false},"excerpt":{"rendered":"<p>CET ATELIER N&rsquo;EST PAS OFFERT \u00c0 L&rsquo;AUTOMNE 2025 \u00c0 qui s\u2019adresse l\u2019atelier Aux membres qui veulent utiliser le courrier \u00e9lectronique Gmail ou \u00e0 ceux qui l&rsquo;utilisent d\u00e9j\u00e0 et qui veulent mieux conna\u00eetre et utiliser les fonctions de base.&nbsp; L&rsquo;atelier abordera Gmail pour ordinateur et l&rsquo;application Gmail pour tablettes et cellulaires. Description de l\u2019atelier Afin de &hellip; <a href=\"https:\/\/cimbcc.org\/test2\/gallery\/atelier_android-debutant\/\" class=\"more-link\">Continuer la lecture de <span class=\"screen-reader-text\">Atelier_Android-d\u00e9butant<\/span>  <span class=\"meta-nav\">&rarr;<\/span><\/a><\/p>\n","protected":false},"author":23,"featured_media":0,"parent":100,"menu_order":39,"comment_status":"closed","ping_status":"closed","template":"","meta":{"footnotes":""},"class_list":["post-49495","page","type-page","status-publish","hentry"],"_links":{"self":[{"href":"https:\/\/cimbcc.org\/test2\/wp-json\/wp\/v2\/pages\/49495","targetHints":{"allow":["GET"]}}],"collection":[{"href":"https:\/\/cimbcc.org\/test2\/wp-json\/wp\/v2\/pages"}],"about":[{"href":"https:\/\/cimbcc.org\/test2\/wp-json\/wp\/v2\/types\/page"}],"author":[{"embeddable":true,"href":"https:\/\/cimbcc.org\/test2\/wp-json\/wp\/v2\/users\/23"}],"replies":[{"embeddable":true,"href":"https:\/\/cimbcc.org\/test2\/wp-json\/wp\/v2\/comments?post=49495"}],"version-history":[{"count":33,"href":"https:\/\/cimbcc.org\/test2\/wp-json\/wp\/v2\/pages\/49495\/revisions"}],"predecessor-version":[{"id":53788,"href":"https:\/\/cimbcc.org\/test2\/wp-json\/wp\/v2\/pages\/49495\/revisions\/53788"}],"up":[{"embeddable":true,"href":"https:\/\/cimbcc.org\/test2\/wp-json\/wp\/v2\/pages\/100"}],"wp:attachment":[{"href":"https:\/\/cimbcc.org\/test2\/wp-json\/wp\/v2\/media?parent=49495"}],"curies":[{"name":"wp","href":"https:\/\/api.w.org\/{rel}","templated":true}]}}