{"id":49704,"date":"2024-07-31T16:43:18","date_gmt":"2024-07-31T20:43:18","guid":{"rendered":"https:\/\/cimbcc.org\/test2\/?page_id=49704"},"modified":"2025-05-14T16:31:44","modified_gmt":"2025-05-14T20:31:44","slug":"invitation","status":"publish","type":"page","link":"https:\/\/cimbcc.org\/test2\/invitation\/","title":{"rendered":""},"content":{"rendered":"\n<h3 class=\"wp-block-heading\"><strong>Invitation \u00e0 la JOURN\u00c9E D\u2019INFORMATION sur la saison 2024-2025<\/strong><\/h3>\n\n\n\n<h3 class=\"wp-block-heading\"><strong>Mardi 3 septembre 2024<\/strong><\/h3>\n\n\n\n<h3 class=\"wp-block-heading\"><strong>Au<\/strong> <strong>Chalet Marie-Victorin<\/strong><\/h3>\n\n\n\n<p>1150, rue Marie-Victorin, Saint-Bruno-de-Montarville (Qu\u00e9bec)<br>J3V 6R6<\/p>\n\n\n\n<p><strong>De 13&nbsp;h&nbsp;30 \u00e0 16&nbsp;h<\/strong>&nbsp;: bienvenue \u00e0 tous!<\/p>\n\n\n\n<p>Des b\u00e9n\u00e9voles du Club informatique Mont-Bruno seront pr\u00e9sents pour informer les visiteurs sur les activit\u00e9s du Club et pour&nbsp;enregistrer les adh\u00e9sions au Club.<br>Le membre du Club peut participer \u00e0 toutes les pr\u00e9sentations qui l\u2019int\u00e9ressent parmi les 50 qui sont pr\u00e9vues de septembre 2024 \u00e0 mai 2025.<br>Pour devenir membre jusqu\u2019en septembre 2025, il suffit de payer une modeste cotisation annuelle&nbsp;: 20 $ pour une personne, 30 $ pour un couple ou 10 $ pour le conjoint\/la conjointe d\u2019une personne membre ou b\u00e9n\u00e9vole.<\/p>\n\n\n\n<p><strong>De 14&nbsp;h \u00e0 15&nbsp;h&nbsp;15&nbsp;: <\/strong>pr\u00e9sentation sur les activit\u00e9s du Club par Michel Gagn\u00e9.<\/p>\n\n\n\n<h3 class=\"wp-block-heading\"><strong>Par Internet avec l\u2019application Zoom<\/strong><\/h3>\n\n\n\n<p><strong>De 19&nbsp;h&nbsp;30 \u00e0 21&nbsp;h <\/strong>: <strong>reprise<\/strong> de la pr\u00e9sentation de Michel Gagn\u00e9 sur les activit\u00e9s du Club.<\/p>\n\n\n\n<p>Pour vous connecter \u00e0 la vid\u00e9oconf\u00e9rence sur Zoom, cliquez sur le lien suivant :<br><a href=\"https:\/\/us02web.zoom.us\/j\/86801180841?pwd=c77XvOVfzTI56iEPuXpJqRZIgSlAjO.1\" target=\"_blank\" rel=\"noopener\">https:\/\/us02web.zoom.us\/j\/86801180841?pwd=c77XvOVfzTI56iEPuXpJqRZIgSlAjO.1<\/a><\/p>\n\n\n\n<p>Au besoin, utiliser les renseignements suivants&nbsp;:<br>ID de la r\u00e9union&nbsp;: 86801180841<br>Code secret : 625594<\/p>\n\n\n\n<h3 class=\"wp-block-heading\"><strong><em>Invitation aux S\u00c9ANCES DE PR\u00c9SENTATIONS DE SEPTEMBRE<\/em><\/strong><\/h3>\n\n\n\n<p>Le Club vous invite \u00e0 <strong>assister gratuitement<\/strong> \u00e0 toutes les s\u00e9ances de pr\u00e9sentations des s\u00e9ries <em>FACILE et D\u00c9COUVERTE du mois de&nbsp;septembre. Pour en savoir plus sur cette offre, cliquez <span style=\"text-decoration: underline;\"><a href=\"https:\/\/cimbcc.org\/test2\/invitation2\" target=\"_blank\" rel=\"noopener\">ici<\/a><\/span>.<\/em><\/p>\n\n\n\n<h3 class=\"wp-block-heading\"><strong><em>POUR DEVENIR MEMBRE DU CLUB<\/em><\/strong><\/h3>\n\n\n\n<p>Vous pouvez adh\u00e9rer au Club&nbsp;:<\/p>\n\n\n\n<ul class=\"wp-block-list\">\n<li>en personne au Chalet Marie-Victorin le\u00a0<b>3 septembre<\/b>, de 13\u00a0h\u00a030 \u00e0 16\u00a0h;<\/li>\n\n\n\n<li>en personne au Chalet Marie-Victorin, tous les <strong>vendredis<\/strong> de 13\u00a0h \u00e0 15\u00a0h\u00a030;<\/li>\n\n\n\n<li>en ligne sur le site Web du Club en cliquant <span style=\"text-decoration: underline;\"><a href=\"https:\/\/cimbcc.org\/test2\/adhesion-au-club\/adhesion-en-ligne\" target=\"_blank\" rel=\"noopener\"><strong>ici<\/strong><\/a>;<\/span><\/li>\n\n\n\n<li>par t\u00e9l\u00e9phone au <strong>438\u00a0763-5036<\/strong>.<\/li>\n<\/ul>\n\n\n\n<h3 class=\"wp-block-heading\"><strong><em>SITE WEB DU CLUB<\/em><\/strong><\/h3>\n\n\n\n<p>En tout temps, vous pouvez consulter le site Web du Club pour d\u00e9couvrir toutes les activit\u00e9s qu\u2019il propose \u00e0 ses membres.<br>Tapez&nbsp;: <a href=\"https:\/\/cimbcc.org\/test2\/\" target=\"_blank\" rel=\"noopener\"><strong>cimbcc.org<\/strong> <\/a>dans votre navigateur.<\/p>\n\n\n\n<div class=\"wp-block-group\"><div class=\"wp-block-group__inner-container is-layout-constrained wp-block-group-is-layout-constrained\">\n<div style=\"height:50px\" aria-hidden=\"true\" class=\"wp-block-spacer\"><\/div>\n\n\n\n<p class=\"has-small-font-size\">Derni\u00e8re r\u00e9vision de cette page : ao\u00fbt 2024.<\/p>\n\n\n\n<p class=\"has-small-font-size\">Responsable de la mise \u00e0 jour de cette page : Sylvain Garneau.<\/p>\n<\/div><\/div>\n","protected":false},"excerpt":{"rendered":"<p>Invitation \u00e0 la JOURN\u00c9E D\u2019INFORMATION sur la saison 2024-2025 Mardi 3 septembre 2024 Au Chalet Marie-Victorin 1150, rue Marie-Victorin, Saint-Bruno-de-Montarville (Qu\u00e9bec)J3V 6R6 De 13&nbsp;h&nbsp;30 \u00e0 16&nbsp;h&nbsp;: bienvenue \u00e0 tous! Des b\u00e9n\u00e9voles du Club informatique Mont-Bruno seront pr\u00e9sents pour informer les visiteurs sur les activit\u00e9s du Club et pour&nbsp;enregistrer les adh\u00e9sions au Club.Le membre du Club &hellip; <a href=\"https:\/\/cimbcc.org\/test2\/invitation\/\" class=\"more-link\">Continuer la lecture de <span class=\"screen-reader-text\"><\/span>  <span class=\"meta-nav\">&rarr;<\/span><\/a><\/p>\n","protected":false},"author":33,"featured_media":0,"parent":0,"menu_order":0,"comment_status":"closed","ping_status":"closed","template":"","meta":{"footnotes":""},"class_list":["post-49704","page","type-page","status-publish","hentry"],"_links":{"self":[{"href":"https:\/\/cimbcc.org\/test2\/wp-json\/wp\/v2\/pages\/49704","targetHints":{"allow":["GET"]}}],"collection":[{"href":"https:\/\/cimbcc.org\/test2\/wp-json\/wp\/v2\/pages"}],"about":[{"href":"https:\/\/cimbcc.org\/test2\/wp-json\/wp\/v2\/types\/page"}],"author":[{"embeddable":true,"href":"https:\/\/cimbcc.org\/test2\/wp-json\/wp\/v2\/users\/33"}],"replies":[{"embeddable":true,"href":"https:\/\/cimbcc.org\/test2\/wp-json\/wp\/v2\/comments?post=49704"}],"version-history":[{"count":16,"href":"https:\/\/cimbcc.org\/test2\/wp-json\/wp\/v2\/pages\/49704\/revisions"}],"predecessor-version":[{"id":53551,"href":"https:\/\/cimbcc.org\/test2\/wp-json\/wp\/v2\/pages\/49704\/revisions\/53551"}],"wp:attachment":[{"href":"https:\/\/cimbcc.org\/test2\/wp-json\/wp\/v2\/media?parent=49704"}],"curies":[{"name":"wp","href":"https:\/\/api.w.org\/{rel}","templated":true}]}}