{"id":49706,"date":"2024-07-31T16:46:16","date_gmt":"2024-07-31T20:46:16","guid":{"rendered":"https:\/\/cimbcc.org\/test2\/?page_id=49706"},"modified":"2024-08-02T12:57:40","modified_gmt":"2024-08-02T16:57:40","slug":"invitation2","status":"publish","type":"page","link":"https:\/\/cimbcc.org\/test2\/invitation2\/","title":{"rendered":"Invitation aux s\u00e9ances de pr\u00e9sentations de septembre"},"content":{"rendered":"<h3><strong>S\u00e9ances du vendredi apr\u00e8s-midi\u00a0: s\u00e9rie <em>FACILE<\/em><\/strong><\/h3>\n<p>Le Club vous invite \u00e0 <strong>assister gratuitement<\/strong> aux s\u00e9ances de la s\u00e9rie <em>FACILE<\/em> qui se tiendront <u>simultan\u00e9ment<\/u> au Chalet Marie-Victorin et en ligne avec Zoom. Vous avez donc le choix entre \u00eatre pr\u00e9sent en salle ou en ligne.<br \/>\nCette s\u00e9rie de pr\u00e9sentations permet de se familiariser avec le\u00a0langage informatique et de bien assimiler les bases de l\u2019utilisation d\u2019un ordinateur et d\u2019Internet. Vous pouvez prendre connaissance \u00a0des \u00a0sujets qui seront trait\u00e9s en cliquant <span style=\"text-decoration: underline;\"><a href=\"https:\/\/cimbcc.org\/test2\/wp-content\/uploads\/calendrier_serie_facile.pdf\" target=\"_blank\" rel=\"noopener\"><strong>ici<\/strong><\/a><\/span> pour consulter le\u00a0calendrier de cette s\u00e9rie.<\/p>\n<p>Dates\u00a0: \u00a0\u00a0\u00a0\u00a0\u00a0\u00a0\u00a0\u00a0\u00a0 les vendredis 6, 13, 20 et 27 septembre<br \/>\nHoraire\u00a0: \u00a0\u00a0\u00a0\u00a0\u00a0\u00a0 de 13\u00a0h\u00a015 \u00e0 15\u00a0h\u00a025<\/p>\n<p>Pour vous connecter \u00e0 la vid\u00e9oconf\u00e9rence sur Zoom, cliquez sur le lien suivant\u00a0:<br \/>\n<a href=\"https:\/\/us02web.zoom.us\/j\/83102659592?pwd=lS5iqaQXoOpF4Em61FjefV7EPG0D0a.1\" target=\"_blank\" rel=\"noopener\">https:\/\/us02web.zoom.us\/j\/83102659592?pwd=lS5iqaQXoOpF4Em61FjefV7EPG0D0a.1<\/a><\/p>\n<p>Au besoin, utiliser les renseignements suivants\u00a0:<br \/>\nID de la r\u00e9union : 83102659592<br \/>\nCode secret :\u00a0045643<\/p>\n<h3><strong>S\u00e9ances du mercredi soir\u00a0: s\u00e9rie <em>D\u00c9COUVERTE<\/em><\/strong><\/h3>\n<p>Le Club vous invite \u00e9galement \u00e0 <strong>assister gratuitement<\/strong> aux s\u00e9ances de la s\u00e9rie <em>D\u00c9COUVERTE<\/em> de septembre. Elles seront<br \/>\naccessibles\u00a0<u> exclusivement en ligne<\/u>.<br \/>\nCette s\u00e9rie de pr\u00e9sentations permet de d\u00e9couvrir de nouvelles\u00a0utilisations de l\u2019ordinateur, de la tablette ou du t\u00e9l\u00e9phone intelligent. Vous pouvez prendre connaissance des sujets qui seront trait\u00e9s en cliquant <span style=\"text-decoration: underline;\"><a href=\"https:\/\/cimbcc.org\/test2\/wp-content\/uploads\/calendrier_serie_decouverte.pdf\" target=\"_blank\" rel=\"noopener\"><strong>ici<\/strong><\/a><\/span> pour consulter le calendrier de cette s\u00e9rie.<\/p>\n<p>Dates\u00a0: \u00a0\u00a0\u00a0\u00a0\u00a0\u00a0\u00a0\u00a0\u00a0 les mercredis 4, 11, 18 et 25 septembre<br \/>\nHoraire\u00a0: \u00a0\u00a0\u00a0\u00a0\u00a0\u00a0 de 19\u00a0h\u00a030 \u00e0 21\u00a0h\u00a040<\/p>\n<p>Pour vous connecter \u00e0 la vid\u00e9oconf\u00e9rence sur Zoom, cliquez sur le lien suivant\u00a0:<br \/>\n<a href=\"https:\/\/us02web.zoom.us\/j\/84002898618?pwd=hb3xaYyrbJYBWRFlSmeJ7rJAiRyXhq.1\" target=\"_blank\" rel=\"noopener\">https:\/\/us02web.zoom.us\/j\/84002898618?pwd=hb3xaYyrbJYBWRFlSmeJ7rJAiRyXhq.1<\/a><\/p>\n<p>Au besoin, utiliser les renseignements suivants\u00a0:<br \/>\nID de la r\u00e9union\u00a0: 84002898618<br \/>\nCode secret : 073015<\/p>\n<h3><strong><em>POUR DEVENIR MEMBRE DU CLUB<\/em><\/strong><\/h3>\n<p>Vous pouvez adh\u00e9rer au Club\u00a0:<\/p>\n<ul>\n<li>en personne au Chalet Marie-Victorin le\u00a0<b>3 septembre<\/b>, de 13\u00a0h\u00a030 \u00e0 16\u00a0h;<\/li>\n<li>en personne au Chalet Marie-Victorin, tous les <strong>vendredis<\/strong> de 13\u00a0h \u00e0 15\u00a0h\u00a030;<\/li>\n<li>en ligne sur le site Web du Club en cliquant <span style=\"text-decoration: underline;\"><a href=\"https:\/\/cimbcc.org\/test2\/adhesion-au-club\/adhesion-en-ligne\" target=\"_blank\" rel=\"noopener\"><strong>ici<\/strong><\/a>;<\/span><\/li>\n<li>par t\u00e9l\u00e9phone au <strong>438\u00a0763-5036<\/strong>.<\/li>\n<\/ul>\n<h3><strong><em>SITE WEB DU CLUB<\/em><\/strong><\/h3>\n<p>En tout temps, vous pouvez consulter le site Web du Club pour d\u00e9couvrir toutes les activit\u00e9s qu\u2019il propose \u00e0 ses membres.<br \/>\nTapez : <a href=\"https:\/\/cimbcc.org\/test2\/\" target=\"_blank\" rel=\"noopener\"><strong>cimbcc.org<\/strong><\/a> dans votre navigateur.<\/p>\n<p>&nbsp;<\/p>\n<p><span style=\"font-size: x-small;\">Derni\u00e8re r\u00e9vision de cette page : ao\u00fbt 2024.<br \/>\n<\/span><span style=\"font-size: x-small;\">Responsable de la mise \u00e0 jour de cette page : Sylvain Garneau.\u00a0<\/span><\/p>\n","protected":false},"excerpt":{"rendered":"<p>S\u00e9ances du vendredi apr\u00e8s-midi\u00a0: s\u00e9rie FACILE Le Club vous invite \u00e0 assister gratuitement aux s\u00e9ances de la s\u00e9rie FACILE qui se tiendront simultan\u00e9ment au Chalet Marie-Victorin et en ligne avec Zoom. Vous avez donc le choix entre \u00eatre pr\u00e9sent en salle ou en ligne. Cette s\u00e9rie de pr\u00e9sentations permet de se familiariser avec le\u00a0langage informatique &hellip; <a href=\"https:\/\/cimbcc.org\/test2\/invitation2\/\" class=\"more-link\">Continuer la lecture de <span class=\"screen-reader-text\">Invitation aux s\u00e9ances de pr\u00e9sentations de septembre<\/span>  <span class=\"meta-nav\">&rarr;<\/span><\/a><\/p>\n","protected":false},"author":33,"featured_media":0,"parent":0,"menu_order":0,"comment_status":"closed","ping_status":"closed","template":"","meta":{"footnotes":""},"class_list":["post-49706","page","type-page","status-publish","hentry"],"_links":{"self":[{"href":"https:\/\/cimbcc.org\/test2\/wp-json\/wp\/v2\/pages\/49706","targetHints":{"allow":["GET"]}}],"collection":[{"href":"https:\/\/cimbcc.org\/test2\/wp-json\/wp\/v2\/pages"}],"about":[{"href":"https:\/\/cimbcc.org\/test2\/wp-json\/wp\/v2\/types\/page"}],"author":[{"embeddable":true,"href":"https:\/\/cimbcc.org\/test2\/wp-json\/wp\/v2\/users\/33"}],"replies":[{"embeddable":true,"href":"https:\/\/cimbcc.org\/test2\/wp-json\/wp\/v2\/comments?post=49706"}],"version-history":[{"count":32,"href":"https:\/\/cimbcc.org\/test2\/wp-json\/wp\/v2\/pages\/49706\/revisions"}],"predecessor-version":[{"id":49764,"href":"https:\/\/cimbcc.org\/test2\/wp-json\/wp\/v2\/pages\/49706\/revisions\/49764"}],"wp:attachment":[{"href":"https:\/\/cimbcc.org\/test2\/wp-json\/wp\/v2\/media?parent=49706"}],"curies":[{"name":"wp","href":"https:\/\/api.w.org\/{rel}","templated":true}]}}