{"id":51436,"date":"2024-11-19T05:27:28","date_gmt":"2024-11-19T10:27:28","guid":{"rendered":"https:\/\/cimbcc.org\/test2\/?page_id=51436"},"modified":"2026-03-12T09:12:42","modified_gmt":"2026-03-12T13:12:42","slug":"declaration-de-revenus-avec-impotexpert","status":"publish","type":"page","link":"https:\/\/cimbcc.org\/test2\/partage-de-connaissances\/les-ateliers\/declaration-de-revenus-avec-impotexpert\/","title":{"rendered":"D\u00e9claration de revenus avec Imp\u00f4tExpert"},"content":{"rendered":"\n<h2 class=\"wp-block-heading\"><span style=\"color: #333399;\">\u00c0 qui s&rsquo;adresse l&rsquo;atelier<\/span><\/h2>\n\n\n\n<p class=\"has-text-align-left\"><span style=\"font-size: 14pt;\">Aux membres qui souhaitent remplir leurs d\u00e9clarations de revenus provinciale et f\u00e9d\u00e9rale avec le logiciel Imp\u00f4tExpert.<\/span><\/p>\n\n\n\n<h2 class=\"wp-block-heading\"><span style=\"color: #333399;\"><strong>Description de l\u2019atelier<\/strong><\/span><\/h2>\n\n\n\n<p><span style=\"font-size: 14pt;\">Avec l\u2019av\u00e8nement des logiciels d\u2019imp\u00f4t qui facilite cette obligation fiscale annuelle, de plus en plus de contribuables accomplissent cette t\u00e2che avec plus d\u2019aisance que lorsqu\u2019ils remplissaient leurs d\u00e9clarations \u00e0 la main.<\/span><\/p>\n\n\n\n<p><span style=\"font-size: 14pt;\">Utilisant Imp\u00f4tExpert depuis de nombreuses ann\u00e9es, je me propose de vous renseigner sur l\u2019utilisation de ce logiciel en vous d\u00e9montrant les diff\u00e9rentes \u00e9tapes pour remplir vos d\u00e9clarations de revenus.<\/span><\/p>\n\n\n\n<h2 class=\"wp-block-heading\"><span style=\"color: #333399; font-size: 18pt;\"><strong>Mat\u00e9riel utilis\u00e9<\/strong><\/span><\/h2>\n\n\n\n<p><span style=\"font-size: 14pt;\">L&rsquo;atelier est donn\u00e9 avec une version p\u00e9dagogique du logiciel Imp\u00f4tExpert.<\/span><\/p>\n\n\n\n<h2 class=\"wp-block-heading\"><span style=\"color: #333399;\">Pr\u00e9cisions<\/span><\/h2>\n\n\n\n<ul class=\"wp-block-list\">\n<li><span style=\"font-size: 14pt;\">Cet atelier sera donn\u00e9 en vid\u00e9oconf\u00e9rence avec l\u2019application Zoom;<\/span><\/li>\n\n\n\n<li><span style=\"font-size: 14pt;\">Il n\u2019est pas n\u00e9cessaire d\u2019avoir le logiciel Imp\u00f4tExpert pour participer; vous pourrez vous le procurer plus tard, \u00e0 votre choix;<\/span><\/li>\n\n\n\n<li><span style=\"font-size: 14pt;\">Cet atelier accepte un maximum de 20 participants.<\/span><\/li>\n<\/ul>\n\n\n\n<p><span style=\"font-size: 14pt;\">Une pr\u00e9sentation sur le logiciel Imp\u00f4tExpert aura lieu le vendredi 7 f\u00e9vrier 2025 \u00e0 13h15 au Chalet Marie Victorin et en vid\u00e9oconf\u00e9rence; afin d\u2019en avoir un aper\u00e7u, l\u2019animateur sugg\u00e8re d\u2019y participer.<\/span><\/p>\n\n\n\n<h2 class=\"wp-block-heading\"><span style=\"color: #333399; font-size: 18pt;\">Pr\u00e9requis<\/span><\/h2>\n\n\n\n<ul class=\"wp-block-list\">\n<li><span style=\"font-size: 14pt;\">S\u2019engager \u00e0 assister aux trois r\u00e9unions de l\u2019atelier;<\/span><\/li>\n\n\n\n<li><span style=\"font-size: 14pt;\">\u00catre familier avec l&rsquo;application Zoom;<\/span><\/li>\n<\/ul>\n\n\n\n<p><span style=\"font-size: 14pt;\">Si vous n\u2019\u00eates pas familier avec Zoom, une pr\u00e9sentation&nbsp; aura lieu le vendredi 10 janvier 2025 \u00e0 13h15 au Chalet Marie Victorin et en vid\u00e9oconf\u00e9rence.<\/span><\/p>\n\n\n\n<h2 class=\"wp-block-heading\"><span style=\"color: #333399;\"><strong>Fonctionnement<\/strong><\/span><\/h2>\n\n\n\n<ul class=\"wp-block-list\">\n<li><span style=\"font-size: 14pt;\">Les explications seront donn\u00e9es en utilisant le partage d\u2019\u00e9cran de Zoom;<\/span><\/li>\n\n\n\n<li><span style=\"font-size: 14pt;\">Il n\u2019y aura pas d\u2019exercices pratiques pendant les r\u00e9unions;<\/span><\/li>\n\n\n\n<li><span style=\"font-size: 14pt;\">L\u2019animateur r\u00e9pondra aux questions de fonctionnement du logiciel et non \u00e0 des cas fiscaux particuliers.<\/span><\/li>\n<\/ul>\n\n\n\n<h2 class=\"wp-block-heading\"><span style=\"color: #333399;\"><strong>Contenu des r\u00e9unions<\/strong><\/span><\/h2>\n\n\n\n<p><span style=\"font-size: 14pt;\"><strong>R\u00e9union 1&nbsp;<\/strong><\/span><\/p>\n\n\n\n<ul class=\"wp-block-list\">\n<li><span style=\"font-size: 14pt;\">Introduction au logiciel;<\/span><\/li>\n\n\n\n<li><span style=\"font-size: 14pt;\">Mise \u00e0 jour continuelle;<\/span><\/li>\n\n\n\n<li><span style=\"font-size: 14pt;\">Survol des menus :<\/span>\n<ul class=\"wp-block-list\">\n<li><span style=\"font-size: 14pt;\"> Commencer<\/span><\/li>\n\n\n\n<li><span style=\"font-size: 14pt;\"> Entrevue<\/span><\/li>\n\n\n\n<li><span style=\"font-size: 14pt;\"> R\u00e9vision<\/span><\/li>\n\n\n\n<li><span style=\"font-size: 14pt;\">D\u00e9claration&nbsp;<\/span><\/li>\n\n\n\n<li><span style=\"font-size: 14pt;\">Imp\u00f4tNet.<\/span><\/li>\n<\/ul>\n<\/li>\n<\/ul>\n\n\n\n<h4 class=\"wp-block-heading\"><span style=\"font-size: 14pt;\"><strong>R\u00e9union&nbsp; 2<\/strong><\/span><\/h4>\n\n\n\n<ul class=\"wp-block-list\">\n<li><span style=\"font-size: 14pt;\">Comment et pourquoi utiliser l&rsquo;option \u00abEntrevue\u00bb;<\/span><\/li>\n\n\n\n<li><span style=\"font-size: 14pt;\">Pr\u00e9remplir une d\u00e9claration \u00e0 partir de vos comptes aupr\u00e8s de Revenu Qu\u00e9bec et Revenu Canada;<\/span><\/li>\n\n\n\n<li><span style=\"font-size: 14pt;\">Remplir une d\u00e9claration de revenus fictive pour un salari\u00e9, incluant des revenus de location.<\/span><\/li>\n<\/ul>\n\n\n\n<h4 class=\"wp-block-heading\">R\u00e9union&nbsp; 3<\/h4>\n\n\n\n<ul class=\"wp-block-list\">\n<li><span style=\"font-size: 14pt;\">Remplir une d\u00e9claration de revenus d\u2019un travailleur ind\u00e9pendant\/d\u2019une entreprise enregistr\u00e9e au nom de son propri\u00e9taire;<\/span><\/li>\n\n\n\n<li><span style=\"font-size: 14pt;\">Examiner la d\u00e9claration et s\u2019il y a lieu, corriger les erreurs identifi\u00e9es par le logiciel;<\/span><\/li>\n\n\n\n<li><span style=\"font-size: 14pt;\">Examiner les avertissements et les conseils que le logiciel fournit;<\/span><\/li>\n\n\n\n<li><span style=\"font-size: 14pt;\">Transmettre une d\u00e9claration par Imp\u00f4tNet;<\/span><\/li>\n\n\n\n<li><span style=\"font-size: 14pt;\">Envoi d\u2019une d\u00e9claration amend\u00e9e (apr\u00e8s avoir transmis une d\u00e9claration originale).<\/span><\/li>\n<\/ul>\n\n\n\n<h2 class=\"wp-block-heading\"><span style=\"color: #333399;\"><strong>Quand<\/strong><\/span><\/h2>\n\n\n\n<p><span style=\"font-size: 14pt;\">L\u2019atelier se compose de 3 r\u00e9unions de 1\u00bd heures. Les r\u00e9unions ont lieu le <b>mercredi <\/b>de 10h00 \u00e0 11h30 aux dates suivantes :<\/span><\/p>\n\n\n\n<ul class=\"wp-block-list\">\n<li><span style=\"font-size: 18.6667px;\">12 f\u00e9vrier 2025<\/span><\/li>\n\n\n\n<li><span style=\"font-size: 14pt;\">19 f\u00e9vrier 2025<\/span><\/li>\n\n\n\n<li><span style=\"font-size: 14pt;\">26 f\u00e9vrier 2025<\/span><\/li>\n<\/ul>\n\n\n\n<h2 class=\"wp-block-heading\"><span style=\"color: #333399;\"><strong>O\u00f9<\/strong><\/span><\/h2>\n\n\n\n<p><span style=\"font-size: 18.6667px;\">L&rsquo;atelier est donn\u00e9 en vid\u00e9oconf\u00e9rence avec l&rsquo;application Zoom.&nbsp; Vous recevrez un lien de connexion avant chaque r\u00e9union.<\/span><\/p>\n\n\n\n<p>Le bouton \u00ab\u00a0Inscription \u00e0 l&rsquo;atelier\u00a0\u00bb ci-dessous n&rsquo;est pas fonctionnel \u00e0 l&rsquo;ext\u00e9rieur des p\u00e9riodes d&rsquo;inscriptions aux ateliers.<\/p>\n\n\n\n\n\n\n<div class=\"wp-block-image size-full wp-image-24085\">\n<figure class=\"alignleft\"><img decoding=\"async\" src=\"https:\/\/cimbcc.org\/test2\/wp-content\/uploads\/photo_parent_richard.jpg\" alt=\"\" class=\"wp-image-24085\"\/><figcaption class=\"wp-element-caption\">Richard Parent<\/figcaption><\/figure>\n<\/div>\n\n\n<p>&nbsp;<\/p>\n\n\n\n<p>&nbsp;<\/p>\n\n\n\n<p>&nbsp;<\/p>\n\n\n\n<p>&nbsp;<\/p>\n\n\n\n<p><span style=\"font-size: x-small;\">Derni\u00e8re r\u00e9vision de cette page : novembre 2024.&nbsp; <\/span><span style=\"font-size: x-small;\">Responsable de la mise \u00e0 jour de cette page : &nbsp;Danielle Barab\u00e9<\/span><\/p>\n\n\n\n\n\n<p><\/p>\n","protected":false},"excerpt":{"rendered":"<p>\u00c0 qui s&rsquo;adresse l&rsquo;atelier Aux membres qui souhaitent remplir leurs d\u00e9clarations de revenus provinciale et f\u00e9d\u00e9rale avec le logiciel Imp\u00f4tExpert. Description de l\u2019atelier Avec l\u2019av\u00e8nement des logiciels d\u2019imp\u00f4t qui facilite cette obligation fiscale annuelle, de plus en plus de contribuables accomplissent cette t\u00e2che avec plus d\u2019aisance que lorsqu\u2019ils remplissaient leurs d\u00e9clarations \u00e0 la main. Utilisant &hellip; <a href=\"https:\/\/cimbcc.org\/test2\/partage-de-connaissances\/les-ateliers\/declaration-de-revenus-avec-impotexpert\/\" class=\"more-link\">Continuer la lecture de <span class=\"screen-reader-text\">D\u00e9claration de revenus avec Imp\u00f4tExpert<\/span>  <span class=\"meta-nav\">&rarr;<\/span><\/a><\/p>\n","protected":false},"author":23,"featured_media":0,"parent":100,"menu_order":0,"comment_status":"closed","ping_status":"closed","template":"","meta":{"footnotes":""},"class_list":["post-51436","page","type-page","status-publish","hentry"],"_links":{"self":[{"href":"https:\/\/cimbcc.org\/test2\/wp-json\/wp\/v2\/pages\/51436","targetHints":{"allow":["GET"]}}],"collection":[{"href":"https:\/\/cimbcc.org\/test2\/wp-json\/wp\/v2\/pages"}],"about":[{"href":"https:\/\/cimbcc.org\/test2\/wp-json\/wp\/v2\/types\/page"}],"author":[{"embeddable":true,"href":"https:\/\/cimbcc.org\/test2\/wp-json\/wp\/v2\/users\/23"}],"replies":[{"embeddable":true,"href":"https:\/\/cimbcc.org\/test2\/wp-json\/wp\/v2\/comments?post=51436"}],"version-history":[{"count":24,"href":"https:\/\/cimbcc.org\/test2\/wp-json\/wp\/v2\/pages\/51436\/revisions"}],"predecessor-version":[{"id":53934,"href":"https:\/\/cimbcc.org\/test2\/wp-json\/wp\/v2\/pages\/51436\/revisions\/53934"}],"up":[{"embeddable":true,"href":"https:\/\/cimbcc.org\/test2\/wp-json\/wp\/v2\/pages\/100"}],"wp:attachment":[{"href":"https:\/\/cimbcc.org\/test2\/wp-json\/wp\/v2\/media?parent=51436"}],"curies":[{"name":"wp","href":"https:\/\/api.w.org\/{rel}","templated":true}]}}